{"id":9982,"date":"2015-02-16T02:45:49","date_gmt":"2015-02-16T02:45:49","guid":{"rendered":"https:\/\/hair-beauty.vamtam.com\/?page_id=9982"},"modified":"2025-08-08T20:15:10","modified_gmt":"2025-08-08T20:15:10","slug":"coafor","status":"publish","type":"page","link":"https:\/\/www.salon-aphrodite.ro\/ro\/servicii\/coafor\/","title":{"rendered":"Coafor &#8211; Frizerie"},"content":{"rendered":"<div class=\"push \" style=\"margin-bottom:-120px\"><\/div>\n<div class=\"limit-wrapper\"><div class=\"row \"><div class=\"wpv-grid grid-1-1  wpv-first-level grid-1-1 first unextended no-extended-padding\" style=\"padding-top:0.05px;padding-bottom:0.05px;\" id=\"wpv-column-8d75948b93ab0a24d2b2e8b1179007c8\" ><\/div><\/div><\/div>\n<div class=\"limit-wrapper\"><div class=\"row \"><div class=\"wpv-grid grid-1-1  wpv-first-level grid-1-1 first unextended no-extended-padding\" style=\"padding-top:0.05px;padding-bottom:0.05px;\" id=\"wpv-column-e293b279004643aaa8d00563c58d3251\" ><\/div><\/div><\/div>\n<div class=\"limit-wrapper\"><div class=\"row \"><div class=\"wpv-grid grid-1-1  wpv-first-level grid-1-1 first unextended has-extended-padding\" style=\"padding-top:0.05px;padding-bottom:0.05px;\" id=\"wpv-column-5260ea1aeec0791b27b9ecee72abd7f2\" ><\/div><\/div><\/div>\n<div class=\"limit-wrapper\"><div class=\"row \"><div class=\"wpv-grid grid-1-1  wpv-first-level grid-1-1 first unextended has-extended-padding\" style=\"padding-top:0.05px;padding-bottom:0.05px;\" id=\"wpv-column-cafcb3e9a03960d29f59b136901d52ca\" ><\/div><\/div><\/div>\n<div class=\"limit-wrapper\"><div class=\"row \"><div class=\"wpv-grid grid-1-1  wpv-first-level grid-1-1 first unextended has-extended-padding\" style=\"padding-top:0.05px;padding-bottom:0.05px;\" id=\"wpv-column-87761d0b59c33ff821ee685f2903f8d9\" ><\/div><\/div><\/div>\n<div class=\"limit-wrapper\"><div class=\"row \"><div class=\"wpv-grid grid-1-1  wpv-first-level grid-1-1 first has-background unextended no-extended-padding\" style=\"\n\t\t\t\tbackground: url( &#039;https:\/\/hair-beauty.vamtam.com\/wp-content\/uploads\/2016\/01\/bg_intro-home.png&#039; ) no-repeat center top;\n\t\t\t\tbackground-size: auto;\n\t\t\tbackground-attachment: scroll;padding-top:50px;padding-bottom:20px;\" id=\"wpv-column-62ca9cbdd8a895c7aa7368d0cf8f64c1\" ><div class=\"row \"><div class=\"wpv-grid grid-1-5  grid-1-5 first unextended no-extended-padding\" style=\"padding-top:0.05px;padding-bottom:0.05px;\" id=\"wpv-column-990e08b3b71dd67d6a05a9d678282436\" ><div class=\"push  wpv-hide-lowres\" style=\"height:1px\"><\/div><\/div>\n<div class=\"wpv-grid grid-3-5  grid-3-5 unextended no-extended-padding\" style=\"padding-top:0.05px;padding-bottom:0.05px;\" id=\"wpv-column-e4ba0455d6f1d1fb2dfb81ac4097c2f9\" >\t\t<h2 class=\"text-divider-double\">\t\t\t\n<span class='icon shortcode theme  use-hover' style='color:#b69e59;font-size:50px !important;'>&#58913;<\/span> PRICEPERE, IMPLICARE, PERFEC\u021aIUNE\t\t<\/h2>\t\t<div class=\"sep\"><\/div>\n\t\n<div class=\"row \"><div class=\"wpv-grid grid-1-1  grid-1-1 first unextended no-extended-padding\" style=\"padding-top:0.05px;padding-bottom:0.05px;\" id=\"wpv-column-9982eda29b41de8e89972b83f19b04ed\" ><p style=\"text-align: center;\">Produsele profesionale ale marilor produc\u0103tori de prestigiu sunt alegerea cea mai potrivit\u0103 pentru un salon care vrea s\u0103 ofere clien\u0163ilor s\u0103i tot ceea ce este mai bun. Dar mai mult dec\u00e2t aceste produse minunate, stili\u015ftii cu experien\u0163\u0103 \u015fi mult\u0103 pasiune sunt o garan\u0163ie \u00een plus c\u0103 vei ob\u0163ine rezultatele dorite de fiecare dat\u0103.<\/div><\/div><\/div><\/div><\/div><\/div><\/div>\n<div class=\"push  wpv-hide-lowres\" style=\"height:70px\"><\/div>\n<div class=\"limit-wrapper\"><div class=\"row \"><div class=\"wpv-grid grid-1-1  wpv-first-level grid-1-1 first unextended no-extended-padding\" style=\"padding-top:0.05px;padding-bottom:0.05px;\" id=\"wpv-column-c8885931e2428998f656b291218b5128\" ><div class=\"push  wpv-hide-lowres\" style=\"height:20px\"><\/div> <span class='dropcap1 '>A<\/span>\n<p>rta aranj\u0103rii p\u0103rului dateaz\u0103 de mii de ani, fiind ilustrat\u0103 inclusiv \u00een picturi rupestre. \u00cen anumite culturi din Africa, se considera c\u0103 spiritul unei persoane s\u0103l\u0103\u0219luie\u0219te \u00een p\u0103rul acesteia, motiv pentru care \u201carti\u0219tii\u201d \u00een aranjarea p\u0103rului aveau un statut ridicat \u00een comunitate. Un lucru a r\u0103m\u0103s, \u00eens\u0103, neschimbat: modul \u00een care arat\u0103 p\u0103rul unei persoane spune multe despre stilul acesteia, despre statutul social \u0219i o poate ajuta s\u0103 evolueze \u00een societate. Altfel spus, podoaba capilar\u0103 este o carte de vizit\u0103 a personalit\u0103\u021bii noastre. Serviciile salonului Aphrodite \u00een ceea ce prive\u0219te hairstyling-ul sunt complete \u0219i diverse. Speciali\u0219tii Aphrodite \u00ee\u021bi vor recomanda \u00eentotdeauna ce este cel mai bun pentru p\u0103rul tau.<\/p>\n<h3>Despre extensiile de p\u0103r<\/h3>\n<p>Procesul de aplicare a extensiilor de p\u0103r a provocat o revolu\u0163ie complet\u0103 \u00een domeniul coafurilor profesionale. Acest sistem simplu de a ad\u0103uga sau de a da volum p\u0103rului s-a r\u0103sp\u00e2ndit \u00een \u00eentreaga lume. \u0162i-ai fi imaginat vreodat\u0103 s\u0103 po\u0163i avea un p\u0103r lung minunat \u00een mai pu\u0163in de 2 ore? \u015ei asta nu este tot! Extensiile de p\u0103r \u00eenseamn\u0103 mai mult: moda se schimb\u0103 \u00een fiecare an, dar nu \u015fi necesitatea de a avea un p\u0103r superb.<\/p>\n<h3>Stil<\/h3>\n<p>Stilul p\u0103rului t\u0103u \u00eenseamn\u0103 totul: reprezint\u0103 imaginea ta. Ori de c\u00e2te ori vrei s\u0103 \u00ee\u0163i schimbi \u015fi s\u0103 \u00ee\u0163i \u00eembun\u0103t\u0103\u0163e\u015fti stilul trebuie s\u0103 te g\u00e2nde\u015fti bine la asta. Dac\u0103 ai p\u0103rul rar sau scurt nu exist\u0103 altceva mai bun de f\u0103cut dec\u00e2t s\u0103 apelezi la tehnica extensiilor de p\u0103r \u015fi astfel vei rezolva aceast\u0103 problem\u0103 rapid \u015fi eficient! Un p\u0103r frumos \u0219i s\u0103n\u0103tos \u00ee\u021bi schimb\u0103 totodat\u0103 aspectul fe\u021bei. Extensiile de p\u0103r reprezint\u0103 cea mai profesionist\u0103 solu\u0163ie pentru a avea un stil modern precum marile vedete interna\u0163ionale.<\/p>\n<h3>Culoare<\/h3>\n<p>Efectele de culori, str\u0103lucirile, dou\u0103 tonalit\u0103\u0163i de culori sunt doar c\u00e2teva din miile de combina\u0163ii pe care le po\u0163i crea prin intermediul unei game variate de extensii de p\u0103r. Sunt disponibile tonalit\u0103\u0163i de culori naturale, calde, clasice precum \u015fi tonalit\u0103\u0163i de culori reci, ciudate \u015fi nemai\u00e2nt\u00e2lnite. Deschide-\u0163i mintea! Personalizeaz\u0103-te cu una din cele mai sofisticate \u00eenf\u0103\u0163i\u015f\u0103ri! Toate acestea sunt posibile f\u0103r\u0103 a distruge p\u0103rul cu produse chimice. \u00cencearc\u0103 acum fantezia extensiilor de p\u0103r!<\/p>\n<h3>Sistem brevetat<\/h3>\n<p><strong>Alungire revolu\u0163ionar\u0103 f\u0103r\u0103 adeziv<\/strong><\/p>\n<p>Click Ixten este sistemul revolu\u0163ionar care const\u0103 \u00een aplicarea \u015fi \u00eendep\u0103rtarea facil\u0103 \u015fi rapid\u0103 a extensiilor &#8230; f\u0103r\u0103 surse de c\u0103ldur\u0103 &#8230; f\u0103r\u0103 adeziv!<\/p>\n<p>Extensiile se aplic\u0103 astfel f\u0103r\u0103 riscuri \u015fi \u00een jum\u0103tate de timp; \u00een plus \u2013 extensiile se pot utiliza din nou! Totul datorit\u0103 instrumentelor \u015fi aplicatoarelor speciale!<\/p>\n<p>E simplu, c\u00e2teva secunde sunt de ajuns:<\/p>\n<p>1. se ia aplicatorul \u015fi cu ajutorul c\u00e2rligului special se introduce \u00een interior o sec\u0163iune de p\u0103r;<br \/>\n2. se insereaz\u0103 extensia \u00een aplicator \u015fi se fixeaz\u0103 prin ap\u0103sare cu ajutorul cle\u015ftelui. Aplicatorul se ascunde \u015fi devine invizibil (disponibil \u00een diverse culori) &#8230; \u015fi de neperceput. Gata!<br \/>\n3. Pentru \u00eendep\u0103rtarea extensiei: se redeschide aplicatorul prin ap\u0103sarea cu acela\u015fi cle\u015fte. Terminat!<\/p>\n<p>Avantaje excep\u0163ionale:<\/p>\n<p>&#8211; P\u0103r natural pentru cel mai bun rezultat natural<br \/>\n&#8211; Aplicare la rece! ( nu se deterioreaz\u0103 firele de p\u0103r)<br \/>\n&#8211; Aplicare f\u0103r\u0103 adeziv! (f\u0103r\u0103 impurit\u0103\u0163i \u015fi reziduuri pe degete \u015fi pe p\u0103r)<br \/>\n&#8211; Extensiile pot fi utilizate din nou! (mari economii )<br \/>\n&#8211; Aplicarea este simpl\u0103 \u015fi f\u0103r\u0103 riscuri (at\u00e2t aplicarea, c\u00e2t \u015fi \u00eendep\u0103rtarea)<br \/>\n&#8211; Jum\u0103tate de timp! (o extensie plin\u0103 \u00een mai pu\u0163in de dou\u0103 ore)<br \/>\n&#8211; Rezisten\u0163\u0103 ! (fixare solid\u0103 fa\u0163\u0103 de sistemele tradi\u0163ionale)<\/p>\n<h3>Asortare<\/h3>\n<p>&#8211; o asortare diversificat\u0103 de culori<br \/>\n&#8211; serie normal\u0103 \u015fi Top Quality<br \/>\n&#8211; lungime 30, 45, 60 \u015fi 70 cm<\/p>\n<p>Extensiile pot fi reutilizate, \u00ceN PLUS, sunt ideale pentru:<br \/>\n&#8211; serate ceremonii, \u00eent\u00e2lniri<br \/>\n&#8211; sf\u00e2r\u015fit de s\u0103pt\u0103m\u00e2n\u0103, c\u0103l\u0103torie, vacan\u0163\u0103<br \/>\n&#8211; o schimbare temporar\u0103 a look-ului (de ex. \u015fedin\u0163\u0103 foto, parad\u0103 de mod\u0103 etc.)<\/p>\n<p>Tehnica extensiilor de p\u0103r prin aplicarea \u015fuvi\u0163elor este popular\u0103 de foarte mult timp.<\/p>\n<h3>U\u015for de aplicat<\/h3>\n<p>Este cea mai bun\u0103 modalitate de a avea \u00een scurt timp o noua \u00eenf\u0103\u0163i\u015fare. A realiza o noua coafur\u0103 \u015fi un efect de culori atr\u0103g\u0103toare este at\u00e2t de \u201cu\u015for\u201d chiar \u015fi pentru o singur\u0103 zi.<\/p>\n<div class=\"push \" style=\"height:20px\"><\/div><\/div><\/div><\/div>\n<div class=\"push  wpv-hide-lowres\" style=\"height:60px\"><\/div>\n<div class=\"limit-wrapper\"><div class=\"row \"><div class=\"wpv-grid grid-1-1 add-border wpv-first-level grid-1-1 first unextended no-extended-padding\" style=\"padding-top:0.05px;padding-bottom:0.05px;\" id=\"wpv-column-cd5fc0059d7ae49ab51eba2f1b8d36ff\" ><div class=\"row \"><div class=\"wpv-grid grid-1-2  grid-1-2 first unextended no-extended-padding\" style=\"padding-top:0.05px;padding-bottom:100px;\" id=\"wpv-column-6adc699a45b09b69d6bf332a98ea62ff\" ><div class=\"row \"><div class=\"wpv-grid grid-1-1  grid-1-1 first unextended animation-from-bottom animated-active no-extended-padding\" style=\"padding-top:0.05px;padding-bottom:0.05px;\" id=\"wpv-column-b8d53a6095606be62f766a192e5a691a\" >\t\t<h2 class=\"text-divider-double\">\t\t\t\nCoafor &#8211; Frizerie\t\t<\/h2>\t\t<div class=\"sep\"><\/div>\n\t<\/div><\/div>\n<div class=\"push  wpv-hide-lowres\" style=\"height:20px\"><\/div>\n<div class=\"row \"><div class=\"wpv-grid grid-1-1  grid-1-1 first unextended animation-fade-in animated-active no-extended-padding\" style=\"padding-top:0.05px;padding-bottom:0.05px;\" id=\"wpv-column-d6c0878f7c2ef3fef876abc868d33c23\" ><table class=\"vamtam-styled\">\n<tbody>\n<tr>\n<td>\n<p class=\"p1\">Tuns dam\u0103<\/p>\n<\/td>\n<td>\n<p class=\"p1\">\n<\/td>\n<td>\n<p class=\"p1\" style=\"text-align: right;\">90 lei<\/p>\n<\/td>\n<\/tr>\n<tr>\n<td>\n<p class=\"p1\">Tuns b\u0103rba\u021bi<\/p>\n<\/td>\n<td>\n<p class=\"p1\">\n<\/td>\n<td>\n<p class=\"p1\" style=\"text-align: right;\">70 lei<\/p>\n<\/td>\n<\/tr>\n<tr>\n<td>\n<p class=\"p1\">Tuns breton<\/p>\n<\/td>\n<td>\n<p class=\"p1\">\n<\/td>\n<td>\n<p class=\"p1\" style=\"text-align: right;\">40 lei<\/p>\n<\/td>\n<\/tr>\n<tr>\n<td>\n<p class=\"p1\">\u00centre\u021binere breton<\/p>\n<\/td>\n<td>\n<p class=\"p1\">\n<\/td>\n<td>\n<p class=\"p1\" style=\"text-align: right;\">35 lei<\/p>\n<\/td>\n<\/tr>\n<tr>\n<td>\n<p class=\"p1\">Vopsea Londa Professional<\/p>\n<\/td>\n<td>\n<p class=\"p1\">\n<\/td>\n<td>\n<p class=\"p1\" style=\"text-align: right;\">55 lei<\/p>\n<\/td>\n<\/tr>\n<tr>\n<td>\n<p class=\"p1\">Inoa L&#8217;oreal<\/p>\n<\/td>\n<td>\n<p class=\"p1\">\n<\/td>\n<td>\n<p class=\"p1\" style=\"text-align: right;\">100 lei<\/p>\n<\/td>\n<\/tr>\n<tr>\n<td>\n<p class=\"p1\">Pudra decapaj Lightplex<\/p>\n<\/td>\n<td>\n<p class=\"p1\">\n<\/td>\n<td>\n<p class=\"p1\" style=\"text-align: right;\">30 lei<\/p>\n<\/td>\n<\/tr>\n<tr>\n<td>\n<p class=\"p1\">Majirel\/diarichess\/dialight<\/p>\n<\/td>\n<td>\n<p class=\"p1\">\n<\/td>\n<td>\n<p class=\"p1\" style=\"text-align: right;\">80 lei<\/p>\n<\/td>\n<\/tr>\n<tr>\n<td>\n<p class=\"p1\">Pudr\u0103 decapaj\/\u0219uvite<\/p>\n<\/td>\n<td>\n<p class=\"p1\">\n<\/td>\n<td>\n<p class=\"p1\" style=\"text-align: right;\">25 lei<\/p>\n<\/td>\n<\/tr>\n<tr>\n<td>\n<p class=\"p1\">Tratament davines<\/p>\n<\/td>\n<td>\n<p class=\"p1\">\n<\/td>\n<td>\n<p class=\"p1\" style=\"text-align: right;\">30 lei<\/p>\n<\/td>\n<\/tr>\n<\/tbody>\n<\/table><\/div><\/div><\/div>\n<div class=\"wpv-grid grid-1-2  grid-1-2 wpv-hide-lowres unextended left-border no-extended-padding\" style=\"padding-top:0.05px;padding-bottom:20px;\" id=\"wpv-column-bc138d1bd590d76037d004f6bfcf54d7\" ><style>#wpv-column-bc138d1bd590d76037d004f6bfcf54d7:before{background-color:#ededed;}<\/style><div class=\"row \"><div class=\"wpv-grid grid-1-1  grid-1-1 first unextended animation-from-bottom animated-active no-extended-padding\" style=\"padding-top:0.05px;padding-bottom:0.05px;\" id=\"wpv-column-3bc69f01611acf99ff215eb7253bfb67\" >\t\t<h2 class=\"text-divider-double\">\t\t\t\nServicii\t\t<\/h2>\t\t<div class=\"sep\"><\/div>\n\t<\/div><\/div>\n<div class=\"push  wpv-hide-lowres\" style=\"height:20px\"><\/div>\n<div class=\"row \"><div class=\"wpv-grid grid-1-1  grid-1-1 first unextended animation-fade-in animated-active no-extended-padding\" style=\"padding-top:0.05px;padding-bottom:0.05px;\" id=\"wpv-column-28fd96c305818dc3a6f2292bc1822b80\" ><table class=\"vamtam-styled\" style=\"height: 435px;\" width=\"419\">\n<tbody>\n<tr>\n<td>\n<p class=\"p1\">\n<\/td>\n<td>\n<p class=\"p1\">P\u0103r scurt<\/p>\n<\/td>\n<td>\n<p class=\"p1\">P\u0103r mediu<\/p>\n<\/td>\n<td>\n<p class=\"p1\">P\u0103r lung<\/p>\n<\/td>\n<td>\n<p class=\"p1\">P\u0103r extra lung<\/p>\n<\/td>\n<\/tr>\n<tr>\n<td>\n<p class=\"p1\">Coafat + sp\u0103lat + tratament<\/p>\n<\/td>\n<td>\n<p class=\"p1\">\u00a0105 lei<\/p>\n<\/td>\n<td>\n<p class=\"p1\">\u00a0120 lei<\/p>\n<\/td>\n<td>\n<p class=\"p1\">\u00a0140 lei<\/p>\n<\/td>\n<td>\n<p class=\"p1\" style=\"text-align: right;\">156 lei<\/p>\n<\/td>\n<\/tr>\n<tr>\n<td>\n<p class=\"p1\">Tuns + sp\u0103lat + tratament + coafat<\/p>\n<\/td>\n<td>\n<p class=\"p1\">\u00a0150 lei<\/p>\n<\/td>\n<td>\n<p class=\"p1\">\u00a0170 lei<\/p>\n<\/td>\n<td>\n<p class=\"p1\">\u00a0190 lei<\/p>\n<\/td>\n<td>\n<p class=\"p1\" style=\"text-align: right;\">210 lei<\/p>\n<\/td>\n<\/tr>\n<tr>\n<td>\n<p class=\"p1\">Vopsit (toat\u0103 lungimea p\u0103rului)<\/p>\n<\/td>\n<td>\n<p class=\"p1\">\u00a090 lei<\/p>\n<\/td>\n<td>\n<p class=\"p1\">\u00a0110 lei<\/p>\n<\/td>\n<td>\n<p class=\"p1\">\u00a0125 lei<\/p>\n<\/td>\n<td>\n<p class=\"p1\" style=\"text-align: right;\">150 lei<\/p>\n<\/td>\n<\/tr>\n<tr>\n<td>\n<p class=\"p1\">\u0218uvi\u021be \/ manoper\u0103<\/p>\n<\/td>\n<td>\n<p class=\"p1\">\u00a0150 lei<\/p>\n<\/td>\n<td>\n<p class=\"p1\">\u00a0410 lei<\/p>\n<\/td>\n<td>\n<p class=\"p1\">\u00a0610 lei<\/p>\n<\/td>\n<td>\n<p class=\"p1\" style=\"text-align: right;\">900 lei<\/p>\n<\/td>\n<\/tr>\n<tr>\n<td>\n<p class=\"p1\">Decolorat \/ decapaj \u00een folie<\/p>\n<\/td>\n<td>\n<p class=\"p1\">\u00a0300 lei<\/p>\n<\/td>\n<td>\n<p class=\"p1\">\u00a0400 lei<\/p>\n<\/td>\n<td>\n<p class=\"p1\">\u00a0500 lei<\/p>\n<\/td>\n<td>\n<p class=\"p1\" style=\"text-align: right;\">600 lei<\/p>\n<\/td>\n<\/tr>\n<tr>\n<td>\n<p class=\"p1\">Manoper\u0103 \/ permanent<\/p>\n<\/td>\n<td>\n<p class=\"p1\">\u00a0150 lei<\/p>\n<\/td>\n<td>\n<p class=\"p1\">\u00a0250 lei<\/p>\n<\/td>\n<td>\n<p class=\"p1\">\u00a0310 lei<\/p>\n<\/td>\n<td>\n<p class=\"p1\" style=\"text-align: right;\">390 lei<\/p>\n<\/td>\n<\/tr>\n<tr>\n<td>\n<p class=\"p1\">Coafat ocazie (bucle, cocuri, &#8230;)<\/p>\n<\/td>\n<td>\n<p class=\"p1\">\u00a0&#8211;<\/p>\n<\/td>\n<td>\n<p class=\"p1\"><strong>\u00a0<\/strong>190 lei<\/p>\n<\/td>\n<td>\n<p class=\"p1\">\u00a0&#8211;<\/p>\n<\/td>\n<td>\n<p class=\"p1\" style=\"text-align: right;\">470 lei<\/p>\n<\/td>\n<\/tr>\n<tr>\n<td><i>Tratament botox efect<\/i><\/td>\n<td>\n<p class=\"p1\">\u00a0150 lei<\/p>\n<\/td>\n<td>\n<p class=\"p1\">200 lei<\/p>\n<\/td>\n<td>\n<p class=\"p1\">\u00a0280 lei<\/p>\n<\/td>\n<td>\n<p class=\"p1\" style=\"text-align: right;\">350 lei<\/p>\n<\/td>\n<\/tr>\n<\/tbody>\n<\/table>\n<h4 style=\"text-align: right;\"><\/h4><\/div><\/div><\/div><\/div><\/div><\/div><\/div>\n<div class=\"push  wpv-hide-lowres\" style=\"height:60px\"><\/div>\n","protected":false},"excerpt":{"rendered":"<p>Produsele profesionale ale marilor produc\u0103tori de prestigiu sunt alegerea cea mai potrivit\u0103 pentru un salon care vrea s\u0103 ofere clien\u0163ilor s\u0103i tot ceea ce este mai bun. Dar mai mult dec\u00e2t aceste produse minunate, stili\u015ftii cu experien\u0163\u0103 \u015fi mult\u0103 pasiune sunt o garan\u0163ie \u00een plus c\u0103 vei ob\u0163ine rezultatele dorite de fiecare dat\u0103. rta aranj\u0103rii&#8230;<\/p>\n","protected":false},"author":1,"featured_media":0,"parent":7956,"menu_order":0,"comment_status":"closed","ping_status":"closed","template":"","meta":{"footnotes":""},"class_list":["post-9982","page","type-page","status-publish","hentry"],"_links":{"self":[{"href":"https:\/\/www.salon-aphrodite.ro\/ro\/wp-json\/wp\/v2\/pages\/9982","targetHints":{"allow":["GET"]}}],"collection":[{"href":"https:\/\/www.salon-aphrodite.ro\/ro\/wp-json\/wp\/v2\/pages"}],"about":[{"href":"https:\/\/www.salon-aphrodite.ro\/ro\/wp-json\/wp\/v2\/types\/page"}],"author":[{"embeddable":true,"href":"https:\/\/www.salon-aphrodite.ro\/ro\/wp-json\/wp\/v2\/users\/1"}],"replies":[{"embeddable":true,"href":"https:\/\/www.salon-aphrodite.ro\/ro\/wp-json\/wp\/v2\/comments?post=9982"}],"version-history":[{"count":78,"href":"https:\/\/www.salon-aphrodite.ro\/ro\/wp-json\/wp\/v2\/pages\/9982\/revisions"}],"predecessor-version":[{"id":14987,"href":"https:\/\/www.salon-aphrodite.ro\/ro\/wp-json\/wp\/v2\/pages\/9982\/revisions\/14987"}],"up":[{"embeddable":true,"href":"https:\/\/www.salon-aphrodite.ro\/ro\/wp-json\/wp\/v2\/pages\/7956"}],"wp:attachment":[{"href":"https:\/\/www.salon-aphrodite.ro\/ro\/wp-json\/wp\/v2\/media?parent=9982"}],"curies":[{"name":"wp","href":"https:\/\/api.w.org\/{rel}","templated":true}]}}