{"id":31,"date":"2013-03-22T14:19:51","date_gmt":"2013-03-22T14:19:51","guid":{"rendered":"https:\/\/hair-beauty.vamtam.com\/?page_id=31"},"modified":"2023-06-18T14:02:39","modified_gmt":"2023-06-18T14:02:39","slug":"contact","status":"publish","type":"page","link":"https:\/\/www.salon-aphrodite.ro\/ro\/contact\/","title":{"rendered":"Contact"},"content":{"rendered":"<div class=\"limit-wrapper\"><div class=\"row \"><div class=\"wpv-grid grid-1-1  wpv-first-level grid-1-1 first unextended has-extended-padding\" style=\"padding-top:0.05px;padding-bottom:20px;\" id=\"wpv-column-01185092c05fbe4171b82be895e0c4e3\" ><h2 class='column-title'>Contacteaz\u0103-ne<\/h2><div class=\"row \"><div class=\"wpv-grid grid-1-3  grid-1-3 first unextended animation-fade-in animated-active no-extended-padding\" style=\"padding-top:0.05px;padding-bottom:0.05px;\" id=\"wpv-column-cfac3c9ee01c822dd2ce693756ff49d8\" ><p style=\"text-align: center;\"><span class='icon shortcode theme  use-hover' style='color:#b69e59;font-size:32px !important;'>&#57547;<\/span>\n<p style=\"text-align: center;\">Cluj-Napoca, Cluj<br \/>\nCalea Mo\u0163ilor nr. 93<\/div>\n<div class=\"wpv-grid grid-1-3  grid-1-3 unextended animation-fade-in animated-active no-extended-padding\" style=\"padding-top:0.05px;padding-bottom:0.05px;\" id=\"wpv-column-322bd4cedc295971e48b223f19de17f0\" ><p style=\"text-align: center;\"><span class='icon shortcode theme  use-hover' style='color:#b69e59;font-size:32px !important;'>&#57471;<\/span>\n<p style=\"text-align: center;\">\n0758-572.343<\/div>\n<div class=\"wpv-grid grid-1-3  grid-1-3 unextended animation-fade-in animated-active no-extended-padding\" style=\"padding-top:0.05px;padding-bottom:0.05px;\" id=\"wpv-column-54bf3800d66b5fdbbd8a04f1adf6b642\" ><p style=\"text-align: center;\"><span class='icon shortcode theme  use-hover' style='color:#b69e59;font-size:32px !important;'>&#57530;<\/span>\n<p style=\"text-align: center;\">Luni \u2013 Vineri: 8:00 \u2013 21:00<br \/>\nS\u00e2mb\u0103t\u0103: 8:00 \u2013 14:00<br \/>\nDuminic\u0103: \u00cenchis<\/div><\/div>\n<div class=\"push \" style=\"margin-bottom:-40px\"><\/div>\n<div class=\"sep-3\"><\/div>\n<div class=\"row \"><div class=\"wpv-grid grid-1-1  grid-1-1 first unextended animation-zoom-in animated-active no-extended-padding\" style=\"padding-top:0.05px;padding-bottom:0.05px;\" id=\"wpv-column-781e52a616073b0bf11e1e67d2f8efba\" ><div class=\"push \" style=\"margin-bottom:-10px\"><\/div>\n<p style=\"text-align: center;\"><a href=\"https:\/\/www.facebook.com\/SalonAphroditeCluj\/\"> <span class='icon shortcode  border use-hover' style='color:#000000;border-color:#000000;font-size:18px !important;'>&#58155;<\/span><\/a><\/div><\/div><\/div><\/div><\/div>\n<div class=\"row \"><div class=\"wpv-grid grid-1-1  wpv-first-level grid-1-1 first wpv-hide-bg-lowres has-background extended has-extended-padding\" style=\"\n\t\t\t\tbackground: url( &#039;https:\/\/hair-beauty.vamtam.com\/wp-content\/uploads\/2014\/04\/bg_tabs.jpg&#039; ) no-repeat center bottom;\n\t\t\t\tbackground-size: auto;\n\t\t\tbackground-attachment: scroll;background-color:#f0f5f8;padding-top:60px;padding-bottom:60px;\" id=\"wpv-column-0c73a61b2180f123e18ef56789495013\" ><div class=\"limit-wrapper\"><div class=\"extended-column-inner\"><style>#wpv-column-0c73a61b2180f123e18ef56789495013,#wpv-column-0c73a61b2180f123e18ef56789495013 p,#wpv-column-0c73a61b2180f123e18ef56789495013 em,#wpv-column-0c73a61b2180f123e18ef56789495013 h1,#wpv-column-0c73a61b2180f123e18ef56789495013 h2,#wpv-column-0c73a61b2180f123e18ef56789495013 h3,#wpv-column-0c73a61b2180f123e18ef56789495013 h4,#wpv-column-0c73a61b2180f123e18ef56789495013 h5,#wpv-column-0c73a61b2180f123e18ef56789495013 h6,#wpv-column-0c73a61b2180f123e18ef56789495013 h1 a:not(:hover),#wpv-column-0c73a61b2180f123e18ef56789495013 h2 a:not(:hover),#wpv-column-0c73a61b2180f123e18ef56789495013 h3 a:not(:hover),#wpv-column-0c73a61b2180f123e18ef56789495013 h4 a:not(:hover),#wpv-column-0c73a61b2180f123e18ef56789495013 h5 a:not(:hover),#wpv-column-0c73a61b2180f123e18ef56789495013 h6 a:not(:hover),#wpv-column-0c73a61b2180f123e18ef56789495013 .column-title,#wpv-column-0c73a61b2180f123e18ef56789495013 .sep-text h2.regular-title-wrapper,#wpv-column-0c73a61b2180f123e18ef56789495013 .text-divider-double,#wpv-column-0c73a61b2180f123e18ef56789495013 .sep-text .sep-text-line,#wpv-column-0c73a61b2180f123e18ef56789495013 .sep,#wpv-column-0c73a61b2180f123e18ef56789495013 .sep-2,#wpv-column-0c73a61b2180f123e18ef56789495013 .sep-3,#wpv-column-0c73a61b2180f123e18ef56789495013 .portfolio-filters .inner-wrapper .cbp-filter-item,#wpv-column-0c73a61b2180f123e18ef56789495013 .portfolio-filters .inner-wrapper .cbp-filter-item:hover,#wpv-column-0c73a61b2180f123e18ef56789495013 .portfolio-filters .inner-wrapper .cbp-filter-item.cbp-filter-item-active,#wpv-column-0c73a61b2180f123e18ef56789495013 td,#wpv-column-0c73a61b2180f123e18ef56789495013 th,#wpv-column-0c73a61b2180f123e18ef56789495013 caption{color:#282828;}<\/style><div class=\"row \"><div class=\"wpv-grid grid-1-1  grid-1-1 first unextended animation-from-bottom animated-active has-extended-padding\" style=\"padding-top:0.05px;padding-bottom:0.05px;\" id=\"wpv-column-fe481ddb714d1196e71a4cc705eb01a1\" ><div class=\"row \"><div class=\"wpv-grid grid-1-1  grid-1-1 first unextended no-extended-padding\" style=\"padding-top:0.05px;padding-bottom:0.05px;\" id=\"wpv-column-dd3c76347961fd47b2c8a27f19ad2219\" ><p><noscript class=\"ninja-forms-noscript-message\">\n    Notice: JavaScript is required for this content.<\/noscript><div id=\"nf-form-2-cont\" class=\"nf-form-cont vamtam-style-forms\" aria-live=\"polite\" aria-labelledby=\"nf-form-title-2\" aria-describedby=\"nf-form-errors-2\" role=\"form\">\n\n    <div class=\"nf-loading-spinner\"><\/div>\n\n<\/div>\n        <!-- TODO: Move to Template File. -->\n        <script>var formDisplay=1;var nfForms=nfForms||[];var form=[];form.id='2';form.settings={\"objectType\":\"Form Setting\",\"editActive\":\"1\",\"title\":\"Contact Form\",\"key\":\"\",\"created_at\":\"2018-01-15 14:11:22\",\"date_updated\":\"2016-01-21 15:13:22\",\"show_title\":\"0\",\"save_subs\":\"1\",\"logged_in\":\"0\",\"append_page\":\"\",\"ajax\":\"1\",\"clear_complete\":\"1\",\"hide_complete\":\"0\",\"success_msg\":\"Your form has been successfully submitted.\",\"email_from\":\"\",\"email_type\":\"html\",\"user_email_msg\":\"Thank you so much for contacting us. We will get back to you shortly.\",\"user_email_fields\":\"0\",\"admin_email_msg\":\"\",\"admin_email_fields\":\"1\",\"admin_attach_csv\":\"0\",\"email_from_name\":\"\",\"not_logged_in_msg\":\"\",\"sub_limit_number\":\"\",\"sub_limit_msg\":\"\",\"status\":\"\",\"bti_layout_master\":{\"cols\":\"3\",\"rendering\":\"\",\"enable_css\":\"1\",\"hide_required_note\":\"1\",\"form_class\":\"\",\"background\":\"\",\"border_color\":\"\",\"border_size\":\"0\",\"border_radius\":\"0\",\"form_padding\":\"0\",\"field_padding\":\"0\",\"success_message_text_color\":\"#000000\",\"success_message_font_size\":\"14\",\"success_message_bg_color\":\"#ffffff\",\"success_message_border_color\":\"#ffffff\",\"success_message_border_size\":\"0\",\"success_message_border_radius\":\"0\",\"success_message_padding\":\"0\",\"error_message_text_color\":\"#ff0000\",\"error_message_font_size\":\"14\",\"error_message_bg_color\":\"\",\"error_message_border_color\":\"\",\"error_message_border_size\":\"0\",\"error_message_border_radius\":\"0\",\"error_message_padding\":\"0\",\"label_color\":\"#000000\",\"label_req_color\":\"#b69e59\",\"label_font_size\":\"12\",\"input_color\":\"#000000\",\"input_error_color\":\"#ff0000\",\"input_font_size\":\"16\",\"input_border_color\":\"#d8d8d8\",\"input_border_size\":\"1\",\"input_border_radius\":\"0\",\"button_color\":\"#000000\",\"button_font_size\":\"12\",\"button_bg_color\":\"\",\"button_border_color\":\"#b69e59\",\"button_border_size\":\"1\",\"button_border_radius\":\"0\",\"button_top_bottom_padding\":\"14\",\"button_left_right_padding\":\"25\",\"button_hover_color\":\"#ffffff\",\"button_hover_font_size\":\"12\",\"button_hover_bg_color\":\"#000000\",\"button_hover_border_color\":\"#000000\",\"button_hover_border_size\":\"1\",\"button_hover_border_radius\":\"0\",\"button_hover_top_bottom_padding\":\"0\",\"button_hover_left_right_padding\":\"0\",\"enable_custom_css\":\"1\",\"custom_css\":\"\",\"width\":\"\",\"height\":\"\",\"label_width\":\"\",\"label_height\":\"\",\"input_border_error_color\":\"#ff0000\",\"input_width\":\"\",\"input_height\":\"\",\"textarea_width\":\"\",\"textarea_height\":\"\"},\"default_label_pos\":\"above\",\"wrapper_class\":\"vamtam-style-forms\",\"element_class\":\"\",\"add_submit\":\"1\",\"calculations\":[],\"formContentData\":[\"nume_1519134197532\",\"email_2\",\"telefon_1519134213608\",\"mesaj_1519134231740\",\"trimite_1519134247994\"],\"currency\":\"\",\"unique_field_error\":\"A form with this value has already been submitted.\",\"lock\":\"1\",\"ninjaForms\":\"Ninja Forms\",\"changeEmailErrorMsg\":\"Please enter a valid email address!\",\"confirmFieldErrorMsg\":\"These fields must match!\",\"fieldNumberNumMinError\":\"Number Min Error\",\"fieldNumberNumMaxError\":\"Number Max Error\",\"fieldNumberIncrementBy\":\"Please increment by \",\"fieldTextareaRTEInsertLink\":\"Insert Link\",\"fieldTextareaRTEInsertMedia\":\"Insert Media\",\"fieldTextareaRTESelectAFile\":\"Select a file\",\"formErrorsCorrectErrors\":\"Please correct errors before submitting this form.\",\"validateRequiredField\":\"This is a required field.\",\"honeypotHoneypotError\":\"Honeypot Error\",\"fileUploadOldCodeFileUploadInProgress\":\"File Upload in Progress.\",\"fileUploadOldCodeFileUpload\":\"FILE UPLOAD\",\"currencySymbol\":false,\"fieldsMarkedRequired\":\"Fields marked with an <span class=\\\"ninja-forms-req-symbol\\\">*<\\\/span> are required\",\"thousands_sep\":\".\",\"decimal_point\":\",\",\"dateFormat\":\"m\\\/d\\\/Y\",\"startOfWeek\":\"1\",\"of\":\"of\",\"previousMonth\":\"Previous Month\",\"nextMonth\":\"Next Month\",\"months\":[\"January\",\"February\",\"March\",\"April\",\"May\",\"June\",\"July\",\"August\",\"September\",\"October\",\"November\",\"December\"],\"monthsShort\":[\"Jan\",\"Feb\",\"Mar\",\"Apr\",\"May\",\"Jun\",\"Jul\",\"Aug\",\"Sep\",\"Oct\",\"Nov\",\"Dec\"],\"weekdays\":[\"Sunday\",\"Monday\",\"Tuesday\",\"Wednesday\",\"Thursday\",\"Friday\",\"Saturday\"],\"weekdaysShort\":[\"Sun\",\"Mon\",\"Tue\",\"Wed\",\"Thu\",\"Fri\",\"Sat\"],\"weekdaysMin\":[\"Su\",\"Mo\",\"Tu\",\"We\",\"Th\",\"Fr\",\"Sa\"],\"currency_symbol\":\"\",\"beforeForm\":\"\",\"beforeFields\":\"\",\"afterFields\":\"\",\"afterForm\":\"\"};form.fields=[{\"objectType\":\"Field\",\"objectDomain\":\"fields\",\"editActive\":false,\"order\":0,\"fav_id\":0,\"def_id\":0,\"label_pos\":\"above\",\"mask\":\"\",\"datepicker\":0,\"first_name\":\"\",\"last_name\":\"\",\"from_name\":0,\"user_address_1\":\"\",\"user_address_2\":\"\",\"user_city\":\"\",\"user_zip\":\"\",\"user_phone\":\"\",\"user_email\":\"\",\"user_info_field_group\":\"\",\"show_help\":0,\"help_text\":\"\",\"show_desc\":0,\"desc_pos\":\"none\",\"desc_text\":\"\",\"calc_auto_include\":0,\"placeholder\":\"\",\"disable_input\":0,\"input_limit\":\"\",\"input_limit_type\":\"char\",\"input_limit_msg\":\"\",\"user_state\":0,\"autocomplete_off\":0,\"num_sort\":0,\"admin_label\":\"\",\"user_info_field_group_name\":\"\",\"user_info_field_group_custom\":\"\",\"bti_layout_master\":{\"row\":\"1\",\"col\":\"1\",\"sizex\":\"1\",\"order\":\"0\",\"last\":\"\",\"rendering\":\"\",\"form_last\":\"\"},\"element_class\":\"\",\"required\":1,\"default\":\"\",\"container_class\":\"grid-1-3\",\"manual_key\":\"\",\"disable_browser_autocomplete\":\"\",\"custom_mask\":\"\",\"label\":\"NUME\",\"key\":\"nume_1519134197532\",\"type\":\"textbox\",\"created_at\":\"2018-01-15 14:11:22\",\"drawerDisabled\":false,\"id\":5,\"beforeField\":\"\",\"afterField\":\"\",\"parentType\":\"textbox\",\"element_templates\":[\"textbox\",\"input\"],\"old_classname\":\"\",\"wrap_template\":\"wrap\"},{\"objectType\":\"Field\",\"objectDomain\":\"fields\",\"editActive\":false,\"order\":1,\"fav_id\":0,\"def_id\":14,\"label_pos\":\"above\",\"mask\":\"\",\"datepicker\":0,\"first_name\":0,\"last_name\":0,\"from_name\":0,\"user_address_1\":0,\"user_address_2\":0,\"user_city\":0,\"user_zip\":0,\"user_phone\":0,\"user_info_field_group\":1,\"show_help\":0,\"help_text\":\"\",\"calc_auto_include\":0,\"calc_option\":0,\"conditional\":\"\",\"user_info_field_group_name\":\"\",\"user_info_field_group_custom\":\"\",\"show_desc\":0,\"desc_pos\":\"none\",\"desc_text\":\"\",\"bti_layout_master\":{\"row\":\"1\",\"col\":\"2\",\"sizex\":\"1\",\"order\":\"1\",\"last\":\"\",\"rendering\":\"\",\"form_last\":\"\"},\"placeholder\":\"\",\"disable_input\":0,\"input_limit\":\"\",\"input_limit_type\":\"char\",\"input_limit_msg\":\"\",\"user_state\":0,\"autocomplete_off\":0,\"num_sort\":0,\"admin_label\":\"\",\"element_class\":\"\",\"required\":1,\"default\":\"\",\"container_class\":\"grid-1-3\",\"label\":\"EMAIL\",\"key\":\"email_2\",\"type\":\"email\",\"created_at\":\"2018-01-15 14:11:22\",\"drawerDisabled\":false,\"id\":6,\"beforeField\":\"\",\"afterField\":\"\",\"parentType\":\"email\",\"element_templates\":[\"email\",\"input\"],\"old_classname\":\"\",\"wrap_template\":\"wrap\"},{\"objectType\":\"Field\",\"objectDomain\":\"fields\",\"editActive\":false,\"order\":2,\"fav_id\":\"\",\"def_id\":15,\"label_pos\":\"above\",\"mask\":\"(999) 999-9999\",\"datepicker\":0,\"send_email\":0,\"from_email\":0,\"first_name\":0,\"last_name\":0,\"from_name\":0,\"user_address_1\":0,\"user_address_2\":0,\"user_city\":0,\"user_zip\":0,\"user_email\":0,\"user_info_field_group\":1,\"show_help\":0,\"help_text\":\"\",\"calc_auto_include\":0,\"calc_option\":0,\"conditional\":\"\",\"placeholder\":\"\",\"disable_input\":0,\"input_limit\":\"\",\"input_limit_type\":\"char\",\"input_limit_msg\":\"\",\"user_state\":0,\"autocomplete_off\":0,\"num_sort\":0,\"admin_label\":\"\",\"user_info_field_group_name\":\"\",\"user_info_field_group_custom\":\"\",\"show_desc\":0,\"desc_pos\":\"none\",\"desc_text\":\"\",\"bti_layout_master\":{\"row\":\"1\",\"col\":\"3\",\"sizex\":\"1\",\"order\":\"2\",\"last\":\"1\",\"rendering\":\"\",\"form_last\":\"\"},\"element_class\":\"\",\"required\":0,\"default\":\"\",\"container_class\":\"grid-1-3\",\"manual_key\":\"\",\"disable_browser_autocomplete\":\"\",\"custom_mask\":\"\",\"label\":\"TELEFON\",\"key\":\"telefon_1519134213608\",\"type\":\"phone\",\"created_at\":\"2018-01-15 14:11:22\",\"drawerDisabled\":false,\"id\":7,\"beforeField\":\"\",\"afterField\":\"\",\"parentType\":\"textbox\",\"element_templates\":[\"tel\",\"textbox\",\"input\"],\"old_classname\":\"\",\"wrap_template\":\"wrap\"},{\"objectType\":\"Field\",\"objectDomain\":\"fields\",\"editActive\":false,\"order\":3,\"fav_id\":0,\"def_id\":0,\"label_pos\":\"above\",\"default_value\":\"\",\"textarea_rte\":0,\"textarea_media\":0,\"disable_rte_mobile\":0,\"show_help\":0,\"help_text\":\"\",\"show_desc\":0,\"desc_pos\":\"none\",\"desc_text\":\"\",\"calc_auto_include\":0,\"bti_layout_master\":{\"row\":\"2\",\"col\":\"1\",\"sizex\":\"3\",\"order\":\"3\",\"last\":\"1\",\"rendering\":\"\",\"form_last\":\"\"},\"input_limit\":\"\",\"input_limit_type\":\"char\",\"input_limit_msg\":\"\",\"num_sort\":0,\"admin_label\":\"\",\"element_class\":\"\",\"required\":1,\"placeholder\":\" L\\u0103sa\\u021bi un mesaj cu num\\u0103rul de telefon \\u0219i v\\u0103 vom contacta \\u00een cel mai scurt timp posibil. \",\"default\":\"\",\"container_class\":\"\",\"manual_key\":\"\",\"disable_input\":\"\",\"disable_browser_autocomplete\":\"\",\"label\":\"MESAJ\",\"key\":\"mesaj_1519134231740\",\"type\":\"textarea\",\"created_at\":\"2018-01-15 14:11:22\",\"drawerDisabled\":false,\"id\":8,\"beforeField\":\"\",\"afterField\":\"\",\"parentType\":\"textarea\",\"element_templates\":[\"textarea\",\"input\"],\"old_classname\":\"\",\"wrap_template\":\"wrap\"},{\"objectType\":\"Field\",\"objectDomain\":\"fields\",\"editActive\":false,\"order\":4,\"fav_id\":0,\"def_id\":0,\"show_help\":0,\"help_text\":\"\",\"show_desc\":0,\"desc_pos\":\"none\",\"desc_text\":\"\",\"bti_layout_master\":{\"row\":\"3\",\"col\":\"1\",\"sizex\":\"3\",\"order\":\"4\",\"last\":\"\",\"rendering\":\"\",\"form_last\":\"1\"},\"processing_label\":\"Processing\",\"element_class\":\"\",\"container_class\":\"\",\"label\":\"TRIMITE\",\"key\":\"trimite_1519134247994\",\"type\":\"submit\",\"created_at\":\"2018-01-15 14:11:22\",\"drawerDisabled\":false,\"id\":9,\"beforeField\":\"\",\"afterField\":\"\",\"label_pos\":\"above\",\"parentType\":\"textbox\",\"element_templates\":[\"submit\",\"button\",\"input\"],\"old_classname\":\"\",\"wrap_template\":\"wrap-no-label\"}];nfForms.push(form);<\/script>\n        <\/div><\/div>\n<div class=\"push  wpv-hide-lowres\" style=\"height:100px\"><\/div><\/div><\/div><\/div><\/div><\/div><\/div>\n","protected":false},"excerpt":{"rendered":"<p>Cluj-Napoca, Cluj Calea Mo\u0163ilor nr. 93 0758-572.343 Luni \u2013 Vineri: 8:00 \u2013 21:00 S\u00e2mb\u0103t\u0103: 8:00 \u2013 14:00 Duminic\u0103: \u00cenchis<\/p>\n","protected":false},"author":1,"featured_media":0,"parent":0,"menu_order":3,"comment_status":"closed","ping_status":"closed","template":"","meta":{"footnotes":""},"class_list":["post-31","page","type-page","status-publish","hentry"],"_links":{"self":[{"href":"https:\/\/www.salon-aphrodite.ro\/ro\/wp-json\/wp\/v2\/pages\/31","targetHints":{"allow":["GET"]}}],"collection":[{"href":"https:\/\/www.salon-aphrodite.ro\/ro\/wp-json\/wp\/v2\/pages"}],"about":[{"href":"https:\/\/www.salon-aphrodite.ro\/ro\/wp-json\/wp\/v2\/types\/page"}],"author":[{"embeddable":true,"href":"https:\/\/www.salon-aphrodite.ro\/ro\/wp-json\/wp\/v2\/users\/1"}],"replies":[{"embeddable":true,"href":"https:\/\/www.salon-aphrodite.ro\/ro\/wp-json\/wp\/v2\/comments?post=31"}],"version-history":[{"count":8,"href":"https:\/\/www.salon-aphrodite.ro\/ro\/wp-json\/wp\/v2\/pages\/31\/revisions"}],"predecessor-version":[{"id":14756,"href":"https:\/\/www.salon-aphrodite.ro\/ro\/wp-json\/wp\/v2\/pages\/31\/revisions\/14756"}],"wp:attachment":[{"href":"https:\/\/www.salon-aphrodite.ro\/ro\/wp-json\/wp\/v2\/media?parent=31"}],"curies":[{"name":"wp","href":"https:\/\/api.w.org\/{rel}","templated":true}]}}