{"id":13441,"date":"2018-03-23T09:49:17","date_gmt":"2018-03-23T09:49:17","guid":{"rendered":"http:\/\/www.salon-aphrodite.ro\/?page_id=13441"},"modified":"2026-01-27T10:45:19","modified_gmt":"2026-01-27T10:45:19","slug":"epilat-definitiv-cu-laser","status":"publish","type":"page","link":"https:\/\/www.salon-aphrodite.ro\/ro\/servicii\/epilat-definitiv-cu-laser\/","title":{"rendered":"Epilat definitiv cu laser"},"content":{"rendered":"<div class=\"push  wpv-hide-lowres\" style=\"margin-bottom:-120px\"><\/div>\n<p><span style=\"font-size: inherit;\"><div class=\"limit-wrapper\"><div class=\"row \"><div class=\"wpv-grid grid-1-1  wpv-first-level grid-1-1 first has-background unextended no-extended-padding\" style=\"\n\t\t\t\tbackground: url( &#039;https:\/\/hair-beauty.vamtam.com\/wp-content\/uploads\/2016\/01\/bg_intro-home.png&#039; ) no-repeat center top;\n\t\t\t\tbackground-size: auto;\n\t\t\tbackground-attachment: scroll;padding-top:50px;padding-bottom:20px;\" id=\"wpv-column-7f071a0bfe365b758563b6724ac2367a\" ><\/span><\/p>\n\n<div class=\"row \"><div class=\"wpv-grid grid-1-5  grid-1-5 first unextended no-extended-padding\" style=\"padding-top:0.05px;padding-bottom:0.05px;\" id=\"wpv-column-f96a228dc746e321b05ec0d8bb66b45f\" ><div class=\"push  wpv-hide-lowres\" style=\"height:1px\"><\/div><\/div>\n<div class=\"wpv-grid grid-3-5  grid-3-5 unextended no-extended-padding\" style=\"padding-top:0.05px;padding-bottom:0.05px;\" id=\"wpv-column-87e0e35200053a0f3d01103a11baa3af\" >\t\t\t\t\t\n<h2 class=\"text-divider-double\"><img decoding=\"async\" class=\"attachment-full size-full\" src=\"http:\/\/www.salon-aphrodite.ro\/wp-content\/uploads\/2018\/03\/epilat.svg\" alt=\"\" data-attachment-id=\"13602\" data-permalink=\"http:\/\/www.salon-aphrodite.ro\/home-layouts\/beatuy\/epilat-2\/\" data-orig-file=\"http:\/\/www.salon-aphrodite.ro\/wp-content\/uploads\/2018\/03\/epilat.svg\" data-orig-size=\"\" data-comments-opened=\"0\" data-image-meta=\"&#091;&#093;\" data-image-title=\"epilat\" data-image-description=\"\" data-medium-file=\"http:\/\/www.salon-aphrodite.ro\/wp-content\/uploads\/2018\/03\/epilat.svg\" data-large-file=\"http:\/\/www.salon-aphrodite.ro\/wp-content\/uploads\/2018\/03\/epilat.svg\" \/><\/h2>\n<h2 style=\"text-align: left;\"><\/h2>\n<h3 style=\"text-align: center;\"><\/h3>\n<h3 style=\"text-align: center;\">FULL BODY &#8211; \u00a0cu doar 490 lei &#8211; Epilare definitiv\u0103 cu laser diod\u0103<\/h3>\n<h3 style=\"text-align: center;\">\u2501\u2501\u2501\u2501\u2501\u2501\u2501\u2501\u2501\u2501\u2501\u2501\u2501\u2501\u2501\u2501\u2501\u2501\u2501\u2501<\/h3>\n<h2 class=\"text-divider-double\">Epilat definitiv cu laser<\/h2>\n\t\t\t\t<div class=\"sep\"><\/div>\n\t\n<div class=\"row \"><div class=\"wpv-grid grid-1-1  grid-1-1 first unextended no-extended-padding\" style=\"padding-top:0.05px;padding-bottom:0.05px;\" id=\"wpv-column-949ed02bee727cd4cbc99ef522c7d793\" ><p style=\"text-align: center;\">Metoda de epilare cu laser este una simpl\u0103, dar eficient\u0103. Raza laserului nu afecteaz\u0103 organele interne, de asemenea nu exist\u0103 efecte negative ale radia\u021biei sau a altor substan\u021be chimice.<\/div><\/div><\/div><\/div><\/div><\/div><\/div>\n<div class=\"push  wpv-hide-lowres\" style=\"height:70px\"><\/div>\n<div class=\"limit-wrapper\"><div class=\"row \"><div class=\"wpv-grid grid-1-1  wpv-first-level grid-1-1 first unextended no-extended-padding\" style=\"padding-top:0.05px;padding-bottom:0.05px;\" id=\"wpv-column-2647f1b8f5d782da8a05baba09caf472\" ><div class=\"push  wpv-hide-lowres\" style=\"height:20px\"><\/div> <span class='dropcap1 '>L<\/span>\n<p>aserul cu Dioda VERSUS este cea mai recent\u0103 \u0219i performant\u0103 tehnologie de epilare care garanteaz\u0103 siguran\u021b\u0103, eficien\u021b\u0103 \u0219i durere inexistent\u0103.<\/p>\n<p>Procedura utilizeaz\u0103 un fascicul de lumin\u0103 monocromatic\u0103 printr-o lentil\u0103 tip ProLens cu o durat\u0103 a impulsului reglabil continuu (400ms) care p\u0103trunde direct \u00een foliculul de p\u0103r, prin folosirea unei temperaturi de circa 60-65 \u00baC, dar care nu deterioreaz\u0103 deloc epiderma. Raza laser emis\u0103 este absorbit\u0103 de melanin\u0103, acel pigment care d\u0103 culoare firului de p\u0103r \u0219i care practic distruge r\u0103d\u0103cina p\u0103rului prin \u00eenc\u0103lzire, \u00eempiedic\u00e2nd astfel posibilitatea de regenerare.<\/p>\n<p>Sistemul IPL (intense pulsed light) reprezint\u0103 o metod\u0103 \u00eenvechit\u0103 de epilare care nu mai ofer\u0103 rezultatele dorite, firele de p\u0103r nu dispar, doar se sub\u021biaz\u0103, ba mai mult, provoac\u0103 durere.<\/p>\n<p>Diode Laser are un avantaj considerabil mai bun, deoarece toate zonele vizate sunt complet acoperite, iar temperatura ridicat\u0103 cu care este tratat\u0103 r\u0103d\u0103cina p\u0103rului, opre\u0219te definitiv apari\u021bia acestuia. Cele mai importante avantaje ale acestui laser vor fi vizibile \u00eenc\u0103 de la primele \u0219edin\u021be, f\u0103r\u0103 durere (folosim un sistem de r\u0103cire patentat), iar rezultatele v\u0103 vor oferi o piele fin\u0103, catifelat\u0103 \u0219i luminoas\u0103.<\/p>\n<p>Dac\u0103 v\u0103 face\u021bi griji \u00een privin\u021ba faptului c\u0103 firul de p\u0103r poate fi afectat, pute\u021bi sta lini\u0219ti\u021bi, raza de laser este reglat\u0103 s\u0103 ajung\u0103 la 2-5 mm sub piele, \u00een func\u021bie de pigment, grosime \u0219i desimea firului de p\u0103r, f\u0103r\u0103 s\u0103 fie afectat foliculul, respectiv \u021bes\u0103turile din jur.<\/p>\n<p>Num\u0103rul minim de \u0219edintele diferit\u0103 de la caz la caz, rezultate vizibile efectiv vor fi dup\u0103 minim 3 \u0219edinte, \u00eentruc\u00e2t \u00eentregul p\u0103r de pe corpul uman se afl\u0103 \u00een 3 stadii diferite, respectiv: anagen (activ), catagen (repaus) \u0219i telogen (c\u0103dere). \u0218edin\u021bele se desf\u0103\u0219oar\u0103 la o distan\u021b\u0103 de 6-8 s\u0103pt\u0103m\u00e2ni.<\/p>\n<p>Dac\u0103 \u00eentre \u0219edin\u021be, firele de p\u0103r nu au c\u0103zut, acestea nu trebuie \u00eendep\u0103rtate cu penseta, cear\u0103 sau alte metode, ci cu lama. \u00cen func\u021bie de m\u0103rimea zonei ce urmeaz\u0103 a fi supus\u0103 procedurii de epilare cu laser, \u0219edin\u021ba poate dura \u00eentre 5 minute \u0219i 1 or\u0103.<\/p>\n<p>Nu exist\u0103 nici o restric\u021bie de efectuare a procedurii de c\u0103tre persoanele bronzate, deoarece sistemul de laser VERSUS Diode seteaz\u0103 computerizat raza \u00een func\u021bie de tenul pacientului.<\/p>\n<p>\u0218i b\u0103rba\u021bii, asemeni femeilor, se supun epil\u0103rii din considerente estetice, de pilozitate excesiv\u0103 \u0219i pentru o mai bun\u0103 igien\u0103 corporal\u0103.<\/p>\n<p>Procedura cu laser DIODE se poate \u00eentrebuin\u021ba \u00een siguran\u021b\u0103 pentru orice tip de ten, cu excep\u021bia tenului african, iar metoda se poate aplica oric\u0103rei zone de pe corpul uman, except\u00e2nd pleoapa \u0219i spr\u00e2ncenele. De asemenea, pe l\u00e2ng\u0103 femeile \u00eens\u0103rcinate, nu pot efectua epilarea definitiv\u0103 persoanele cu p\u0103r alb, c\u0103runte, deoarece firele de p\u0103r alb nu con\u021bin pigment.<\/p>\n<p>Pentru firele crescute sub piele cea mai recomandat\u0103 metod\u0103 este epilarea cu laser. Datorit\u0103 celor mai noi \u0219i mai calitative tehnologii, odat\u0103 cu \u00eenceperea tratamentului de epilare sunt distruse at\u00e2t firele de p\u0103r de la suprafa\u021b\u0103, c\u00e2t \u0219i cele de sub piele.<\/p>\n<div class=\"push \" style=\"height:20px\"><\/div><\/div><\/div><\/div>\n<div class=\"push  wpv-hide-lowres\" style=\"height:60px\"><\/div>\n<div class=\"limit-wrapper\"><div class=\"row \"><div class=\"wpv-grid grid-1-1  wpv-first-level grid-1-1 first unextended animation-from-bottom animated-active no-extended-padding\" style=\"padding-top:0.05px;padding-bottom:0.05px;\" id=\"wpv-column-b6d44cdd7bf2b49660b789828c61d0fd\" >\t\t<h2 class=\"text-divider-double\">\t\t\t\nEpilat definitiv laser\t\t<\/h2>\t\t<div class=\"sep\"><\/div>\n\t<\/div><\/div><\/div>\n<div class=\"limit-wrapper\"><div class=\"row \"><div class=\"wpv-grid grid-1-1  wpv-first-level grid-1-1 first unextended animation-fade-in animated-active no-extended-padding\" style=\"padding-top:0.05px;padding-bottom:0.05px;\" id=\"wpv-column-c5579071d2052c1cbe08b3689d7a8d49\" ><table class=\"vamtam-styled\">\n<tbody>\n<tr>\n<td>\n<p class=\"p1\">Epilat definitiv picior lung<\/p>\n<\/td>\n<td>\n<p class=\"p1\">\n<\/td>\n<td>\n<p class=\"p1\" style=\"text-align: right;\">280 lei<\/p>\n<\/td>\n<\/tr>\n<tr>\n<td>\n<p class=\"p1\">Epilat definitiv picior scurt<\/p>\n<\/td>\n<td>\n<p class=\"p1\">\n<\/td>\n<td>\n<p class=\"p1\" style=\"text-align: right;\">180 lei<\/p>\n<\/td>\n<\/tr>\n<tr>\n<td>\n<p class=\"p1\">Epilat definitiv inghinal partial<\/p>\n<\/td>\n<td>\n<p class=\"p1\">\n<\/td>\n<td>\n<p class=\"p1\" style=\"text-align: right;\">98 lei<\/p>\n<\/td>\n<\/tr>\n<tr>\n<td>\n<p class=\"p1\">Epilat definitiv inghinal total<\/p>\n<\/td>\n<td>\n<p class=\"p1\">\n<\/td>\n<td>\n<p class=\"p1\" style=\"text-align: right;\">160 lei<\/p>\n<\/td>\n<\/tr>\n<tr>\n<td>\n<p class=\"p1\">Epilat definitiv abdomen (femei)<\/p>\n<\/td>\n<td>\n<p class=\"p1\">\n<\/td>\n<td>\n<p class=\"p1\" style=\"text-align: right;\">100 lei<\/p>\n<\/td>\n<\/tr>\n<tr>\n<td>\n<p class=\"p1\">Epilat definitiv abdomen\/spate (b\u0103rba\u021bi)<\/p>\n<\/td>\n<td>\n<p class=\"p1\">\n<\/td>\n<td>\n<p class=\"p1\" style=\"text-align: right;\">135 lei<\/p>\n<\/td>\n<\/tr>\n<tr>\n<td>\n<p class=\"p1\">Epilat definitiv umeri<\/p>\n<\/td>\n<td>\n<p class=\"p1\">\n<\/td>\n<td>\n<p class=\"p1\" style=\"text-align: right;\">80 lei<\/p>\n<\/td>\n<\/tr>\n<tr>\n<td>\n<p class=\"p1\">Epilat definitiv zona lombar\u0103<\/p>\n<\/td>\n<td>\n<p class=\"p1\">\n<\/td>\n<td>\n<p class=\"p1\" style=\"text-align: right;\">100 lei<\/p>\n<\/td>\n<\/tr>\n<tr>\n<td>\n<p class=\"p1\">Epilat definitiv axil\u0103<\/p>\n<\/td>\n<td><\/td>\n<td>\n<p class=\"p1\" style=\"text-align: right;\">100 lei<\/p>\n<\/td>\n<\/tr>\n<tr>\n<td>\n<p class=\"p1\">Epilat definitiv fese<\/p>\n<\/td>\n<td>\n<p class=\"p1\">\n<\/td>\n<td>\n<p class=\"p1\" style=\"text-align: right;\">150 lei<\/p>\n<\/td>\n<\/tr>\n<tr>\n<td>\n<p class=\"p1\">Epilat definitiv bra\u021be lung<\/p>\n<\/td>\n<td>\n<p class=\"p1\">\n<\/td>\n<td>\n<p class=\"p1\" style=\"text-align: right;\">180 lei<\/p>\n<\/td>\n<\/tr>\n<tr>\n<td>\n<p class=\"p1\">Epilat definitiv bra\u021be scurt<\/p>\n<\/td>\n<td>\n<p class=\"p1\">\n<\/td>\n<td>\n<p class=\"p1\" style=\"text-align: right;\">120 lei<\/p>\n<\/td>\n<\/tr>\n<tr>\n<td>\n<p class=\"p1\">Epilat definitiv musta\u021b\u0103<\/p>\n<\/td>\n<td>\n<p class=\"p1\">\n<\/td>\n<td>\n<p class=\"p1\" style=\"text-align: right;\">60 lei<\/p>\n<\/td>\n<\/tr>\n<tr>\n<td>\n<p class=\"p1\">Epilat definitiv b\u0103rbie<\/p>\n<\/td>\n<td>\n<p class=\"p1\">\n<\/td>\n<td>\n<p class=\"p1\" style=\"text-align: right;\">60 lei<\/p>\n<\/td>\n<\/tr>\n<\/tbody>\n<\/table><\/div><\/div><\/div>\n<div class=\"push  wpv-hide-lowres\" style=\"height:60px\"><\/div>\n","protected":false},"excerpt":{"rendered":"<p>Metoda de epilare cu laser este una simpl\u0103, dar eficient\u0103. Raza laserului nu afecteaz\u0103 organele interne, de asemenea nu exist\u0103 efecte negative ale radia\u021biei sau a altor substan\u021be chimice. aserul cu Dioda VERSUS este cea mai recent\u0103 \u0219i performant\u0103 tehnologie de epilare care garanteaz\u0103 siguran\u021b\u0103, eficien\u021b\u0103 \u0219i durere inexistent\u0103. Procedura utilizeaz\u0103 un fascicul de lumin\u0103&#8230;<\/p>\n","protected":false},"author":2,"featured_media":0,"parent":7956,"menu_order":0,"comment_status":"closed","ping_status":"closed","template":"","meta":{"footnotes":""},"class_list":["post-13441","page","type-page","status-publish","hentry"],"_links":{"self":[{"href":"https:\/\/www.salon-aphrodite.ro\/ro\/wp-json\/wp\/v2\/pages\/13441","targetHints":{"allow":["GET"]}}],"collection":[{"href":"https:\/\/www.salon-aphrodite.ro\/ro\/wp-json\/wp\/v2\/pages"}],"about":[{"href":"https:\/\/www.salon-aphrodite.ro\/ro\/wp-json\/wp\/v2\/types\/page"}],"author":[{"embeddable":true,"href":"https:\/\/www.salon-aphrodite.ro\/ro\/wp-json\/wp\/v2\/users\/2"}],"replies":[{"embeddable":true,"href":"https:\/\/www.salon-aphrodite.ro\/ro\/wp-json\/wp\/v2\/comments?post=13441"}],"version-history":[{"count":25,"href":"https:\/\/www.salon-aphrodite.ro\/ro\/wp-json\/wp\/v2\/pages\/13441\/revisions"}],"predecessor-version":[{"id":15033,"href":"https:\/\/www.salon-aphrodite.ro\/ro\/wp-json\/wp\/v2\/pages\/13441\/revisions\/15033"}],"up":[{"embeddable":true,"href":"https:\/\/www.salon-aphrodite.ro\/ro\/wp-json\/wp\/v2\/pages\/7956"}],"wp:attachment":[{"href":"https:\/\/www.salon-aphrodite.ro\/ro\/wp-json\/wp\/v2\/media?parent=13441"}],"curies":[{"name":"wp","href":"https:\/\/api.w.org\/{rel}","templated":true}]}}