{"id":13433,"date":"2018-03-23T09:41:39","date_gmt":"2018-03-23T09:41:39","guid":{"rendered":"http:\/\/www.salon-aphrodite.ro\/?page_id=13433"},"modified":"2022-05-17T16:01:47","modified_gmt":"2022-05-17T16:01:47","slug":"gene-false-fir-cu-fir","status":"publish","type":"page","link":"https:\/\/www.salon-aphrodite.ro\/ro\/servicii\/gene-false-fir-cu-fir\/","title":{"rendered":"Gene false fir cu fir"},"content":{"rendered":"<div class=\"push  wpv-hide-lowres\" style=\"margin-bottom:-120px\"><\/div>\n<div class=\"limit-wrapper\"><div class=\"row \"><div class=\"wpv-grid grid-1-1  wpv-first-level grid-1-1 first has-background unextended no-extended-padding\" style=\"\n\t\t\t\tbackground: url( &#039;https:\/\/hair-beauty.vamtam.com\/wp-content\/uploads\/2016\/01\/bg_intro-home.png&#039; ) no-repeat center top;\n\t\t\t\tbackground-size: auto;\n\t\t\tbackground-attachment: scroll;padding-top:50px;padding-bottom:20px;\" id=\"wpv-column-c399d1fe8a94a50d2489d27c5ccb25aa\" ><div class=\"row \"><div class=\"wpv-grid grid-1-5  grid-1-5 first unextended no-extended-padding\" style=\"padding-top:0.05px;padding-bottom:0.05px;\" id=\"wpv-column-b54f2e0f924a423bbf3133f24c109e59\" ><div class=\"push  wpv-hide-lowres\" style=\"height:1px\"><\/div><\/div>\n<div class=\"wpv-grid grid-3-5  grid-3-5 unextended no-extended-padding\" style=\"padding-top:0.05px;padding-bottom:0.05px;\" id=\"wpv-column-5e128e38b0a8cab306b3b93d48aaea68\" >\t\t\t\t\t\n<h2 class=\"text-divider-double\"><img decoding=\"async\" class=\"attachment-full size-full\" src=\"http:\/\/www.salon-aphrodite.ro\/wp-content\/uploads\/2018\/03\/gene.svg\" alt=\"\" data-attachment-id=\"13605\" data-permalink=\"http:\/\/www.salon-aphrodite.ro\/home-layouts\/beatuy\/gene\/\" data-orig-file=\"http:\/\/www.salon-aphrodite.ro\/wp-content\/uploads\/2018\/03\/gene.svg\" data-orig-size=\"\" data-comments-opened=\"0\" data-image-meta=\"&#091;&#093;\" data-image-title=\"gene\" data-image-description=\"\" data-medium-file=\"http:\/\/www.salon-aphrodite.ro\/wp-content\/uploads\/2018\/03\/gene.svg\" data-large-file=\"http:\/\/www.salon-aphrodite.ro\/wp-content\/uploads\/2018\/03\/gene.svg\"><br \/>\nGene false fir cu fir<\/h2>\n\t\t\t\t<div class=\"sep\"><\/div>\n\t<\/div><\/div><\/div><\/div><\/div>\n<div class=\"push  wpv-hide-lowres\" style=\"height:70px\"><\/div>\n<div class=\"limit-wrapper\"><div class=\"row \"><div class=\"wpv-grid grid-1-1  wpv-first-level grid-1-1 first unextended no-extended-padding\" style=\"padding-top:0.05px;padding-bottom:0.05px;\" id=\"wpv-column-6fa9808973cced4edf48584f8d00f214\" ><div class=\"push  wpv-hide-lowres\" style=\"height:20px\"><\/div> <span class='dropcap1 '>T<\/span>\n<p>r\u0103s\u0103turile unei femei sunt exprimate prin desenarea genelor \u015fi spr\u00e2ncenelor, a buzelor \u015fi a formei corpului. Prin urmare, nu este o \u00eent\u00e2mplare c\u0103 genele \u00eentotdeauna au fost o parte mai pronun\u0163at\u0103 a frumuse\u0163ii feminine. Datorit\u0103 apari\u0163iei ,,noilor tehnologii de gene\u201d, acum este un ,,must have \u201c s\u0103 ai gene frumoase, bogate \u015fi curbate. Din dorin\u0163a pentru o frumuse\u0163e durabil\u0103 au ap\u0103rut extensiile de gene fir cu fir \u00een America, acum 5-6 ani, rezult\u00e2nd gene frumoase, bogate \u015fi curbate. \u00cen zilele noastre, extensia de gene fir cu fir se afl\u0103 \u00een topul tendin\u0163elor de \u00eenfrumuse\u0163are din Fran\u0163a, Italia, SUA &#8211; ne-a declarat Raluca Popescu, stilist de gene \u015fi trainer Xtreme Lashes.<\/p>\n<h3>Avantaje<\/h3>\n<p>&#8211; Cel mai mare avantaj al extensiilor de gene fir cu fir este faptul c\u0103 r\u0103m\u00e2nem la modul de via\u0163\u0103 cu care ne-am obi\u015fnuit: putem face sport, putem \u00eenota, ochii vor r\u0103m\u00e2ne \u00eentotdeauna bine contura\u0163i cu gene lungi, dese \u015fi curbate<br \/>\n&#8211; Extensiile de gene de bun\u0103 calitate nu sunt lipite \u00eentre ele, stau ordonate, nu afecteaz\u0103 genele naturale, adezivul cu care sunt lipite este invizibil, nu irit\u0103 pleoapele a\u015fa c\u0103 este permis chiar \u015fi \u00een cazul persoanelor cu ochi sensibili, iar forma acestora este una personalizat\u0103<br \/>\n&#8211; Aplicarea fir cu fir are un efect natural, dar dac\u0103 dorim, \u00eel putem decora cu gene colorate sau cristale Swarovski. Extensiile de gene de calitate au efect 4 \u00een 1: alungire, volum (stilistul preg\u0103tit aplic\u0103 160-220 de gene pe ochi), remodelare \u015fi lifting.<br \/>\n&#8211; Ochii \u00eendep\u0103rta\u0163i optic se pot apropia, ochii curba\u0163i \u00een jos se pot ridica.<br \/>\n&#8211; Au nevoie de o \u00eengrijire special\u0103, \u00een sensul c\u0103 trebuie evitat\u0103 folosirea demachiantelor pe baz\u0103 de ulei pe gene \u015fi \u00een jurul genelor; dac\u0103 folosi\u0163i crem\u0103 de noapte, aplica\u0163i-o cu 15 minute \u00eenainte de culcare; pentru cur\u0103\u0163area genelor \u015fi a ochilor nu folosi\u0163i produse cu puf (dischete demachiante din bumbac, spre exemplu); nu freca\u0163i agresiv pleoapele \u015fi, implicit, genele.<\/p>\n<div class=\"push \" style=\"height:20px\"><\/div><\/div><\/div><\/div>\n<div class=\"push  wpv-hide-lowres\" style=\"height:60px\"><\/div>\n<div class=\"limit-wrapper\"><div class=\"row \"><div class=\"wpv-grid grid-1-1 add-border wpv-first-level grid-1-1 first unextended no-extended-padding\" style=\"padding-top:0.05px;padding-bottom:0.05px;\" id=\"wpv-column-c6014d8874f04de6fb98289d2d56b914\" ><div class=\"row \"><div class=\"wpv-grid grid-1-1  grid-1-1 first unextended animation-from-bottom animated-active no-extended-padding\" style=\"padding-top:0.05px;padding-bottom:0.05px;\" id=\"wpv-column-b90ee5bf1d0c44e9de3eb378b9db809f\" >\t\t<h2 class=\"text-divider-double\">\t\t\t\nPre\u021buri\t\t<\/h2>\t\t<div class=\"sep\"><\/div>\n\t<\/div><\/div>\n<div class=\"row \"><div class=\"wpv-grid grid-1-1  grid-1-1 first unextended no-extended-padding\" style=\"padding-top:0.05px;padding-bottom:100px;\" id=\"wpv-column-acda0e13d05113d1eca3ed94a9641605\" ><div class=\"push  wpv-hide-lowres\" style=\"height:20px\"><\/div>\n<div class=\"row \"><div class=\"wpv-grid grid-1-1  grid-1-1 first unextended animation-fade-in animated-active no-extended-padding\" style=\"padding-top:0.05px;padding-bottom:0.05px;\" id=\"wpv-column-dc2f94c1e6572106eb8b2a6d63829646\" ><table class=\"vamtam-styled\">\n<tbody>\n<tr>\n<td>\n<p class=\"p1\">Aplicat gene fir cu fir 1D<\/p>\n<\/td>\n<td>\n<p class=\"p1\">\n<\/td>\n<td>\n<p class=\"p1\" style=\"text-align: right;\">200 lei<\/p>\n<\/td>\n<\/tr>\n<tr>\n<td>\n<p class=\"p1\">\u00centre\u0163inere gene fir cu fir 1D<\/p>\n<\/td>\n<td>\n<p class=\"p1\">\n<\/td>\n<td>\n<p class=\"p1\" style=\"text-align: right;\">200 lei<\/p>\n<\/td>\n<\/tr>\n<tr>\n<td>\n<p class=\"p1\">Aplicat gene fir cu fir 2D<\/p>\n<\/td>\n<td>\n<p class=\"p1\">\n<\/td>\n<td>\n<p class=\"p1\" style=\"text-align: right;\">250 lei<\/p>\n<\/td>\n<\/tr>\n<tr>\n<td>\n<p class=\"p1\">\u00centre\u0163inere gene fir cu fir 2D<\/p>\n<\/td>\n<td>\n<p class=\"p1\">\n<\/td>\n<td>\n<p class=\"p1\" style=\"text-align: right;\">250 lei<\/p>\n<\/td>\n<\/tr>\n<\/tbody>\n<\/table><\/div><\/div><\/div><\/div><\/div><\/div><\/div>\n<div class=\"push  wpv-hide-lowres\" style=\"height:60px\"><\/div>\n","protected":false},"excerpt":{"rendered":"<p>r\u0103s\u0103turile unei femei sunt exprimate prin desenarea genelor \u015fi spr\u00e2ncenelor, a buzelor \u015fi a formei corpului. Prin urmare, nu este o \u00eent\u00e2mplare c\u0103 genele \u00eentotdeauna au fost o parte mai pronun\u0163at\u0103 a frumuse\u0163ii feminine. Datorit\u0103 apari\u0163iei ,,noilor tehnologii de gene\u201d, acum este un ,,must have \u201c s\u0103 ai gene frumoase, bogate \u015fi curbate. Din dorin\u0163a&#8230;<\/p>\n","protected":false},"author":2,"featured_media":0,"parent":7956,"menu_order":0,"comment_status":"closed","ping_status":"closed","template":"","meta":{"footnotes":""},"class_list":["post-13433","page","type-page","status-publish","hentry"],"_links":{"self":[{"href":"https:\/\/www.salon-aphrodite.ro\/ro\/wp-json\/wp\/v2\/pages\/13433","targetHints":{"allow":["GET"]}}],"collection":[{"href":"https:\/\/www.salon-aphrodite.ro\/ro\/wp-json\/wp\/v2\/pages"}],"about":[{"href":"https:\/\/www.salon-aphrodite.ro\/ro\/wp-json\/wp\/v2\/types\/page"}],"author":[{"embeddable":true,"href":"https:\/\/www.salon-aphrodite.ro\/ro\/wp-json\/wp\/v2\/users\/2"}],"replies":[{"embeddable":true,"href":"https:\/\/www.salon-aphrodite.ro\/ro\/wp-json\/wp\/v2\/comments?post=13433"}],"version-history":[{"count":14,"href":"https:\/\/www.salon-aphrodite.ro\/ro\/wp-json\/wp\/v2\/pages\/13433\/revisions"}],"predecessor-version":[{"id":14636,"href":"https:\/\/www.salon-aphrodite.ro\/ro\/wp-json\/wp\/v2\/pages\/13433\/revisions\/14636"}],"up":[{"embeddable":true,"href":"https:\/\/www.salon-aphrodite.ro\/ro\/wp-json\/wp\/v2\/pages\/7956"}],"wp:attachment":[{"href":"https:\/\/www.salon-aphrodite.ro\/ro\/wp-json\/wp\/v2\/media?parent=13433"}],"curies":[{"name":"wp","href":"https:\/\/api.w.org\/{rel}","templated":true}]}}