{"id":12667,"date":"2018-02-16T13:02:32","date_gmt":"2018-02-16T13:02:32","guid":{"rendered":"http:\/\/www.salon-aphrodite.ro\/?page_id=12667"},"modified":"2025-08-09T20:27:05","modified_gmt":"2025-08-09T20:27:05","slug":"manichiura-pedichiura","status":"publish","type":"page","link":"https:\/\/www.salon-aphrodite.ro\/ro\/servicii\/manichiura-pedichiura\/","title":{"rendered":"Manichiura Pedichiura"},"content":{"rendered":"<div class=\"push  wpv-hide-lowres\" style=\"margin-bottom:-120px\"><\/div>\n<div class=\"limit-wrapper\"><div class=\"row \"><div class=\"wpv-grid grid-1-1  wpv-first-level grid-1-1 first has-background unextended no-extended-padding\" style=\"\n\t\t\t\tbackground: url( &#039;https:\/\/hair-beauty.vamtam.com\/wp-content\/uploads\/2016\/01\/bg_intro-home.png&#039; ) no-repeat center top;\n\t\t\t\tbackground-size: auto;\n\t\t\tbackground-attachment: scroll;padding-top:50px;padding-bottom:20px;\" id=\"wpv-column-ea5788d3ecad087778d266fc447b777b\" ><div class=\"row \"><div class=\"wpv-grid grid-1-5  grid-1-5 first unextended no-extended-padding\" style=\"padding-top:0.05px;padding-bottom:0.05px;\" id=\"wpv-column-8cbb016c05370fdcc0c14d03eb032cf1\" ><div class=\"push  wpv-hide-lowres\" style=\"height:1px\"><\/div><\/div>\n<div class=\"wpv-grid grid-3-5  grid-3-5 unextended no-extended-padding\" style=\"padding-top:0.05px;padding-bottom:0.05px;\" id=\"wpv-column-1fd884ba0668344aa054134f9167fb0a\" >\t\t<h2 class=\"text-divider-double\">\t\t\t\n<span class='icon shortcode theme  use-hover' style='color:#b69e59;font-size:50px !important;'>&#58918;<\/span> MANICHIUR\u0102 PEDICHIUR\u0102\t\t<\/h2>\t\t<div class=\"sep\"><\/div>\n\t\n<div class=\"row \"><div class=\"wpv-grid grid-1-1  grid-1-1 first unextended no-extended-padding\" style=\"padding-top:0.05px;padding-bottom:0.05px;\" id=\"wpv-column-5d9b01d06f1c065973d9577cdbc79e02\" ><p style=\"text-align: center;\">Unghii \u00eengrijite, \u00een culori \u0219i modele diferite.<\/div><\/div><\/div><\/div><\/div><\/div><\/div>\n<div class=\"push  wpv-hide-lowres\" style=\"height:70px\"><\/div>\n<div class=\"limit-wrapper\"><div class=\"row \"><div class=\"wpv-grid grid-1-1  wpv-first-level grid-1-1 first unextended no-extended-padding\" style=\"padding-top:0.05px;padding-bottom:0.05px;\" id=\"wpv-column-cd31146c15d4ccf241def53e1cf8c10c\" ><div class=\"push  wpv-hide-lowres\" style=\"height:20px\"><\/div> <span class='dropcap1 '>F<\/span>\n<p>ie c\u0103 admira\u0163i manichiura fran\u0163uzeasc\u0103 sau dori\u0163i ceva inedit, vom avea grij\u0103 de m\u00e2inile dumneavoastr\u0103. Unghiile moi \u015fi flexibile sau foarte dure \u015fi casante nu mai sunt o problem\u0103. Indiferent de preten\u0163ii, dorin\u0163ele dumneavoastr\u0103 se pot indeplini: g\u00e2ndi\u0163i-v\u0103 c\u00e2t de mult v\u0103 folosi\u0163i m\u00e2inile sau c\u00e2t sunt de expuse. Trecerea de la un anotimp la altul este resim\u0163it\u0103 de m\u00e2inile dumneavoastr\u0103. Este de \u015ftiut c\u0103 m\u00e2inile tr\u0103deaz\u0103 v\u00e2rsta \u00een cele mai multe cazuri, fiind o oglind\u0103 a dumneavoastr\u0103. Acela\u0219i lucru se aplic\u0103 \u0219i \u00een cazul unghiilor de la picioare, diferen\u021ba este dat\u0103 de modul de expunere mai pu\u021bin des dec\u00e2t m\u00e2inile. Totu\u0219i, riscul de transpira\u021bie este mult mai mare la picioare av\u00e2nd \u00een vedere faptul c\u0103 mereu sunt acoperite \u0219i porii respir\u0103 mult mai greu. Nu trebuie s\u0103 \u00ee\u021bi faci griji de nimic, salonul nostru are \u00een dotare aparate de ultim\u0103 genera\u021bie, \u00een condi\u021bii de securitate clinico-biologic\u0103 pentru s\u0103n\u0103tatea dumneavoastr\u0103, prin utilizarea de ustensile \u0219i aparate sterile, \u00een conformitate cu normele legislative.<\/p>\n<h3>\u00cengrijirea m\u00e2inilor cu parafin\u0103<\/h3>\n<p>M\u00e2inile, ca \u015fi picioarele, vor fi dezinfectate, dup\u0103 care se elimin\u0103 celulele moarte prin gomaj. M\u00e2inile se scufund\u0103 de trei ori consecutiv \u00een parafin\u0103, cu degetele \u00eentredeschise, astfel \u00eenc\u00e2t parafina s\u0103 p\u0103trund\u0103 \u015fi \u00een spa\u0163iul dintre degete. Peste m\u0103nu\u015file de nylon se vor folosi m\u0103nu\u015fi din material eponj, care asigur\u0103 efect de dunsyt. Dup\u0103 10-15 minute elimin\u0103m parafina deja r\u0103cit\u0103 de pe m\u00e2ini. Parafina eliminat\u0103 de pe m\u00e2ini sau picioare nu va fi refolosit\u0103! Tratamentul cu parafin\u0103 este recomandat dup\u0103 manichiur\u0103\/pedichiur\u0103. \u00cen timpul \u00eengrijirii picioarelor aplic\u0103m parafina pe m\u00e2ini sau invers, \u00een timp ce se face face manichiura putem oferi tratamentul de parafin\u0103 pentru picioare.<\/p>\n<h3>\u00cengrijirea picioarelor cu parafin\u0103<\/h3>\n<p>\u00cengrijirea picioarelor cu parafin\u0103 \u00eencepe cu o baie cu plante medicinale, dup\u0103 care se efectueaz\u0103 dezinfectarea. Prin gomaj se elimin\u0103 celulele moarte. Aici putem alege dintr-o gam\u0103 larg\u0103 \u00een func\u0163ie de efectele acestora: s\u0103ruri marine, grenadine, l\u0103m\u00e2ie, m\u0103cie\u015fe etc. Gomajul se efectueaz\u0103 prin masaj u\u015for cu m\u0103nu\u015fa de gomaj, stimul\u00e2nd circula\u0163ia sanguin\u0103 \u015fi amplific\u00e2nd efectul benefic al gomajului, oferind pl\u0103cerea unui wellness. Pielea astfel cur\u0103\u0163at\u0103 este tratat\u0103 apoi cu creme hidratante \u015fi nutritive care se absorb u\u015for datorit\u0103 b\u0103ii de parafin\u0103. Parafina se aplic\u0103 pe picioare deasupra aparatului, astfel \u00eenc\u00e2t parafina va r\u0103m\u00e2ne igienic\u0103. Dac\u0103 stratul este suficient de gros, se aplic\u0103 o pung\u0103 de nylon \u015fi boto\u015fei care se vor l\u0103sa timp de 10\/15 minute.<\/p>\n<h3>Unghii tehnice<\/h3>\n<p>Nu mai supor\u0163i exfolierea \u015fi ruperea unghiilor tocmai atunci c\u00e2nd le aveai pe toate la aceea\u015fi dimensiune? Poate c\u0103 e momentul s\u0103 \u00eencerci alternativa artificial\u0103! Unghiile false sunt op\u0163iunea ideal\u0103 pentru cele care \u00ee\u015fi rod unghiile sau care au probleme cu cre\u015fterea lor. Unele femei \u00eencearc\u0103 unghiile false pur \u015fi simplu pentru a scapa de &#8222;n\u0103rav&#8221;, iar altele vor doar s\u0103\u00a0 aib\u0103 unghii superbe \u015fi usor de intre\u0163inut.<\/p>\n<p>Dac\u0103 sunt aplicate \u015fi apoi \u00eendep\u0103rtate corespunz\u0103tor, unghiile artificiale nu afecteaz\u0103 foarte mult structura cornoas\u0103 a unghiilor tale, dar nici s\u0103 nu te a\u015ftep\u0163i s\u0103 le \u00eembun\u0103t\u0103\u0163easc\u0103 condi\u0163ia lor actual\u0103. \u00cens\u0103 dac\u0103 te decizi s\u0103 i\u0163i pui unghii false, acest obicei poate deveni pentru tine la fel de banal precum vopsitul p\u0103rului, iar dac\u0103 \u00eentr-o zi te hot\u0103r\u0103\u015fti s\u0103 nu \u0163i le mai pui, ele vor arata la fel ca \u00eenainte.<\/p>\n<p>Manichiura reprezint\u0103 pentru majoritatea femeilor un detaliu al propriei personalit\u0103\u0163i, ce necesit\u0103 \u00eentreaga aten\u0163ie. Din nefericire nu \u00eentotdeauna putem avea o manichiur\u0103 irepro\u015fabil\u0103, uneori datorit\u0103 anumitor incidente unghiile pot avea de suferit sau datorit\u0103 exfolierii acestora suntem \u00een imposibilitatea de a avea manichiura dorit\u0103. Dac\u0103 manichiura natural\u0103 nu d\u0103 rezultate atunci se poate apela \u015fi la cea artificial\u0103.<\/p>\n<div class=\"push \" style=\"height:20px\"><\/div><\/div><\/div><\/div>\n<div class=\"push  wpv-hide-lowres\" style=\"height:60px\"><\/div>\n<div class=\"limit-wrapper\"><div class=\"row \"><div class=\"wpv-grid grid-1-1 add-border wpv-first-level grid-1-1 first unextended no-extended-padding\" style=\"padding-top:0.05px;padding-bottom:0.05px;\" id=\"wpv-column-5939adeccc1dc7b0c6b88797e7a9c062\" ><div class=\"row \"><div class=\"wpv-grid grid-1-1  grid-1-1 first unextended animation-from-bottom animated-active no-extended-padding\" style=\"padding-top:0.05px;padding-bottom:0.05px;\" id=\"wpv-column-fb887da6eeb9aac344f1886bddda6d0e\" >\t\t<h2 class=\"text-divider-double\">\t\t\t\nPre\u021buri\t\t<\/h2>\t\t<div class=\"sep\"><\/div>\n\t<\/div><\/div>\n<div class=\"row \"><div class=\"wpv-grid grid-1-2  grid-1-2 first unextended no-extended-padding\" style=\"padding-top:0.05px;padding-bottom:100px;\" id=\"wpv-column-5f7b16227d27c78b4cd06ad997a74346\" ><div class=\"push  wpv-hide-lowres\" style=\"height:20px\"><\/div>\n<div class=\"row \"><div class=\"wpv-grid grid-1-1  grid-1-1 first unextended animation-fade-in animated-active no-extended-padding\" style=\"padding-top:0.05px;padding-bottom:0.05px;\" id=\"wpv-column-5aeef95d345fea48eac5dbe9fc8a314c\" ><table class=\"vamtam-styled\" style=\"height: 624px;\" width=\"277\">\n<tbody>\n<tr>\n<td>\n<p class=\"p1\">Manichiur\u0103 clasic\u0103<\/p>\n<\/td>\n<td>\n<p class=\"p1\">\n<\/td>\n<td>\n<p class=\"p1\" style=\"text-align: right;\">70 lei<\/p>\n<\/td>\n<\/tr>\n<tr>\n<td>\n<p class=\"p1\">Manichiur\u0103 semipermanent\u0103<\/p>\n<\/td>\n<td>\n<p class=\"p1\">\n<\/td>\n<td>\n<p class=\"p1\" style=\"text-align: right;\">130 lei<\/p>\n<\/td>\n<\/tr>\n<tr>\n<td>\n<p class=\"p1\">Construc\u021bie gel\/polygel<\/p>\n<\/td>\n<td>\n<p class=\"p1\">\n<\/td>\n<td>\n<p class=\"p1\" style=\"text-align: right;\">250 lei<\/p>\n<\/td>\n<\/tr>\n<tr>\n<td>\n<p class=\"p1\">Construc\u021bie French<\/p>\n<\/td>\n<td>\n<p class=\"p1\">\n<\/td>\n<td>\n<p class=\"p1\" style=\"text-align: right;\">250 lei<\/p>\n<\/td>\n<\/tr>\n<tr>\n<td>\n<p class=\"p1\">Construc\u021bie Slim<\/p>\n<\/td>\n<td>\n<p class=\"p1\">\n<\/td>\n<td>\n<p class=\"p1\" style=\"text-align: right;\">300 lei<\/p>\n<\/td>\n<\/tr>\n<tr>\n<td>\n<p class=\"p1\">Construc\u021bie Babyboomer<\/p>\n<\/td>\n<td>\n<p class=\"p1\">\n<\/td>\n<td>\n<p class=\"p1\" style=\"text-align: right;\">205 lei<\/p>\n<\/td>\n<\/tr>\n<tr>\n<td>\n<p class=\"p1\">\u00centre\u021binere gel<\/p>\n<\/td>\n<td>\n<p class=\"p1\">\n<\/td>\n<td>\n<p class=\"p1\" style=\"text-align: right;\">180 lei<\/p>\n<\/td>\n<\/tr>\n<tr>\n<td>\n<p class=\"p1\">\u00centre\u021binere French<\/p>\n<\/td>\n<td>\n<p class=\"p1\">\n<\/td>\n<td>\n<p class=\"p1\" style=\"text-align: right;\">170 lei<\/p>\n<\/td>\n<\/tr>\n<tr>\n<td>\n<p class=\"p1\">\u00centre\u021binere Slim<\/p>\n<\/td>\n<td>\n<p class=\"p1\">\n<\/td>\n<td>\n<p class=\"p1\" style=\"text-align: right;\">250 lei<\/p>\n<\/td>\n<\/tr>\n<tr>\n<td>\n<p class=\"p1\">\u00centre\u021binere Babyboomer<\/p>\n<\/td>\n<td>\n<p class=\"p1\">\n<\/td>\n<td>\n<p class=\"p1\" style=\"text-align: right;\">190 lei<\/p>\n<\/td>\n<\/tr>\n<\/tbody>\n<\/table>\n<p>&nbsp;<\/p>\n<p>&nbsp;<\/div><\/div><\/div>\n<div class=\"wpv-grid grid-1-2  grid-1-2 unextended no-extended-padding\" style=\"padding-top:0.05px;padding-bottom:100px;\" id=\"wpv-column-ff17ad65ddb6d93757fc9eb5050f5480\" ><div class=\"push  wpv-hide-lowres\" style=\"height:20px\"><\/div>\n<div class=\"row \"><div class=\"wpv-grid grid-1-1  grid-1-1 first unextended animation-fade-in animated-active no-extended-padding\" style=\"padding-top:0.05px;padding-bottom:0.05px;\" id=\"wpv-column-0c13e3f9ba4502510ad144d9f12d346f\" ><table class=\"vamtam-styled\">\n<tbody>\n<tr>\n<td>\n<p class=\"p1\">Pedichiur\u0103 clasic\u0103<\/p>\n<\/td>\n<td>\n<p class=\"p1\">\n<\/td>\n<td>\n<p class=\"p1\" style=\"text-align: right;\">100-130 lei<\/p>\n<\/td>\n<\/tr>\n<tr>\n<td>\n<p class=\"p1\">Pedichiur\u0103 semipermanent\u0103<\/p>\n<\/td>\n<td>\n<p class=\"p1\">\n<\/td>\n<td>\n<p class=\"p1\" style=\"text-align: right;\">160 lei<\/p>\n<\/td>\n<\/tr>\n<tr>\n<td>\n<p class=\"p1\">\u00cendepartat unghii<\/p>\n<\/td>\n<td>\n<p class=\"p1\">\n<\/td>\n<td>\n<p class=\"p1\" style=\"text-align: right;\">40 lei<\/p>\n<\/td>\n<\/tr>\n<tr>\n<td>\n<p class=\"p1\">Design o unghie<\/p>\n<\/td>\n<td>\n<p class=\"p1\">\n<\/td>\n<td>\n<p class=\"p1\" style=\"text-align: right;\">20 lei<\/p>\n<\/td>\n<\/tr>\n<tr>\n<td>\n<p class=\"p1\">Parafin\u0103 picioare<\/p>\n<\/td>\n<td>\n<p class=\"p1\">\n<\/td>\n<td>\n<p class=\"p1\" style=\"text-align: right;\">50 lei<\/p>\n<\/td>\n<\/tr>\n<tr>\n<td>\n<p class=\"p1\">Parafin\u0103 m\u00e2ini<\/p>\n<\/td>\n<td>\n<p class=\"p1\">\n<\/td>\n<td>\n<p class=\"p1\" style=\"text-align: right;\">40 lei<\/p>\n<\/td>\n<\/tr>\n<\/tbody>\n<\/table><\/div><\/div><\/div><\/div><\/div><\/div><\/div>\n<div class=\"push  wpv-hide-lowres\" style=\"height:60px\"><\/div>\n","protected":false},"excerpt":{"rendered":"<p>Unghii \u00eengrijite, \u00een culori \u0219i modele diferite. ie c\u0103 admira\u0163i manichiura fran\u0163uzeasc\u0103 sau dori\u0163i ceva inedit, vom avea grij\u0103 de m\u00e2inile dumneavoastr\u0103. Unghiile moi \u015fi flexibile sau foarte dure \u015fi casante nu mai sunt o problem\u0103. Indiferent de preten\u0163ii, dorin\u0163ele dumneavoastr\u0103 se pot indeplini: g\u00e2ndi\u0163i-v\u0103 c\u00e2t de mult v\u0103 folosi\u0163i m\u00e2inile sau c\u00e2t sunt de&#8230;<\/p>\n","protected":false},"author":1,"featured_media":0,"parent":7956,"menu_order":0,"comment_status":"closed","ping_status":"closed","template":"","meta":{"footnotes":""},"class_list":["post-12667","page","type-page","status-publish","hentry"],"_links":{"self":[{"href":"https:\/\/www.salon-aphrodite.ro\/ro\/wp-json\/wp\/v2\/pages\/12667","targetHints":{"allow":["GET"]}}],"collection":[{"href":"https:\/\/www.salon-aphrodite.ro\/ro\/wp-json\/wp\/v2\/pages"}],"about":[{"href":"https:\/\/www.salon-aphrodite.ro\/ro\/wp-json\/wp\/v2\/types\/page"}],"author":[{"embeddable":true,"href":"https:\/\/www.salon-aphrodite.ro\/ro\/wp-json\/wp\/v2\/users\/1"}],"replies":[{"embeddable":true,"href":"https:\/\/www.salon-aphrodite.ro\/ro\/wp-json\/wp\/v2\/comments?post=12667"}],"version-history":[{"count":21,"href":"https:\/\/www.salon-aphrodite.ro\/ro\/wp-json\/wp\/v2\/pages\/12667\/revisions"}],"predecessor-version":[{"id":14997,"href":"https:\/\/www.salon-aphrodite.ro\/ro\/wp-json\/wp\/v2\/pages\/12667\/revisions\/14997"}],"up":[{"embeddable":true,"href":"https:\/\/www.salon-aphrodite.ro\/ro\/wp-json\/wp\/v2\/pages\/7956"}],"wp:attachment":[{"href":"https:\/\/www.salon-aphrodite.ro\/ro\/wp-json\/wp\/v2\/media?parent=12667"}],"curies":[{"name":"wp","href":"https:\/\/api.w.org\/{rel}","templated":true}]}}