{"id":12574,"date":"2018-02-16T08:45:03","date_gmt":"2018-02-16T08:45:03","guid":{"rendered":"http:\/\/www.salon-aphrodite.ro\/?page_id=12574"},"modified":"2026-01-21T12:22:59","modified_gmt":"2026-01-21T12:22:59","slug":"tratamente","status":"publish","type":"page","link":"https:\/\/www.salon-aphrodite.ro\/ro\/servicii\/tratamente\/","title":{"rendered":"Tratamente"},"content":{"rendered":"<div class=\"push  wpv-hide-lowres\" style=\"margin-bottom:-120px\"><\/div>\n<div class=\"limit-wrapper\"><div class=\"row \"><div class=\"wpv-grid grid-1-1  wpv-first-level grid-1-1 first unextended has-extended-padding\" style=\"padding-top:0.05px;padding-bottom:0.05px;\" id=\"wpv-column-728f3540f22b83f1c12ff5f052577123\" ><\/div><\/div><\/div>\n<div class=\"limit-wrapper\"><div class=\"row \"><div class=\"wpv-grid grid-1-1  wpv-first-level grid-1-1 first unextended has-extended-padding\" style=\"padding-top:0.05px;padding-bottom:0.05px;\" id=\"wpv-column-0e871ef4879175d9ce6af9c2e1f9887b\" ><\/div><\/div><\/div>\n<div class=\"limit-wrapper\"><div class=\"row \"><div class=\"wpv-grid grid-1-1  wpv-first-level grid-1-1 first has-background unextended no-extended-padding\" style=\"\n\t\t\t\tbackground: url( &#039;https:\/\/hair-beauty.vamtam.com\/wp-content\/uploads\/2016\/01\/bg_intro-home.png&#039; ) no-repeat center top;\n\t\t\t\tbackground-size: auto;\n\t\t\tbackground-attachment: scroll;padding-top:50px;padding-bottom:20px;\" id=\"wpv-column-2739272ad6f7d9d1aa4a8e9f173b5f98\" ><div class=\"row \"><div class=\"wpv-grid grid-1-5  grid-1-5 first unextended no-extended-padding\" style=\"padding-top:0.05px;padding-bottom:0.05px;\" id=\"wpv-column-3eeeeba9da2c34d05254e8a5860f0010\" ><div class=\"push  wpv-hide-lowres\" style=\"height:1px\"><\/div><\/div>\n<div class=\"wpv-grid grid-3-5  grid-3-5 unextended no-extended-padding\" style=\"padding-top:0.05px;padding-bottom:0.05px;\" id=\"wpv-column-2e6a7daa3da63b2422c3d445271fa3b6\" >\t\t<h2 class=\"text-divider-double\">\t\t\t\n<span class='icon shortcode theme  use-hover' style='color:#b69e59;font-size:50px !important;'>&#58917;<\/span> TRATAMENTE\t\t<\/h2>\t\t<div class=\"sep\"><\/div>\n\t\n\n<h4 style=\"text-align: center;\">\u2501\u2501\u2501\u2501\u2501\u2501\u2501\u2501\u2501\u2501\u2501\u2501\u2501\u2501\u2501\u2501\u2501\u2501\u2501\u2501<br \/>\n<strong>PROMOTIE DE IARNA<\/strong><strong>\u00a0<\/strong><\/h4>\n<h4 style=\"text-align: center;\"><strong>Tratament facial complet FARMEC<\/strong> \u2013 <strong>130 LEI\/\u0219edin\u021b\u0103<\/strong><\/h4>\n<h4 style=\"text-align: center;\">\u2501\u2501\u2501\u2501\u2501\u2501\u2501\u2501\u2501\u2501\u2501\u2501\u2501\u2501\u2501\u2501\u2501\u2501\u2501\u2501<\/h4>\n<div class=\"row \"><div class=\"wpv-grid grid-1-1  grid-1-1 first unextended no-extended-padding\" style=\"padding-top:0.05px;padding-bottom:0.05px;\" id=\"wpv-column-8956ca5a757780a368389b63b3380fbd\" ><p style=\"text-align: center;\">Tinere\u021be f\u0103r\u0103 b\u0103tr\u00e2ne\u021be? \u00cenc\u0103 nu s-a descoperit elixirul care s\u0103 ne scape definitiv de riduri, \u00eens\u0103 exist\u0103 ritualuri de \u00eengrijire care \u00ee\u021bi men\u021bin tenul\u00a0frumos \u0219i t\u00e2nar. Le-ai \u00eencercat?<\/div><\/div><\/div><\/div><\/div><\/div><\/div>\n<div class=\"push  wpv-hide-lowres\" style=\"height:70px\"><\/div>\n<div class=\"limit-wrapper\"><div class=\"row \"><div class=\"wpv-grid grid-1-1  wpv-first-level grid-1-1 first unextended no-extended-padding\" style=\"padding-top:0.05px;padding-bottom:0.05px;\" id=\"wpv-column-7eaef7191990efef265aa49e273e6aa5\" ><div class=\"push  wpv-hide-lowres\" style=\"height:20px\"><\/div> <span class='dropcap1 '>Z<\/span>\n<p>ilnic, tenul t\u0103u este supus prafului, polu\u0103rii, fluctua\u021biilor de temperatur\u0103, v\u00e2ntului, factori care \u00ee\u021bi usuc\u0103 pielea \u0219i \u00ee\u021bi astup\u0103 porii. Din c\u00e2nd \u00een c\u00e2nd, ai nevoie de o cur\u0103\u021bare profesionist[ a porilor, pentru a permite pielii s\u0103 respire, pentru a stimula regenerarea \u0219i pentru a cre\u0219te permeabilitatea pielii, astfel ca substan\u021bele active din produsele pe care le folose\u0219ti s\u0103 p\u0103trund\u0103 mai u\u0219or \u00een profunzimea pielii. Un tratament facial poate fi un binemeritat moment de relaxare, o recompens\u0103, o ie\u0219ire din cotidian pe care ne-o putem permite din c\u00e2nd \u00een c\u00e2nd. Ast\u0103zi, tehnologia \u00een domeniul cosmeticii a evoluat extrem de mult. Exist\u0103 tratamente pentru orice tip de probleme, cu rezultate imediate \u0219i de lung\u0103 durat\u0103.<\/p>\n<h3>Tratament cosmetic de Microdermabraziune<\/h3>\n<p>Microdermabraziunea este o procedur\u0103 minim invaziv\u0103 care implic\u0103 r\u0103zuirea pielii cu cristale de oxid de aluminiu (corindon) pentru eliminarea stratului cornos al epidermului, care este alc\u0103tuit \u00een principal din celule moarte. Tot prin acest procedeu se realizeaz\u0103 concomitent \u015fi stimularea produc\u0163iei de celule noi \u00een stratul bazal, profund, al epidermei.<\/p>\n<h3>AquaOxyBrasion<\/h3>\n<p>Este o modalitate de peeling superficial \u0219i eficient care folose\u0219te oxigenul sub presiune pentru a accelera, la viteze supersonice, agentul lichid salin, cre\u00e2nd un efect exfoliativ asupra tenului. Agentul lichid salin este compus din diferite vitamine \u0219i suplimente concentrate special pentru a servi problemelor pacien\u021bilor. Totodat\u0103, oxigenul aplicat pe suprafa\u021ba tenului, distruge bacteriile anaerobe din glandele sebacee, accelereaz\u0103 regenerarea celulei, fapt ce conduce la o piele mult mai s\u0103n\u0103toas\u0103 \u0219i mai t\u00e2n\u0103r\u0103.<\/p>\n<h3>Mezoterapie f\u0103r\u0103 ace<\/h3>\n<p><strong>Avantaje:<\/strong><\/p>\n<ul class=\"services-advantages\">\n<li>Sistem non-invaziv: f\u0103r\u0103 cicatrici, chirurgie, injectare<\/li>\n<li>F\u0103r\u0103 pauz\u0103 de recuperare<\/li>\n<li>Rezultate vizibile dup\u0103 un singur tratament<\/li>\n<li>Zone de tratament:\u00a0fa\u021b\u0103, corp, m\u00e2ini, dar \u0219i mu\u0219chi \u0219i scalp<\/li>\n<\/ul>\n<div class=\"push \" style=\"height:20px\"><\/div><\/div><\/div><\/div>\n<div class=\"push  wpv-hide-lowres\" style=\"height:60px\"><\/div>\n<div class=\"limit-wrapper\"><div class=\"row \"><div class=\"wpv-grid grid-1-1 add-border wpv-first-level grid-1-1 first unextended no-extended-padding\" style=\"padding-top:0.05px;padding-bottom:0.05px;\" id=\"wpv-column-d91579dea0d995c2b5c06f2bed7746ad\" ><div class=\"row \"><div class=\"wpv-grid grid-1-1  grid-1-1 first unextended animation-from-bottom animated-active no-extended-padding\" style=\"padding-top:0.05px;padding-bottom:0.05px;\" id=\"wpv-column-0932258c62e51daccfdbbcb4291cd3a6\" >\t\t<h2 class=\"text-divider-double\">\t\t\t\nTratamente + m\u0103\u0219ti\t\t<\/h2>\t\t<div class=\"sep\"><\/div>\n\t<\/div><\/div>\n<div class=\"row \"><div class=\"wpv-grid grid-1-2  grid-1-2 first unextended no-extended-padding\" style=\"padding-top:0.05px;padding-bottom:100px;\" id=\"wpv-column-ab5f9a42e6d4375661a83e5715e223f4\" ><div class=\"push  wpv-hide-lowres\" style=\"height:20px\"><\/div>\n<div class=\"row \"><div class=\"wpv-grid grid-1-1  grid-1-1 first unextended animation-fade-in animated-active no-extended-padding\" style=\"padding-top:0.05px;padding-bottom:0.05px;\" id=\"wpv-column-6c47dcf1ddee91b1d9be37293f2ec794\" ><table class=\"vamtam-styled\">\n<tbody>\n<tr>\n<td>\n<p class=\"p1\">Tratament microdermabraziune<\/p>\n<\/td>\n<td>\n<p class=\"p1\">\n<\/td>\n<td>\n<p class=\"p1\" style=\"text-align: right;\">240 lei<\/p>\n<\/td>\n<\/tr>\n<tr>\n<td>\n<p class=\"p1\">Tratament facial cu produse Ilcsi<\/p>\n<\/td>\n<td>\n<p class=\"p1\">\n<\/td>\n<td>\n<p class=\"p1\" style=\"text-align: right;\">310 lei<\/p>\n<\/td>\n<\/tr>\n<tr>\n<td>\n<p class=\"p1\">Tratament facial par\u021bial cu produse Ilcsi<\/p>\n<\/td>\n<td>\n<p class=\"p1\">\n<\/td>\n<td>\n<p class=\"p1\" style=\"text-align: right;\">250 lei<\/p>\n<\/td>\n<\/tr>\n<tr>\n<td>\n<p class=\"p1\">Tratament anticuperotic Ilcsi<\/p>\n<\/td>\n<td>\n<p class=\"p1\">\n<\/td>\n<td>\n<p class=\"p1\" style=\"text-align: right;\">310 lei<\/p>\n<\/td>\n<\/tr>\n<tr>\n<td>\n<p class=\"p1\">Tratament anticearc\u0103n cu oxigen<\/p>\n<\/td>\n<td>\n<p class=\"p1\">\n<\/td>\n<td>\n<p class=\"p1\" style=\"text-align: right;\">185 lei<\/p>\n<\/td>\n<\/tr>\n<tr>\n<td>\n<p class=\"p1\">Tratament cu c\u0103lc\u0103torul de riduri<\/p>\n<\/td>\n<td>\n<p class=\"p1\">\n<\/td>\n<td>\n<p class=\"p1\" style=\"text-align: right;\">220 lei<\/p>\n<\/td>\n<\/tr>\n<tr>\n<td>\n<p class=\"p1\">Fiol\u0103 de hidratare<\/p>\n<\/td>\n<td>\n<p class=\"p1\">\n<\/td>\n<td>\n<p class=\"p1\" style=\"text-align: right;\">70 lei<\/p>\n<\/td>\n<\/tr>\n<tr>\n<td>\n<p class=\"p1\">Tratament cu electroderm<\/p>\n<\/td>\n<td><\/td>\n<td>\n<p class=\"p1\" style=\"text-align: right;\">40 lei<\/p>\n<\/td>\n<\/tr>\n<tr>\n<td>\n<p class=\"p1\">Ionizare<\/p>\n<\/td>\n<td>\n<p class=\"p1\">\n<\/td>\n<td>\n<p class=\"p1\" style=\"text-align: right;\">45 lei<\/p>\n<\/td>\n<\/tr>\n<tr>\n<td>\n<p class=\"p1\">Ultrasunet facial<\/p>\n<\/td>\n<td>\n<p class=\"p1\">\n<\/td>\n<td>\n<p class=\"p1\" style=\"text-align: right;\">50 lei<\/p>\n<\/td>\n<\/tr>\n<tr>\n<td>\n<p class=\"p1\">Masaj facial \u0219i drenaj limfatic<\/p>\n<\/td>\n<td>\n<p class=\"p1\">\n<\/td>\n<td>\n<p class=\"p1\" style=\"text-align: right;\">85 lei<\/p>\n<\/td>\n<\/tr>\n<\/tbody>\n<\/table><\/div><\/div><\/div>\n<div class=\"wpv-grid grid-1-2  grid-1-2 unextended left-border no-extended-padding\" style=\"padding-top:0.05px;padding-bottom:20px;\" id=\"wpv-column-02294fca4b6f9146322f1058499980d2\" ><style>#wpv-column-02294fca4b6f9146322f1058499980d2:before{background-color:#ededed;}<\/style><div class=\"push  wpv-hide-lowres\" style=\"height:20px\"><\/div>\n<div class=\"row \"><div class=\"wpv-grid grid-1-1  grid-1-1 first unextended animation-fade-in animated-active no-extended-padding\" style=\"padding-top:0.05px;padding-bottom:0.05px;\" id=\"wpv-column-4e6b99a4bfcdd6f4bb613404826d481f\" ><table class=\"vamtam-styled\">\n<tbody>\n<tr>\n<td>\n<p class=\"p1\">Masc\u0103 &#8222;\u00cenainte de evenimente&#8221;<\/p>\n<\/td>\n<td>\n<p class=\"p1\">\n<\/td>\n<td>\n<p class=\"p1\" style=\"text-align: right;\">70 lei<\/p>\n<\/td>\n<\/tr>\n<tr>\n<td>\n<p class=\"p1\">Masc\u0103 AHA + masc\u0103 &#8222;\u00cenainte de evenimente&#8221;<\/p>\n<\/td>\n<td>\n<p class=\"p1\">\n<\/td>\n<td>\n<p class=\"p1\" style=\"text-align: right;\">100 lei<\/p>\n<\/td>\n<\/tr>\n<tr>\n<td>\n<p class=\"p1\">Masc\u0103 Peel-Off Ilcsi<\/p>\n<\/td>\n<td>\n<p class=\"p1\">\n<\/td>\n<td>\n<p class=\"p1\" style=\"text-align: right;\">60 lei<\/p>\n<\/td>\n<\/tr>\n<tr>\n<td>\n<p class=\"p1\">Gomaj<\/p>\n<\/td>\n<td>\n<p class=\"p1\">\n<\/td>\n<td>\n<p class=\"p1\" style=\"text-align: right;\">45 lei<\/p>\n<\/td>\n<\/tr>\n<tr>\n<td>\n<p class=\"p1\">Tratament facial Relift<\/p>\n<\/td>\n<td>\n<p class=\"p1\">\n<\/td>\n<td>\n<p class=\"p1\" style=\"text-align: right;\">330 lei<\/p>\n<\/td>\n<\/tr>\n<tr>\n<td>\n<p class=\"p1\">Tratament facial Botox<\/p>\n<\/td>\n<td>\n<p class=\"p1\">\n<\/td>\n<td>\n<p class=\"p1\" style=\"text-align: right;\">330 lei<\/p>\n<\/td>\n<\/tr>\n<tr>\n<td>\n<p class=\"p1\">Tratament facial ten gras<\/p>\n<\/td>\n<td>\n<p class=\"p1\">\n<\/td>\n<td>\n<p class=\"p1\" style=\"text-align: right;\">340 lei<\/p>\n<\/td>\n<\/tr>\n<tr>\n<td>\n<p class=\"p1\">Masc\u0103 Botox<\/p>\n<\/td>\n<td><\/td>\n<td>\n<p class=\"p1\" style=\"text-align: right;\">100 lei<\/p>\n<\/td>\n<\/tr>\n<tr>\n<td>\n<p class=\"p1\">Masc\u0103 ten gras<\/p>\n<\/td>\n<td>\n<p class=\"p1\">\n<\/td>\n<td>\n<p class=\"p1\" style=\"text-align: right;\">100 lei<\/p>\n<\/td>\n<\/tr>\n<tr>\n<td>\n<p class=\"p1\">Masc\u0103 Relift<\/p>\n<\/td>\n<td>\n<p class=\"p1\">\n<\/td>\n<td>\n<p class=\"p1\" style=\"text-align: right;\">110 lei<\/p>\n<\/td>\n<\/tr>\n<tr>\n<td>\n<p class=\"p1\">Tratament facial mezoterapie f\u0103r\u0103 ace<\/p>\n<\/td>\n<td>\n<p class=\"p1\">\n<\/td>\n<td>\n<p class=\"p1\" style=\"text-align: right;\">320 lei<\/p>\n<\/td>\n<\/tr>\n<tr>\n<td>\n<p class=\"p1\">Peeling cavita\u021bional<\/p>\n<\/td>\n<td>\n<p class=\"p1\">\n<\/td>\n<td>\n<p class=\"p1\" style=\"text-align: right;\">150 lei<\/p>\n<\/td>\n<\/tr>\n<tr>\n<td>\n<p class=\"p1\">Tratament facial cu oxigen + fiola + peeling cavitational<\/p>\n<\/td>\n<td>\n<p class=\"p1\">\n<\/td>\n<td>\n<p class=\"p1\" style=\"text-align: right;\">310 lei<\/p>\n<\/td>\n<\/tr>\n<tr>\n<td>\n<p class=\"p1\">Tratament facial cu radiofrecvent\u0103<\/p>\n<\/td>\n<td>\n<p class=\"p1\">\n<\/td>\n<td>\n<p class=\"p1\" style=\"text-align: right;\">310 lei<\/p>\n<\/td>\n<\/tr>\n<tr>\n<td>\n<p class=\"p1\">Peeling enzimatic\/chimic<\/p>\n<\/td>\n<td>\n<p class=\"p1\">\n<\/td>\n<td>\n<p class=\"p1\" style=\"text-align: right;\">310 lei<\/p>\n<\/td>\n<\/tr>\n<tr>\n<td>\n<p class=\"p1\">Radiofrecvent\u0103 corporal\u0103 pentru tonifiere si anticelulitic (5 \u0219edin\u021be + 1 \u0219edin\u021b\u0103 cadou)<\/p>\n<\/td>\n<td>\n<p class=\"p1\">\n<\/td>\n<td>\n<p class=\"p1\" style=\"text-align: right;\">1070 lei<\/p>\n<\/td>\n<\/tr>\n<tr>\n<td>\n<p class=\"p1\">Tratament facial cu oxigen + fiola (fara peeling cavitational)<\/p>\n<\/td>\n<td>\n<p class=\"p1\">\n<\/td>\n<td>\n<p class=\"p1\" style=\"text-align: right;\">220 lei<\/p>\n<\/td>\n<\/tr>\n<\/tbody>\n<\/table><\/div><\/div><\/div><\/div><\/div><\/div><\/div>\n<div class=\"push  wpv-hide-lowres\" style=\"height:60px\"><\/div>\n","protected":false},"excerpt":{"rendered":"<p>\u2501\u2501\u2501\u2501\u2501\u2501\u2501\u2501\u2501\u2501\u2501\u2501\u2501\u2501\u2501\u2501\u2501\u2501\u2501\u2501 PROMOTIE DE IARNA\u00a0 Tratament facial complet FARMEC \u2013 130 LEI\/\u0219edin\u021b\u0103 \u2501\u2501\u2501\u2501\u2501\u2501\u2501\u2501\u2501\u2501\u2501\u2501\u2501\u2501\u2501\u2501\u2501\u2501\u2501\u2501 Tinere\u021be f\u0103r\u0103 b\u0103tr\u00e2ne\u021be? \u00cenc\u0103 nu s-a descoperit elixirul care s\u0103 ne scape definitiv de riduri, \u00eens\u0103 exist\u0103 ritualuri de \u00eengrijire care \u00ee\u021bi men\u021bin tenul\u00a0frumos \u0219i t\u00e2nar. Le-ai \u00eencercat? ilnic, tenul t\u0103u este supus prafului, polu\u0103rii, fluctua\u021biilor de temperatur\u0103, v\u00e2ntului, factori care \u00ee\u021bi usuc\u0103&#8230;<\/p>\n","protected":false},"author":1,"featured_media":0,"parent":7956,"menu_order":0,"comment_status":"closed","ping_status":"closed","template":"","meta":{"footnotes":""},"class_list":["post-12574","page","type-page","status-publish","hentry"],"_links":{"self":[{"href":"https:\/\/www.salon-aphrodite.ro\/ro\/wp-json\/wp\/v2\/pages\/12574","targetHints":{"allow":["GET"]}}],"collection":[{"href":"https:\/\/www.salon-aphrodite.ro\/ro\/wp-json\/wp\/v2\/pages"}],"about":[{"href":"https:\/\/www.salon-aphrodite.ro\/ro\/wp-json\/wp\/v2\/types\/page"}],"author":[{"embeddable":true,"href":"https:\/\/www.salon-aphrodite.ro\/ro\/wp-json\/wp\/v2\/users\/1"}],"replies":[{"embeddable":true,"href":"https:\/\/www.salon-aphrodite.ro\/ro\/wp-json\/wp\/v2\/comments?post=12574"}],"version-history":[{"count":45,"href":"https:\/\/www.salon-aphrodite.ro\/ro\/wp-json\/wp\/v2\/pages\/12574\/revisions"}],"predecessor-version":[{"id":15020,"href":"https:\/\/www.salon-aphrodite.ro\/ro\/wp-json\/wp\/v2\/pages\/12574\/revisions\/15020"}],"up":[{"embeddable":true,"href":"https:\/\/www.salon-aphrodite.ro\/ro\/wp-json\/wp\/v2\/pages\/7956"}],"wp:attachment":[{"href":"https:\/\/www.salon-aphrodite.ro\/ro\/wp-json\/wp\/v2\/media?parent=12574"}],"curies":[{"name":"wp","href":"https:\/\/api.w.org\/{rel}","templated":true}]}}