{"id":12569,"date":"2018-02-16T08:44:02","date_gmt":"2018-02-16T08:44:02","guid":{"rendered":"http:\/\/www.salon-aphrodite.ro\/?page_id=12569"},"modified":"2025-07-16T13:07:42","modified_gmt":"2025-07-16T13:07:42","slug":"masaj","status":"publish","type":"page","link":"https:\/\/www.salon-aphrodite.ro\/ro\/servicii\/masaj\/","title":{"rendered":"Masaj"},"content":{"rendered":"<div class=\"push  wpv-hide-lowres\" style=\"margin-bottom:-120px\"><\/div>\n<div class=\"limit-wrapper\"><div class=\"row \"><div class=\"wpv-grid grid-1-1  wpv-first-level grid-1-1 first has-background unextended no-extended-padding\" style=\"\n\t\t\t\tbackground: url( &#039;https:\/\/hair-beauty.vamtam.com\/wp-content\/uploads\/2016\/01\/bg_intro-home.png&#039; ) no-repeat center top;\n\t\t\t\tbackground-size: auto;\n\t\t\tbackground-attachment: scroll;padding-top:50px;padding-bottom:20px;\" id=\"wpv-column-fea3784dffae6214faf2d1fab0efccf4\" ><div class=\"row \"><div class=\"wpv-grid grid-1-5  grid-1-5 first unextended no-extended-padding\" style=\"padding-top:0.05px;padding-bottom:0.05px;\" id=\"wpv-column-903df45fbfc9e9eb0610dcedcb74fc59\" ><div class=\"push  wpv-hide-lowres\" style=\"height:1px\"><\/div><\/div>\n<div class=\"wpv-grid grid-3-5  grid-3-5 unextended no-extended-padding\" style=\"padding-top:0.05px;padding-bottom:0.05px;\" id=\"wpv-column-d86c644cf2de383033d32680c5f9f83c\" >\t\t\t\t\t\n<h2 class=\"text-divider-double\"><img decoding=\"async\" class=\"attachment-full size-full\" src=\"http:\/\/www.salon-aphrodite.ro\/wp-content\/uploads\/2018\/02\/masaj.svg\" alt=\"\" data-attachment-id=\"13199\" data-permalink=\"http:\/\/www.salon-aphrodite.ro\/home-layouts\/beatuy\/masaj-2\/\" data-orig-file=\"http:\/\/www.salon-aphrodite.ro\/wp-content\/uploads\/2018\/02\/masaj.svg\" data-orig-size=\"\" data-comments-opened=\"0\" data-image-meta=\"&#091;&#093;\" data-image-title=\"masaj\" data-image-description=\"\" data-medium-file=\"http:\/\/www.salon-aphrodite.ro\/wp-content\/uploads\/2018\/02\/masaj.svg\" data-large-file=\"http:\/\/www.salon-aphrodite.ro\/wp-content\/uploads\/2018\/02\/masaj.svg\" \/><br \/>Masaj<\/h2>\n\t\t\t\t<div class=\"sep\"><\/div>\n\t\n<div class=\"row \"><div class=\"wpv-grid grid-1-1  grid-1-1 first unextended no-extended-padding\" style=\"padding-top:0.05px;padding-bottom:0.05px;\" id=\"wpv-column-6c0480030ba2a6d3017866b157ab0460\" ><p style=\"text-align: center;\">Relaxarea cap\u0103t\u0103 noi dimensiuni!<\/div><\/div><\/div><\/div><\/div><\/div><\/div>\n<div class=\"push  wpv-hide-lowres\" style=\"height:70px\"><\/div>\n<div class=\"limit-wrapper\"><div class=\"row \"><div class=\"wpv-grid grid-1-1  wpv-first-level grid-1-1 first unextended no-extended-padding\" style=\"padding-top:0.05px;padding-bottom:0.05px;\" id=\"wpv-column-48d73aadba368973da5e0c8b4872bb16\" ><div class=\"push  wpv-hide-lowres\" style=\"height:20px\"><\/div> <span class='dropcap1 '>R<\/span>\n<p>educerea tensiunii musculare este \u00een str\u00e2ns\u0103 leg\u0103tur\u0103 cu inducerea unei st\u0103ri mentale pozitive, mic\u0219oreaz\u0103 anxietatea \u0219i depresia, \u00eembun\u0103t\u0103\u021be\u0219te capacitatea de concentrare \u0219i creaz\u0103 st\u0103ri de relaxare profund\u0103, \u00eenl\u0103tur\u0103 somnolen\u021ba din timpul zilei \u0219i insomnia. Masajul de relaxare este o modalitate de care pot beneficia oamenii de toate v\u00e2rstele, de la nou-n\u0103scu\u021bi \u0219i p\u00e2n\u0103 la persoanele de v\u00e2rsta a treia.<\/p>\n<div class=\"push \" style=\"height:20px\"><\/div><\/div><\/div><\/div>\n<div class=\"push  wpv-hide-lowres\" style=\"height:60px\"><\/div>\n<div class=\"limit-wrapper\"><div class=\"row \"><div class=\"wpv-grid grid-1-1 add-border wpv-first-level grid-1-1 first unextended no-extended-padding\" style=\"padding-top:0.05px;padding-bottom:0.05px;\" id=\"wpv-column-4d036e2b5a29f2847e3eec2020ce36d8\" ><div class=\"row \"><div class=\"wpv-grid grid-1-2  grid-1-2 first unextended no-extended-padding\" style=\"padding-top:0.05px;padding-bottom:100px;\" id=\"wpv-column-aaae7f6948b4bb5eaf3a046997c6c11e\" ><div class=\"row \"><div class=\"wpv-grid grid-1-1  grid-1-1 first unextended animation-from-bottom animated-active no-extended-padding\" style=\"padding-top:0.05px;padding-bottom:0.05px;\" id=\"wpv-column-6563abc11a60d3bfbd095049ab218f8e\" >\t\t<h2 class=\"text-divider-double\">\t\t\t\nMasaj manual\t\t<\/h2>\t\t<div class=\"sep\"><\/div>\n\t<\/div><\/div>\n<div class=\"push  wpv-hide-lowres\" style=\"height:20px\"><\/div>\n<div class=\"row \"><div class=\"wpv-grid grid-1-1  grid-1-1 first unextended animation-fade-in animated-active no-extended-padding\" style=\"padding-top:0.05px;padding-bottom:0.05px;\" id=\"wpv-column-ea64aeb798a7668f8b770f7c5f028669\" ><table class=\"vamtam-styled\">\n<tbody>\n<tr>\n<td>\n<p class=\"p1\">Masaj relaxare cu miere cald\u0103<\/p>\n<\/td>\n<td>\n<p class=\"p1\"><span class='icon shortcode theme  use-hover' style='color:#545f64;font-size:14px !important;'>&#57530;<\/span>\u00a0 \u00a080 min.<\/p>\n<\/td>\n<td>\n<p class=\"p1\" style=\"text-align: right;\">210 lei<\/p>\n<\/td>\n<\/tr>\n<tr>\n<td>\n<p class=\"p1\">Masaj de relaxare<\/p>\n<\/td>\n<td>\n<p class=\"p1\"><span class='icon shortcode theme  use-hover' style='color:#545f64;font-size:14px !important;'>&#57530;<\/span>\u00a0 \u00a050\/80 min.<\/p>\n<\/td>\n<td>\n<p class=\"p1\" style=\"text-align: right;\">145\/210 lei<\/p>\n<\/td>\n<\/tr>\n<tr>\n<td>\n<p class=\"p1\">Masaj terapeutic<\/p>\n<\/td>\n<td>\n<p class=\"p1\"><span class='icon shortcode theme  use-hover' style='color:#545f64;font-size:14px !important;'>&#57530;<\/span>\u00a0 \u00a050\/80 min.<\/p>\n<\/td>\n<td>\n<p class=\"p1\" style=\"text-align: right;\">170\/225 lei<\/p>\n<\/td>\n<\/tr>\n<tr>\n<td>\n<p class=\"p1\">Masaj terapeutic pe zone<\/p>\n<\/td>\n<td>\n<p class=\"p1\"><span class='icon shortcode theme  use-hover' style='color:#545f64;font-size:14px !important;'>&#57530;<\/span>\u00a0 \u00a030 min.<\/p>\n<\/td>\n<td>\n<p class=\"p1\" style=\"text-align: right;\">105 lei<\/p>\n<\/td>\n<\/tr>\n<tr>\n<td>\n<p class=\"p1\">Reflexoterapie<\/p>\n<\/td>\n<td>\n<p class=\"p1\"><span class='icon shortcode theme  use-hover' style='color:#545f64;font-size:14px !important;'>&#57530;<\/span>\u00a0\u00a0\u00a040 min.<\/p>\n<\/td>\n<td>\n<p class=\"p1\" style=\"text-align: right;\">145 lei<\/p>\n<\/td>\n<\/tr>\n<tr>\n<td>\n<p class=\"p1\">Masaj anticelulitic bambus<\/p>\n<\/td>\n<td>\n<p class=\"p1\"><span class='icon shortcode theme  use-hover' style='color:#545f64;font-size:14px !important;'>&#57530;<\/span>\u00a0 \u00a030 min.<\/p>\n<\/td>\n<td>\n<p class=\"p1\" style=\"text-align: right;\">100 lei<\/p>\n<\/td>\n<\/tr>\n<\/tbody>\n<\/table>\n<h3 style=\"text-align: center;\">ABONAMENT 10 + 1 GRATIS<\/h3>\n<p>&nbsp;<\/div><\/div><\/div><\/div><\/div><\/div><\/div>\n<div class=\"push  wpv-hide-lowres\" style=\"height:60px\"><\/div>\n\n\n<div class=\"wp-block-buttons is-layout-flex wp-block-buttons-is-layout-flex\">\n<div class=\"wp-block-button\"><a class=\"wp-block-button__link wp-element-button\">Scrie-ne pe WhatsApp: +40 758 572 343!<\/a><\/div>\n<\/div>\n\n\n\n<pre class=\"wp-block-code\"><code>\n<\/code><\/pre>\n\n\n\n<p><\/p>\n","protected":false},"excerpt":{"rendered":"<p>Relaxarea cap\u0103t\u0103 noi dimensiuni! educerea tensiunii musculare este \u00een str\u00e2ns\u0103 leg\u0103tur\u0103 cu inducerea unei st\u0103ri mentale pozitive, mic\u0219oreaz\u0103 anxietatea \u0219i depresia, \u00eembun\u0103t\u0103\u021be\u0219te capacitatea de concentrare \u0219i creaz\u0103 st\u0103ri de relaxare profund\u0103, \u00eenl\u0103tur\u0103 somnolen\u021ba din timpul zilei \u0219i insomnia. Masajul de relaxare este o modalitate de care pot beneficia oamenii de toate v\u00e2rstele, de la nou-n\u0103scu\u021bi&#8230;<\/p>\n","protected":false},"author":1,"featured_media":0,"parent":7956,"menu_order":0,"comment_status":"closed","ping_status":"closed","template":"","meta":{"footnotes":""},"class_list":["post-12569","page","type-page","status-publish","hentry"],"_links":{"self":[{"href":"https:\/\/www.salon-aphrodite.ro\/ro\/wp-json\/wp\/v2\/pages\/12569","targetHints":{"allow":["GET"]}}],"collection":[{"href":"https:\/\/www.salon-aphrodite.ro\/ro\/wp-json\/wp\/v2\/pages"}],"about":[{"href":"https:\/\/www.salon-aphrodite.ro\/ro\/wp-json\/wp\/v2\/types\/page"}],"author":[{"embeddable":true,"href":"https:\/\/www.salon-aphrodite.ro\/ro\/wp-json\/wp\/v2\/users\/1"}],"replies":[{"embeddable":true,"href":"https:\/\/www.salon-aphrodite.ro\/ro\/wp-json\/wp\/v2\/comments?post=12569"}],"version-history":[{"count":29,"href":"https:\/\/www.salon-aphrodite.ro\/ro\/wp-json\/wp\/v2\/pages\/12569\/revisions"}],"predecessor-version":[{"id":14960,"href":"https:\/\/www.salon-aphrodite.ro\/ro\/wp-json\/wp\/v2\/pages\/12569\/revisions\/14960"}],"up":[{"embeddable":true,"href":"https:\/\/www.salon-aphrodite.ro\/ro\/wp-json\/wp\/v2\/pages\/7956"}],"wp:attachment":[{"href":"https:\/\/www.salon-aphrodite.ro\/ro\/wp-json\/wp\/v2\/media?parent=12569"}],"curies":[{"name":"wp","href":"https:\/\/api.w.org\/{rel}","templated":true}]}}