{"id":12567,"date":"2018-02-16T08:43:31","date_gmt":"2018-02-16T08:43:31","guid":{"rendered":"http:\/\/www.salon-aphrodite.ro\/?page_id=12567"},"modified":"2025-08-08T20:50:43","modified_gmt":"2025-08-08T20:50:43","slug":"remodelare-corporala","status":"publish","type":"page","link":"https:\/\/www.salon-aphrodite.ro\/ro\/servicii\/remodelare-corporala\/","title":{"rendered":"Remodelare corporala"},"content":{"rendered":"<div class=\"push  wpv-hide-lowres\" style=\"margin-bottom:-120px\"><\/div>\n<div class=\"limit-wrapper\"><div class=\"row \"><div class=\"wpv-grid grid-1-1  wpv-first-level grid-1-1 first has-background unextended no-extended-padding\" style=\"\n\t\t\t\tbackground: url( &#039;https:\/\/hair-beauty.vamtam.com\/wp-content\/uploads\/2016\/01\/bg_intro-home.png&#039; ) no-repeat center top;\n\t\t\t\tbackground-size: auto;\n\t\t\tbackground-attachment: scroll;padding-top:50px;padding-bottom:20px;\" id=\"wpv-column-f87fe24017efd67b2c09ed8d1d97ef56\" ><div class=\"row \"><div class=\"wpv-grid grid-1-5  grid-1-5 first unextended no-extended-padding\" style=\"padding-top:0.05px;padding-bottom:0.05px;\" id=\"wpv-column-4cf1981d16adbe49a90e7e1bb7f8cc35\" ><div class=\"push  wpv-hide-lowres\" style=\"height:1px\"><\/div><\/div>\n<div class=\"wpv-grid grid-3-5  grid-3-5 unextended no-extended-padding\" style=\"padding-top:0.05px;padding-bottom:0.05px;\" id=\"wpv-column-62059617871b05475dbcd59a459843df\" >\t\t\t\t\t\n<h2 class=\"text-divider-double\"><img decoding=\"async\" class=\"attachment-full size-full\" src=\"http:\/\/www.salon-aphrodite.ro\/wp-content\/uploads\/2018\/02\/remodelare-01-1.svg\" alt=\"\" data-attachment-id=\"13109\" data-permalink=\"http:\/\/www.salon-aphrodite.ro\/home-layouts\/beatuy\/remodelare-01-2\/\" data-orig-file=\"http:\/\/www.salon-aphrodite.ro\/wp-content\/uploads\/2018\/02\/remodelare-01-1.svg\" data-orig-size=\"\" data-comments-opened=\"0\" data-image-meta=\"&#091;&#093;\" data-image-title=\"remodelare-01\" data-image-description=\"\" data-medium-file=\"http:\/\/www.salon-aphrodite.ro\/wp-content\/uploads\/2018\/02\/remodelare-01-1.svg\" data-large-file=\"http:\/\/www.salon-aphrodite.ro\/wp-content\/uploads\/2018\/02\/remodelare-01-1.svg\" \/><br \/>\nRemodelare corporal\u0103<\/h2>\n\t\t\t\t<div class=\"sep\"><\/div>\n\t\n<div class=\"row \"><div class=\"wpv-grid grid-1-1  grid-1-1 first unextended no-extended-padding\" style=\"padding-top:0.05px;padding-bottom:0.05px;\" id=\"wpv-column-50287fe215a8730d5f5d9f080eb94ffd\" ><p style=\"text-align: center;\">Dimensiunile ideale? E at\u00e2t de simplu la salon Aphrodit\u00e9!<\/div><\/div><\/div><\/div><\/div><\/div><\/div>\n<div class=\"push  wpv-hide-lowres\" style=\"height:70px\"><\/div>\n<div class=\"limit-wrapper\"><div class=\"row \"><div class=\"wpv-grid grid-1-1  wpv-first-level grid-1-1 first unextended no-extended-padding\" style=\"padding-top:0.05px;padding-bottom:0.05px;\" id=\"wpv-column-1cfff3afb5337a6f8220a4e567e4dc26\" ><h3>\u00cempachet\u0103ri cu parafango<\/h3>\n<p>Unul dintre cele mai impresionante tratamente, ce a reu\u015fit s\u0103 ne uimeasc\u0103 cu efectele lui vizibile chiar dupa prima \u015fedin\u0163\u0103 este tratamentul cu parafango de la ANESI cu efecte benefice nu numai pentru frumuse\u0163e, c\u00e2t \u015fi pentru s\u0103n\u0103tate, disponibil acum \u015fi \u00een salonul Aphrodite combinat cu IMETEC electro-saun\u0103.<br \/>\nTratamentul cu parafango realmente remodeleaz\u0103 silueta, regenereaz\u0103, detoxific\u0103, exfoliaz\u0103, hr\u0103ne\u015fte \u015fi relaxeaz\u0103 pielea. Dup\u0103 eliminarea toxinelor din piele, aceasta r\u0103m\u00e2ne cu un aspect moale \u015fi catifelat, totodat\u0103 este pl\u0103cut \u015fi revigorant.<\/p>\n<p>Dup\u0103 prima \u015fedin\u0163\u0103 se observ\u0103 o diminuare a celulitei, pielea este mult mai fin\u0103 \u015fi mai elastic\u0103; vergeturile se amelioreaz\u0103 dupa 3 \u015fedin\u0163e intensiv! Dup\u0103 10 \u2013 12 \u015fedinte se poate vorbi de o sc\u0103dere p\u00e2n\u0103 la 5 \u2013 8 cm \u00een circumferin\u0163\u0103, iar cu un regim disociat p\u00e2n\u0103 la 5 \u2013 6 kg. Nu uita\u0163i c\u0103 rezultatele tratamentului difer\u0103 pentru fiecare persoan\u0103 \u00een parte, deoarece nu toate organismele reac\u0163ioneaz\u0103 identic.<\/p>\n<h3>STARVAC SP2<\/h3>\n<p>STARVAC SP2 este un aparat de masaj endodermic corporal bazat pe vacuum.<br \/>\nAceast\u0103 tehnic\u0103, departe de a fi o noutate, constituie baza esteticii, fiind indispensabil\u0103 \u00een toate tratamentele de modelare. Const\u0103 \u00een stimularea structurilor cutanate \u015fi subcutanate printr-un masaj subdermic intens, cu ajutorul unor rulouri de masaj \u00een miscare.<\/p>\n<p>Diferen\u0163a dintre &#8222;Starvac&#8221; \u015fi alte aparate cu vacuum const\u0103 \u00een faptul c\u0103 prin intermediul rulourilor ventuz\u0103 creeaz\u0103 efectul de &#8222;palpare-rulare&#8221; care ac\u0163ioneaz\u0103 \u00een profunzimea \u0163esuturilor, ceea ce face ca rezultatele s\u0103 se men\u0163in\u0103 \u00een timp. Ac\u0163ion\u00e2nd \u00een profunzime, determin\u0103 ruperea aderentelor dintre celulele adipoase \u015fi suprafa\u0163a intern\u0103 a pielii \u015fi distruge re\u0163eaua de fibre conjunctive degenerate \u00een urma inflama\u0163iei din celulit\u0103, duc\u00e2nd la dispari\u0163ia aspectului de &#8222;coaj\u0103 de portocal\u0103&#8221;.<\/p>\n<p><strong>Efecte si aplica\u0163ii multiple:<\/strong><br \/>\n&#8211; Reduce considerabil celulita;<br \/>\n&#8211; Red\u0103 elasticitatea;<br \/>\n&#8211; Tonifiaz\u0103 pielea;<br \/>\n&#8211; Modeleaz\u0103 silueta;<br \/>\n&#8211; Elimin\u0103 toxinele;<br \/>\n&#8211; Relaxeaz\u0103 \u015fi tonifiaz\u0103 organismul;<br \/>\n&#8211; Dreneaz\u0103 \u015fi stimuleaz\u0103 sistemul muscular;<br \/>\n&#8211; Accelereaz\u0103 \u015fi relaxeaz\u0103 aparatul neuro-muscular;<br \/>\n&#8211; Alin\u0103 senza\u0163ia de picioare grele;<br \/>\n&#8211; Eliminarea rigidit\u0103\u0163ii provocate de antrenament;<br \/>\n&#8211; Amelioreaz\u0103 vergeturile.<\/p>\n<p>Se recomand\u0103 efectuarea terapiei prin vacuum o dat\u0103 la dou\u0103 zile. Num\u0103rul mediu de \u015fedin\u0163e este de circa 10-12, estim\u0103rile arat\u0103 c\u0103 masajul vacuumatic este cu at\u00e2t mai eficace, cu c\u00e2t este aplicat \u00een faza func\u0163ional- reversibil\u0103 a bolii.<\/p>\n<p><strong>Contraindica\u0163ii:<\/strong><br \/>\nGraviditate, femei care au suferit interven\u0163ii chirurgicale (inclusiv cezarian\u0103) la mai pu\u0163in de 3 luni, persoane care prezint\u0103 boli de piele, persoane care prezint\u0103 vase de s\u00e2nge sparte, varice, flebit\u0103, disfunc\u0163ionalit\u0103\u0163i renale grave, cancer.<\/p>\n<h3>Presoterapie starvac pse &#8211; Pulstar Technology<\/h3>\n<p>Presoterapia\u00a0este o metod\u0103 de sl\u0103bire asistat\u0103 care se face prin drenaj limfatic. Principala calitate a acestei proceduri este de a ameliora circula\u021bia sanguin\u0103 \u0219i limfatic\u0103 a taliei, a bra\u021belor \u0219i a picioarelor prin intermediul unui costum dotat cu ni\u0219te camere care se umfl\u0103 \u0219i dezumfl\u0103, determin\u00e2nd astfel efectuarea acelui masaj specific. Prin realizarea drenajului limfatic, ganglionii limfatici se elibereaz\u0103, stazele se elimin\u0103, iar circula\u021bia venoas\u0103 \u0219i cea limfatic\u0103 vor func\u021biona \u00een limitele normale. Presoterapia combinat\u0103 cu electrostimularea sau cu starvacul ofer\u0103 rezultate excep\u021bionale \u00een sl\u0103birea \u00een centimetri \u0219i diminuare a celulitei.<\/p>\n<p>Avantaje s\u0103n\u0103tate:\u00a0limfedem, insuficien\u021b\u0103 venoas\u0103, ulcer varicos, inflama\u021bii ale pere\u021bilor sangvini.<br \/>\nAvantaje beauty:\u00a0celulit\u0103, aspect de portocal\u0103, picioare grele, drenaj, relaxare.<\/p>\n<h3>Radiofrecven\u021ba<\/h3>\n<p>Radiofrecven\u021ba este o tehnologie inovatoare, non-invaziv\u0103, recunoscut\u0103 \u0219tiin\u021bific \u0219i folosit\u0103 cu succes \u00een medicina estetic\u0103. Are rezultate frumoase \u00een terapii precum liftingul facial \u0219i combaterea celulitei.<br \/>\nRadiofrecventa are dou\u0103 efecte majore:<br \/>\n-str\u00e2ngerea \u0219i refacerea structuri de colagen de sub piele;<br \/>\n-termolipoliza selectiv\u0103: se tope\u0219te gr\u0103simea localizat strict pe zona interesat\u0103, uniformizeaz\u0103 aspectul pielii, lucreaz\u0103 pe celulit\u0103 \u0219i \u021besut adipos;<\/p>\n<p>Undele de radiofrecven\u021b\u0103 p\u0103trund sub piele. Derma se \u00eenc\u0103lze\u0219te \u00een profunzime la 60-65 grade Celsius (\u00een timp ce epiderma se \u00eenc\u0103lze\u0219te la 40-43 grade Celsius). La aceast\u0103 temperatur\u0103 a dermei, colagenul se contract\u0103 \u0219i apare efectul instantaneu de lifting, \u0219i contractare a \u021besutului<\/p>\n<p>Tratamentul cu radiofrecven\u021b\u0103 are ca efect pe termen mediu \u0219i lung activarea producerii de colagen nou \u0219i prin urmare refacerea re\u021belei de colagen din derm\u0103. Astfel ridurile \u0219i vergeturile se umplu de colagen datorit\u0103 produc\u021biei proprii de colagen, duc\u00e2nd la un aspect exterior vizibil \u00eembun\u0103t\u0103\u021bit. Acest efect se amplific\u0103 prin repetarea \u0219edin\u021belor de radiofrecven\u021b\u0103, fiind necesare un num\u0103r de minim 6 \u0219edin\u021be pentru tratamentul facial \u0219i minim 8 \u0219edin\u021be pentru tratamentul corporal. \u0218edin\u021bele de radiofrecven\u021b\u0103 se realizeaz\u0103 la un interval de 7-14 zile.<\/p>\n<p><strong>Avantaje:<\/strong><br \/>\n&#8211; Sistem non-invaziv: f\u0103r\u0103 cicatrici, chirurgie, injectare<br \/>\n&#8211; F\u0103r\u0103 pauz\u0103 de recuperare<br \/>\n&#8211; Rezultate vizibile dup\u0103 un singur tratament<br \/>\n&#8211; Zone de tratament: fa\u021b\u0103, corp, m\u00e2ini, mu\u0219chi, dar \u0219i scalp<\/p>\n<h3>\u00cempachet\u0103ri anticelulitice cu CIOCOLAT\u0102!<\/h3>\n<p>\u00cen industria de beauty a ap\u0103rut un nou tratament anticelulitic: \u00ceMPACHET\u0102RILE CU CIOCOLAT\u0102! Pe l\u00e2ng\u0103 faptul c\u0103 au un miros deosebit de\u00a0pl\u0103cut aceste \u00eempachet\u0103ri ajut\u0103 la eliminarea aspectului de coaj\u0103 de portocal\u0103 \u015fi la redob\u00e2ndirea elasticit\u0103\u0163ii \u015fi fermit\u0103\u0163ii pielii. Rezultatele sunt vizibile dup\u0103 2- 3 \u015fedin\u0163e intesive, pielea schimb\u00e2ndu-\u015fi aspectul radical. \u00cempachet\u0103rile anticelulitice cu ciocolat\u0103 sunt \u00eempachet\u0103ri autotermice cu cacao \u015fi guarana cu efect relaxant, antioxidant, remodelant \u015fi anticelulitic.<\/p>\n<p><strong>Rezultate:<\/strong><br \/>\n&#8211; Sc\u0103dere \u00een centimetri, reducerea cu p\u00e2n\u0103 la 30% a celulitei vizibile<br \/>\n&#8211; Elimin\u0103 surplusul de ap\u0103 re\u0163inut\u0103 \u00een corp<br \/>\n&#8211; Detoxific\u0103 celulele \u015fi \u00eembun\u0103t\u0103\u0163e\u015fte circula\u0163ia sanguin\u0103 \u015fi limfatic\u0103.<\/p>\n<p>Substan\u0163e ACTIVE: talc, cacao, extract ov\u0103z,\u00a0acid citric, guarana, oxid de magneziu.<\/p>\n<h3>Electrostimulare<\/h3>\n<p>Electrostimularea muscular\u0103 este un fel de fitness intensiv, pentru c\u0103 exper\u021bii au evaluat c\u0103 45 de minute de electrostimulare echivaleaz\u0103 cu 4-6 ore de gimnastic\u0103 f\u0103r\u0103 \u00eentrerupere. A\u0219a se face c\u0103 efectele sunt vizibile imediat, uneori chiar dup\u0103 prima \u0219edin\u021b\u0103 pierz\u00e2ndu-se \u00eentre 1-4 centimetri (\u00een cazul persoanelor cu un surplus mai mare de greutate). Cu un tratament de aproximativ 25 de \u0219edin\u021be se ob\u021bine un efect similar cu cel din urma unei liposuc\u021bii, dac\u0103 se efectueaz\u0103 minim 3 \u0219edin\u021be\/ s\u0103pt\u0103m\u00e2n\u0103. \u00cen afar\u0103 de tonifierea muscular\u0103 \u0219i arderea gr\u0103similor, care duc la o incredibil\u0103 sc\u0103dere \u00een centimetri, electrostimularea cre\u0219te metabolismul, circula\u021bia sanguin\u0103 \u0219i gradul de oxigenare al zonei respective, ceea ce o recomand\u0103 drept un instrument extrem de eficient \u00een tratarea celulitei.<\/p>\n<p>Contraindica\u021bii:<br \/>\n&#8211; femei \u00eens\u0103rcinate<br \/>\n&#8211; diabetici<br \/>\n&#8211; tensiune arterial\u0103 ridicat\u0103<br \/>\n&#8211; persoane care au tije metalice sau stimulatoare cardiace electronice.<\/div><\/div><\/div>\n<div class=\"limit-wrapper\"><div class=\"row \"><div class=\"wpv-grid grid-1-1  wpv-first-level grid-1-1 first unextended no-extended-padding\" style=\"padding-top:0.05px;padding-bottom:0.05px;\" id=\"wpv-column-77161297bbc8a57b0f2454545044e5c6\" ><\/div><\/div><\/div>\n<div class=\"push  wpv-hide-lowres\" style=\"height:60px\"><\/div>\n<div class=\"limit-wrapper\"><div class=\"row \"><div class=\"wpv-grid grid-1-1 add-border wpv-first-level grid-1-1 first unextended no-extended-padding\" style=\"padding-top:0.05px;padding-bottom:0.05px;\" id=\"wpv-column-08a18124e4cf96e1e4f2f6677e269a5a\" >\t\t<div class=\"sep-text single centered\">\n\t\t\t\t\t\t\t<span class=\"sep-text-before\"><div class=\"sep-text-line\"><\/div><\/span>\n\t\t\t\t\t\t<div class=\"content\">\n\t\t\t\t<h2 class=\"text-divider-double\">\nPre\u021buri<\/h2>\t\t\t<\/div>\n\t\t\t<span class=\"sep-text-after\"><div class=\"sep-text-line\"><\/div><\/span>\n\t\t\t\t\t<\/div>\n\t\n<div class=\"push \" style=\"height:30px\"><\/div>\n<div class=\"row \"><div class=\"wpv-grid grid-1-2  grid-1-2 first unextended no-extended-padding\" style=\"padding-top:0.05px;padding-bottom:100px;\" id=\"wpv-column-1f6cef37f9aa1b829557ee68239e18ae\" ><div class=\"row \"><div class=\"wpv-grid grid-1-1  grid-1-1 first unextended animation-from-bottom animated-active no-extended-padding\" style=\"padding-top:0.05px;padding-bottom:0.05px;\" id=\"wpv-column-5cc1d000f9610bef53db0d16f9012657\" >\t\t\t\t\t\n<h3>\u00cempachet\u0103ri corporale<\/h3>\n\t\t\t\t<div class=\"sep\"><\/div>\n\t<\/div><\/div>\n<div class=\"row \"><div class=\"wpv-grid grid-1-1  grid-1-1 first unextended animation-fade-in animated-active no-extended-padding\" style=\"padding-top:0.05px;padding-bottom:0.05px;\" id=\"wpv-column-0d814c072e4d349ed5a08a159b310207\" ><table class=\"vamtam-styled\">\n<tbody>\n<tr>\n<td>\n<p class=\"p1\">\u00cempachetare Parafango \u00een termosaun\u0103<\/p>\n<\/td>\n<td>\n<p class=\"p1\"><span class='icon shortcode theme  use-hover' style='color:#545f64;font-size:14px !important;'>&#57530;<\/span>\u00a0 \u00a060 min.<\/p>\n<\/td>\n<td>\n<p class=\"p1\" style=\"text-align: right;\">220 lei<\/p>\n<\/td>\n<\/tr>\n<tr>\n<td>\n<p class=\"p1\">\u00cempachetare cu ciocolat\u0103 \u00een termosaun\u0103<\/p>\n<\/td>\n<td>\n<p class=\"p1\"><span class='icon shortcode theme  use-hover' style='color:#545f64;font-size:14px !important;'>&#57530;<\/span>\u00a0 \u00a060 min.<\/p>\n<\/td>\n<td>\n<p class=\"p1\" style=\"text-align: right;\">200 lei<\/p>\n<\/td>\n<\/tr>\n<tr>\n<td>\n<p class=\"p1\">\u00cempachetare cu miere \u0219i scor\u021bi\u0219oar\u0103 \u00een termosaun\u0103<\/p>\n<\/td>\n<td>\n<p class=\"p1\"><span class='icon shortcode theme  use-hover' style='color:#545f64;font-size:14px !important;'>&#57530;<\/span>\u00a0 \u00a060 min.<\/p>\n<\/td>\n<td>\n<p class=\"p1\" style=\"text-align: right;\">200 lei<\/p>\n<\/td>\n<\/tr>\n<\/tbody>\n<\/table>\n<h3 style=\"text-align: center;\">ABONAMENT 10+1 GRATIS<\/h3>\n<p>&nbsp;<\/div><\/div><\/div>\n<div class=\"wpv-grid grid-1-2  grid-1-2 unextended left-border no-extended-padding\" style=\"padding-top:0.05px;padding-bottom:20px;\" id=\"wpv-column-7f7611244ecd359cd3503b20d2c7f8b0\" ><style>#wpv-column-7f7611244ecd359cd3503b20d2c7f8b0:before{background-color:#ededed;}<\/style><div class=\"row \"><div class=\"wpv-grid grid-1-1  grid-1-1 first unextended animation-from-bottom animated-active no-extended-padding\" style=\"padding-top:0.05px;padding-bottom:0.05px;\" id=\"wpv-column-fde120b2e90dc97100cf92b473867480\" >\t\t\t\t\t\n<h3>Tratament Starvac SP2 \u0219i electrostimulare<\/h3>\n\t\t\t\t<div class=\"sep\"><\/div>\n\t<\/div><\/div>\n<div class=\"row \"><div class=\"wpv-grid grid-1-1  grid-1-1 first unextended animation-fade-in animated-active no-extended-padding\" style=\"padding-top:0.05px;padding-bottom:0.05px;\" id=\"wpv-column-b499ad84b3dde2d5005fb27f180ed914\" ><table class=\"vamtam-styled\">\n<tbody>\n<tr>\n<td>\n<p class=\"p1\">TRATAMENTE<\/p>\n<\/td>\n<\/tr>\n<tr>\n<td>\n<p class=\"p1\">Drenaj limfatic + stimularea ganglionului<\/p>\n<\/td>\n<td>\n<p class=\"p1\"><span class='icon shortcode theme  use-hover' style='color:#545f64;font-size:14px !important;'>&#57530;<\/span>\u00a0 \u00a045 min.<\/p>\n<\/td>\n<td>\n<p class=\"p1\" style=\"text-align: right;\">145 lei<\/p>\n<\/td>\n<\/tr>\n<tr>\n<td>\n<p class=\"p1\">Tratament anticelulitic + drenaj limfatic<\/p>\n<\/td>\n<td>\n<p class=\"p1\"><span class='icon shortcode theme  use-hover' style='color:#545f64;font-size:14px !important;'>&#57530;<\/span>\u00a0 \u00a050 min.<\/p>\n<\/td>\n<td>\n<p class=\"p1\" style=\"text-align: right;\">145 lei<\/p>\n<\/td>\n<\/tr>\n<tr>\n<td>\n<p class=\"p1\">Drenaj limfatic + masaj anticelulitic abdominal<\/p>\n<\/td>\n<td>\n<p class=\"p1\"><span class='icon shortcode theme  use-hover' style='color:#545f64;font-size:14px !important;'>&#57530;<\/span>\u00a0 \u00a030 min.<\/p>\n<\/td>\n<td>\n<p class=\"p1\" style=\"text-align: right;\">120 lei<\/p>\n<\/td>\n<\/tr>\n<tr>\n<td>\n<p class=\"p1\">Tratament reumatologic<\/p>\n<\/td>\n<td>\n<p class=\"p1\"><span class='icon shortcode theme  use-hover' style='color:#545f64;font-size:14px !important;'>&#57530;<\/span>\u00a0 \u00a045 min.<\/p>\n<\/td>\n<td>\n<p class=\"p1\" style=\"text-align: right;\">145 lei<\/p>\n<\/td>\n<\/tr>\n<tr>\n<td>\n<p class=\"p1\">Tratament facial (antirid, revigorare)<\/p>\n<\/td>\n<td>\n<p class=\"p1\"><span class='icon shortcode theme  use-hover' style='color:#545f64;font-size:14px !important;'>&#57530;<\/span>\u00a0 \u00a035 min.<\/p>\n<\/td>\n<td>\n<p class=\"p1\" style=\"text-align: right;\">175 lei<\/p>\n<\/td>\n<\/tr>\n<tr>\n<td>\n<p class=\"p1\">Radiofrecven\u021b\u0103 corporal\u0103 \u00a0pentru tonifiere si anticelulitic (5 sedinte +1 sedinta cadou)<\/p>\n<\/td>\n<td>\n<p class=\"p1\"><span class='icon shortcode theme  use-hover' style='color:#545f64;font-size:14px !important;'>&#57530;<\/span> \u00a0 40 min.<\/p>\n<\/td>\n<td>\n<p class=\"p1\" style=\"text-align: right;\">1070 lei<\/p>\n<\/td>\n<\/tr>\n<tr>\n<td>\n<p class=\"p1\">ELECTROSTIMULARE<\/p>\n<\/td>\n<\/tr>\n<tr>\n<td>\n<p class=\"p1\">Electrostimulare<\/p>\n<\/td>\n<td>\n<p class=\"p1\"><span class='icon shortcode theme  use-hover' style='color:#545f64;font-size:14px !important;'>&#57530;<\/span>\u00a0 \u00a045 min.<\/p>\n<\/td>\n<td>\n<p class=\"p1\" style=\"text-align: right;\">110 lei<\/p>\n<\/td>\n<\/tr>\n<tr>\n<td>\n<p class=\"p1\">Pressodrenaj<\/p>\n<\/td>\n<td>\n<p class=\"p1\"><span class='icon shortcode theme  use-hover' style='color:#545f64;font-size:14px !important;'>&#57530;<\/span>\u00a0 \u00a030 min.<\/p>\n<\/td>\n<td>\n<p class=\"p1\" style=\"text-align: right;\">120 lei<\/p>\n<\/td>\n<\/tr>\n<tr>\n<td>\n<p class=\"p1\">Detoxifiere SPA<\/p>\n<\/td>\n<td>\n<p class=\"p1\"><span class='icon shortcode theme  use-hover' style='color:#545f64;font-size:14px !important;'>&#57530;<\/span>\u00a0 \u00a030 min.<\/p>\n<\/td>\n<td>\n<p class=\"p1\" style=\"text-align: right;\">110 lei<\/p>\n<\/td>\n<\/tr>\n<\/tbody>\n<\/table>\n<h3 style=\"text-align: center;\"><\/h3><\/div><\/div><\/div><\/div><\/div><\/div><\/div>\n<div class=\"push  wpv-hide-lowres\" style=\"height:60px\"><\/div>\n","protected":false},"excerpt":{"rendered":"<p>Dimensiunile ideale? E at\u00e2t de simplu la salon Aphrodit\u00e9! \u00cempachet\u0103ri cu parafango Unul dintre cele mai impresionante tratamente, ce a reu\u015fit s\u0103 ne uimeasc\u0103 cu efectele lui vizibile chiar dupa prima \u015fedin\u0163\u0103 este tratamentul cu parafango de la ANESI cu efecte benefice nu numai pentru frumuse\u0163e, c\u00e2t \u015fi pentru s\u0103n\u0103tate, disponibil acum \u015fi \u00een salonul&#8230;<\/p>\n","protected":false},"author":1,"featured_media":0,"parent":7956,"menu_order":0,"comment_status":"closed","ping_status":"closed","template":"","meta":{"footnotes":""},"class_list":["post-12567","page","type-page","status-publish","hentry"],"_links":{"self":[{"href":"https:\/\/www.salon-aphrodite.ro\/ro\/wp-json\/wp\/v2\/pages\/12567","targetHints":{"allow":["GET"]}}],"collection":[{"href":"https:\/\/www.salon-aphrodite.ro\/ro\/wp-json\/wp\/v2\/pages"}],"about":[{"href":"https:\/\/www.salon-aphrodite.ro\/ro\/wp-json\/wp\/v2\/types\/page"}],"author":[{"embeddable":true,"href":"https:\/\/www.salon-aphrodite.ro\/ro\/wp-json\/wp\/v2\/users\/1"}],"replies":[{"embeddable":true,"href":"https:\/\/www.salon-aphrodite.ro\/ro\/wp-json\/wp\/v2\/comments?post=12567"}],"version-history":[{"count":51,"href":"https:\/\/www.salon-aphrodite.ro\/ro\/wp-json\/wp\/v2\/pages\/12567\/revisions"}],"predecessor-version":[{"id":14994,"href":"https:\/\/www.salon-aphrodite.ro\/ro\/wp-json\/wp\/v2\/pages\/12567\/revisions\/14994"}],"up":[{"embeddable":true,"href":"https:\/\/www.salon-aphrodite.ro\/ro\/wp-json\/wp\/v2\/pages\/7956"}],"wp:attachment":[{"href":"https:\/\/www.salon-aphrodite.ro\/ro\/wp-json\/wp\/v2\/media?parent=12567"}],"curies":[{"name":"wp","href":"https:\/\/api.w.org\/{rel}","templated":true}]}}