{"id":12481,"date":"2018-02-15T12:44:39","date_gmt":"2018-02-15T12:44:39","guid":{"rendered":"http:\/\/www.salon-aphrodite.ro\/?page_id=12481"},"modified":"2025-08-08T19:45:15","modified_gmt":"2025-08-08T19:45:15","slug":"cosmetica","status":"publish","type":"page","link":"https:\/\/www.salon-aphrodite.ro\/ro\/servicii\/cosmetica\/","title":{"rendered":"Cosmetic\u0103"},"content":{"rendered":"<div class=\"push  wpv-hide-lowres\" style=\"margin-bottom:-60px\"><\/div>\n<div class=\"limit-wrapper\"><div class=\"row \"><div class=\"wpv-grid grid-1-1  wpv-first-level grid-1-1 first unextended no-extended-padding\" style=\"padding-top:0.05px;padding-bottom:0.05px;\" id=\"wpv-column-16c77e29249f994d95c4d92e73032871\" ><\/div><\/div><\/div>\n<div class=\"limit-wrapper\"><div class=\"row \"><div class=\"wpv-grid grid-1-1  wpv-first-level grid-1-1 first unextended no-extended-padding\" style=\"padding-top:0.05px;padding-bottom:0.05px;\" id=\"wpv-column-325d0058ab77136e16928a5afbe3f315\" ><\/div><\/div><\/div>\n<div class=\"limit-wrapper\"><div class=\"row \"><div class=\"wpv-grid grid-1-1  wpv-first-level grid-1-1 first has-background unextended no-extended-padding\" style=\"\n\t\t\t\tbackground: url( &#039;https:\/\/hair-beauty.vamtam.com\/wp-content\/uploads\/2016\/01\/bg_intro-home.png&#039; ) no-repeat center top;\n\t\t\t\tbackground-size: auto;\n\t\t\tbackground-attachment: scroll;padding-top:50px;padding-bottom:20px;\" id=\"wpv-column-fa8d7364f0e9b029ed4fe77cc7abc6fd\" ><div class=\"row \"><div class=\"wpv-grid grid-1-5  grid-1-5 first unextended no-extended-padding\" style=\"padding-top:0.05px;padding-bottom:0.05px;\" id=\"wpv-column-a85b7d2c5fa7ac81f209346836010f39\" ><div class=\"push  wpv-hide-lowres\" style=\"height:1px\"><\/div><\/div>\n<div class=\"wpv-grid grid-3-5  grid-3-5 unextended no-extended-padding\" style=\"padding-top:0.05px;padding-bottom:0.05px;\" id=\"wpv-column-f6c8169fb7bcef3fcab823ee9066d4be\" >\t\t\t\t\t\n<h2 class=\"text-divider-double\"><img decoding=\"async\" class=\"attachment-full size-full\" src=\"http:\/\/www.salon-aphrodite.ro\/wp-content\/uploads\/2018\/02\/cosmetica-01-2.svg\" alt=\"\" data-attachment-id=\"13082\" data-permalink=\"http:\/\/www.salon-aphrodite.ro\/home-layouts\/beatuy\/cosmetica-01-3\/\" data-orig-file=\"http:\/\/www.salon-aphrodite.ro\/wp-content\/uploads\/2018\/02\/cosmetica-01-2.svg\" data-orig-size=\"\" data-comments-opened=\"0\" data-image-meta=\"&#091;&#093;\" data-image-title=\"cosmetica icon\" data-image-description=\"\" data-medium-file=\"http:\/\/www.salon-aphrodite.ro\/wp-content\/uploads\/2018\/02\/cosmetica-01-2.svg\" data-large-file=\"http:\/\/www.salon-aphrodite.ro\/wp-content\/uploads\/2018\/02\/cosmetica-01-2.svg\" \/><br \/>\nCosmetic\u0103<\/h2>\n\t\t\t\t<div class=\"sep\"><\/div>\n\t\n<div class=\"row \"><div class=\"wpv-grid grid-1-1  grid-1-1 first unextended no-extended-padding\" style=\"padding-top:0.05px;padding-bottom:0.05px;\" id=\"wpv-column-6dbb734ac107ba5288595083e085b8be\" ><p style=\"text-align: center;\">Pielea ta are nevoie de mult\u0103 aten\u021bie, de \u00eengrijire \u0219i tratament. Secretul frumuse\u021bii const\u0103 \u00een folosirea de produse naturale \u0219i calitative care s\u0103 \u00ee\u021bi ofere un aspect str\u0103lucitor \u0219i catifelat, o piele fin\u0103, ca de bebelu\u0219.<\/div><\/div><\/div><\/div><\/div><\/div><\/div>\n<div class=\"push  wpv-hide-lowres\" style=\"height:70px\"><\/div>\n<div class=\"limit-wrapper\"><div class=\"row \"><div class=\"wpv-grid grid-1-1  wpv-first-level grid-1-1 first unextended no-extended-padding\" style=\"padding-top:0.05px;padding-bottom:0.05px;\" id=\"wpv-column-32c79b719a44605e07cbc2b541eb56ef\" ><div class=\"push  wpv-hide-lowres\" style=\"height:20px\"><\/div> <span class='dropcap1 '>P<\/span>\n<p>reocuparea noastr\u0103 principal\u0103 este ca tu s\u0103 scapi de pielea uscat\u0103 \u0219i deshidratat\u0103 \u0219i s\u0103 te bucuri de via\u021b\u0103, \u00een fiecare zi, f\u0103r\u0103 griji. Zonele intime nu sunt nici ele de neglijat at\u00e2t la b\u0103rba\u021bi, c\u00e2t \u0219i la femei. Epilatul este un procedeu care pentru mult\u0103 lume necesit\u0103 r\u0103bdare \u0219i aten\u021bie. Fii f\u0103r\u0103 griji, suntem exper\u021bi \u00een arta epil\u0103rii \u0219i facem totul mai pl\u0103cut, f\u0103r\u0103 dureri, f\u0103r\u0103 niciun fel de disconfort, \u00een timp ce tu te relaxezi.<\/p>\n<div class=\"push \" style=\"height:20px\"><\/div><\/div><\/div><\/div>\n<div class=\"push  wpv-hide-lowres\" style=\"height:60px\"><\/div>\n<div class=\"limit-wrapper\"><div class=\"row \"><div class=\"wpv-grid grid-1-1 add-border wpv-first-level grid-1-1 first unextended no-extended-padding\" style=\"padding-top:0.05px;padding-bottom:0.05px;\" id=\"wpv-column-69c941baa75ce7ccf3a803bddebf0a71\" ><div class=\"row \"><div class=\"wpv-grid grid-1-1  grid-1-1 first unextended animation-from-bottom animated-active no-extended-padding\" style=\"padding-top:0.05px;padding-bottom:0.05px;\" id=\"wpv-column-8a0cf22ddc358d1b5dbf7d004a2f112f\" >\t\t<h2 class=\"text-divider-double\">\t\t\t\nPre\u021buri\t\t<\/h2>\t\t<div class=\"sep\"><\/div>\n\t<\/div><\/div>\n<div class=\"row \"><div class=\"wpv-grid grid-1-2  grid-1-2 first unextended no-extended-padding\" style=\"padding-top:0.05px;padding-bottom:100px;\" id=\"wpv-column-4cb859f95fd618ae042b7ac208341495\" ><div class=\"push  wpv-hide-lowres\" style=\"height:20px\"><\/div>\n<div class=\"row \"><div class=\"wpv-grid grid-1-1  grid-1-1 first unextended animation-fade-in animated-active no-extended-padding\" style=\"padding-top:0.05px;padding-bottom:0.05px;\" id=\"wpv-column-0aa1138c8cf1fc00a54e5ca9f514dbd0\" ><table class=\"vamtam-styled\">\n<tbody>\n<tr>\n<td>\n<p class=\"p1\">\u00centre\u021binere spr\u00e2ncene<\/p>\n<\/td>\n<td>\n<p class=\"p1\">\n<\/td>\n<td>\n<p class=\"p1\" style=\"text-align: right;\">40 lei<\/p>\n<\/td>\n<\/tr>\n<tr>\n<td>\n<p class=\"p1\">Stilizare spr\u00e2ncene<\/p>\n<\/td>\n<td>\n<p class=\"p1\">\n<\/td>\n<td>\n<p class=\"p1\" style=\"text-align: right;\">50 lei<\/p>\n<\/td>\n<\/tr>\n<tr>\n<td>\n<p class=\"p1\">Vopsit spr\u00e2ncene<\/p>\n<\/td>\n<td>\n<p class=\"p1\">\n<\/td>\n<td>\n<p class=\"p1\" style=\"text-align: right;\">30 lei<\/p>\n<\/td>\n<\/tr>\n<tr>\n<td>\n<p class=\"p1\">Vopsit gene<\/p>\n<\/td>\n<td>\n<p class=\"p1\">\n<\/td>\n<td>\n<p class=\"p1\" style=\"text-align: right;\">30 lei<\/p>\n<\/td>\n<\/tr>\n<tr>\n<td>\n<p class=\"p1\">Epilat\/decolorat musta\u021b\u0103<\/p>\n<\/td>\n<td>\n<p class=\"p1\">\n<\/td>\n<td>\n<p class=\"p1\" style=\"text-align: right;\">25 lei<\/p>\n<\/td>\n<\/tr>\n<tr>\n<td>\n<p class=\"p1\">Epilat\/decolorat facial<\/p>\n<\/td>\n<td><\/td>\n<td>\n<p class=\"p1\" style=\"text-align: right;\">50 lei<\/p>\n<\/td>\n<\/tr>\n<tr>\n<td>\n<p class=\"p1\">Epilat picior lung femei<\/p>\n<\/td>\n<td>\n<p class=\"p1\">\n<\/td>\n<td>\n<p class=\"p1\" style=\"text-align: right;\">85 lei<\/p>\n<\/td>\n<\/tr>\n<tr>\n<td>\n<p class=\"p1\">Epilat picior lung b\u0103rba\u021bi<\/p>\n<\/td>\n<td>\n<p class=\"p1\">\n<\/td>\n<td>\n<p class=\"p1\" style=\"text-align: right;\">100 lei<\/p>\n<\/td>\n<\/tr>\n<tr>\n<td>\n<p class=\"p1\">Epilat picior scurt<\/p>\n<\/td>\n<td>\n<p class=\"p1\">\n<\/td>\n<td>\n<p class=\"p1\" style=\"text-align: right;\">60 lei<\/p>\n<\/td>\n<\/tr>\n<tr>\n<td>\n<p class=\"p1\">Epilat coapse<\/p>\n<\/td>\n<td>\n<p class=\"p1\">\n<\/td>\n<td>\n<p class=\"p1\" style=\"text-align: right;\">70 lei<\/p>\n<\/td>\n<\/tr>\n<\/tbody>\n<\/table><\/div><\/div><\/div>\n<div class=\"wpv-grid grid-1-2  grid-1-2 unextended left-border no-extended-padding\" style=\"padding-top:0.05px;padding-bottom:20px;\" id=\"wpv-column-0473fbbf56251635913fd2481a9f69e4\" ><style>#wpv-column-0473fbbf56251635913fd2481a9f69e4:before{background-color:#ededed;}<\/style><div class=\"push  wpv-hide-lowres\" style=\"height:20px\"><\/div>\n<div class=\"row \"><div class=\"wpv-grid grid-1-1  grid-1-1 first unextended animation-fade-in animated-active no-extended-padding\" style=\"padding-top:0.05px;padding-bottom:0.05px;\" id=\"wpv-column-0e463d370783df2510c3a7b6c6fd1507\" ><table class=\"vamtam-styled\">\n<tbody>\n<tr>\n<td>\n<p class=\"p1\">Epilat axilar<\/p>\n<\/td>\n<td>\n<p class=\"p1\">\n<\/td>\n<td>\n<p class=\"p1\" style=\"text-align: right;\">40 lei<\/p>\n<\/td>\n<\/tr>\n<tr>\n<td>\n<p class=\"p1\">Epilat bra\u021be scurt<\/p>\n<\/td>\n<td>\n<p class=\"p1\">\n<\/td>\n<td>\n<p class=\"p1\" style=\"text-align: right;\">30 lei<\/p>\n<\/td>\n<\/tr>\n<tr>\n<td>\n<p class=\"p1\">Epilat bra\u021be lung<\/p>\n<\/td>\n<td>\n<p class=\"p1\">\n<\/td>\n<td>\n<p class=\"p1\" style=\"text-align: right;\">45 lei<\/p>\n<\/td>\n<\/tr>\n<tr>\n<td>\n<p class=\"p1\">Epilat semiinghinal<\/p>\n<\/td>\n<td>\n<p class=\"p1\">\n<\/td>\n<td>\n<p class=\"p1\" style=\"text-align: right;\">40 lei<\/p>\n<\/td>\n<\/tr>\n<tr>\n<td>\n<p class=\"p1\">Epilat inghinal total\/model + interfesieri<\/p>\n<\/td>\n<td>\n<p class=\"p1\">\n<\/td>\n<td>\n<p class=\"p1\" style=\"text-align: right;\">70 lei<\/p>\n<\/td>\n<\/tr>\n<tr>\n<td>\n<p class=\"p1\">Epilat inghinal total + interfesieri b\u0103rba\u021bi<\/p>\n<\/td>\n<td>\n<p class=\"p1\">\n<\/td>\n<td>\n<p class=\"p1\" style=\"text-align: right;\">75 lei<\/p>\n<\/td>\n<\/tr>\n<tr>\n<td>\n<p class=\"p1\">Epilat fese femei<\/p>\n<\/td>\n<td>\n<p class=\"p1\">\n<\/td>\n<td>\n<p class=\"p1\" style=\"text-align: right;\">30 lei<\/p>\n<\/td>\n<\/tr>\n<tr>\n<td>\n<p class=\"p1\">Epilat fese b\u0103rba\u021bi<\/p>\n<\/td>\n<td>\n<p class=\"p1\">\n<\/td>\n<td>\n<p class=\"p1\" style=\"text-align: right;\">40 lei<\/p>\n<\/td>\n<\/tr>\n<tr>\n<td>\n<p class=\"p1\">Epilat abdomen<\/p>\n<\/td>\n<td><\/td>\n<td>\n<p class=\"p1\" style=\"text-align: right;\">40 lei<\/p>\n<\/td>\n<\/tr>\n<tr>\n<td>\n<p class=\"p1\">Epilat piept<\/p>\n<\/td>\n<td>\n<p class=\"p1\">\n<\/td>\n<td>\n<p class=\"p1\" style=\"text-align: right;\">40 lei<\/p>\n<\/td>\n<\/tr>\n<tr>\n<td>\n<p class=\"p1\">Epilat spate total<\/p>\n<\/td>\n<td>\n<p class=\"p1\">\n<\/td>\n<td>\n<p class=\"p1\" style=\"text-align: right;\">65 lei<\/p>\n<\/td>\n<\/tr>\n<tr>\n<td>\n<p class=\"p1\">Epilat spate zona lombar\u0103<\/p>\n<\/td>\n<td>\n<p class=\"p1\">\n<\/td>\n<td>\n<p class=\"p1\" style=\"text-align: right;\">30 lei<\/p>\n<\/td>\n<\/tr>\n<tr>\n<td>\n<p class=\"p1\">Epilat interfesier<\/p>\n<\/td>\n<td>\n<p class=\"p1\">\n<\/td>\n<td>\n<p class=\"p1\" style=\"text-align: right;\">30 lei<\/p>\n<\/td>\n<\/tr>\n<\/tbody>\n<\/table>\n<p>&nbsp;<\/div><\/div><\/div><\/div><\/div><\/div><\/div>\n<div class=\"limit-wrapper\"><div class=\"row \"><div class=\"wpv-grid grid-1-1  wpv-first-level grid-1-1 first unextended animation-from-bottom animated-active no-extended-padding\" style=\"padding-top:0.05px;padding-bottom:0.05px;\" id=\"wpv-column-a7e1b135e3b851cd032c86403a632958\" ><\/div><\/div><\/div>\n<div class=\"limit-wrapper\"><div class=\"row \"><div class=\"wpv-grid grid-1-1  wpv-first-level grid-1-1 first unextended animation-fade-in animated-active no-extended-padding\" style=\"padding-top:0.05px;padding-bottom:0.05px;\" id=\"wpv-column-07cd75dc136a9dc9d494ff2639b75d6a\" ><\/div><\/div><\/div>\n<div class=\"push  wpv-hide-lowres\" style=\"height:60px\"><\/div>\n","protected":false},"excerpt":{"rendered":"<p>Pielea ta are nevoie de mult\u0103 aten\u021bie, de \u00eengrijire \u0219i tratament. Secretul frumuse\u021bii const\u0103 \u00een folosirea de produse naturale \u0219i calitative care s\u0103 \u00ee\u021bi ofere un aspect str\u0103lucitor \u0219i catifelat, o piele fin\u0103, ca de bebelu\u0219. reocuparea noastr\u0103 principal\u0103 este ca tu s\u0103 scapi de pielea uscat\u0103 \u0219i deshidratat\u0103 \u0219i s\u0103 te bucuri de via\u021b\u0103,&#8230;<\/p>\n","protected":false},"author":1,"featured_media":0,"parent":7956,"menu_order":0,"comment_status":"closed","ping_status":"closed","template":"","meta":{"footnotes":""},"class_list":["post-12481","page","type-page","status-publish","hentry"],"_links":{"self":[{"href":"https:\/\/www.salon-aphrodite.ro\/ro\/wp-json\/wp\/v2\/pages\/12481","targetHints":{"allow":["GET"]}}],"collection":[{"href":"https:\/\/www.salon-aphrodite.ro\/ro\/wp-json\/wp\/v2\/pages"}],"about":[{"href":"https:\/\/www.salon-aphrodite.ro\/ro\/wp-json\/wp\/v2\/types\/page"}],"author":[{"embeddable":true,"href":"https:\/\/www.salon-aphrodite.ro\/ro\/wp-json\/wp\/v2\/users\/1"}],"replies":[{"embeddable":true,"href":"https:\/\/www.salon-aphrodite.ro\/ro\/wp-json\/wp\/v2\/comments?post=12481"}],"version-history":[{"count":39,"href":"https:\/\/www.salon-aphrodite.ro\/ro\/wp-json\/wp\/v2\/pages\/12481\/revisions"}],"predecessor-version":[{"id":14983,"href":"https:\/\/www.salon-aphrodite.ro\/ro\/wp-json\/wp\/v2\/pages\/12481\/revisions\/14983"}],"up":[{"embeddable":true,"href":"https:\/\/www.salon-aphrodite.ro\/ro\/wp-json\/wp\/v2\/pages\/7956"}],"wp:attachment":[{"href":"https:\/\/www.salon-aphrodite.ro\/ro\/wp-json\/wp\/v2\/media?parent=12481"}],"curies":[{"name":"wp","href":"https:\/\/api.w.org\/{rel}","templated":true}]}}