{"id":13354,"date":"2013-03-22T14:19:51","date_gmt":"2013-03-22T14:19:51","guid":{"rendered":"http:\/\/www.salon-aphrodite.ro\/contact\/"},"modified":"2023-06-18T14:06:16","modified_gmt":"2023-06-18T14:06:16","slug":"kapcsolat","status":"publish","type":"page","link":"https:\/\/www.salon-aphrodite.ro\/hu\/kapcsolat\/","title":{"rendered":"Kapcsolat"},"content":{"rendered":"<div class=\"limit-wrapper\"><div class=\"row \"><div class=\"wpv-grid grid-1-1  wpv-first-level grid-1-1 first unextended has-extended-padding\" style=\"padding-top:0.05px;padding-bottom:20px;\" id=\"wpv-column-6ea395137c6d8b0d37dc6bc0ab00a0c6\" ><h2 class='column-title'>L\u00e9pj\u00fcnk kapcsolatba!<\/h2><div class=\"row \"><div class=\"wpv-grid grid-1-3  grid-1-3 first unextended animation-fade-in animated-active no-extended-padding\" style=\"padding-top:0.05px;padding-bottom:0.05px;\" id=\"wpv-column-06b29389f65011ee98a3fb985c44505d\" ><p style=\"text-align: center;\"><span class='icon shortcode theme  use-hover' style='color:#b69e59;font-size:32px !important;'>&#57547;<\/span>\n<p style=\"text-align: center;\">Kolozsv\u00e1r, Kolozs Megye<br \/>\nMotilor Utca, 93-as sz\u00e1m<\/div>\n<div class=\"wpv-grid grid-1-3  grid-1-3 unextended animation-fade-in animated-active no-extended-padding\" style=\"padding-top:0.05px;padding-bottom:0.05px;\" id=\"wpv-column-f486094727718c3d93110e379a19264c\" ><p style=\"text-align: center;\"><span class='icon shortcode theme  use-hover' style='color:#b69e59;font-size:32px !important;'>&#57471;<\/span>\n<p style=\"text-align: center;\">\n0758-572.343<\/div>\n<div class=\"wpv-grid grid-1-3  grid-1-3 unextended animation-fade-in animated-active no-extended-padding\" style=\"padding-top:0.05px;padding-bottom:0.05px;\" id=\"wpv-column-25e32b04360de72b9e37f57d33553b83\" ><p style=\"text-align: center;\"><span class='icon shortcode theme  use-hover' style='color:#b69e59;font-size:32px !important;'>&#57530;<\/span>\n<p style=\"text-align: center;\">H\u00e9tf\u0151 \u2013 P\u00e9ntek: 8:00 \u2013 21:00<br \/>\nSzombat: 8:00 \u2013 14:00<br \/>\nVas\u00e1rnap: Z\u00e1rva<\/div><\/div>\n<div class=\"push \" style=\"margin-bottom:-40px\"><\/div>\n<div class=\"sep-3\"><\/div>\n<div class=\"row \"><div class=\"wpv-grid grid-1-1  grid-1-1 first unextended animation-zoom-in animated-active no-extended-padding\" style=\"padding-top:0.05px;padding-bottom:0.05px;\" id=\"wpv-column-91aefccfef566e8fa3658bf598959c1d\" ><div class=\"push \" style=\"margin-bottom:-10px\"><\/div>\n<p style=\"text-align: center;\"><a href=\"https:\/\/www.facebook.com\/SalonAphroditeCluj\/\"> <span class='icon shortcode  border use-hover' style='color:#000000;border-color:#000000;font-size:18px !important;'>&#58155;<\/span><\/a><\/div><\/div><\/div><\/div><\/div>\n<div class=\"row \"><div class=\"wpv-grid grid-1-1  wpv-first-level grid-1-1 first wpv-hide-bg-lowres has-background extended has-extended-padding\" style=\"\n\t\t\t\tbackground: url( &#039;https:\/\/hair-beauty.vamtam.com\/wp-content\/uploads\/2014\/04\/bg_tabs.jpg&#039; ) no-repeat center bottom;\n\t\t\t\tbackground-size: auto;\n\t\t\tbackground-attachment: scroll;background-color:#f0f5f8;padding-top:60px;padding-bottom:60px;\" id=\"wpv-column-aa9ec6e8c7d0eef7e05eab84d450dd3a\" ><div class=\"limit-wrapper\"><div class=\"extended-column-inner\"><style>#wpv-column-aa9ec6e8c7d0eef7e05eab84d450dd3a,#wpv-column-aa9ec6e8c7d0eef7e05eab84d450dd3a p,#wpv-column-aa9ec6e8c7d0eef7e05eab84d450dd3a em,#wpv-column-aa9ec6e8c7d0eef7e05eab84d450dd3a h1,#wpv-column-aa9ec6e8c7d0eef7e05eab84d450dd3a h2,#wpv-column-aa9ec6e8c7d0eef7e05eab84d450dd3a h3,#wpv-column-aa9ec6e8c7d0eef7e05eab84d450dd3a h4,#wpv-column-aa9ec6e8c7d0eef7e05eab84d450dd3a h5,#wpv-column-aa9ec6e8c7d0eef7e05eab84d450dd3a h6,#wpv-column-aa9ec6e8c7d0eef7e05eab84d450dd3a h1 a:not(:hover),#wpv-column-aa9ec6e8c7d0eef7e05eab84d450dd3a h2 a:not(:hover),#wpv-column-aa9ec6e8c7d0eef7e05eab84d450dd3a h3 a:not(:hover),#wpv-column-aa9ec6e8c7d0eef7e05eab84d450dd3a h4 a:not(:hover),#wpv-column-aa9ec6e8c7d0eef7e05eab84d450dd3a h5 a:not(:hover),#wpv-column-aa9ec6e8c7d0eef7e05eab84d450dd3a h6 a:not(:hover),#wpv-column-aa9ec6e8c7d0eef7e05eab84d450dd3a .column-title,#wpv-column-aa9ec6e8c7d0eef7e05eab84d450dd3a .sep-text h2.regular-title-wrapper,#wpv-column-aa9ec6e8c7d0eef7e05eab84d450dd3a .text-divider-double,#wpv-column-aa9ec6e8c7d0eef7e05eab84d450dd3a .sep-text .sep-text-line,#wpv-column-aa9ec6e8c7d0eef7e05eab84d450dd3a .sep,#wpv-column-aa9ec6e8c7d0eef7e05eab84d450dd3a .sep-2,#wpv-column-aa9ec6e8c7d0eef7e05eab84d450dd3a .sep-3,#wpv-column-aa9ec6e8c7d0eef7e05eab84d450dd3a .portfolio-filters .inner-wrapper .cbp-filter-item,#wpv-column-aa9ec6e8c7d0eef7e05eab84d450dd3a .portfolio-filters .inner-wrapper .cbp-filter-item:hover,#wpv-column-aa9ec6e8c7d0eef7e05eab84d450dd3a .portfolio-filters .inner-wrapper .cbp-filter-item.cbp-filter-item-active,#wpv-column-aa9ec6e8c7d0eef7e05eab84d450dd3a td,#wpv-column-aa9ec6e8c7d0eef7e05eab84d450dd3a th,#wpv-column-aa9ec6e8c7d0eef7e05eab84d450dd3a caption{color:#282828;}<\/style><div class=\"row \"><div class=\"wpv-grid grid-1-1  grid-1-1 first unextended animation-from-bottom animated-active has-extended-padding\" style=\"padding-top:0.05px;padding-bottom:0.05px;\" id=\"wpv-column-066e0a46559c086a6e798ea885cd7674\" ><div class=\"row \"><div class=\"wpv-grid grid-1-1  grid-1-1 first unextended no-extended-padding\" style=\"padding-top:0.05px;padding-bottom:0.05px;\" id=\"wpv-column-26062bb94c656f81ed6fbb961b899636\" ><p><noscript class=\"ninja-forms-noscript-message\">\n    Notice: JavaScript is required for this content.<\/noscript><div id=\"nf-form-4-cont\" class=\"nf-form-cont vamtam-style-forms\" aria-live=\"polite\" aria-labelledby=\"nf-form-title-4\" aria-describedby=\"nf-form-errors-4\" role=\"form\">\n\n    <div class=\"nf-loading-spinner\"><\/div>\n\n<\/div>\n        <!-- TODO: Move to Template File. -->\n        <script>var formDisplay=1;var nfForms=nfForms||[];var form=[];form.id='4';form.settings={\"objectType\":\"Form Setting\",\"editActive\":\"1\",\"title\":\"Contact Form - copy - copy\",\"date_updated\":\"2016-01-21 15:13:22\",\"show_title\":\"0\",\"save_subs\":\"1\",\"logged_in\":\"0\",\"append_page\":\"\",\"ajax\":\"1\",\"clear_complete\":\"1\",\"hide_complete\":\"0\",\"success_msg\":\"Your form has been successfully submitted.\",\"email_from\":\"\",\"email_type\":\"html\",\"user_email_msg\":\"Thank you so much for contacting us. We will get back to you shortly.\",\"user_email_fields\":\"0\",\"admin_email_msg\":\"\",\"admin_email_fields\":\"1\",\"admin_attach_csv\":\"0\",\"email_from_name\":\"\",\"not_logged_in_msg\":\"\",\"sub_limit_number\":\"\",\"sub_limit_msg\":\"\",\"status\":\"\",\"bti_layout_master\":{\"cols\":\"3\",\"rendering\":\"\",\"enable_css\":\"1\",\"hide_required_note\":\"1\",\"form_class\":\"\",\"background\":\"\",\"border_color\":\"\",\"border_size\":\"0\",\"border_radius\":\"0\",\"form_padding\":\"0\",\"field_padding\":\"0\",\"success_message_text_color\":\"#000000\",\"success_message_font_size\":\"14\",\"success_message_bg_color\":\"#ffffff\",\"success_message_border_color\":\"#ffffff\",\"success_message_border_size\":\"0\",\"success_message_border_radius\":\"0\",\"success_message_padding\":\"0\",\"error_message_text_color\":\"#ff0000\",\"error_message_font_size\":\"14\",\"error_message_bg_color\":\"\",\"error_message_border_color\":\"\",\"error_message_border_size\":\"0\",\"error_message_border_radius\":\"0\",\"error_message_padding\":\"0\",\"label_color\":\"#000000\",\"label_req_color\":\"#b69e59\",\"label_font_size\":\"12\",\"input_color\":\"#000000\",\"input_error_color\":\"#ff0000\",\"input_font_size\":\"16\",\"input_border_color\":\"#d8d8d8\",\"input_border_size\":\"1\",\"input_border_radius\":\"0\",\"button_color\":\"#000000\",\"button_font_size\":\"12\",\"button_bg_color\":\"\",\"button_border_color\":\"#b69e59\",\"button_border_size\":\"1\",\"button_border_radius\":\"0\",\"button_top_bottom_padding\":\"14\",\"button_left_right_padding\":\"25\",\"button_hover_color\":\"#ffffff\",\"button_hover_font_size\":\"12\",\"button_hover_bg_color\":\"#000000\",\"button_hover_border_color\":\"#000000\",\"button_hover_border_size\":\"1\",\"button_hover_border_radius\":\"0\",\"button_hover_top_bottom_padding\":\"0\",\"button_hover_left_right_padding\":\"0\",\"enable_custom_css\":\"1\",\"custom_css\":\"\",\"width\":\"\",\"height\":\"\",\"label_width\":\"\",\"label_height\":\"\",\"input_border_error_color\":\"#ff0000\",\"input_width\":\"\",\"input_height\":\"\",\"textarea_width\":\"\",\"textarea_height\":\"\"},\"default_label_pos\":\"above\",\"wrapper_class\":\"vamtam-style-forms\",\"element_class\":\"\",\"add_submit\":\"1\",\"calculations\":[],\"formContentData\":[\"nev_1520869332079\",\"email_1520869357601\",\"telefon_1520869350503\",\"uezenet_1520869344533\",\"kueld_1520869511734\"],\"currency\":\"\",\"unique_field_error\":\"A form with this value has already been submitted.\",\"lock\":\"1\",\"key\":\"\",\"ninjaForms\":\"Ninja Forms\",\"changeEmailErrorMsg\":\"Please enter a valid email address!\",\"confirmFieldErrorMsg\":\"These fields must match!\",\"fieldNumberNumMinError\":\"Number Min Error\",\"fieldNumberNumMaxError\":\"Number Max Error\",\"fieldNumberIncrementBy\":\"Please increment by \",\"fieldTextareaRTEInsertLink\":\"Insert Link\",\"fieldTextareaRTEInsertMedia\":\"Insert Media\",\"fieldTextareaRTESelectAFile\":\"Select a file\",\"formErrorsCorrectErrors\":\"Please correct errors before submitting this form.\",\"validateRequiredField\":\"This is a required field.\",\"honeypotHoneypotError\":\"Honeypot Error\",\"fileUploadOldCodeFileUploadInProgress\":\"File Upload in Progress.\",\"fileUploadOldCodeFileUpload\":\"FILE UPLOAD\",\"currencySymbol\":false,\"fieldsMarkedRequired\":\"Fields marked with an <span class=\\\"ninja-forms-req-symbol\\\">*<\\\/span> are required\",\"thousands_sep\":\",\",\"decimal_point\":\".\",\"dateFormat\":\"m\\\/d\\\/Y\",\"startOfWeek\":\"1\",\"of\":\"of\",\"previousMonth\":\"Previous Month\",\"nextMonth\":\"Next Month\",\"months\":[\"January\",\"February\",\"March\",\"April\",\"May\",\"June\",\"July\",\"August\",\"September\",\"October\",\"November\",\"December\"],\"monthsShort\":[\"Jan\",\"Feb\",\"Mar\",\"Apr\",\"May\",\"Jun\",\"Jul\",\"Aug\",\"Sep\",\"Oct\",\"Nov\",\"Dec\"],\"weekdays\":[\"Sunday\",\"Monday\",\"Tuesday\",\"Wednesday\",\"Thursday\",\"Friday\",\"Saturday\"],\"weekdaysShort\":[\"Sun\",\"Mon\",\"Tue\",\"Wed\",\"Thu\",\"Fri\",\"Sat\"],\"weekdaysMin\":[\"Su\",\"Mo\",\"Tu\",\"We\",\"Th\",\"Fr\",\"Sa\"],\"currency_symbol\":\"\",\"beforeForm\":\"\",\"beforeFields\":\"\",\"afterFields\":\"\",\"afterForm\":\"\"};form.fields=[{\"objectType\":\"Field\",\"objectDomain\":\"fields\",\"editActive\":false,\"order\":0,\"fav_id\":0,\"def_id\":0,\"label_pos\":\"above\",\"mask\":\"\",\"datepicker\":0,\"first_name\":\"\",\"last_name\":\"\",\"from_name\":0,\"user_address_1\":\"\",\"user_address_2\":\"\",\"user_city\":\"\",\"user_zip\":\"\",\"user_phone\":\"\",\"user_email\":\"\",\"user_info_field_group\":\"\",\"show_help\":0,\"help_text\":\"\",\"show_desc\":0,\"desc_pos\":\"none\",\"desc_text\":\"\",\"calc_auto_include\":0,\"placeholder\":\"\",\"disable_input\":0,\"input_limit\":\"\",\"input_limit_type\":\"char\",\"input_limit_msg\":\"\",\"user_state\":0,\"autocomplete_off\":0,\"num_sort\":0,\"admin_label\":\"\",\"user_info_field_group_name\":\"\",\"user_info_field_group_custom\":\"\",\"bti_layout_master\":{\"row\":\"1\",\"col\":\"1\",\"sizex\":\"1\",\"order\":\"0\",\"last\":\"\",\"rendering\":\"\",\"form_last\":\"\"},\"element_class\":\"\",\"required\":1,\"default\":\"\",\"container_class\":\"grid-1-3\",\"manual_key\":\"\",\"disable_browser_autocomplete\":\"\",\"custom_mask\":\"\",\"label\":\"N\\u00e9v\",\"key\":\"nev_1520869332079\",\"type\":\"textbox\",\"created_at\":\"2018-01-15 14:11:22\",\"drawerDisabled\":false,\"id\":15,\"beforeField\":\"\",\"afterField\":\"\",\"parentType\":\"textbox\",\"element_templates\":[\"textbox\",\"input\"],\"old_classname\":\"\",\"wrap_template\":\"wrap\"},{\"objectType\":\"Field\",\"objectDomain\":\"fields\",\"editActive\":false,\"order\":1,\"fav_id\":0,\"def_id\":14,\"label_pos\":\"above\",\"mask\":\"\",\"datepicker\":0,\"first_name\":0,\"last_name\":0,\"from_name\":0,\"user_address_1\":0,\"user_address_2\":0,\"user_city\":0,\"user_zip\":0,\"user_phone\":0,\"user_info_field_group\":1,\"show_help\":0,\"help_text\":\"\",\"calc_auto_include\":0,\"calc_option\":0,\"conditional\":\"\",\"user_info_field_group_name\":\"\",\"user_info_field_group_custom\":\"\",\"show_desc\":0,\"desc_pos\":\"none\",\"desc_text\":\"\",\"bti_layout_master\":{\"row\":\"1\",\"col\":\"2\",\"sizex\":\"1\",\"order\":\"1\",\"last\":\"\",\"rendering\":\"\",\"form_last\":\"\"},\"placeholder\":\"\",\"disable_input\":0,\"input_limit\":\"\",\"input_limit_type\":\"char\",\"input_limit_msg\":\"\",\"user_state\":0,\"autocomplete_off\":0,\"num_sort\":0,\"admin_label\":\"\",\"element_class\":\"\",\"required\":1,\"default\":\"\",\"container_class\":\"grid-1-3\",\"label\":\"Email\",\"key\":\"email_1520869357601\",\"type\":\"email\",\"created_at\":\"2018-01-15 14:11:22\",\"drawerDisabled\":false,\"id\":16,\"beforeField\":\"\",\"afterField\":\"\",\"parentType\":\"email\",\"element_templates\":[\"email\",\"input\"],\"old_classname\":\"\",\"wrap_template\":\"wrap\"},{\"objectType\":\"Field\",\"objectDomain\":\"fields\",\"editActive\":false,\"order\":2,\"fav_id\":\"\",\"def_id\":15,\"label_pos\":\"above\",\"mask\":\"(999) 999-9999\",\"datepicker\":0,\"send_email\":0,\"from_email\":0,\"first_name\":0,\"last_name\":0,\"from_name\":0,\"user_address_1\":0,\"user_address_2\":0,\"user_city\":0,\"user_zip\":0,\"user_email\":0,\"user_info_field_group\":1,\"show_help\":0,\"help_text\":\"\",\"calc_auto_include\":0,\"calc_option\":0,\"conditional\":\"\",\"placeholder\":\"\",\"disable_input\":0,\"input_limit\":\"\",\"input_limit_type\":\"char\",\"input_limit_msg\":\"\",\"user_state\":0,\"autocomplete_off\":0,\"num_sort\":0,\"admin_label\":\"\",\"user_info_field_group_name\":\"\",\"user_info_field_group_custom\":\"\",\"show_desc\":0,\"desc_pos\":\"none\",\"desc_text\":\"\",\"bti_layout_master\":{\"row\":\"1\",\"col\":\"3\",\"sizex\":\"1\",\"order\":\"2\",\"last\":\"1\",\"rendering\":\"\",\"form_last\":\"\"},\"element_class\":\"\",\"required\":0,\"default\":\"\",\"container_class\":\"grid-1-3\",\"manual_key\":\"\",\"disable_browser_autocomplete\":\"\",\"custom_mask\":\"\",\"label\":\"Telefon\",\"key\":\"telefon_1520869350503\",\"type\":\"phone\",\"created_at\":\"2018-01-15 14:11:22\",\"drawerDisabled\":false,\"id\":17,\"beforeField\":\"\",\"afterField\":\"\",\"parentType\":\"textbox\",\"element_templates\":[\"tel\",\"textbox\",\"input\"],\"old_classname\":\"\",\"wrap_template\":\"wrap\"},{\"objectType\":\"Field\",\"objectDomain\":\"fields\",\"editActive\":false,\"order\":3,\"fav_id\":0,\"def_id\":0,\"label_pos\":\"above\",\"default_value\":\"\",\"textarea_rte\":0,\"textarea_media\":0,\"disable_rte_mobile\":0,\"show_help\":0,\"help_text\":\"\",\"show_desc\":0,\"desc_pos\":\"none\",\"desc_text\":\"\",\"calc_auto_include\":0,\"bti_layout_master\":{\"row\":\"2\",\"col\":\"1\",\"sizex\":\"3\",\"order\":\"3\",\"last\":\"1\",\"rendering\":\"\",\"form_last\":\"\"},\"input_limit\":\"\",\"input_limit_type\":\"char\",\"input_limit_msg\":\"\",\"num_sort\":0,\"admin_label\":\"\",\"element_class\":\"\",\"required\":1,\"placeholder\":\"\",\"default\":\"\",\"container_class\":\"\",\"manual_key\":\"\",\"disable_input\":\"\",\"disable_browser_autocomplete\":\"\",\"label\":\"\\u00dczenet\",\"key\":\"uezenet_1520869344533\",\"type\":\"textarea\",\"created_at\":\"2018-01-15 14:11:22\",\"drawerDisabled\":false,\"id\":18,\"beforeField\":\"\",\"afterField\":\"\",\"parentType\":\"textarea\",\"element_templates\":[\"textarea\",\"input\"],\"old_classname\":\"\",\"wrap_template\":\"wrap\"},{\"objectType\":\"Field\",\"objectDomain\":\"fields\",\"editActive\":false,\"order\":4,\"fav_id\":0,\"def_id\":0,\"show_help\":0,\"help_text\":\"\",\"show_desc\":0,\"desc_pos\":\"none\",\"desc_text\":\"\",\"bti_layout_master\":{\"row\":\"3\",\"col\":\"1\",\"sizex\":\"3\",\"order\":\"4\",\"last\":\"\",\"rendering\":\"\",\"form_last\":\"1\"},\"processing_label\":\"Processing\",\"element_class\":\"\",\"container_class\":\"\",\"label\":\"K\\u00fcld\",\"key\":\"kueld_1520869511734\",\"type\":\"submit\",\"created_at\":\"2018-01-15 14:11:22\",\"drawerDisabled\":false,\"id\":19,\"beforeField\":\"\",\"afterField\":\"\",\"label_pos\":\"above\",\"parentType\":\"textbox\",\"element_templates\":[\"submit\",\"button\",\"input\"],\"old_classname\":\"\",\"wrap_template\":\"wrap-no-label\"}];nfForms.push(form);<\/script>\n        <\/div><\/div>\n<div class=\"push  wpv-hide-lowres\" style=\"height:100px\"><\/div><\/div><\/div><\/div><\/div><\/div><\/div>\n","protected":false},"excerpt":{"rendered":"<p>Kolozsv\u00e1r, Kolozs Megye Motilor Utca, 93-as sz\u00e1m 0758-572.343 H\u00e9tf\u0151 \u2013 P\u00e9ntek: 8:00 \u2013 21:00 Szombat: 8:00 \u2013 14:00 Vas\u00e1rnap: Z\u00e1rva<\/p>\n","protected":false},"author":1,"featured_media":0,"parent":0,"menu_order":3,"comment_status":"closed","ping_status":"closed","template":"","meta":{"footnotes":""},"class_list":["post-13354","page","type-page","status-publish","hentry"],"_links":{"self":[{"href":"https:\/\/www.salon-aphrodite.ro\/hu\/wp-json\/wp\/v2\/pages\/13354","targetHints":{"allow":["GET"]}}],"collection":[{"href":"https:\/\/www.salon-aphrodite.ro\/hu\/wp-json\/wp\/v2\/pages"}],"about":[{"href":"https:\/\/www.salon-aphrodite.ro\/hu\/wp-json\/wp\/v2\/types\/page"}],"author":[{"embeddable":true,"href":"https:\/\/www.salon-aphrodite.ro\/hu\/wp-json\/wp\/v2\/users\/1"}],"replies":[{"embeddable":true,"href":"https:\/\/www.salon-aphrodite.ro\/hu\/wp-json\/wp\/v2\/comments?post=13354"}],"version-history":[{"count":6,"href":"https:\/\/www.salon-aphrodite.ro\/hu\/wp-json\/wp\/v2\/pages\/13354\/revisions"}],"predecessor-version":[{"id":14758,"href":"https:\/\/www.salon-aphrodite.ro\/hu\/wp-json\/wp\/v2\/pages\/13354\/revisions\/14758"}],"wp:attachment":[{"href":"https:\/\/www.salon-aphrodite.ro\/hu\/wp-json\/wp\/v2\/media?parent=13354"}],"curies":[{"name":"wp","href":"https:\/\/api.w.org\/{rel}","templated":true}]}}