{"id":13294,"date":"2018-02-16T08:43:31","date_gmt":"2018-02-16T08:43:31","guid":{"rendered":"http:\/\/www.salon-aphrodite.ro\/servicii\/remodelare-corporala\/"},"modified":"2025-08-08T20:51:27","modified_gmt":"2025-08-08T20:51:27","slug":"alakformalas","status":"publish","type":"page","link":"https:\/\/www.salon-aphrodite.ro\/hu\/szolgaltatasok\/alakformalas\/","title":{"rendered":"Alakform\u00e1l\u00e1s"},"content":{"rendered":"<div class=\"push  wpv-hide-lowres\" style=\"margin-bottom:-120px\"><\/div>\n<div class=\"limit-wrapper\"><div class=\"row \"><div class=\"wpv-grid grid-1-1  wpv-first-level grid-1-1 first unextended no-extended-padding\" style=\"padding-top:0.05px;padding-bottom:0.05px;\" id=\"wpv-column-14c9818606a43a5a2001fdc81de8d84e\" ><p>&nbsp;<\/div><\/div><\/div>\n<div class=\"limit-wrapper\"><div class=\"row \"><div class=\"wpv-grid grid-1-1  wpv-first-level grid-1-1 first unextended has-extended-padding\" style=\"padding-top:0.05px;padding-bottom:0.05px;\" id=\"wpv-column-4193c36a8c81d2df90feb9c1b32cd2b4\" ><\/div><\/div><\/div>\n<div class=\"limit-wrapper\"><div class=\"row \"><div class=\"wpv-grid grid-1-1  wpv-first-level grid-1-1 first has-background unextended no-extended-padding\" style=\"\n\t\t\t\tbackground: url( &#039;https:\/\/hair-beauty.vamtam.com\/wp-content\/uploads\/2016\/01\/bg_intro-home.png&#039; ) no-repeat center top;\n\t\t\t\tbackground-size: auto;\n\t\t\tbackground-attachment: scroll;padding-top:50px;padding-bottom:20px;\" id=\"wpv-column-b51dce1950bbb4a3ea9986ecdb1da2d0\" ><div class=\"row \"><div class=\"wpv-grid grid-1-5  grid-1-5 first unextended no-extended-padding\" style=\"padding-top:0.05px;padding-bottom:0.05px;\" id=\"wpv-column-0564341ebedd36238e295d8785d1a003\" ><div class=\"push  wpv-hide-lowres\" style=\"height:1px\"><\/div><\/div>\n<div class=\"wpv-grid grid-3-5  grid-3-5 unextended no-extended-padding\" style=\"padding-top:0.05px;padding-bottom:0.05px;\" id=\"wpv-column-b2b6de67c1c3c07ded0c43e12802676d\" >\t\t\t\t\t\n<h2 class=\"text-divider-double\"><img decoding=\"async\" class=\"attachment-full size-full\" src=\"http:\/\/www.salon-aphrodite.ro\/wp-content\/uploads\/2018\/02\/remodelare-01-1.svg\" alt=\"\" data-attachment-id=\"13109\" data-permalink=\"http:\/\/www.salon-aphrodite.ro\/home-layouts\/beatuy\/remodelare-01-2\/\" data-orig-file=\"http:\/\/www.salon-aphrodite.ro\/wp-content\/uploads\/2018\/02\/remodelare-01-1.svg\" data-orig-size=\"\" data-comments-opened=\"0\" data-image-meta=\"&#091;&#093;\" data-image-title=\"remodelare-01\" data-image-description=\"\" data-medium-file=\"http:\/\/www.salon-aphrodite.ro\/wp-content\/uploads\/2018\/02\/remodelare-01-1.svg\" data-large-file=\"http:\/\/www.salon-aphrodite.ro\/wp-content\/uploads\/2018\/02\/remodelare-01-1.svg\" \/><br \/>\nAlakform\u00e1l\u00e1s<\/h2>\n\t\t\t\t<div class=\"sep\"><\/div>\n\t\n<div class=\"row \"><div class=\"wpv-grid grid-1-1  grid-1-1 first unextended no-extended-padding\" style=\"padding-top:0.05px;padding-bottom:0.05px;\" id=\"wpv-column-1804d7d7907fd611873a51857a9a3cae\" ><p style=\"text-align: center;\">Ide\u00e1lis m\u00e9retek? Az Aphrodit\u00e9 szalonban annyira egyszer\u0171!<\/div><\/div><\/div><\/div><\/div><\/div><\/div>\n<div class=\"push  wpv-hide-lowres\" style=\"height:70px\"><\/div>\n<div class=\"limit-wrapper\"><div class=\"row \"><div class=\"wpv-grid grid-1-1  wpv-first-level grid-1-1 first unextended no-extended-padding\" style=\"padding-top:0.05px;padding-bottom:0.05px;\" id=\"wpv-column-ea15e34392137d09ee90e24a1038190a\" ><h3>Parafango-pakol\u00e1s<\/h3>\n<p>Egyike a legink\u00e1bb leny\u0171g\u00f6z\u0151 kezel\u00e9seknek, amely m\u00e1r az els\u0151 alkalmak ut\u00e1n kellemes meglepet\u00e9seket okoz a szemmel l\u00e1that\u00f3 eredm\u00e9nyeivel. Az ANESI parfango-kezel\u00e9s nemcsak a sz\u00e9ps\u00e9gre, hanem az eg\u00e9szs\u00e9g\u00fcnkre is j\u00f3t\u00e9kony hat\u00e1ssal b\u00edr \u2013 az Aphrodit\u00e9 szalonban most mindez IMETEC elektroszaun\u00e1val egybek\u00f6tve is el\u00e9rhet\u0151.<\/p>\n<p>A parafango-pakol\u00e1s val\u00f3ban alakform\u00e1l\u00f3: alak\u00edtja a sziluettet, regener\u00e1l, m\u00e9regtelen\u00edt, h\u00e1mlasztja, t\u00e1pl\u00e1lja \u00e9s megnyugtatja a b\u0151rt. A m\u00e9reganyagok elt\u00e1vol\u00edt\u00e1sa ut\u00e1n a b\u0151r puha \u00e9s b\u00e1rsonyos marad, ezzel kellemes \u00e9s friss\u00edt\u0151 \u00e9rz\u00e9st ny\u00fajt \u00d6nnek!<\/p>\n<p>Els\u0151 kezel\u00e9s ut\u00e1n cs\u00f6kken a narancsb\u0151r fel\u00fclete, a b\u0151r sokkal finomabb \u00e9s rugalmasabb; a stri\u00e1k (terhess\u00e9g ut\u00e1n, fogy\u00e1s-h\u00edz\u00e1s ut\u00e1n visszamarad\u00f3 b\u0151rcs\u00edkok) h\u00e1rom intenz\u00edv kezel\u00e9s ut\u00e1n mutatnak javul\u00e1st! A b\u0151rcs\u00edkok 10-12 kezel\u00e9s ut\u00e1n mintegy 5-8 cm-nyi cs\u00f6kken\u00e9st mutatnak, egy disszoci\u00e1lt \u00e9trenddel (a t\u00e1pl\u00e1lkoz\u00e1studom\u00e1ny \u00faj ir\u00e1nyzata, l\u00e9nyege: az alapvet\u0151 \u00e9lelmiszereket nem egyszerre, hanem k\u00fcl\u00f6n fogyasszuk el) kieg\u00e9sz\u00edtve pedig 5-6 kilogrammnyi s\u00falyt\u00f3l szabadulhatunk meg.<\/p>\n<p>10- 12 kezel\u00e9s ut\u00e1n 5-8 cm-es cs\u00f6kken\u00e9st tapasztalhat a stri\u00e1k ker\u00fclet\u00e9b\u0151l, v\u00e1ltozatos \u00e9trend betart\u00e1s\u00e1val ak\u00e1r 5-6 kg s\u00falyfeleslegt\u0151l is megszabadulhat.<\/p>\n<p>Ne felejtse el: a kezel\u00e9sek eredm\u00e9nyei egy\u00e9nenk\u00e9nt v\u00e1ltozhatnak, mivel nem minden szervezet reag\u00e1l azonos m\u00f3don \u00e9s m\u00e9rt\u00e9kben!<\/p>\n<h3>STARVAC SP2<\/h3>\n<p>A STARVAC SP2 egy endodermikus (b\u0151r alatti) v\u00e1kuumos elj\u00e1r\u00e1son alapul\u00f3 massz\u00edroz\u00f3g\u00e9p. Ez a technol\u00f3gia messze \u00e1ll att\u00f3l, hogy \u00fajnak nevezz\u00fck, \u00e1m az sz\u00e9ps\u00e9gipar alapj\u00e1t k\u00e9pezi, l\u00e9v\u00e9n az alakform\u00e1l\u00e1snak elengedhetetlenen eszk\u00f6ze. L\u00e9nyege a massz\u00e1zshengerek \u00e1ltali, b\u0151r \u00e9s a b\u0151r alatti fel\u00fcletetek stimul\u00e1l\u00e1sa. A STARVAC \u00e9s a t\u00f6bbi v\u00e1kuum-alap\u00fa eszk\u00f6z k\u00f6z\u00f6tti k\u00fcl\u00f6nbs\u00e9g abban \u00e1ll, hogy a v\u00e1kuum-hengerek tapint\u00e1s-g\u00f6rd\u00fcl\u00e9s \u00e1ltal a sz\u00f6vetek legm\u00e9ly\u00e9n is kifejtik hat\u00e1sukat, amely hosszan tart\u00f3 hat\u00e1st eredm\u00e9nyez. Ennek a m\u00e9lys\u00e9gi hat\u00e1s\u00e1nak k\u00f6sz\u00f6nhet\u0151en a b\u0151r fel\u00fclete al\u00e1 tapad\u00f3 zs\u00edrcsom\u00f3kat sz\u00e9troncsolja, ahogy elpuszt\u00edtja a cellulitis miatt gyulladt k\u00f6t\u0151sz\u00f6veteket is, ezzel a narancsb\u0151r elt\u0171n\u00e9s\u00e9t eredm\u00e9nyezve.<\/p>\n<p><strong>Hat\u00e1sok \u00e9s alkalmaz\u00e1si lehet\u0151s\u00e9gek:<\/strong><\/p>\n<ul>\n<li>jelent\u0151sen cs\u00f6kkenti a cellulitist<\/li>\n<li>visszaadja a b\u0151r rugalmass\u00e1g\u00e1t<\/li>\n<li>\u00e9l\u00e9nk\u00edti a b\u0151rt<\/li>\n<li>form\u00e1lja a sziluettet<\/li>\n<li>m\u00e9regtelen\u00edt<\/li>\n<li>nyugtatja \u00e9s \u00e9l\u00e9nk\u00edti a szervezetet<\/li>\n<li>stimul\u00e1lja az izmokat<\/li>\n<li>gyors\u00edtja \u00e9s nyugtatja a neuromuszkul\u00e1ris (ideg-izom kapcsolatok) rendszert<\/li>\n<li>el\u0171zi a f\u00e1j\u00f3, neh\u00e9z l\u00e1b \u00e9rzet\u00e9t<\/li>\n<li>oldja az edz\u00e9sek miatti izommerevs\u00e9get<\/li>\n<li>elt\u00fcnteti a hegeket, b\u0151rcs\u00edkokat<\/li>\n<\/ul>\n<p><strong>Javallat:<\/strong> k\u00e9t naponta egyszeri alkalommal elv\u00e9gzett v\u00e1kuumos ter\u00e1pia. A kezel\u00e9sek \u00e1tlagos sz\u00e1ma 10-12. a becsl\u00e9sek azt mutatj\u00e1k, hogy a v\u00e1kuumos massz\u00e1zs akkor igaz\u00e1n hat\u00e9kony, ha a gondok m\u00e9g visszaford\u00edthat\u00f3 f\u00e1zis\u00e1ban alkalmazzuk \u0151ket.<\/p>\n<p><strong>Ellenjavallat:<\/strong> terhess\u00e9g, h\u00e1rom h\u00f3napn\u00e1l kor\u00e1bbi seb\u00e9szi beavatkoz\u00e1s (bele\u00e9rtve a cs\u00e1sz\u00e1rmetsz\u00e9st is), b\u0151rbetegs\u00e9gek, \u00e9rreped\u00e9sben szenved\u0151k, vissz\u00e9r, \u00e9rh\u00e1rtyagyullad\u00e1s, s\u00falyos vesem\u0171k\u00f6d\u00e9si zavarok, r\u00e1k.<\/p>\n<h3>R\u00e1di\u00f3frekvenci\u00e1s kezel\u00e9s<\/h3>\n<p><strong>El\u0151nyei:<\/strong><\/p>\n<ul>\n<li>Nincs heg, m\u0171t\u00e9t, injekci\u00f3<\/li>\n<li>Nem ig\u00e9nyel sz\u00fcnetet<\/li>\n<li>L\u00e1that\u00f3 eredm\u00e9nyek egyetlen kezel\u00e9s ut\u00e1n<\/li>\n<li>Kezel\u00e9si ter\u00fcletek: arc, test, kezek, izmok \u00e9s fejb\u0151r<\/li>\n<\/ul>\n<h3>Nyom\u00e1ster\u00e1pia \u2013 Starvac Pse-pulstar Technology<\/h3>\n<p>A nyom\u00e1ster\u00e1pia egy nyirokmassz\u00e1zson alapul\u00f3 fogy\u00e1si m\u00f3dszer. A proced\u00fara f\u0151 c\u00e9lja, hogy a der\u00e9k, a karok \u00e9s a l\u00e1bak v\u00e9r- \u00e9s nyirokkering\u00e9s\u00e9t jav\u00edtsa, ennek sor\u00e1n a megfelel\u0151 testr\u00e9szre felszor\u00edtott p\u00e1rn\u00e1k felf\u00fav\u00f3dnak \u00e9s ereszkednek, ezzel keltve ennek a specifikus massz\u00e1zsnak a hat\u00e1s\u00e1t. A testre felszor\u00edtott p\u00e1rnaszer\u0171 eszk\u00f6z\u00f6k felf\u00fav\u00f3dnak, majd elereszkednek, \u00edgy fejtve ki massz\u00edroz\u00f3 hat\u00e1sukat, amelynek l\u00e9nyege a der\u00e9k, karok, l\u00e1bak v\u00e9r- \u00e9s nyirokkering\u00e9s\u00e9nek jav\u00edt\u00e1sa. A nyirokmassz\u00e1zs sor\u00e1n a nyirokcsom\u00f3k ki\u00fcr\u00fclnek, a reked\u00e9s megsz\u0171nik \u00e9s a v\u00e9r-, valamint a nyirokkering\u00e9s \u00fajra norm\u00e1liss\u00e1 v\u00e1lik. Az elektrostimul\u00e1l\u00e1ssal, vagy a Starvac-al kombin\u00e1lt nyom\u00e1ster\u00e1pia centim\u00e9terekben m\u00e9rhet\u0151 fogy\u00e1st \u00e9s cellulitis-cs\u00f6kken\u00e9st eredm\u00e9nyez.<\/p>\n<p><strong>Eg\u00e9szs\u00e9g\u00fcgyi el\u0151ny\u00f6k:<\/strong> nyirok\u00f6d\u00e9ma (lympfedema), \u00e9rsz\u0171k\u00fclet, fek\u00e9ly, \u00e9rh\u00e1rtyagyullad\u00e1s<br \/>\n<strong>Kozmetikai el\u0151ny\u00f6k:<\/strong> cellulitis, narancsb\u0151r, f\u00e1j\u00f3 \u00e9s neh\u00e9z l\u00e1bak, nyugtat\u00f3 hat\u00e1s<\/p>\n<h3>R\u00e1di\u00f3frekvenci\u00e1s kezel\u00e9sek<\/h3>\n<p>A r\u00e1di\u00f3frekvencia egy \u00e1rtalmatlan, tudom\u00e1nyosan elismert, innovat\u00edv technol\u00f3gi\u00e1nak sz\u00e1m\u00edt, amelyet sikerrel haszn\u00e1lnak az eszt\u00e9tikai orvosl\u00e1sban. Sz\u00e9p eredm\u00e9nyeket \u00e9rt el az arcb\u0151r feszess\u00e9 t\u00e9tele (lifting) \u00e9s a cellulitis lek\u00fczd\u00e9se ter\u00e9n.<\/p>\n<p>A r\u00e1di\u00f3frekvenci\u00e1s kezel\u00e9snek k\u00e9t f\u0151 hat\u00e1sa van:<\/p>\n<ul>\n<li>\u00faj kollag\u00e9nrostokat hoz l\u00e9tre a b\u0151r alatt<\/li>\n<li>szelekt\u00edv zs\u00edr\u00e9get\u00e9s: a meghat\u00e1rozott helyen lev\u0151 zs\u00edrok el\u00e9get\u00e9se, a b\u0151r egyenletes l\u00e1tv\u00e1ny\u00e1nak el\u00e9r\u00e9se, a cellulitis \u00e9s a zs\u00edrsz\u00f6veten megdolgoz\u00e1sa<\/li>\n<\/ul>\n<p>R\u00e1di\u00f3frekvenci\u00e1k sugarai a b\u0151r al\u00e1 hatolnak, a b\u0151rsz\u00f6veteket 60-65 fokra meleg\u00edtj\u00fck (az irh\u00e1t \u00e9s a b\u0151ralj\u00e1t 40-43 fokra) an\u00e9lk\u00fcl, hogy a b\u0151r felsz\u00edn\u00e9n ezt \u00e9rezhet\u0151v\u00e9 v\u00e1lna. A b\u0151r ezen a h\u0151m\u00e9rs\u00e9klet\u00e9n a kollag\u00e9nrostok \u00e9s a b\u0151r sz\u00f6vete feszesebb\u00e9 v\u00e1lnak, \u00edgy fejtve ki a hossz\u00fa t\u00e1von is tart\u00f3s lifting hat\u00e1st.<\/p>\n<p>A r\u00e1di\u00f3frekvenci\u00e1s kezel\u00e9sek k\u00f6z\u00e9p- \u00e9s hossz\u00fa t\u00e1v\u00fa hat\u00e1s\u00e1nak titka abban \u00e1ll, hogy serkenti az \u00faj kollag\u00e9nek termel\u0151d\u00e9s\u00e9t, \u00e9s a kollag\u00e9n rostok \u00fajraalakul\u00e1s\u00e1t. Ilyenform\u00e1n a r\u00e1ncok \u00e9s a b\u0151rcs\u00edkok megtelnek a saj\u00e1t szervezet\u00fcnk \u00e1ltal termelt kollag\u00e9nnel, ez\u00e1ltal egy szemmel l\u00e1that\u00f3an jobb k\u00fcls\u0151t ny\u00fajtva sz\u00e1munkra. A j\u00f3t\u00e9kony hat\u00e1s t\u00f6bb r\u00e1di\u00f3frekvenci\u00e1s kezel\u00e9ssel fokozhat\u00f3, arckezel\u00e9sre minimum hat, a test k\u00fcl\u00f6nb\u00f6z\u0151 r\u00e9szeinek kezel\u00e9s\u00e9re pedig minimum nyolc kezel\u00e9st aj\u00e1nlunk. A r\u00e1di\u00f3frekvenci\u00e1s kezel\u00e9sek k\u00f6z\u00f6tt egy-k\u00e9t h\u00e9t sz\u00fcnetet tartunk.<\/p>\n<p><strong>El\u0151ny\u00f6k:<\/strong><\/p>\n<ul>\n<li>\u00e1rtalmatlan elj\u00e1r\u00e1s: nincsenek hegek, seb\u00e9szeti beavatkoz\u00e1sok, injekci\u00f3k<\/li>\n<li>nincsen fel\u00e9p\u00fcl\u00e9si id\u0151szak<\/li>\n<li>szemmel l\u00e1that\u00f3n eredm\u00e9nyek m\u00e1r egy kezel\u00e9s ut\u00e1n is<\/li>\n<li>kezel\u00e9si fel\u00fcletek: arc, test, kezek, izmok, de a fejb\u0151r is<\/li>\n<\/ul>\n<h3>Csokol\u00e1d\u00e9pakol\u00e1s a narancsb\u0151r ellen!<\/h3>\n<p>A sz\u00e9ps\u00e9giparban \u00faj cellulitis-elleni kezel\u00e9s jelent meg: a CSOKOL\u00c1D\u00c9PAKOL\u00c1S! T\u00fal azon, hogy ezek a pakol\u00e1sok kellemes illatot ny\u00fajtanak, seg\u00edtenek elt\u00fcntetni a narancsb\u0151rt, valamint visszaadni a b\u0151r rugalmass\u00e1g\u00e1t \u00e9s feszess\u00e9g\u00e9t. Az eredm\u00e9nyek m\u00e1r k\u00e9t-h\u00e1rom kezel\u00e9s ut\u00e1n szemmel l\u00e1that\u00f3v\u00e1 v\u00e1lnak, radik\u00e1lisan megv\u00e1ltozik a b\u0151r kin\u00e9zete. A narancsb\u0151r elleni csokol\u00e1d\u00e9pakol\u00e1s szobah\u0151m\u00e9rs\u00e9kletre meleg\u00edtett kaka\u00f3 \u00e9s guarana pakol\u00e1st jelent, amely relax\u00e1l\u00f3, antioxid\u00e1ns, alakform\u00e1l\u00f3 \u00e9s cellulitis-ellenes hat\u00e1st fejt ki.<\/p>\n<p><strong>Eredm\u00e9nyek:<\/strong><\/p>\n<ul>\n<li>Centim\u00e9terekkel, mintegy 30%-al cs\u00f6kkenti a narancsb\u0151r fel\u00fclet\u00e9t<\/li>\n<li>Megsz\u00fcnteti a szervezet\u00fcnkben felhalmoz\u00f3dott v\u00edzt\u00f6bbletet<\/li>\n<li>M\u00e9regtelen\u00edti a sejteket, \u00e9s jav\u00edtja a v\u00e9r- \u00e9s nyirokkering\u00e9st<\/li>\n<\/ul>\n<p><strong>Hat\u00f3anyagok:<\/strong> zs\u00edrk\u0151, kaka\u00f3, zabpehely-kivonat, citrus, guarana, magn\u00e9zium-oxid<\/p>\n<h3>Elektrostimul\u00e1ci\u00f3<\/h3>\n<p>Az izmok elektrostimul\u00e1l\u00e1sa egy intez\u00edv fitnessz edz\u00e9snek felel meg, a szak\u00e9rt\u0151k kisz\u00e1molt\u00e1k, hogy 45 percnyi elktrostimul\u00e1l\u00e1s 4-6 \u00f3r\u00e1nyi megszak\u00edt\u00e1s n\u00e9lk\u00fcli testmozg\u00e1ssal egyen\u00e9rt\u00e9k\u0171. \u00cdgy azt\u00e1n az eredm\u00e9nyek szinte azonnal, gyakran m\u00e1r az els\u0151 kezel\u00e9s ut\u00e1n szemmel l\u00e1that\u00f3ak, b\u0151s\u00e9g\u00fcnkb\u0151l mintegy 1-4 centim\u00e9ternyit adhatunk le (a jelent\u0151sebb s\u00falyfelesleggel b\u00edr\u00f3 szem\u00e9lyek eset\u00e9ben). Egy \u00f6sszesen 25, \u00e9s heti h\u00e1rom alkalomb\u00f3l \u00e1ll\u00f3 kezel\u00e9s ut\u00e1n egy zs\u00edrlesz\u00edv\u00e1snak egyen\u00e9rt\u00e9k\u0171 eredm\u00e9nyt \u00e9r\u00fcnk el. A zs\u00edr\u00e9get\u00e9sen \u00e9s az izmok friss\u00edt\u00e9s\u00e9n k\u00edv\u00fcl, amelyek hihetetlen m\u00e9rt\u00e9kben form\u00e1lj\u00e1k alakunkat, az elektrostimul\u00e1l\u00e1s jav\u00edtja az anyagcser\u00e9t, a v\u00e9rkering\u00e9st, a kezelt ter\u00fclt oxig\u00e9nnel val\u00f3 ell\u00e1t\u00e1s\u00e1t \u2013 mindezek egy\u00fctt pedig kiemelked\u0151en hasznoss\u00e1 teszik a cellulitis kezel\u00e9s\u00e9ben.<\/p>\n<p><strong>Ellenjavallatok:<\/strong><\/p>\n<ul>\n<li>terhes n\u0151k<\/li>\n<li>cukorbetegek<\/li>\n<li>magas \u00e9rnyom\u00e1sban szenved\u0151k<\/li>\n<li>azok a szem\u00e9lyek, akiknek f\u00e9mrudakat, vagy sz\u00edvet stimul\u00e1l\u00f3 elektromos m\u0171szereket \u00fcltettek be.<\/li>\n<\/ul><\/div><\/div><\/div>\n<div class=\"push  wpv-hide-lowres\" style=\"height:60px\"><\/div>\n<div class=\"limit-wrapper\"><div class=\"row \"><div class=\"wpv-grid grid-1-1 add-border wpv-first-level grid-1-1 first unextended no-extended-padding\" style=\"padding-top:0.05px;padding-bottom:0.05px;\" id=\"wpv-column-e3fb564548bcb17d87ac992a6abcfa62\" >\t\t<div class=\"sep-text single centered\">\n\t\t\t\t\t\t\t<span class=\"sep-text-before\"><div class=\"sep-text-line\"><\/div><\/span>\n\t\t\t\t\t\t<div class=\"content\">\n\t\t\t\t<h2 class=\"text-divider-double\">\n\u00c1RLISTA<\/h2>\t\t\t<\/div>\n\t\t\t<span class=\"sep-text-after\"><div class=\"sep-text-line\"><\/div><\/span>\n\t\t\t\t\t<\/div>\n\t\n<div class=\"push \" style=\"height:30px\"><\/div>\n<div class=\"row \"><div class=\"wpv-grid grid-1-2  grid-1-2 first unextended no-extended-padding\" style=\"padding-top:0.05px;padding-bottom:100px;\" id=\"wpv-column-dff034878dd2cffcbfe1c8325c3ef06b\" ><div class=\"row \"><div class=\"wpv-grid grid-1-1  grid-1-1 first unextended animation-from-bottom animated-active no-extended-padding\" style=\"padding-top:0.05px;padding-bottom:0.05px;\" id=\"wpv-column-b3d9a3e3fd341be8fc5caddf51cf17b5\" >\t\t\t\t\t\n<h3>Testtekercsel\u00e9sek<\/h3>\n\t\t\t\t<div class=\"sep\"><\/div>\n\t<\/div><\/div>\n<div class=\"row \"><div class=\"wpv-grid grid-1-1  grid-1-1 first unextended animation-fade-in animated-active no-extended-padding\" style=\"padding-top:0.05px;padding-bottom:0.05px;\" id=\"wpv-column-732279c5beb513febd3d6b2cd1a806bc\" ><table class=\"vamtam-styled\">\n<tbody>\n<tr>\n<td>\n<p class=\"p1\">Parafango tekercsel\u00e9s thermosaun\u00e1ban<\/p>\n<\/td>\n<td>\n<p class=\"p1\"><span class='icon shortcode theme  use-hover' style='color:#545f64;font-size:14px !important;'>&#57530;<\/span>\u00a0 \u00a060 perc.<\/p>\n<\/td>\n<td>\n<p class=\"p1\" style=\"text-align: right;\">220 lei<\/p>\n<\/td>\n<\/tr>\n<tr>\n<td>\n<p class=\"p1\">Csokol\u00e1d\u00e9s tekercsel\u00e9s thermosaun\u00e1ban<\/p>\n<\/td>\n<td>\n<p class=\"p1\"><span class='icon shortcode theme  use-hover' style='color:#545f64;font-size:14px !important;'>&#57530;<\/span>\u00a0 \u00a060 perc.<\/p>\n<\/td>\n<td>\n<p class=\"p1\" style=\"text-align: right;\">200 lei<\/p>\n<\/td>\n<\/tr>\n<tr>\n<td>\n<p class=\"p1\">M\u00e9zes \u00e9s fah\u00e9jas tekercsel\u00e9s thermosaun\u00e1ban<\/p>\n<\/td>\n<td>\n<p class=\"p1\"><span class='icon shortcode theme  use-hover' style='color:#545f64;font-size:14px !important;'>&#57530;<\/span>\u00a0 \u00a060 perc.<\/p>\n<\/td>\n<td>\n<p class=\"p1\" style=\"text-align: right;\">200 lei<\/p>\n<\/td>\n<\/tr>\n<\/tbody>\n<\/table>\n<h3 style=\"text-align: center;\">B\u00c9RLET 10+1 INGYEN<\/h3><\/div><\/div><\/div>\n<div class=\"wpv-grid grid-1-2  grid-1-2 unextended left-border no-extended-padding\" style=\"padding-top:0.05px;padding-bottom:20px;\" id=\"wpv-column-cc7db95988680a9f47c729c2352109ed\" ><style>#wpv-column-cc7db95988680a9f47c729c2352109ed:before{background-color:#ededed;}<\/style><div class=\"row \"><div class=\"wpv-grid grid-1-1  grid-1-1 first unextended animation-from-bottom animated-active no-extended-padding\" style=\"padding-top:0.05px;padding-bottom:0.05px;\" id=\"wpv-column-cbd759633c8aac913e7c455104fc96fa\" >\t\t\t\t\t\n<h3>Starvac SP2 kezel\u00e9s \u00e9s elektrostimul\u00e1ci\u00f3<\/h3>\n\t\t\t\t<div class=\"sep\"><\/div>\n\t<\/div><\/div>\n<div class=\"row \"><div class=\"wpv-grid grid-1-1  grid-1-1 first unextended animation-fade-in animated-active no-extended-padding\" style=\"padding-top:0.05px;padding-bottom:0.05px;\" id=\"wpv-column-c062cc65cd01e9753c22e78b29618b8b\" ><table class=\"vamtam-styled\">\n<tbody>\n<tr>\n<td>\n<p class=\"p1\">KEZEL\u00c9SEK<\/p>\n<\/td>\n<\/tr>\n<tr>\n<td>\n<p class=\"p1\">Nyirokdren\u00e1zs + nyirokcsom\u00f3 stimul\u00e1ci\u00f3<\/p>\n<\/td>\n<td>\n<p class=\"p1\"><span class='icon shortcode theme  use-hover' style='color:#545f64;font-size:14px !important;'>&#57530;<\/span>\u00a0 \u00a045 perc.<\/p>\n<\/td>\n<td>\n<p class=\"p1\" style=\"text-align: right;\">145 lei<\/p>\n<\/td>\n<\/tr>\n<tr>\n<td>\n<p class=\"p1\">Anticellulit kezel\u00e9s + nyirokdren\u00e1zs<\/p>\n<\/td>\n<td>\n<p class=\"p1\"><span class='icon shortcode theme  use-hover' style='color:#545f64;font-size:14px !important;'>&#57530;<\/span>\u00a0 \u00a050 perc.<\/p>\n<\/td>\n<td>\n<p class=\"p1\" style=\"text-align: right;\">145 lei<\/p>\n<\/td>\n<\/tr>\n<tr>\n<td>\n<p class=\"p1\">Nyirokdren\u00e1zs + hasi anticellulit massz\u00e1zs<\/p>\n<\/td>\n<td>\n<p class=\"p1\"><span class='icon shortcode theme  use-hover' style='color:#545f64;font-size:14px !important;'>&#57530;<\/span>\u00a0 \u00a030 perc.<\/p>\n<\/td>\n<td>\n<p class=\"p1\" style=\"text-align: right;\">120 lei<\/p>\n<\/td>\n<\/tr>\n<tr>\n<td>\n<p class=\"p1\">Reumatol\u00f3giai kezel\u00e9s<\/p>\n<\/td>\n<td>\n<p class=\"p1\"><span class='icon shortcode theme  use-hover' style='color:#545f64;font-size:14px !important;'>&#57530;<\/span>\u00a0 \u00a045 perc.<\/p>\n<\/td>\n<td>\n<p class=\"p1\" style=\"text-align: right;\">145 lei<\/p>\n<\/td>\n<\/tr>\n<tr>\n<td>\n<p class=\"p1\">Arci kezel\u00e9s (antirid, \u00e9l\u00e9nk\u00edt\u0151)<\/p>\n<\/td>\n<td>\n<p class=\"p1\"><span class='icon shortcode theme  use-hover' style='color:#545f64;font-size:14px !important;'>&#57530;<\/span>\u00a0 \u00a035 perc.<\/p>\n<\/td>\n<td>\n<p class=\"p1\" style=\"text-align: right;\">175 lei<\/p>\n<\/td>\n<\/tr>\n<tr>\n<td>\n<p class=\"p1\">\n<\/td>\n<td>\n<h3 class=\"p1\"><\/h3>\n<\/td>\n<td>\n<p class=\"p1\" style=\"text-align: right;\">\n<\/td>\n<\/tr>\n<tr>\n<td>\n<p class=\"p1\">ELEKTROSTIMUL\u00c1CI\u00d3<\/p>\n<\/td>\n<\/tr>\n<tr>\n<td>\n<p class=\"p1\">Elektrostimul\u00e1ci\u00f3<\/p>\n<\/td>\n<td>\n<p class=\"p1\"><span class='icon shortcode theme  use-hover' style='color:#545f64;font-size:14px !important;'>&#57530;<\/span>\u00a0 \u00a045 perc.<\/p>\n<\/td>\n<td>\n<p class=\"p1\" style=\"text-align: right;\">110 lei<\/p>\n<\/td>\n<\/tr>\n<tr>\n<td>\n<p class=\"p1\">Pressodren\u00e1zs<\/p>\n<\/td>\n<td>\n<p class=\"p1\"><span class='icon shortcode theme  use-hover' style='color:#545f64;font-size:14px !important;'>&#57530;<\/span>\u00a0 \u00a030 perc.<\/p>\n<\/td>\n<td>\n<p class=\"p1\" style=\"text-align: right;\">120 lei<\/p>\n<\/td>\n<\/tr>\n<tr>\n<td>\n<p class=\"p1\">SPA m\u00e9regtelen\u00edt\u00e9s<\/p>\n<\/td>\n<td>\n<p class=\"p1\"><span class='icon shortcode theme  use-hover' style='color:#545f64;font-size:14px !important;'>&#57530;<\/span>\u00a0 \u00a030 perc.<\/p>\n<\/td>\n<td>\n<p class=\"p1\" style=\"text-align: right;\">110 lei<\/p>\n<\/td>\n<\/tr>\n<\/tbody>\n<\/table>\n<h3 style=\"text-align: center;\"><\/h3><\/div><\/div><\/div><\/div><\/div><\/div><\/div>\n<div class=\"push  wpv-hide-lowres\" style=\"height:60px\"><\/div>\n","protected":false},"excerpt":{"rendered":"<p>&nbsp; Ide\u00e1lis m\u00e9retek? Az Aphrodit\u00e9 szalonban annyira egyszer\u0171! Parafango-pakol\u00e1s Egyike a legink\u00e1bb leny\u0171g\u00f6z\u0151 kezel\u00e9seknek, amely m\u00e1r az els\u0151 alkalmak ut\u00e1n kellemes meglepet\u00e9seket okoz a szemmel l\u00e1that\u00f3 eredm\u00e9nyeivel. Az ANESI parfango-kezel\u00e9s nemcsak a sz\u00e9ps\u00e9gre, hanem az eg\u00e9szs\u00e9g\u00fcnkre is j\u00f3t\u00e9kony hat\u00e1ssal b\u00edr \u2013 az Aphrodit\u00e9 szalonban most mindez IMETEC elektroszaun\u00e1val egybek\u00f6tve is el\u00e9rhet\u0151. A parafango-pakol\u00e1s val\u00f3ban alakform\u00e1l\u00f3:&#8230;<\/p>\n","protected":false},"author":1,"featured_media":0,"parent":13259,"menu_order":0,"comment_status":"closed","ping_status":"closed","template":"","meta":{"footnotes":""},"class_list":["post-13294","page","type-page","status-publish","hentry"],"_links":{"self":[{"href":"https:\/\/www.salon-aphrodite.ro\/hu\/wp-json\/wp\/v2\/pages\/13294","targetHints":{"allow":["GET"]}}],"collection":[{"href":"https:\/\/www.salon-aphrodite.ro\/hu\/wp-json\/wp\/v2\/pages"}],"about":[{"href":"https:\/\/www.salon-aphrodite.ro\/hu\/wp-json\/wp\/v2\/types\/page"}],"author":[{"embeddable":true,"href":"https:\/\/www.salon-aphrodite.ro\/hu\/wp-json\/wp\/v2\/users\/1"}],"replies":[{"embeddable":true,"href":"https:\/\/www.salon-aphrodite.ro\/hu\/wp-json\/wp\/v2\/comments?post=13294"}],"version-history":[{"count":14,"href":"https:\/\/www.salon-aphrodite.ro\/hu\/wp-json\/wp\/v2\/pages\/13294\/revisions"}],"predecessor-version":[{"id":14995,"href":"https:\/\/www.salon-aphrodite.ro\/hu\/wp-json\/wp\/v2\/pages\/13294\/revisions\/14995"}],"up":[{"embeddable":true,"href":"https:\/\/www.salon-aphrodite.ro\/hu\/wp-json\/wp\/v2\/pages\/13259"}],"wp:attachment":[{"href":"https:\/\/www.salon-aphrodite.ro\/hu\/wp-json\/wp\/v2\/media?parent=13294"}],"curies":[{"name":"wp","href":"https:\/\/api.w.org\/{rel}","templated":true}]}}