{"id":13279,"date":"2018-02-16T08:45:03","date_gmt":"2018-02-16T08:45:03","guid":{"rendered":"http:\/\/www.salon-aphrodite.ro\/servicii\/tratamente\/"},"modified":"2025-08-08T20:41:30","modified_gmt":"2025-08-08T20:41:30","slug":"kezelesek","status":"publish","type":"page","link":"https:\/\/www.salon-aphrodite.ro\/hu\/szolgaltatasok\/kezelesek\/","title":{"rendered":"Kezel\u00e9sek"},"content":{"rendered":"<div class=\"push  wpv-hide-lowres\" style=\"margin-bottom:-120px\"><\/div>\n<div class=\"limit-wrapper\"><div class=\"row \"><div class=\"wpv-grid grid-1-1  wpv-first-level grid-1-1 first unextended no-extended-padding\" style=\"padding-top:0.05px;padding-bottom:0.05px;\" id=\"wpv-column-ec2459bcc024b85d33d6f70387dd15ea\" ><p>&nbsp;<\/div><\/div><\/div>\n<div class=\"limit-wrapper\"><div class=\"row \"><div class=\"wpv-grid grid-1-1  wpv-first-level grid-1-1 first unextended no-extended-padding\" style=\"padding-top:0.05px;padding-bottom:0.05px;\" id=\"wpv-column-b38a5f963a2dad90ee465871836fc6de\" ><\/div><\/div><\/div>\n<div class=\"limit-wrapper\"><div class=\"row \"><div class=\"wpv-grid grid-1-1  wpv-first-level grid-1-1 first has-background unextended no-extended-padding\" style=\"\n\t\t\t\tbackground: url( &#039;https:\/\/hair-beauty.vamtam.com\/wp-content\/uploads\/2016\/01\/bg_intro-home.png&#039; ) no-repeat center top;\n\t\t\t\tbackground-size: auto;\n\t\t\tbackground-attachment: scroll;padding-top:50px;padding-bottom:20px;\" id=\"wpv-column-695a227f3753fc1da9b2c6c66fdcc9b4\" ><div class=\"row \"><div class=\"wpv-grid grid-1-5  grid-1-5 first unextended no-extended-padding\" style=\"padding-top:0.05px;padding-bottom:0.05px;\" id=\"wpv-column-722c296f8397e92d93ee04ce05384047\" ><div class=\"push  wpv-hide-lowres\" style=\"height:1px\"><\/div><\/div>\n<div class=\"wpv-grid grid-3-5  grid-3-5 unextended no-extended-padding\" style=\"padding-top:0.05px;padding-bottom:0.05px;\" id=\"wpv-column-6294c65e82a2fec60be769df24d8b9d1\" >\t\t<h2 class=\"text-divider-double\">\t\t\t\n<span class='icon shortcode theme  use-hover' style='color:#b69e59;font-size:50px !important;'>&#58917;<\/span> Kezel\u00e9sek\t\t<\/h2>\t\t<div class=\"sep\"><\/div>\n\t\n<div class=\"row \"><div class=\"wpv-grid grid-1-1  grid-1-1 first unextended no-extended-padding\" style=\"padding-top:0.05px;padding-bottom:0.05px;\" id=\"wpv-column-ee1d4e1fa86b67632a5bf824409bd8e3\" ><p style=\"text-align: center;\">\u00d6r\u00f6kifj\u00fas\u00e1g? M\u00e9g nem fedezt\u00e9k fel az elix\u00edrt, amely v\u00e9gleg megszabad\u00edt minket a r\u00e1ncokt\u00f3l, de l\u00e9teznek olyan elj\u00e1r\u00e1sok, amely a b\u0151rt fiataloss\u00e1 \u00e9s sz\u00e9pp\u00e9 var\u00e1zsolj\u00e1k. Kipr\u00f3b\u00e1ltad m\u00e1r?<\/div><\/div><\/div><\/div><\/div><\/div><\/div>\n<div class=\"push  wpv-hide-lowres\" style=\"height:70px\"><\/div>\n<div class=\"limit-wrapper\"><div class=\"row \"><div class=\"wpv-grid grid-1-1  wpv-first-level grid-1-1 first unextended no-extended-padding\" style=\"padding-top:0.05px;padding-bottom:0.05px;\" id=\"wpv-column-70b83294d4344b45b0f93d068f6be7da\" ><div class=\"push  wpv-hide-lowres\" style=\"height:20px\"><\/div> <span class='dropcap1 '>A<\/span>\n<p>b\u0151r\u00f6d naponta van kit\u00e9ve a por, a szennyezetts\u00e9g, a h\u0151m\u00e9rs\u00e9klet-ingadoz\u00e1s, a sz\u00e9l \u00e1ltal jelentett vesz\u00e9lyeknek, amelyek kisz\u00e1r\u00edtj\u00e1k b\u0151r\u00f6det, \u00e9s eldugj\u00e1k a p\u00f3rusokat. Id\u0151nk\u00e9nt sz\u00fcks\u00e9ged van a p\u00f3rusok kitiszt\u00edt\u00e1s\u00e1ra, hogy b\u0151r\u00f6d tov\u00e1bbra is tudjon l\u00e9legezni, a b\u0151r\u00f6d stimul\u00e1l\u00e1s\u00e1ra, hogy regener\u00e1l\u00f3djon \u00e9s n\u00f6vekedjen az \u00e1tereszt\u0151k\u00e9pess\u00e9ge, ilyenform\u00e1n az \u00e1ltalad haszn\u00e1lt hat\u00f3anyagok k\u00f6nnyebben jussanak el a b\u0151r legm\u00e9lyebb r\u00e9teg\u00e9ig. Egy arckezel\u00e9s egy\u00fattal egy j\u00f3l meg\u00e9rdemelt pihen\u00e9st is jelent, egy \u201emegsz\u00f6kni a vil\u00e1gb\u00f3l\u201d \u00e9rz\u00e9st, amelyet id\u0151nk\u00e9nt megengedhet\u00fcnk magunknak. Napjainkra a kozmetikai technol\u00f3gia \u00f3ri\u00e1sit fejl\u0151d\u00f6tt, minden probl\u00e9m\u00e1ra tud azonnali eredm\u00e9nyeket felmutat\u00f3, \u00e9s hossz\u00fat\u00e1von is hat\u00e9kony megold\u00e1st k\u00edn\u00e1lni.<\/p>\n<h3>Mikrodermabr\u00e1zi\u00f3s kozmetikai kezel\u00e9s<\/h3>\n<p>A mikrodermabr\u00e1zi\u00f3 az a minim\u00e1lisan invaz\u00edv elj\u00e1r\u00e1s, amelynek sor\u00e1n a b\u0151rt alum\u00ednium-oxid krist\u00e1lyokkal kaparj\u00e1k, abb\u00f3l a c\u00e9lb\u00f3l, hogy elt\u00e1vol\u00edts\u00e1k az epidermisz szaruh\u00e1rtya r\u00e9teg\u00e9t, amely f\u0151k\u00e9nt halott sejtekb\u0151l \u00e1ll.<\/p>\n<h3>AquaOxyBrasion<\/h3>\n<p>Tulajdonk\u00e9pp egy hat\u00e9kony felsz\u00edni kezel\u00e9s, amelynek sor\u00e1n oxig\u00e9nnyom\u00e1s seg\u00edts\u00e9g\u00e9vel \u00e9rj\u00fck el, hogy a foly\u00e9kony s\u00f3oldat r\u00e9szecsk\u00e9i a hang sebess\u00e9g\u00e9n\u00e9l is gyorsabb\u00e1 v\u00e1ljanak, \u00edgy fejtve ki egy h\u00e1mlaszt\u00f3 hat\u00e1st. A foly\u00e9kony s\u00f3oldat k\u00fcl\u00f6nb\u00f6z\u0151, a vend\u00e9g\u00fcnk probl\u00e9m\u00e1j\u00e1nak megfelel\u0151 ar\u00e1ny\u00fa vitaminokat \u00e9s kieg\u00e9sz\u00edt\u0151ket tartalmaz, az oxig\u00e9n pedig egy\u00fattal elpuszt\u00edtja a faggy\u00famirigyekben lev\u0151 anaerob bakt\u00e9riumokat, gyors\u00edtja a sejtek regener\u00e1l\u00f3d\u00e1s\u00e1t, ezzel egy eg\u00e9szs\u00e9gesebb \u00e9s fiatalabb b\u0151rt eredm\u00e9nyez.<\/p>\n<h3>Mezoter\u00e1pia t\u0171 n\u00e9lk\u00fcl<\/h3>\n<p><strong>El\u0151ny\u00f6k:<\/strong><\/p>\n<ul class=\"services-advantages\">\n<li>Behatol\u00e1s-mentes folyamat: nincs heg, seb\u00e9szet, t\u0171sz\u00far\u00e1s<\/li>\n<li>Nincs sz\u00fcks\u00e9g fel\u00e9p\u00fcl\u00e9si id\u0151re<\/li>\n<li>Szemmel l\u00e1that\u00f3 eredm\u00e9nyek m\u00e1r az els\u0151 kezel\u00e9s ut\u00e1n<\/li>\n<li>Kezel\u00e9si fel\u00fcletek: arc, test, k\u00e9z, izmok \u00e9s fejb\u0151r<\/li>\n<\/ul>\n<div class=\"push \" style=\"height:20px\"><\/div><\/div><\/div><\/div>\n<div class=\"push  wpv-hide-lowres\" style=\"height:60px\"><\/div>\n<div class=\"limit-wrapper\"><div class=\"row \"><div class=\"wpv-grid grid-1-1 add-border wpv-first-level grid-1-1 first unextended no-extended-padding\" style=\"padding-top:0.05px;padding-bottom:0.05px;\" id=\"wpv-column-038ef67c82652d50c24ec37fdb0d646d\" ><div class=\"row \"><div class=\"wpv-grid grid-1-1  grid-1-1 first unextended animation-from-bottom animated-active no-extended-padding\" style=\"padding-top:0.05px;padding-bottom:0.05px;\" id=\"wpv-column-b74805d73ab94177b248033e41b67a60\" >\t\t<h2 class=\"text-divider-double\">\t\t\t\nKezel\u00e9sek + Maszkok\t\t<\/h2>\t\t<div class=\"sep\"><\/div>\n\t<\/div><\/div>\n<div class=\"row \"><div class=\"wpv-grid grid-1-2  grid-1-2 first unextended no-extended-padding\" style=\"padding-top:0.05px;padding-bottom:100px;\" id=\"wpv-column-2829fa6ed4019873f289620ffc48e6b6\" ><div class=\"push  wpv-hide-lowres\" style=\"height:20px\"><\/div>\n<div class=\"row \"><div class=\"wpv-grid grid-1-1  grid-1-1 first unextended animation-fade-in animated-active no-extended-padding\" style=\"padding-top:0.05px;padding-bottom:0.05px;\" id=\"wpv-column-775ed08d7c0629721f7273eabb028c91\" ><table class=\"vamtam-styled\">\n<tbody>\n<tr>\n<td>\n<p class=\"p1\">Mikrodermabr\u00e1zi\u00f3s kezel\u00e9s<\/p>\n<\/td>\n<td>\n<p class=\"p1\">\n<\/td>\n<td>\n<p class=\"p1\" style=\"text-align: right;\">240 lei<\/p>\n<\/td>\n<\/tr>\n<tr>\n<td>\n<p class=\"p1\">Arc\u00e1pol\u00e1s Ilcsi term\u00e9kekkel<\/p>\n<\/td>\n<td>\n<p class=\"p1\">\n<\/td>\n<td>\n<p class=\"p1\" style=\"text-align: right;\">310 lei<\/p>\n<\/td>\n<\/tr>\n<tr>\n<td>\n<p class=\"p1\">R\u00e9szleges arckezel\u00e9s Ilcsi term\u00e9kekkel<\/p>\n<\/td>\n<td>\n<p class=\"p1\">\n<\/td>\n<td>\n<p class=\"p1\" style=\"text-align: right;\">250 lei<\/p>\n<\/td>\n<\/tr>\n<tr>\n<td>\n<p class=\"p1\">Ilcsi kuper\u00f3zis elleni kezel\u00e9s<\/p>\n<\/td>\n<td>\n<p class=\"p1\">\n<\/td>\n<td>\n<p class=\"p1\" style=\"text-align: right;\">310 lei<\/p>\n<\/td>\n<\/tr>\n<tr>\n<td>\n<p class=\"p1\">Oxig\u00e9nes szem alatti karik\u00e1k elleni kezel\u00e9s<\/p>\n<\/td>\n<td>\n<p class=\"p1\">\n<\/td>\n<td>\n<p class=\"p1\" style=\"text-align: right;\">185 lei<\/p>\n<\/td>\n<\/tr>\n<tr>\n<td>\n<p class=\"p1\">R\u00e1ncvasal\u00e1s kezel\u00e9s<\/p>\n<\/td>\n<td>\n<p class=\"p1\">\n<\/td>\n<td>\n<p class=\"p1\" style=\"text-align: right;\">220 lei<\/p>\n<\/td>\n<\/tr>\n<tr>\n<td>\n<p class=\"p1\">Hidrat\u00e1l\u00f3 ampulla<\/p>\n<\/td>\n<td>\n<p class=\"p1\">\n<\/td>\n<td>\n<p class=\"p1\" style=\"text-align: right;\">70 lei<\/p>\n<\/td>\n<\/tr>\n<tr>\n<td>\n<p class=\"p1\">Elektroderm kezel\u00e9s<\/p>\n<\/td>\n<td><\/td>\n<td>\n<p class=\"p1\" style=\"text-align: right;\">40 lei<\/p>\n<\/td>\n<\/tr>\n<tr>\n<td>\n<p class=\"p1\">Ioniz\u00e1l\u00e1s<\/p>\n<\/td>\n<td>\n<p class=\"p1\">\n<\/td>\n<td>\n<p class=\"p1\" style=\"text-align: right;\">45 lei<\/p>\n<\/td>\n<\/tr>\n<tr>\n<td>\n<p class=\"p1\">Arci ultrahang<\/p>\n<\/td>\n<td>\n<p class=\"p1\">\n<\/td>\n<td>\n<p class=\"p1\" style=\"text-align: right;\">50 lei<\/p>\n<\/td>\n<\/tr>\n<tr>\n<td>\n<p class=\"p1\">Arcmassz\u00e1zs \u00e9s nyirokdren\u00e1zs<\/p>\n<\/td>\n<td>\n<p class=\"p1\">\n<\/td>\n<td>\n<p class=\"p1\" style=\"text-align: right;\">85 lei<\/p>\n<\/td>\n<\/tr>\n<\/tbody>\n<\/table><\/div><\/div><\/div>\n<div class=\"wpv-grid grid-1-2  grid-1-2 unextended left-border no-extended-padding\" style=\"padding-top:0.05px;padding-bottom:20px;\" id=\"wpv-column-b4053cb562096c844f31849d6b07bc87\" ><style>#wpv-column-b4053cb562096c844f31849d6b07bc87:before{background-color:#ededed;}<\/style><div class=\"push  wpv-hide-lowres\" style=\"height:20px\"><\/div>\n<div class=\"row \"><div class=\"wpv-grid grid-1-1  grid-1-1 first unextended animation-fade-in animated-active no-extended-padding\" style=\"padding-top:0.05px;padding-bottom:0.05px;\" id=\"wpv-column-331fa838a2bd880fc077a49e27513700\" ><table class=\"vamtam-styled\">\n<tbody>\n<tr>\n<td>\n<p class=\"p1\">&#8220;Esem\u00e9ny el\u0151tti&#8221; maszk<\/p>\n<\/td>\n<td>\n<p class=\"p1\">\n<\/td>\n<td>\n<p class=\"p1\" style=\"text-align: right;\">70 lei<\/p>\n<\/td>\n<\/tr>\n<tr>\n<td>\n<p class=\"p1\">AHA maszk + &#8220;Esem\u00e9ny el\u0151tti&#8221; maszk<\/p>\n<\/td>\n<td>\n<p class=\"p1\">\n<\/td>\n<td>\n<p class=\"p1\" style=\"text-align: right;\">100 lei<\/p>\n<\/td>\n<\/tr>\n<tr>\n<td>\n<p class=\"p1\">Ilcsi Peel-Off maszk<\/p>\n<\/td>\n<td>\n<p class=\"p1\">\n<\/td>\n<td>\n<p class=\"p1\" style=\"text-align: right;\">60 lei<\/p>\n<\/td>\n<\/tr>\n<tr>\n<td>\n<p class=\"p1\">H\u00e1mlaszt\u00e1s<\/p>\n<\/td>\n<td>\n<p class=\"p1\">\n<\/td>\n<td>\n<p class=\"p1\" style=\"text-align: right;\">45 lei<\/p>\n<\/td>\n<\/tr>\n<tr>\n<td>\n<p class=\"p1\">Relift arckezel\u00e9s<\/p>\n<\/td>\n<td>\n<p class=\"p1\">\n<\/td>\n<td>\n<p class=\"p1\" style=\"text-align: right;\">330 lei<\/p>\n<\/td>\n<\/tr>\n<tr>\n<td>\n<p class=\"p1\">Botox arckezel\u00e9s<\/p>\n<\/td>\n<td>\n<p class=\"p1\">\n<\/td>\n<td>\n<p class=\"p1\" style=\"text-align: right;\">330 lei<\/p>\n<\/td>\n<\/tr>\n<tr>\n<td>\n<p class=\"p1\">Zs\u00edros b\u0151rre arckezel\u00e9s<\/p>\n<\/td>\n<td>\n<p class=\"p1\">\n<\/td>\n<td>\n<p class=\"p1\" style=\"text-align: right;\">340 lei<\/p>\n<\/td>\n<\/tr>\n<tr>\n<td>\n<p class=\"p1\">Botox maszk<\/p>\n<\/td>\n<td>\n<p class=\"p1\">\n<\/td>\n<td>\n<p class=\"p1\" style=\"text-align: right;\">100 lei<\/p>\n<\/td>\n<\/tr>\n<tr>\n<td>\n<p class=\"p1\">Zs\u00edros b\u0151rre maszk<\/p>\n<\/td>\n<td>\n<p class=\"p1\">\n<\/td>\n<td>\n<p class=\"p1\" style=\"text-align: right;\">100 lei<\/p>\n<\/td>\n<\/tr>\n<tr>\n<td>\n<p class=\"p1\">Relift maszk<\/p>\n<\/td>\n<td>\n<p class=\"p1\">\n<\/td>\n<td>\n<p class=\"p1\" style=\"text-align: right;\">110 lei<\/p>\n<\/td>\n<\/tr>\n<tr>\n<td>\n<p class=\"p1\">T\u0171 n\u00e9lk\u00fcli mezoter\u00e1pi\u00e1s arckezel\u00e9s<\/p>\n<\/td>\n<td>\n<p class=\"p1\">\n<\/td>\n<td>\n<p class=\"p1\" style=\"text-align: right;\">320 lei<\/p>\n<\/td>\n<\/tr>\n<tr>\n<td>\n<p class=\"p1\">Kavit\u00e1ci\u00f3s peeling<\/p>\n<\/td>\n<td>\n<p class=\"p1\">\n<\/td>\n<td>\n<p class=\"p1\" style=\"text-align: right;\">150 lei<\/p>\n<\/td>\n<\/tr>\n<tr>\n<td>\n<p class=\"p1\">Oxig\u00e9nes arckezel\u00e9s + ampulla + kavit\u00e1ci\u00f3s peeling<\/p>\n<\/td>\n<td>\n<p class=\"p1\">\n<\/td>\n<td>\n<p class=\"p1\" style=\"text-align: right;\">310 lei<\/p>\n<\/td>\n<\/tr>\n<tr>\n<td>\n<p class=\"p1\">R\u00e1di\u00f3frekvenci\u00e1s arckezel\u00e9s<\/p>\n<\/td>\n<td>\n<p class=\"p1\">\n<\/td>\n<td>\n<p class=\"p1\" style=\"text-align: right;\">310 lei<\/p>\n<\/td>\n<\/tr>\n<tr>\n<td>\n<p class=\"p1\">Enzimatikus\/k\u00e9miai peeling<\/p>\n<\/td>\n<td>\n<p class=\"p1\">\n<\/td>\n<td>\n<p class=\"p1\" style=\"text-align: right;\">310 lei<\/p>\n<\/td>\n<\/tr>\n<tr>\n<td>\n<p class=\"p1\">Testi r\u00e1di\u00f3frekvencia toniz\u00e1l\u00e1shoz \u00e9s cellulitisz ellen (5 alkalom + 1 aj\u00e1nd\u00e9k alkalom)<\/p>\n<\/td>\n<td>\n<p class=\"p1\">\n<\/td>\n<td>\n<p class=\"p1\" style=\"text-align: right;\">1070 lei<\/p>\n<\/td>\n<\/tr>\n<tr>\n<td>\n<p class=\"p1\">Oxig\u00e9nes arckezel\u00e9s + ampulla (kavit\u00e1ci\u00f3s peeling n\u00e9lk\u00fcl)<\/p>\n<\/td>\n<td>\n<p class=\"p1\">\n<\/td>\n<td>\n<p class=\"p1\" style=\"text-align: right;\">220 lei<\/p>\n<\/td>\n<\/tr>\n<\/tbody>\n<\/table><\/div><\/div><\/div><\/div><\/div><\/div><\/div>\n<div class=\"push  wpv-hide-lowres\" style=\"height:60px\"><\/div>\n","protected":false},"excerpt":{"rendered":"<p>&nbsp; \u00d6r\u00f6kifj\u00fas\u00e1g? M\u00e9g nem fedezt\u00e9k fel az elix\u00edrt, amely v\u00e9gleg megszabad\u00edt minket a r\u00e1ncokt\u00f3l, de l\u00e9teznek olyan elj\u00e1r\u00e1sok, amely a b\u0151rt fiataloss\u00e1 \u00e9s sz\u00e9pp\u00e9 var\u00e1zsolj\u00e1k. Kipr\u00f3b\u00e1ltad m\u00e1r? b\u0151r\u00f6d naponta van kit\u00e9ve a por, a szennyezetts\u00e9g, a h\u0151m\u00e9rs\u00e9klet-ingadoz\u00e1s, a sz\u00e9l \u00e1ltal jelentett vesz\u00e9lyeknek, amelyek kisz\u00e1r\u00edtj\u00e1k b\u0151r\u00f6det, \u00e9s eldugj\u00e1k a p\u00f3rusokat. Id\u0151nk\u00e9nt sz\u00fcks\u00e9ged van a p\u00f3rusok kitiszt\u00edt\u00e1s\u00e1ra,&#8230;<\/p>\n","protected":false},"author":1,"featured_media":0,"parent":13259,"menu_order":0,"comment_status":"closed","ping_status":"closed","template":"","meta":{"footnotes":""},"class_list":["post-13279","page","type-page","status-publish","hentry"],"_links":{"self":[{"href":"https:\/\/www.salon-aphrodite.ro\/hu\/wp-json\/wp\/v2\/pages\/13279","targetHints":{"allow":["GET"]}}],"collection":[{"href":"https:\/\/www.salon-aphrodite.ro\/hu\/wp-json\/wp\/v2\/pages"}],"about":[{"href":"https:\/\/www.salon-aphrodite.ro\/hu\/wp-json\/wp\/v2\/types\/page"}],"author":[{"embeddable":true,"href":"https:\/\/www.salon-aphrodite.ro\/hu\/wp-json\/wp\/v2\/users\/1"}],"replies":[{"embeddable":true,"href":"https:\/\/www.salon-aphrodite.ro\/hu\/wp-json\/wp\/v2\/comments?post=13279"}],"version-history":[{"count":9,"href":"https:\/\/www.salon-aphrodite.ro\/hu\/wp-json\/wp\/v2\/pages\/13279\/revisions"}],"predecessor-version":[{"id":14991,"href":"https:\/\/www.salon-aphrodite.ro\/hu\/wp-json\/wp\/v2\/pages\/13279\/revisions\/14991"}],"up":[{"embeddable":true,"href":"https:\/\/www.salon-aphrodite.ro\/hu\/wp-json\/wp\/v2\/pages\/13259"}],"wp:attachment":[{"href":"https:\/\/www.salon-aphrodite.ro\/hu\/wp-json\/wp\/v2\/media?parent=13279"}],"curies":[{"name":"wp","href":"https:\/\/api.w.org\/{rel}","templated":true}]}}