{"id":12565,"date":"2018-02-16T08:43:10","date_gmt":"2018-02-16T08:43:10","guid":{"rendered":"http:\/\/www.salon-aphrodite.ro\/?page_id=12565"},"modified":"2023-02-22T22:19:45","modified_gmt":"2023-02-22T22:19:45","slug":"make-up","status":"publish","type":"page","link":"http:\/\/www.salon-aphrodite.ro\/ro\/servicii\/make-up\/","title":{"rendered":"Make-up"},"content":{"rendered":"<div class=\"push  wpv-hide-lowres\" style=\"margin-bottom:-120px\"><\/div>\n<div class=\"limit-wrapper\"><div class=\"row \"><div class=\"wpv-grid grid-1-1  wpv-first-level grid-1-1 first has-background unextended no-extended-padding\" style=\"\n\t\t\t\tbackground: url( &#039;https:\/\/hair-beauty.vamtam.com\/wp-content\/uploads\/2016\/01\/bg_intro-home.png&#039; ) no-repeat center top;\n\t\t\t\tbackground-size: auto;\n\t\t\tbackground-attachment: scroll;padding-top:50px;padding-bottom:20px;\" id=\"wpv-column-0c5396bdbd5746788438a4869b571ce4\" ><div class=\"row \"><div class=\"wpv-grid grid-1-5  grid-1-5 first unextended no-extended-padding\" style=\"padding-top:0.05px;padding-bottom:0.05px;\" id=\"wpv-column-5f0a5606eb9395caa1cd0b2b0f5450a4\" ><div class=\"push  wpv-hide-lowres\" style=\"height:1px\"><\/div><\/div>\n<div class=\"wpv-grid grid-3-5  grid-3-5 unextended no-extended-padding\" style=\"padding-top:0.05px;padding-bottom:0.05px;\" id=\"wpv-column-2c370bcf64f3d4051fe3be3575de9edd\" >\t\t<h2 class=\"text-divider-double\">\t\t\t\n<span class='icon shortcode theme  use-hover' style='color:#b69e59;font-size:50px !important;'>&#58916;<\/span> MAKE-UP\t\t<\/h2>\t\t<div class=\"sep\"><\/div>\n\t\n<div class=\"row \"><div class=\"wpv-grid grid-1-1  grid-1-1 first unextended no-extended-padding\" style=\"padding-top:0.05px;padding-bottom:0.05px;\" id=\"wpv-column-359ca1055e21cc6a0b78279a3cc334a8\" ><p style=\"text-align: center;\">Ten, ochi, buze, decolteu. Un make-up impecabil, pentru orice ocazie. Promitem c\u0103 vei ar\u0103ta excelent!<\/div><\/div><\/div><\/div><\/div><\/div><\/div>\n<div class=\"push  wpv-hide-lowres\" style=\"height:70px\"><\/div>\n<div class=\"limit-wrapper\"><div class=\"row \"><div class=\"wpv-grid grid-1-1  wpv-first-level grid-1-1 first unextended no-extended-padding\" style=\"padding-top:0.05px;padding-bottom:0.05px;\" id=\"wpv-column-f08f7b6d53ab5d5947a86c08ea654d81\" ><div class=\"push  wpv-hide-lowres\" style=\"height:20px\"><\/div> <span class='dropcap1 '>S<\/span>\n<p>copul machiajului realizat de c\u0103tre noi este acela de a sublinia \u015fi a eviden\u0163ia frumuse\u0163ea natural\u0103 a fiec\u0103rei femei prin retu\u015furi cosmetice delicate \u015fi mai ales care s\u0103 o avantajeze. Este cea mai eficient\u0103 metod\u0103&nbsp;de a economisi timpul \u015fi banii. De la cele pentru care machiajul este indispensabil, la cele care nu mai au timp sau nu mai au r\u0103bdare s\u0103 se machieze. Pentru cele care doresc doar o accentuare a tr\u0103s\u0103turilor naturale sau pentru cele care \u00ee\u015fi doresc s\u0103 arate bine tot timpul zilei, chiar \u015fi diminea\u0163a devreme.&nbsp;Calitatea serviciilor \u015fi a produselor folosite, \u00eembinat\u0103 cu cea mai avansat\u0103 tehnologie&nbsp;este preocuparea noastr\u0103 major\u0103.<\/p>\n<p>Ceea ce ne diferen\u0163iaz\u0103 sunt rezultatele, pentru c\u0103 experien\u0163a \u015fi volumul mare de clien\u0163i au dovedit c\u0103 tehnica se poate \u00eenv\u0103\u021ba, dar experien\u0163a \u015fi un spa\u0163iu dedicat nu poate fi compensat cu nimic.<\/p>\n<h3>Gene false fir cu fir<\/h3>\n<p>Salonul nostru este printre pu\u0163inele care ofer\u0103 servicii de ultim\u0103 mod\u0103, de extensie a genelor, pentru a ob\u0163ine o privire mai provocatoare, mai misterioas\u0103 \u015fi de invidiat. Extensia genelor este o procedur\u0103 nedureroas\u0103, care const\u0103 \u00een aplicarea de gene false, plasate \u00eentre cele naturale. Din punct de vedere medical, se prezint\u0103 ca o procedur\u0103 s\u0103n\u0103toas\u0103. Nu s-a raportat nicio reac\u0163ie advers\u0103 la ochi. Din punct de vedere practic, sunt rezistente la ap\u0103 \u015fi soare. Procedura dureaz\u0103 \u00eentre 30 minute si&nbsp;1,5 ore. V\u0103 garant\u0103m c\u0103 nu ve\u0163i sim\u0163i nici un fel de disconfort sau durere.<\/p>\n<div class=\"push \" style=\"height:20px\"><\/div><\/div><\/div><\/div>\n<div class=\"push  wpv-hide-lowres\" style=\"height:60px\"><\/div>\n<div class=\"limit-wrapper\"><div class=\"row \"><div class=\"wpv-grid grid-1-1 add-border wpv-first-level grid-1-1 first unextended no-extended-padding\" style=\"padding-top:0.05px;padding-bottom:0.05px;\" id=\"wpv-column-d7007ff1bc20fd7c4724e281662c227c\" ><div class=\"row \"><div class=\"wpv-grid grid-1-2  grid-1-2 first unextended no-extended-padding\" style=\"padding-top:0.05px;padding-bottom:100px;\" id=\"wpv-column-5f4d32388351c78de064c9c65723abe4\" ><div class=\"row \"><div class=\"wpv-grid grid-1-1  grid-1-1 first unextended animation-from-bottom animated-active no-extended-padding\" style=\"padding-top:0.05px;padding-bottom:0.05px;\" id=\"wpv-column-6180d9915e14799d011947b18456af70\" >\t\t<h2 class=\"text-divider-double\">\t\t\t\nPre\u021buri\t\t<\/h2>\t\t<div class=\"sep\"><\/div>\n\t<\/div><\/div>\n<div class=\"push  wpv-hide-lowres\" style=\"height:20px\"><\/div>\n<div class=\"row \"><div class=\"wpv-grid grid-1-1  grid-1-1 first unextended animation-fade-in animated-active no-extended-padding\" style=\"padding-top:0.05px;padding-bottom:0.05px;\" id=\"wpv-column-e4f5f2c4ce006aca350d4d6b2cf5d2d4\" ><table class=\"vamtam-styled\">\n<tbody>\n<tr>\n<td>\n<p class=\"p1\">Machiaj de zi<\/p>\n<\/td>\n<td>\n<p class=\"p1\">\n<\/td>\n<td>\n<p class=\"p1\" style=\"text-align: right;\">150 lei<\/p>\n<\/td>\n<\/tr>\n<tr>\n<td>\n<p class=\"p1\">Machiaj special ocazii\/mirese<\/p>\n<\/td>\n<td>\n<p class=\"p1\">\n<\/td>\n<td>\n<p class=\"p1\" style=\"text-align: right;\">190 lei<\/p>\n<\/td>\n<\/tr>\n<tr>\n<td>\n<p class=\"p1\">Aplicat gene fir cu fir<\/p>\n<\/td>\n<td>\n<p class=\"p1\">\n<\/td>\n<td>\n<p class=\"p1\" style=\"text-align: right;\">4 lei\/smoc<\/p>\n<\/td>\n<\/tr>\n<\/tbody>\n<\/table><\/div><\/div><\/div><\/div><\/div><\/div><\/div>\n<div class=\"push  wpv-hide-lowres\" style=\"height:60px\"><\/div>\n","protected":false},"excerpt":{"rendered":"<p>Ten, ochi, buze, decolteu. Un make-up impecabil, pentru orice ocazie. Promitem c\u0103 vei ar\u0103ta excelent! copul machiajului realizat de c\u0103tre noi este acela de a sublinia \u015fi a eviden\u0163ia frumuse\u0163ea natural\u0103 a fiec\u0103rei femei prin retu\u015furi cosmetice delicate \u015fi mai ales care s\u0103 o avantajeze. Este cea mai eficient\u0103 metod\u0103&nbsp;de a economisi timpul \u015fi banii&#8230;.<\/p>\n","protected":false},"author":1,"featured_media":0,"parent":7956,"menu_order":0,"comment_status":"closed","ping_status":"closed","template":"","meta":{"footnotes":""},"class_list":["post-12565","page","type-page","status-publish","hentry"],"_links":{"self":[{"href":"http:\/\/www.salon-aphrodite.ro\/ro\/wp-json\/wp\/v2\/pages\/12565","targetHints":{"allow":["GET"]}}],"collection":[{"href":"http:\/\/www.salon-aphrodite.ro\/ro\/wp-json\/wp\/v2\/pages"}],"about":[{"href":"http:\/\/www.salon-aphrodite.ro\/ro\/wp-json\/wp\/v2\/types\/page"}],"author":[{"embeddable":true,"href":"http:\/\/www.salon-aphrodite.ro\/ro\/wp-json\/wp\/v2\/users\/1"}],"replies":[{"embeddable":true,"href":"http:\/\/www.salon-aphrodite.ro\/ro\/wp-json\/wp\/v2\/comments?post=12565"}],"version-history":[{"count":21,"href":"http:\/\/www.salon-aphrodite.ro\/ro\/wp-json\/wp\/v2\/pages\/12565\/revisions"}],"predecessor-version":[{"id":14723,"href":"http:\/\/www.salon-aphrodite.ro\/ro\/wp-json\/wp\/v2\/pages\/12565\/revisions\/14723"}],"up":[{"embeddable":true,"href":"http:\/\/www.salon-aphrodite.ro\/ro\/wp-json\/wp\/v2\/pages\/7956"}],"wp:attachment":[{"href":"http:\/\/www.salon-aphrodite.ro\/ro\/wp-json\/wp\/v2\/media?parent=12565"}],"curies":[{"name":"wp","href":"https:\/\/api.w.org\/{rel}","templated":true}]}}