{"id":13636,"date":"2018-03-23T09:49:17","date_gmt":"2018-03-23T09:49:17","guid":{"rendered":"http:\/\/www.salon-aphrodite.ro\/szolgaltatasok\/epilat-definitiv-cu-laser\/"},"modified":"2024-04-19T20:14:50","modified_gmt":"2024-04-19T20:14:50","slug":"lezeres-vegleges-szortelenites","status":"publish","type":"page","link":"http:\/\/www.salon-aphrodite.ro\/hu\/szolgaltatasok\/lezeres-vegleges-szortelenites\/","title":{"rendered":"L\u00e9zeres v\u00e9gleges sz\u0151rtelen\u00edt\u00e9s"},"content":{"rendered":"<div class=\"push  wpv-hide-lowres\" style=\"margin-bottom:-120px\"><\/div>\n<div class=\"limit-wrapper\"><div class=\"row \"><div class=\"wpv-grid grid-1-1  wpv-first-level grid-1-1 first unextended no-extended-padding\" style=\"padding-top:0.05px;padding-bottom:0.05px;\" id=\"wpv-column-e28393845b388c57115613ed1c5873e4\" ><p>&nbsp;<\/div><\/div><\/div>\n<div class=\"limit-wrapper\"><div class=\"row \"><div class=\"wpv-grid grid-1-1  wpv-first-level grid-1-1 first unextended no-extended-padding\" style=\"padding-top:0.05px;padding-bottom:0.05px;\" id=\"wpv-column-f010deb20c316ddf2cf91dfb7069c52e\" ><\/div><\/div><\/div>\n<div class=\"limit-wrapper\"><div class=\"row \"><div class=\"wpv-grid grid-1-1  wpv-first-level grid-1-1 first unextended has-extended-padding\" style=\"padding-top:0.05px;padding-bottom:0.05px;\" id=\"wpv-column-f08ba48ff6ae7724293691750ce2d493\" ><\/div><\/div><\/div>\n<div class=\"limit-wrapper\"><div class=\"row \"><div class=\"wpv-grid grid-1-1  wpv-first-level grid-1-1 first has-background unextended no-extended-padding\" style=\"\n\t\t\t\tbackground: url( &#039;https:\/\/hair-beauty.vamtam.com\/wp-content\/uploads\/2016\/01\/bg_intro-home.png&#039; ) no-repeat center top;\n\t\t\t\tbackground-size: auto;\n\t\t\tbackground-attachment: scroll;padding-top:50px;padding-bottom:20px;\" id=\"wpv-column-fe062fac2a80bd5fcd5f8a5cb0e9e694\" ><div class=\"row \"><div class=\"wpv-grid grid-1-5  grid-1-5 first unextended no-extended-padding\" style=\"padding-top:0.05px;padding-bottom:0.05px;\" id=\"wpv-column-dacd48cbc065e8b6ae79f780efd722d2\" ><div class=\"push  wpv-hide-lowres\" style=\"height:1px\"><\/div><\/div>\n<div class=\"wpv-grid grid-3-5  grid-3-5 unextended no-extended-padding\" style=\"padding-top:0.05px;padding-bottom:0.05px;\" id=\"wpv-column-d04a6af22cf9c4b41c7f3d71c235c9c5\" >\t\t\t\t\t\n<h2 class=\"text-divider-double\"><img decoding=\"async\" class=\"attachment-full size-full\" src=\"http:\/\/www.salon-aphrodite.ro\/wp-content\/uploads\/2018\/03\/epilat.svg\" alt=\"\" data-attachment-id=\"13602\" data-permalink=\"http:\/\/www.salon-aphrodite.ro\/home-layouts\/beatuy\/epilat-2\/\" data-orig-file=\"http:\/\/www.salon-aphrodite.ro\/wp-content\/uploads\/2018\/03\/epilat.svg\" data-orig-size=\"\" data-comments-opened=\"0\" data-image-meta=\"&#091;&#093;\" data-image-title=\"epilat\" data-image-description=\"\" data-medium-file=\"http:\/\/www.salon-aphrodite.ro\/wp-content\/uploads\/2018\/03\/epilat.svg\" data-large-file=\"http:\/\/www.salon-aphrodite.ro\/wp-content\/uploads\/2018\/03\/epilat.svg\"><br \/>\nL\u00e9zeres v\u00e9gleges sz\u0151rtelen\u00edt\u00e9s<\/h2>\n\t\t\t\t<div class=\"sep\"><\/div>\n\t\n<div class=\"row \"><div class=\"wpv-grid grid-1-1  grid-1-1 first unextended no-extended-padding\" style=\"padding-top:0.05px;padding-bottom:0.05px;\" id=\"wpv-column-310b71b703cecf2512db85acc389ecf0\" ><p style=\"text-align: center;\">A l\u00e9zeres v\u00e9gleges sz\u0151rtelen\u00edt\u00e9s egyszer\u0171, de hat\u00e9kony m\u00f3dszer. A l\u00e9zersug\u00e1r nem k\u00e1ros\u00edtja a bels\u0151 szerveket, ahogy nincs semmif\u00e9le m\u00e1s k\u00e1ros hat\u00e1sa sem, ahogy a t\u00f6bbi k\u00e9miai hat\u00f3anyagnak sem.<\/div><\/div><\/div><\/div><\/div><\/div><\/div>\n<div class=\"push  wpv-hide-lowres\" style=\"height:70px\"><\/div>\n<div class=\"limit-wrapper\"><div class=\"row \"><div class=\"wpv-grid grid-1-1  wpv-first-level grid-1-1 first unextended no-extended-padding\" style=\"padding-top:0.05px;padding-bottom:0.05px;\" id=\"wpv-column-996fc8fb5e7a8ce052259626a0a0653a\" ><div class=\"push  wpv-hide-lowres\" style=\"height:20px\"><\/div> <span class='dropcap1 '>A<\/span>\n<p>Diod\u00e1s l\u00e9zeres sz\u0151rtelen\u00edt\u00e9s a leg\u00fajabb \u00e9s leghat\u00e9konyabb epil\u00e1l\u00e1si technol\u00f3gia, amely egyszerre ny\u00fajt biztons\u00e1got, hat\u00e9konys\u00e1got \u00e9s f\u00e1jdalommentess\u00e9get.<\/p>\n<p>A folyamat sor\u00e1n folyamatosan \u00e1ll\u00edthat\u00f3 impulzussal (400ms), ProLens t\u00edpus\u00fa lencs\u00e9n kereszt\u00fcl sug\u00e1rzott, monokromatikus f\u00e9nynyal\u00e1bot haszn\u00e1lunk, amely 60-60 Celsius fokos h\u0151vel a sz\u0151rsz\u00e1lak gy\u00f6ker\u00e9ig hatol, viszont egy\u00e1ltal\u00e1n ne k\u00e1ros\u00edtja a b\u0151r fels\u0151 h\u00e1mr\u00e9teg\u00e9t.<\/p>\n<p>A l\u00e9zersugarat a haj- \u00e9s sz\u0151r sz\u00e1lak sz\u00edn\u00e9\u00e9rt felel\u0151s melanin nyeli el, \u00e9s gyakorlatilag v\u00e9gleg elpuszt\u00edtja a hajsz\u00e1l gy\u00f6ker\u00e9t, ez\u00e1ltal megg\u00e1tolva annak \u00fajb\u00f3li kin\u00f6v\u00e9s\u00e9t.<\/p>\n<p>Ma m\u00e1r a villan\u00f3f\u00e9nyes (intense pulsed light=IPL) sz\u0151rtelen\u00edt\u00e9s elavultnak, nem ny\u00fajtja a k\u00edv\u00e1nt eredm\u00e9nyt, a sz\u0151rsz\u00e1lakat nem t\u00fcnteti el, hanem elv\u00e9kony\u00edtja, mi t\u00f6bb, az elj\u00e1r\u00e1s f\u00e1jdalommal is j\u00e1r.<\/p>\n<p>A Di\u00f3da l\u00e9zeres sz\u0151rtelen\u00edt\u0151 technol\u00f3gia hat\u00e1rozottan el\u0151ny\u00f6sebb, mivel a k\u00edv\u00e1nt fel\u00fcletet teljes m\u00e9rt\u00e9kben lefedi, valamint a magas h\u0151fok haszn\u00e1lata \u00e1ltal, amellyel a sz\u0151rsz\u00e1l gy\u00f6ker\u00e9ig hatolunk v\u00e9glegesen meg\u00e1ll\u00edtja a sz\u0151rsz\u00e1lak \u00fajb\u00f3li kin\u00f6v\u00e9s\u00e9t.<\/p>\n<p>Ennek az elj\u00e1r\u00e1snak legfontosabb el\u0151nyei m\u00e1r az els\u0151 kezel\u00e9sek ut\u00e1n szemmel l\u00e1that\u00f3ak, az elj\u00e1r\u00e1s f\u00e1jdalommentes (szabadalmaztatott h\u0171t\u00e9si rendszert haszn\u00e1lunk), aminek az eredm\u00e9nye v\u00e9g\u00fcl egy selymes, puha, b\u00e1rsonyos \u00e9s f\u00e9nyes b\u0151r.<\/p>\n<p>Ha amiatt agg\u00f3dna, hogy a sz\u0151rsz\u00e1l miatt egy\u00e9b k\u00e1rokat okozn\u00e1nk, ne tegye, a l\u00e9zersug\u00e1r \u00fagy van be\u00e1ll\u00edtva, hogy 2-5mm m\u00e9lys\u00e9gbe hatoljon, a pigmentekt\u0151l, a zs\u00edrr\u00e9tegt\u0151l \u00e9s a sz\u0151rzet d\u00fass\u00e1g\u00e1t\u00f3l f\u00fcgg\u0151en an\u00e9lk\u00fcl, hogy a mirigyeket, illetve a k\u00f6r\u00fcl\u00f6tte lev\u0151 sz\u00f6veteket k\u00e1ros\u00edtan\u00e1.<\/p>\n<p>A minim\u00e1lis kezel\u00e9sek sz\u00e1ma v\u00e1ltoz\u00f3 \u00e9s esett\u0151l f\u00fcgg\u0151, a szemmel l\u00e1that\u00f3 eredm\u00e9nyek legkevesebb h\u00e1rom kezel\u00e9st ig\u00e9nyelnek, mivel az emberi testen a sz\u0151rzet h\u00e1rom k\u00fcl\u00f6nb\u00f6z\u0151 n\u00f6veked\u00e9si ciklust mutat: anag\u00e9n (n\u00f6veked\u00e9si), kateg\u00e9n (\u00e1tmeneti) \u00e9s telog\u00e9n (nyugv\u00f3) \u2013 a kezel\u00e9sek pedig 6-8 hetente k\u00f6vetik egym\u00e1st.<\/p>\n<p>Amennyiben a kezel\u00e9sek k\u00f6z\u00f6tti id\u0151ben a sz\u0151rsz\u00e1lak nem hullanak le magukt\u00f3l, ezeket nem kell csipesszel, gyant\u00e1val vagy egy\u00e9b m\u00f3dszerekkel elt\u00e1vol\u00edtani, hanem borotv\u00e1val. A l\u00e9zeres elj\u00e1r\u00e1snak kitett b\u0151rfel\u00fclet nagys\u00e1g\u00e1t\u00f3l f\u00fcgg\u0151en ez 5 perc \u00e9s egy \u00f3ra k\u00f6z\u00f6tti id\u0151t vehet ig\u00e9nybe.<\/p>\n<p>A lebarnult b\u0151r\u0171ek sz\u00e1m\u00e1ra sincs semmif\u00e9le korl\u00e1toz\u00e1s, mivel a di\u00f3da l\u00e9zeres sz\u0151rtelen\u00edt\u0151 technol\u00f3gia sz\u00e1m\u00edt\u00f3g\u00e9pes rendszere \u00e1ll\u00edtja be a sz\u00fcks\u00e9ges hat\u00f3sugarat, a kliens b\u0151r\u00e9nek megfelel\u0151en.<\/p>\n<p>A f\u00e9rfiak, hasonl\u00f3an a h\u00f6lgyekhez, eszt\u00e9tikai, t\u00falzott sz\u0151r\u00f6ss\u00e9g miatt, vagy egy jobb testi higi\u00e9nia el\u00e9r\u00e9s\u00e9nek c\u00e9lj\u00e1b\u00f3l fordulnak a sz\u0151rtelen\u00edt\u00e9shez.<\/p>\n<p>A di\u00f3da l\u00e9zeres technol\u00f3gia minden b\u0151rfel\u00fclet eset\u00e9n alkalmazhat\u00f3, kiv\u00e9ve az afrikai b\u0151rt\u00edpust, \u00e9s az elj\u00e1r\u00e1s minden testr\u00e9szen alkalmazhat\u00f3, kiv\u00e9ve a szemh\u00e9j \u00e9s a szem\u00f6ld\u00f6k b\u0151rfel\u00fcleteit.<\/p>\n<p>A b\u0151r alatt kin\u00f6v\u0151 sz\u0151rsz\u00e1lak elt\u00e1vol\u00edt\u00e1s\u00e1ra kifejezetten aj\u00e1nlott a di\u00f3da l\u00e9zeres technol\u00f3gia. A leg\u00fajabb \u00e9s leghat\u00e9konyabb technol\u00f3gi\u00e1knak k\u00f6sz\u00f6nhet\u0151en, a kezel\u00e9s elkezd\u00e9s\u00e9nek pillanat\u00e1ban \u00fagy a fel\u00fcleti, mint a b\u0151r alatti sz\u0151rsz\u00e1lakat is lerombolja.<\/p>\n<div class=\"push \" style=\"height:20px\"><\/div><\/div><\/div><\/div>\n<div class=\"push  wpv-hide-lowres\" style=\"height:60px\"><\/div>\n<div class=\"limit-wrapper\"><div class=\"row \"><div class=\"wpv-grid grid-1-1  wpv-first-level grid-1-1 first unextended animation-from-bottom animated-active no-extended-padding\" style=\"padding-top:0.05px;padding-bottom:0.05px;\" id=\"wpv-column-39808e354c2c7cef81249221f4b851c7\" >\t\t<h2 class=\"text-divider-double\">\t\t\t\nV\u00e9gleges l\u00e9zeres sz\u0151rtelen\u00edt\u00e9s\t\t<\/h2>\t\t<div class=\"sep\"><\/div>\n\t<\/div><\/div><\/div>\n<div class=\"limit-wrapper\"><div class=\"row \"><div class=\"wpv-grid grid-1-1  wpv-first-level grid-1-1 first unextended animation-fade-in animated-active no-extended-padding\" style=\"padding-top:0.05px;padding-bottom:0.05px;\" id=\"wpv-column-552c8b4938d221a52ebbc07e4bebfea9\" ><table class=\"vamtam-styled\">\n<tbody>\n<tr>\n<td>\n<p class=\"p1\">Teljes l\u00e1b v\u00e9gleges l\u00e9zeres sz\u0151rtelen\u00edt\u00e9s<\/p>\n<\/td>\n<td>\n<p class=\"p1\">\n<\/td>\n<td>\n<p class=\"p1\" style=\"text-align: right;\">700 lei<\/p>\n<\/td>\n<\/tr>\n<tr>\n<td>\n<p class=\"p1\">Fels\u0151 l\u00e1bsz\u00e1r v\u00e9gleges l\u00e9zeres sz\u0151rtelen\u00edt\u00e9s<\/p>\n<\/td>\n<td>\n<p class=\"p1\">\n<\/td>\n<td>\n<p class=\"p1\" style=\"text-align: right;\">450 lei<\/p>\n<\/td>\n<\/tr>\n<tr>\n<td>\n<p class=\"p1\">R\u00e9szleges bikinivonal v\u00e9gleges l\u00e9zeres sz\u0151rtelen\u00edt\u00e9s<\/p>\n<\/td>\n<td>\n<p class=\"p1\">\n<\/td>\n<td>\n<p class=\"p1\" style=\"text-align: right;\">140 lei<\/p>\n<\/td>\n<\/tr>\n<tr>\n<td>\n<p class=\"p1\">Teljes bikinivonal v\u00e9gleges l\u00e9zeres sz\u0151rtelen\u00edt\u00e9s<\/p>\n<\/td>\n<td>\n<p class=\"p1\">\n<\/td>\n<td>\n<p class=\"p1\" style=\"text-align: right;\">330 lei<\/p>\n<\/td>\n<\/tr>\n<tr>\n<td>\n<p class=\"p1\">Has v\u00e9gleges l\u00e9zeres sz\u0151rtelen\u00edt\u00e9s (n\u0151k)<\/p>\n<\/td>\n<td>\n<p class=\"p1\">\n<\/td>\n<td>\n<p class=\"p1\" style=\"text-align: right;\">250 lei<\/p>\n<\/td>\n<\/tr>\n<tr>\n<td>\n<p class=\"p1\">Has \u00e9s h\u00e1t v\u00e9gleges l\u00e9zeres sz\u0151rtelen\u00edt\u00e9s (f\u00e9rfiak)<\/p>\n<\/td>\n<td>\n<p class=\"p1\">\n<\/td>\n<td>\n<p class=\"p1\" style=\"text-align: right;\">330 lei<\/p>\n<\/td>\n<\/tr>\n<tr>\n<td>\n<p class=\"p1\">V\u00e1llak v\u00e9gleges l\u00e9zeres sz\u0151rtelen\u00edt\u00e9se<\/p>\n<\/td>\n<td>\n<p class=\"p1\">\n<\/td>\n<td>\n<p class=\"p1\" style=\"text-align: right;\">150 lei<\/p>\n<\/td>\n<\/tr>\n<tr>\n<td>\n<p class=\"p1\">Als\u00f3 h\u00e1t v\u00e9gleges l\u00e9zeres sz\u0151rtelen\u00edt\u00e9se<\/p>\n<\/td>\n<td>\n<p class=\"p1\">\n<\/td>\n<td>\n<p class=\"p1\" style=\"text-align: right;\">250 lei<\/p>\n<\/td>\n<\/tr>\n<tr>\n<td>\n<p class=\"p1\">H\u00f3nalj v\u00e9gleges l\u00e9zeres sz\u0151rtelen\u00edt\u00e9se<\/p>\n<\/td>\n<td><\/td>\n<td>\n<p class=\"p1\" style=\"text-align: right;\">140 lei<\/p>\n<\/td>\n<\/tr>\n<tr>\n<td>\n<p class=\"p1\">Fen\u00e9k v\u00e9gleges l\u00e9zeres sz\u0151rtelen\u00edt\u00e9se<\/p>\n<\/td>\n<td>\n<p class=\"p1\">\n<\/td>\n<td>\n<p class=\"p1\" style=\"text-align: right;\">330 lei<\/p>\n<\/td>\n<\/tr>\n<tr>\n<td>\n<p class=\"p1\">Teljes kar v\u00e9gleges l\u00e9zeres sz\u0151rtelen\u00edt\u00e9se<\/p>\n<\/td>\n<td>\n<p class=\"p1\">\n<\/td>\n<td>\n<p class=\"p1\" style=\"text-align: right;\">450 lei<\/p>\n<\/td>\n<\/tr>\n<tr>\n<td>\n<p class=\"p1\">Fels\u0151 kar v\u00e9gleges l\u00e9zeres sz\u0151rtelen\u00edt\u00e9se<\/p>\n<\/td>\n<td>\n<p class=\"p1\">\n<\/td>\n<td>\n<p class=\"p1\" style=\"text-align: right;\">300 lei<\/p>\n<\/td>\n<\/tr>\n<tr>\n<td>\n<p class=\"p1\">Bajusz v\u00e9gleges l\u00e9zeres sz\u0151rtelen\u00edt\u00e9se<\/p>\n<\/td>\n<td>\n<p class=\"p1\">\n<\/td>\n<td>\n<p class=\"p1\" style=\"text-align: right;\">100 lei<\/p>\n<\/td>\n<\/tr>\n<tr>\n<td>\n<p class=\"p1\">\u00c1ll v\u00e9gleges l\u00e9zeres sz\u0151rtelen\u00edt\u00e9se<\/p>\n<\/td>\n<td>\n<p class=\"p1\">\n<\/td>\n<td>\n<p class=\"p1\" style=\"text-align: right;\">100 lei<\/p>\n<\/td>\n<\/tr>\n<\/tbody>\n<\/table><\/div><\/div><\/div>\n<div class=\"push  wpv-hide-lowres\" style=\"height:60px\"><\/div>\n","protected":false},"excerpt":{"rendered":"<p>&nbsp; A l\u00e9zeres v\u00e9gleges sz\u0151rtelen\u00edt\u00e9s egyszer\u0171, de hat\u00e9kony m\u00f3dszer. A l\u00e9zersug\u00e1r nem k\u00e1ros\u00edtja a bels\u0151 szerveket, ahogy nincs semmif\u00e9le m\u00e1s k\u00e1ros hat\u00e1sa sem, ahogy a t\u00f6bbi k\u00e9miai hat\u00f3anyagnak sem. Diod\u00e1s l\u00e9zeres sz\u0151rtelen\u00edt\u00e9s a leg\u00fajabb \u00e9s leghat\u00e9konyabb epil\u00e1l\u00e1si technol\u00f3gia, amely egyszerre ny\u00fajt biztons\u00e1got, hat\u00e9konys\u00e1got \u00e9s f\u00e1jdalommentess\u00e9get. A folyamat sor\u00e1n folyamatosan \u00e1ll\u00edthat\u00f3 impulzussal (400ms), ProLens t\u00edpus\u00fa lencs\u00e9n&#8230;<\/p>\n","protected":false},"author":2,"featured_media":0,"parent":13259,"menu_order":0,"comment_status":"closed","ping_status":"closed","template":"","meta":{"footnotes":""},"class_list":["post-13636","page","type-page","status-publish","hentry"],"_links":{"self":[{"href":"http:\/\/www.salon-aphrodite.ro\/hu\/wp-json\/wp\/v2\/pages\/13636","targetHints":{"allow":["GET"]}}],"collection":[{"href":"http:\/\/www.salon-aphrodite.ro\/hu\/wp-json\/wp\/v2\/pages"}],"about":[{"href":"http:\/\/www.salon-aphrodite.ro\/hu\/wp-json\/wp\/v2\/types\/page"}],"author":[{"embeddable":true,"href":"http:\/\/www.salon-aphrodite.ro\/hu\/wp-json\/wp\/v2\/users\/2"}],"replies":[{"embeddable":true,"href":"http:\/\/www.salon-aphrodite.ro\/hu\/wp-json\/wp\/v2\/comments?post=13636"}],"version-history":[{"count":7,"href":"http:\/\/www.salon-aphrodite.ro\/hu\/wp-json\/wp\/v2\/pages\/13636\/revisions"}],"predecessor-version":[{"id":14816,"href":"http:\/\/www.salon-aphrodite.ro\/hu\/wp-json\/wp\/v2\/pages\/13636\/revisions\/14816"}],"up":[{"embeddable":true,"href":"http:\/\/www.salon-aphrodite.ro\/hu\/wp-json\/wp\/v2\/pages\/13259"}],"wp:attachment":[{"href":"http:\/\/www.salon-aphrodite.ro\/hu\/wp-json\/wp\/v2\/media?parent=13636"}],"curies":[{"name":"wp","href":"https:\/\/api.w.org\/{rel}","templated":true}]}}