{"id":13629,"date":"2018-03-23T09:41:39","date_gmt":"2018-03-23T09:41:39","guid":{"rendered":"http:\/\/www.salon-aphrodite.ro\/szolgaltatasok\/gene-false-fir-cu-fir\/"},"modified":"2024-04-19T20:40:53","modified_gmt":"2024-04-19T20:40:53","slug":"muszempilla-szalankent","status":"publish","type":"page","link":"http:\/\/www.salon-aphrodite.ro\/hu\/szolgaltatasok\/muszempilla-szalankent\/","title":{"rendered":"M\u0171szempilla \u2013 sz\u00e1lank\u00e9nt"},"content":{"rendered":"<div class=\"push  wpv-hide-lowres\" style=\"margin-bottom:-120px\"><\/div>\n<div class=\"limit-wrapper\"><div class=\"row \"><div class=\"wpv-grid grid-1-1  wpv-first-level grid-1-1 first unextended no-extended-padding\" style=\"padding-top:0.05px;padding-bottom:0.05px;\" id=\"wpv-column-2a296a1da1fb616549fa84453ee0b6bc\" ><p>&nbsp;<\/div><\/div><\/div>\n<div class=\"limit-wrapper\"><div class=\"row \"><div class=\"wpv-grid grid-1-1  wpv-first-level grid-1-1 first unextended no-extended-padding\" style=\"padding-top:0.05px;padding-bottom:0.05px;\" id=\"wpv-column-cf00cc04d06de620cceb34ccbe729d90\" ><\/div><\/div><\/div>\n<div class=\"limit-wrapper\"><div class=\"row \"><div class=\"wpv-grid grid-1-1  wpv-first-level grid-1-1 first unextended has-extended-padding\" style=\"padding-top:0.05px;padding-bottom:0.05px;\" id=\"wpv-column-efdea7416b6ab02e6d7f5f1feaa5ce24\" ><\/div><\/div><\/div>\n<div class=\"limit-wrapper\"><div class=\"row \"><div class=\"wpv-grid grid-1-1  wpv-first-level grid-1-1 first unextended has-extended-padding\" style=\"padding-top:0.05px;padding-bottom:0.05px;\" id=\"wpv-column-c634abdaf9d5d12e4ac75d0b0e669d06\" ><\/div><\/div><\/div>\n<div class=\"limit-wrapper\"><div class=\"row \"><div class=\"wpv-grid grid-1-1  wpv-first-level grid-1-1 first has-background unextended no-extended-padding\" style=\"\n\t\t\t\tbackground: url( &#039;https:\/\/hair-beauty.vamtam.com\/wp-content\/uploads\/2016\/01\/bg_intro-home.png&#039; ) no-repeat center top;\n\t\t\t\tbackground-size: auto;\n\t\t\tbackground-attachment: scroll;padding-top:50px;padding-bottom:20px;\" id=\"wpv-column-92f3ca38ac5bbf38488ea2405b2474e1\" ><div class=\"row \"><div class=\"wpv-grid grid-1-5  grid-1-5 first unextended no-extended-padding\" style=\"padding-top:0.05px;padding-bottom:0.05px;\" id=\"wpv-column-953db54e973f7317968301272568ca95\" ><div class=\"push  wpv-hide-lowres\" style=\"height:1px\"><\/div><\/div>\n<div class=\"wpv-grid grid-3-5  grid-3-5 unextended no-extended-padding\" style=\"padding-top:0.05px;padding-bottom:0.05px;\" id=\"wpv-column-5c04678ffea5900785e434658a04b76f\" >\t\t\t\t\t\n<h2 class=\"text-divider-double\"><img decoding=\"async\" class=\"attachment-full size-full\" src=\"http:\/\/www.salon-aphrodite.ro\/wp-content\/uploads\/2018\/03\/gene.svg\" alt=\"\" data-attachment-id=\"13605\" data-permalink=\"http:\/\/www.salon-aphrodite.ro\/home-layouts\/beatuy\/gene\/\" data-orig-file=\"http:\/\/www.salon-aphrodite.ro\/wp-content\/uploads\/2018\/03\/gene.svg\" data-orig-size=\"\" data-comments-opened=\"0\" data-image-meta=\"&#091;&#093;\" data-image-title=\"gene\" data-image-description=\"\" data-medium-file=\"http:\/\/www.salon-aphrodite.ro\/wp-content\/uploads\/2018\/03\/gene.svg\" data-large-file=\"http:\/\/www.salon-aphrodite.ro\/wp-content\/uploads\/2018\/03\/gene.svg\"><br \/>\nSz\u00e1lank\u00e9nti szem\u00f6ld\u00f6kd\u00fas\u00edt\u00e1s<\/h2>\n\t\t\t\t<div class=\"sep\"><\/div>\n\t<\/div><\/div><\/div><\/div><\/div>\n<div class=\"push  wpv-hide-lowres\" style=\"height:70px\"><\/div>\n<div class=\"limit-wrapper\"><div class=\"row \"><div class=\"wpv-grid grid-1-1  wpv-first-level grid-1-1 first unextended no-extended-padding\" style=\"padding-top:0.05px;padding-bottom:0.05px;\" id=\"wpv-column-399bf7a6fe1841d8db3734e6dd9168e8\" ><div class=\"push  wpv-hide-lowres\" style=\"height:20px\"><\/div> <span class='dropcap1 '>A<\/span>\n<p>n\u0151i tulajdons\u00e1gokat gyakran \u00e1br\u00e1zolj\u00e1k a szempill\u00e1k, a szem\u00f6ld\u00f6k, az ajkak \u00e9s a test vonalaival, k\u00f6vetkeztet\u00e9sk\u00e9pp nem v\u00e9letlen, hogy a szempill\u00e1k mindig is hangs\u00falyosabb szerepet kaptak a n\u0151i sz\u00e9ps\u00e9g kifejez\u00e9s\u00e9ben. Az \u00faj \u201em\u0171szempilla-technol\u00f3gi\u00e1k\u201d megjelen\u00e9s\u00e9nek k\u00f6sz\u00f6nhet\u0151en m\u00e1ra m\u00e1r \u201emust have\u201d, hogy sz\u00e9p, d\u00fas \u00e9s hajl\u00edtott szempill\u00e1id legyenek. A tart\u00f3s sz\u00e9ps\u00e9g ir\u00e1nti \u00f3haj sz\u00fclte meg az 5-6 \u00e9vvel ezel\u0151tt Amerik\u00e1ban megjelent sz\u00e1lank\u00e9nti m\u0171szempilla-d\u00fas\u00edt\u00e1st, amely sz\u00e9p, d\u00fas \u00e9s hajl\u00edtott szempill\u00e1kat eredm\u00e9nyez. M\u00e1ra a sz\u00e1lank\u00e9nti m\u0171szempilla technol\u00f3gia a sz\u00e9ps\u00e9gipar egyik legsikeresebb ir\u00e1nyzat\u00e1nak sz\u00e1m\u00edt Franciaorsz\u00e1gban, Olaszorsz\u00e1gban \u00e9s az USA-ban \u2013 nyilatkozta sz\u00e1munkra Raluca Popescu, m\u0171szempilla-stylist \u00e9s Xtreme Lashes trainer.<\/p>\n<h3>El\u0151ny\u00f6k<\/h3>\n<ul>\n<li>A sz\u00e1lank\u00e9nt szempilla-d\u00fas\u00edt\u00e1s legnagyobb el\u0151nye, hogy megmaradhatunk a megszokott \u00e9letform\u00e1nk mellett: sportolhatunk, \u00faszhatunk \u2013 a szem\u00fcnket a hossz\u00fa, d\u00fas \u00e9s hajl\u00edtott szempill\u00e1k fogj\u00e1k d\u00edsz\u00edteni.<\/li>\n<li>A b\u0151v\u00edt\u00e9s sor\u00e1n be\u00fcltettet m\u0171szempill\u00e1k nem ragadnak egym\u00e1shoz, rendezettek, \u00e9s nem zavarj\u00e1k az eredeti szempill\u00e1kat, a k\u00f6t\u0151anyag l\u00e1thatatlan, nem irrit\u00e1lja a b\u0151rt, \u00edgy az \u00e9rz\u00e9keny szem\u0171ek sz\u00e1m\u00e1ra is el\u00e9rhet\u0151, \u00e9s teljess\u00e9ggel szem\u00e9lyre szabhat\u00f3.<\/li>\n<li>A sz\u00e1lank\u00e9nti felhord\u00e1sa term\u00e9szetes hat\u00e1st k\u00f6lcs\u00f6n\u00f6z, de, amennyiben \u00f3hajtja sz\u00ednezhetj\u00fck, vagy Swarovski-krist\u00e1lyokkal d\u00edsz\u00edthetj\u00fck. A min\u0151s\u00e9gi szempill\u00e1knak n\u00e9gy az egyben hat\u00e1sa van: hosszabb\u00edt, d\u00fas\u00edt (a stylist 160-220 szempill\u00e1t tesz fel), \u00fajramodellez \u00e9s g\u00f6nd\u00f6r\u00edt (lifting) az optikailag egym\u00e1st\u00f3l lev\u0151 szemet k\u00f6zelebb hozza, a lefele ir\u00e1nyul\u00f3 tekintetet megemeli<\/li>\n<\/ul>\n<p>K\u00fcl\u00f6nleges \u00e1pol\u00e1st ig\u00e9nyel annyiban, hogy smink let\u00f6rl\u00e9se sor\u00e1n ker\u00fclni kell az olajalap\u00fa sminklemos\u00f3kat a szempill\u00e1k \u00e9s azok k\u00f6rny\u00e9k\u00e9n; amennyiben \u00e9jszakai kr\u00e9met haszn\u00e1l, lefekv\u00e9s el\u0151tt 15 perccel kenje be mag\u00e1t vele; a szempill\u00e1k \u00e9s a szem tiszt\u00edt\u00e1sra ne haszn\u00e1ljon pufos, sz\u0151r\u00f6s p\u00e1rn\u00e1csk\u00e1kat (pamut- p\u00e1rn\u00e1csk\u00e1kat p\u00e9ld\u00e1ul), ne s\u00farolja kem\u00e9nyen a szem\u00f6ld\u00f6k\u00f6t \u00e9s kifejezetten ne tegye ezt a szempill\u00e1kkal.<\/p>\n<div class=\"push \" style=\"height:20px\"><\/div><\/div><\/div><\/div>\n<div class=\"push  wpv-hide-lowres\" style=\"height:60px\"><\/div>\n<div class=\"limit-wrapper\"><div class=\"row \"><div class=\"wpv-grid grid-1-1 add-border wpv-first-level grid-1-1 first unextended no-extended-padding\" style=\"padding-top:0.05px;padding-bottom:0.05px;\" id=\"wpv-column-c335d41093f83d94fb8edaf50015383e\" ><div class=\"row \"><div class=\"wpv-grid grid-1-1  grid-1-1 first unextended animation-from-bottom animated-active no-extended-padding\" style=\"padding-top:0.05px;padding-bottom:0.05px;\" id=\"wpv-column-4aac2cd83fc6695d5a1610d3540bd718\" >\t\t<h2 class=\"text-divider-double\">\t\t\t\n\u00c1rlista\t\t<\/h2>\t\t<div class=\"sep\"><\/div>\n\t<\/div><\/div>\n<div class=\"row \"><div class=\"wpv-grid grid-1-1  grid-1-1 first unextended no-extended-padding\" style=\"padding-top:0.05px;padding-bottom:100px;\" id=\"wpv-column-3cf23e2447b972c4ab8ee26270e8ef0f\" ><div class=\"push  wpv-hide-lowres\" style=\"height:20px\"><\/div>\n<div class=\"row \"><div class=\"wpv-grid grid-1-1  grid-1-1 first unextended animation-fade-in animated-active no-extended-padding\" style=\"padding-top:0.05px;padding-bottom:0.05px;\" id=\"wpv-column-f31ed69ec3611e05f97406099d293204\" ><table class=\"vamtam-styled\">\n<tbody>\n<tr>\n<td>\n<p class=\"p1\">Sz\u00e1lank\u00e9nt szempillaberak\u00e1s 1D<\/p>\n<\/td>\n<td>\n<p class=\"p1\">\n<\/td>\n<td>\n<p class=\"p1\" style=\"text-align: right;\">200 lei<\/p>\n<\/td>\n<\/tr>\n<tr>\n<td>\n<p class=\"p1\">Sz\u00e1lank\u00e9nti szempillaberak\u00e1s karbantart\u00e1sa 1D<\/p>\n<\/td>\n<td>\n<p class=\"p1\">\n<\/td>\n<td>\n<p class=\"p1\" style=\"text-align: right;\">200 lei<\/p>\n<\/td>\n<\/tr>\n<tr>\n<td>\n<p class=\"p1\">Sz\u00e1lank\u00e9nti szempillaberak\u00e1s 2D<\/p>\n<\/td>\n<td>\n<p class=\"p1\">\n<\/td>\n<td>\n<p class=\"p1\" style=\"text-align: right;\">250 lei<\/p>\n<\/td>\n<\/tr>\n<tr>\n<td>\n<p class=\"p1\">Sz\u00e1lank\u00e9nti szempillaberak\u00e1s karbantart\u00e1sa 2D<\/p>\n<\/td>\n<td>\n<p class=\"p1\">\n<\/td>\n<td>\n<p class=\"p1\" style=\"text-align: right;\">250 lei<\/p>\n<\/td>\n<\/tr>\n<\/tbody>\n<\/table><\/div><\/div><\/div><\/div><\/div><\/div><\/div>\n<div class=\"push  wpv-hide-lowres\" style=\"height:60px\"><\/div>\n","protected":false},"excerpt":{"rendered":"<p>&nbsp; n\u0151i tulajdons\u00e1gokat gyakran \u00e1br\u00e1zolj\u00e1k a szempill\u00e1k, a szem\u00f6ld\u00f6k, az ajkak \u00e9s a test vonalaival, k\u00f6vetkeztet\u00e9sk\u00e9pp nem v\u00e9letlen, hogy a szempill\u00e1k mindig is hangs\u00falyosabb szerepet kaptak a n\u0151i sz\u00e9ps\u00e9g kifejez\u00e9s\u00e9ben. Az \u00faj \u201em\u0171szempilla-technol\u00f3gi\u00e1k\u201d megjelen\u00e9s\u00e9nek k\u00f6sz\u00f6nhet\u0151en m\u00e1ra m\u00e1r \u201emust have\u201d, hogy sz\u00e9p, d\u00fas \u00e9s hajl\u00edtott szempill\u00e1id legyenek. A tart\u00f3s sz\u00e9ps\u00e9g ir\u00e1nti \u00f3haj sz\u00fclte meg az 5-6&#8230;<\/p>\n","protected":false},"author":2,"featured_media":0,"parent":13259,"menu_order":0,"comment_status":"closed","ping_status":"closed","template":"","meta":{"footnotes":""},"class_list":["post-13629","page","type-page","status-publish","hentry"],"_links":{"self":[{"href":"http:\/\/www.salon-aphrodite.ro\/hu\/wp-json\/wp\/v2\/pages\/13629","targetHints":{"allow":["GET"]}}],"collection":[{"href":"http:\/\/www.salon-aphrodite.ro\/hu\/wp-json\/wp\/v2\/pages"}],"about":[{"href":"http:\/\/www.salon-aphrodite.ro\/hu\/wp-json\/wp\/v2\/types\/page"}],"author":[{"embeddable":true,"href":"http:\/\/www.salon-aphrodite.ro\/hu\/wp-json\/wp\/v2\/users\/2"}],"replies":[{"embeddable":true,"href":"http:\/\/www.salon-aphrodite.ro\/hu\/wp-json\/wp\/v2\/comments?post=13629"}],"version-history":[{"count":8,"href":"http:\/\/www.salon-aphrodite.ro\/hu\/wp-json\/wp\/v2\/pages\/13629\/revisions"}],"predecessor-version":[{"id":14823,"href":"http:\/\/www.salon-aphrodite.ro\/hu\/wp-json\/wp\/v2\/pages\/13629\/revisions\/14823"}],"up":[{"embeddable":true,"href":"http:\/\/www.salon-aphrodite.ro\/hu\/wp-json\/wp\/v2\/pages\/13259"}],"wp:attachment":[{"href":"http:\/\/www.salon-aphrodite.ro\/hu\/wp-json\/wp\/v2\/media?parent=13629"}],"curies":[{"name":"wp","href":"https:\/\/api.w.org\/{rel}","templated":true}]}}