{"id":13298,"date":"2018-02-16T08:44:02","date_gmt":"2018-02-16T08:44:02","guid":{"rendered":"http:\/\/www.salon-aphrodite.ro\/servicii\/masaj\/"},"modified":"2025-07-16T13:09:53","modified_gmt":"2025-07-16T13:09:53","slug":"masszazs","status":"publish","type":"page","link":"http:\/\/www.salon-aphrodite.ro\/hu\/szolgaltatasok\/masszazs\/","title":{"rendered":"Massz\u00e1zs"},"content":{"rendered":"<div class=\"push  wpv-hide-lowres\" style=\"margin-bottom:-120px\"><\/div>\n<div class=\"limit-wrapper\"><div class=\"row \"><div class=\"wpv-grid grid-1-1  wpv-first-level grid-1-1 first unextended no-extended-padding\" style=\"padding-top:0.05px;padding-bottom:0.05px;\" id=\"wpv-column-d9ebdf60722a2962b517b8ebe7d1dcfb\" ><p>&nbsp;<\/div><\/div><\/div>\n<div class=\"limit-wrapper\"><div class=\"row \"><div class=\"wpv-grid grid-1-1  wpv-first-level grid-1-1 first has-background unextended no-extended-padding\" style=\"\n\t\t\t\tbackground: url( &#039;https:\/\/hair-beauty.vamtam.com\/wp-content\/uploads\/2016\/01\/bg_intro-home.png&#039; ) no-repeat center top;\n\t\t\t\tbackground-size: auto;\n\t\t\tbackground-attachment: scroll;padding-top:50px;padding-bottom:20px;\" id=\"wpv-column-697b3f8d9c60239b782a83f7b8a2321e\" ><div class=\"row \"><div class=\"wpv-grid grid-1-5  grid-1-5 first unextended no-extended-padding\" style=\"padding-top:0.05px;padding-bottom:0.05px;\" id=\"wpv-column-d7a348df3030a400dd910693592fd8b2\" ><div class=\"push  wpv-hide-lowres\" style=\"height:1px\"><\/div><\/div>\n<div class=\"wpv-grid grid-3-5  grid-3-5 unextended no-extended-padding\" style=\"padding-top:0.05px;padding-bottom:0.05px;\" id=\"wpv-column-5f951654abef8cff6dc71463254cbe2d\" >\t\t\t\t\t\n<h2 class=\"text-divider-double\"><img decoding=\"async\" class=\"attachment-full size-full\" src=\"http:\/\/www.salon-aphrodite.ro\/wp-content\/uploads\/2018\/02\/masaj.svg\" alt=\"\" data-attachment-id=\"13199\" data-permalink=\"http:\/\/www.salon-aphrodite.ro\/home-layouts\/beatuy\/masaj-2\/\" data-orig-file=\"http:\/\/www.salon-aphrodite.ro\/wp-content\/uploads\/2018\/02\/masaj.svg\" data-orig-size=\"\" data-comments-opened=\"0\" data-image-meta=\"&#091;&#093;\" data-image-title=\"masaj\" data-image-description=\"\" data-medium-file=\"http:\/\/www.salon-aphrodite.ro\/wp-content\/uploads\/2018\/02\/masaj.svg\" data-large-file=\"http:\/\/www.salon-aphrodite.ro\/wp-content\/uploads\/2018\/02\/masaj.svg\" \/><br \/>\nMassz\u00e1zs<\/h2>\n\t\t\t\t<div class=\"sep\"><\/div>\n\t\n<div class=\"row \"><div class=\"wpv-grid grid-1-1  grid-1-1 first unextended no-extended-padding\" style=\"padding-top:0.05px;padding-bottom:0.05px;\" id=\"wpv-column-7c1386ce27a566083877c4811b540156\" ><p style=\"text-align: center;\">A relax\u00e1l\u00e1s \u00faj dimenzi\u00f3i!<\/div><\/div><\/div><\/div><\/div><\/div><\/div>\n<div class=\"push  wpv-hide-lowres\" style=\"height:70px\"><\/div>\n<div class=\"limit-wrapper\"><div class=\"row \"><div class=\"wpv-grid grid-1-1  wpv-first-level grid-1-1 first unextended no-extended-padding\" style=\"padding-top:0.05px;padding-bottom:0.05px;\" id=\"wpv-column-8185173034dc2fda096327953456f02b\" ><div class=\"push  wpv-hide-lowres\" style=\"height:20px\"><\/div> <span class='dropcap1 '>A<\/span>\n<p>z izmokban felgy\u00fclemlett fesz\u00fclts\u00e9g levezet\u00e9se szoros \u00f6sszef\u00fcgg\u00e9sben \u00e1ll a ment\u00e1lis eg\u00e9szs\u00e9g\u00fcnkkel, cs\u00f6kkenti a szorong\u00e1st \u00e9s a depresszi\u00f3t, jav\u00edtja a koncentr\u00e1l\u00f3k\u00e9pess\u00e9get, \u00e9s seg\u00edt m\u00e9lyen relax\u00e1lni, megsz\u00fcnteti a napk\u00f6zbeni alusz\u00e9konys\u00e1got, \u00e9s az \u00e1lmatlans\u00e1got. A relax\u00e1l\u00f3 massz\u00e1zs minden koroszt\u00e1ly sz\u00e1m\u00e1ra javasolhat\u00f3, az \u00fajsz\u00fcl\u00f6ttekt\u0151l a sz\u00e9pkor\u00faakig.<\/p>\n<div class=\"push \" style=\"height:20px\"><\/div><\/div><\/div><\/div>\n<div class=\"push  wpv-hide-lowres\" style=\"height:60px\"><\/div>\n<div class=\"limit-wrapper\"><div class=\"row \"><div class=\"wpv-grid grid-1-1 add-border wpv-first-level grid-1-1 first unextended no-extended-padding\" style=\"padding-top:0.05px;padding-bottom:0.05px;\" id=\"wpv-column-8900d3aef399251fa90baf21a4a81ff4\" ><div class=\"row \"><div class=\"wpv-grid grid-1-2  grid-1-2 first unextended no-extended-padding\" style=\"padding-top:0.05px;padding-bottom:100px;\" id=\"wpv-column-9447b4e7ef6c8a05b2b15c6ac5047934\" ><div class=\"row \"><div class=\"wpv-grid grid-1-1  grid-1-1 first unextended animation-from-bottom animated-active no-extended-padding\" style=\"padding-top:0.05px;padding-bottom:0.05px;\" id=\"wpv-column-bf25e7fa663f8a0043297de63c2d5fde\" >\t\t<h2 class=\"text-divider-double\">\t\t\t\nK\u00e9zi massz\u00e1zs\t\t<\/h2>\t\t<div class=\"sep\"><\/div>\n\t<\/div><\/div>\n<div class=\"push  wpv-hide-lowres\" style=\"height:20px\"><\/div>\n<div class=\"row \"><div class=\"wpv-grid grid-1-1  grid-1-1 first unextended animation-fade-in animated-active no-extended-padding\" style=\"padding-top:0.05px;padding-bottom:0.05px;\" id=\"wpv-column-238227d241fa239aee42ae5c696d8b5d\" ><table class=\"vamtam-styled\">\n<tbody>\n<tr>\n<td>\n<p class=\"p1\">Meleg m\u00e9zes relax\u00e1ci\u00f3s massz\u00e1zs<\/p>\n<\/td>\n<td>\n<p class=\"p1\"><span class='icon shortcode theme  use-hover' style='color:#545f64;font-size:14px !important;'>&#57530;<\/span>\u00a0 \u00a080 perc.<\/p>\n<\/td>\n<td>\n<p class=\"p1\" style=\"text-align: right;\">210 lei<\/p>\n<\/td>\n<\/tr>\n<tr>\n<td>\n<p class=\"p1\">Relax\u00e1ci\u00f3s massz\u00e1zs<\/p>\n<\/td>\n<td>\n<p class=\"p1\"><span class='icon shortcode theme  use-hover' style='color:#545f64;font-size:14px !important;'>&#57530;<\/span>\u00a0 \u00a050\/80 perc.<\/p>\n<\/td>\n<td>\n<p class=\"p1\" style=\"text-align: right;\">145\/210 lei<\/p>\n<\/td>\n<\/tr>\n<tr>\n<td>\n<p class=\"p1\">Ter\u00e1pi\u00e1s massz\u00e1zs<\/p>\n<\/td>\n<td>\n<p class=\"p1\"><span class='icon shortcode theme  use-hover' style='color:#545f64;font-size:14px !important;'>&#57530;<\/span>\u00a0 \u00a050\/80 perc.<\/p>\n<\/td>\n<td>\n<p class=\"p1\" style=\"text-align: right;\">170\/225 lei<\/p>\n<\/td>\n<\/tr>\n<tr>\n<td>\n<p class=\"p1\">Z\u00f3n\u00e1lis ter\u00e1pi\u00e1s massz\u00e1zs<\/p>\n<\/td>\n<td>\n<p class=\"p1\"><span class='icon shortcode theme  use-hover' style='color:#545f64;font-size:14px !important;'>&#57530;<\/span>\u00a0 \u00a030 perc.<\/p>\n<\/td>\n<td>\n<p class=\"p1\" style=\"text-align: right;\">105 lei<\/p>\n<\/td>\n<\/tr>\n<tr>\n<td>\n<p class=\"p1\">Reflexol\u00f3gia<\/p>\n<\/td>\n<td>\n<p class=\"p1\"><span class='icon shortcode theme  use-hover' style='color:#545f64;font-size:14px !important;'>&#57530;<\/span>\u00a0\u00a0\u00a040 perc.<\/p>\n<\/td>\n<td>\n<p class=\"p1\" style=\"text-align: right;\">145 lei<\/p>\n<\/td>\n<\/tr>\n<tr>\n<td>\n<p class=\"p1\">Bambusz anticellulit massz\u00e1zs<\/p>\n<\/td>\n<td>\n<p class=\"p1\"><span class='icon shortcode theme  use-hover' style='color:#545f64;font-size:14px !important;'>&#57530;<\/span>\u00a0 \u00a030 perc.<\/p>\n<\/td>\n<td>\n<p class=\"p1\" style=\"text-align: right;\">100 lei<\/p>\n<\/td>\n<\/tr>\n<\/tbody>\n<\/table>\n<h3 style=\"text-align: center;\">B\u00c9RLET 10 + 1 INGYEN<\/h3><\/div><\/div><\/div><\/div><\/div><\/div><\/div>\n<div class=\"push  wpv-hide-lowres\" style=\"height:60px\"><\/div>\n","protected":false},"excerpt":{"rendered":"<p>&nbsp; A relax\u00e1l\u00e1s \u00faj dimenzi\u00f3i! z izmokban felgy\u00fclemlett fesz\u00fclts\u00e9g levezet\u00e9se szoros \u00f6sszef\u00fcgg\u00e9sben \u00e1ll a ment\u00e1lis eg\u00e9szs\u00e9g\u00fcnkkel, cs\u00f6kkenti a szorong\u00e1st \u00e9s a depresszi\u00f3t, jav\u00edtja a koncentr\u00e1l\u00f3k\u00e9pess\u00e9get, \u00e9s seg\u00edt m\u00e9lyen relax\u00e1lni, megsz\u00fcnteti a napk\u00f6zbeni alusz\u00e9konys\u00e1got, \u00e9s az \u00e1lmatlans\u00e1got. A relax\u00e1l\u00f3 massz\u00e1zs minden koroszt\u00e1ly sz\u00e1m\u00e1ra javasolhat\u00f3, az \u00fajsz\u00fcl\u00f6ttekt\u0151l a sz\u00e9pkor\u00faakig. Meleg m\u00e9zes relax\u00e1ci\u00f3s massz\u00e1zs \u00a0 \u00a080 perc. 210&#8230;<\/p>\n","protected":false},"author":1,"featured_media":0,"parent":13259,"menu_order":0,"comment_status":"closed","ping_status":"closed","template":"","meta":{"footnotes":""},"class_list":["post-13298","page","type-page","status-publish","hentry"],"_links":{"self":[{"href":"http:\/\/www.salon-aphrodite.ro\/hu\/wp-json\/wp\/v2\/pages\/13298","targetHints":{"allow":["GET"]}}],"collection":[{"href":"http:\/\/www.salon-aphrodite.ro\/hu\/wp-json\/wp\/v2\/pages"}],"about":[{"href":"http:\/\/www.salon-aphrodite.ro\/hu\/wp-json\/wp\/v2\/types\/page"}],"author":[{"embeddable":true,"href":"http:\/\/www.salon-aphrodite.ro\/hu\/wp-json\/wp\/v2\/users\/1"}],"replies":[{"embeddable":true,"href":"http:\/\/www.salon-aphrodite.ro\/hu\/wp-json\/wp\/v2\/comments?post=13298"}],"version-history":[{"count":8,"href":"http:\/\/www.salon-aphrodite.ro\/hu\/wp-json\/wp\/v2\/pages\/13298\/revisions"}],"predecessor-version":[{"id":14961,"href":"http:\/\/www.salon-aphrodite.ro\/hu\/wp-json\/wp\/v2\/pages\/13298\/revisions\/14961"}],"up":[{"embeddable":true,"href":"http:\/\/www.salon-aphrodite.ro\/hu\/wp-json\/wp\/v2\/pages\/13259"}],"wp:attachment":[{"href":"http:\/\/www.salon-aphrodite.ro\/hu\/wp-json\/wp\/v2\/media?parent=13298"}],"curies":[{"name":"wp","href":"https:\/\/api.w.org\/{rel}","templated":true}]}}