{"id":13290,"date":"2018-02-16T13:02:32","date_gmt":"2018-02-16T13:02:32","guid":{"rendered":"http:\/\/www.salon-aphrodite.ro\/servicii\/manichiura-pedichiura\/"},"modified":"2025-08-09T20:31:55","modified_gmt":"2025-08-09T20:31:55","slug":"manikur-pedikur","status":"publish","type":"page","link":"http:\/\/www.salon-aphrodite.ro\/hu\/szolgaltatasok\/manikur-pedikur\/","title":{"rendered":"Manik\u0171r- Pedik\u0171r"},"content":{"rendered":"<div class=\"push  wpv-hide-lowres\" style=\"margin-bottom:-120px\"><\/div>\n<div class=\"limit-wrapper\"><div class=\"row \"><div class=\"wpv-grid grid-1-1  wpv-first-level grid-1-1 first unextended no-extended-padding\" style=\"padding-top:0.05px;padding-bottom:0.05px;\" id=\"wpv-column-1e23da7ab7fd6ca63ebe34e5b4d91dc4\" ><p>&nbsp;<\/div><\/div><\/div>\n<div class=\"limit-wrapper\"><div class=\"row \"><div class=\"wpv-grid grid-1-1  wpv-first-level grid-1-1 first unextended no-extended-padding\" style=\"padding-top:0.05px;padding-bottom:0.05px;\" id=\"wpv-column-746d7ac152dddca576932eb1b22fa518\" ><\/div><\/div><\/div>\n<div class=\"limit-wrapper\"><div class=\"row \"><div class=\"wpv-grid grid-1-1  wpv-first-level grid-1-1 first has-background unextended no-extended-padding\" style=\"\n\t\t\t\tbackground: url( &#039;https:\/\/hair-beauty.vamtam.com\/wp-content\/uploads\/2016\/01\/bg_intro-home.png&#039; ) no-repeat center top;\n\t\t\t\tbackground-size: auto;\n\t\t\tbackground-attachment: scroll;padding-top:50px;padding-bottom:20px;\" id=\"wpv-column-5bf12ae2e22bee6bf94b8aa6c212fa70\" ><div class=\"row \"><div class=\"wpv-grid grid-1-5  grid-1-5 first unextended no-extended-padding\" style=\"padding-top:0.05px;padding-bottom:0.05px;\" id=\"wpv-column-cb0c3cbd5a7e8484aba7ff2800b0da0f\" ><div class=\"push  wpv-hide-lowres\" style=\"height:1px\"><\/div><\/div>\n<div class=\"wpv-grid grid-3-5  grid-3-5 unextended no-extended-padding\" style=\"padding-top:0.05px;padding-bottom:0.05px;\" id=\"wpv-column-3cbacd8d5a9ae6af82a4fb7e2e139709\" >\t\t<h2 class=\"text-divider-double\">\t\t\t\n<span class='icon shortcode theme  use-hover' style='color:#b69e59;font-size:50px !important;'>&#58918;<\/span> Manik\u0171r Pedik\u0171r\t\t<\/h2>\t\t<div class=\"sep\"><\/div>\n\t\n<div class=\"row \"><div class=\"wpv-grid grid-1-1  grid-1-1 first unextended no-extended-padding\" style=\"padding-top:0.05px;padding-bottom:0.05px;\" id=\"wpv-column-6fb36c6da1e46d2fc07b3a58871873fa\" ><p style=\"text-align: center;\">\u00c1polt k\u00f6rm\u00f6k \u2013 k\u00fcl\u00f6nb\u00f6z\u0151 sz\u00ednekben \u00e9s modellekben<\/div><\/div><\/div><\/div><\/div><\/div><\/div>\n<div class=\"push  wpv-hide-lowres\" style=\"height:70px\"><\/div>\n<div class=\"limit-wrapper\"><div class=\"row \"><div class=\"wpv-grid grid-1-1  wpv-first-level grid-1-1 first unextended no-extended-padding\" style=\"padding-top:0.05px;padding-bottom:0.05px;\" id=\"wpv-column-60a82fa87524a7f5128b0523b7ccdaeb\" ><div class=\"push  wpv-hide-lowres\" style=\"height:20px\"><\/div> <span class='dropcap1 '>L<\/span>\n<p>egyen sz\u00f3 ak\u00e1r a francia manik\u0171rr\u0151l, ak\u00e1r valami \u00fajszer\u0171r\u0151l, mi gondoskodunk az \u00d6n kezeir\u0151l. A puha \u00e9s hajl\u00e9kony, valamint a sz\u00e1raz \u00e9s t\u00f6r\u00e9keny k\u00f6rm\u00f6k t\u00f6bb\u00e9 nem okoznak gondot. Ig\u00e9nyeit\u0151l f\u00fcggetlen\u00fcl minden \u00f3haja teljes\u00edthet\u0151, gondoljon csak arra, hogy keze \u00e9s k\u00f6rmei mennyi mindennek vannak kit\u00e9ve: az \u00e9vszakok v\u00e1ltoz\u00e1sait a k\u00e9zfejek \u00e9s a k\u00f6rmeik is meg\u00e9rzik. Tudvalev\u0151, hogy a kez\u00fcnk olyan, mint egy t\u00fck\u00f6r, \u0151 \u00e1rulja el legk\u00f6nnyebben korunkat. Ugyanez \u00e1ll fenn a l\u00e1bk\u00f6rmeink eset\u00e9n is, a k\u00fcl\u00f6nbs\u00e9g annyi, hogy kev\u00e9sb\u00e9 van kit\u00e9ve a k\u00f6rnyezeti hat\u00e1soknak, mint a kez\u00fcnk\u00f6n lev\u0151 k\u00f6rm\u00f6k. Ennek ellen\u00e9re az izzad\u00e1s nagyobb kock\u00e1zatot jelent, l\u00e9v\u00e9n a l\u00e1bak szinte \u00e1lland\u00f3an csukott, z\u00e1rt helyzetben vannak \u00e9s a p\u00f3rusok \u00edgy nehezebben l\u00e9legeznek. Ezek miatt \u00d6nnek nem kell agg\u00f3dnia, sz\u00e9ps\u00e9gszalonunkban utols\u00f3 gener\u00e1ci\u00f3s g\u00e9peket haszn\u00e1lunk, biol\u00f3giai-klinikai ellen\u0151rz\u00e9s mellett, eszk\u00f6zeink sterilek \u00e9s megfelelnek a t\u00f6rv\u00e9nyes el\u0151\u00edr\u00e1soknak.<\/p>\n<h3>Paraffinos k\u00e9zkezel\u00e9s<\/h3>\n<p>A kezeket, ak\u00e1rcsak a l\u00e1bakat fert\u0151tlen\u00edtj\u00fck, ezut\u00e1n b\u0151rrad\u00edr seg\u00edts\u00e9g\u00e9vel elt\u00e1vol\u00edtjuk az elhalt b\u0151rsejteket. A kezeket h\u00e1rom egym\u00e1st k\u00f6vet\u0151 alkalommal paraffinba s\u00fcllyesztik, nyitott teny\u00e9rrel, hogy a paraffin be tudjon hatolni az ujjak k\u00f6z\u00e9 is. A nejlonkeszty\u0171 f\u00f6l\u00e9 textilb\u0151l k\u00e9sz\u00fclt keszty\u0171t h\u00fazunk, amely egy dunsztol\u00f3 hat\u00e1st biztos\u00edt, majd 10-15 perc ut\u00e1n elt\u00e1vol\u00edtjuk kez\u00e9r\u0151l a m\u00e1r kih\u0171lt paraffint. A k\u00e9zr\u0151l \u00e9s a l\u00e1br\u00f3l elt\u00e1vol\u00edtott paraffint nem haszn\u00e1ljuk fel \u00fajra! A paraffinos kezel\u00e9st manik\u0171r \u00e9s pedik\u0171r haszn\u00e1lata ut\u00e1n javasoljuk, a folyamatok kombin\u00e1lhat\u00f3ak, pedik\u0171r\u00f6z\u00e9s alatt bekenhetj\u00fck a kezeket paraffinnal, vagy ford\u00edtva, am\u00edg manik\u0171r\u00f6z\u00fcnk a l\u00e1bainkat \u00e1polhatjuk paraffinos kezel\u00e9ssel.<\/p>\n<h3>Paraffinos l\u00e1b\u00e1pol\u00e1s<\/h3>\n<p>A paraffinos l\u00e1b\u00e1pol\u00e1s egy gy\u00f3gyn\u00f6v\u00e9nyekb\u0151l \u00f6ssze\u00e1ll\u00edtott l\u00e1bf\u00fcrd\u0151vel kezd\u0151dik, ezt k\u00f6veti a fert\u0151tlen\u00edt\u00e9s, majd b\u0151rrad\u00edr seg\u00edts\u00e9g\u00e9vel elt\u00e1vol\u00edtjuk az elhalt b\u0151rsejteket. A k\u00edv\u00e1nt hat\u00e1s el\u00e9r\u00e9s\u00e9rt a l\u00e1bf\u00fcrd\u0151h\u00f6z sz\u00e9les v\u00e1laszt\u00e9kb\u00f3l ig\u00e9nyelhet\u00fcnk \u00f6sszetev\u0151ket, \u00fagy mint: tengeri s\u00f3, grenadin, citrom, csipkebogy\u00f3 stb. A b\u0151rrad\u00edroz\u00e1st egy erre k\u00e9sz\u00fclt, \u00fan. b\u0151rrad\u00edroz\u00f3-keszty\u0171ben v\u00e9gzett massz\u00edroz\u00e1ssal hajtjuk v\u00e9gre, amely serkenti a v\u00e9rkering\u00e9st, n\u00f6veli a b\u0151rrad\u00edroz\u00e1s j\u00f3t\u00e9kony hat\u00e1s\u00e1t ez\u00e1ltal egy wellness-\u00e9lm\u00e9nnyel gazdag\u00edtva \u00d6nt. Az \u00edgy megtiszt\u00edtott b\u0151rfel\u00fcletet ezut\u00e1n hidrat\u00e1l\u00f3 \u00e9s t\u00e1pl\u00e1l\u00f3 kr\u00e9mekkel kenj\u00fck be, amelyek a paraffinos f\u00fcrd\u0151nek k\u00f6sz\u00f6nhet\u0151en gyorsan felsz\u00edv\u00f3dnak. A paraffint a k\u00e9sz\u00fcl\u00e9k f\u00f6l\u00e9 helyezett l\u00e1bakon alkalmazzuk, \u00edgy a k\u00e9sz\u00fcl\u00e9k higi\u00e9nikus marad. Amikor a paraffin-r\u00e9teg el\u00e9g vastag, akkor nejlonzacsk\u00f3val fedj\u00fck el, amelyet 10-15 percig hagyunk a l\u00e1bon.<\/p>\n<h3>M\u0171k\u00f6r\u00f6m<\/h3>\n<p>Ugye milyen bosszant\u00f3, hogy pont akkor t\u00f6rik le, kezd megkopni egyik k\u00f6rme, amikor v\u00e9gre mind egyform\u00e1n \u00e1poltak, azonos hossz\u00fas\u00e1g\u00faak voltak? Tal\u00e1n itt az ideje kipr\u00f3b\u00e1lni egy mesters\u00e9ges alternat\u00edv\u00e1t! A m\u0171k\u00f6r\u00f6m ide\u00e1lis megold\u00e1s azoknak, akik r\u00e1gj\u00e1k a k\u00f6rm\u00fcket vagy folyamatosan azok n\u00f6veked\u00e9si gondjaival k\u00fczdenek. Van, aki az\u00e9rt pr\u00f3b\u00e1lja ki a m\u0171k\u00f6rm\u00f6ket, hogy megszabaduljon a gondokt\u00f3l, m\u00e1sok pedig kit\u0171n\u0151 \u00e9s k\u00f6nnyen \u00e1polhat\u00f3 k\u00f6rm\u00f6ket szeretn\u00e9nek.<\/p>\n<p>Amennyiben megfelel\u0151 m\u00f3don vannak felhelyezve, illetve k\u00e9s\u0151bb elt\u00e1vol\u00edtva, a mesters\u00e9ges k\u00f6rm\u00f6k nem befoly\u00e1solj\u00e1k nagyban az \u00d6n k\u00f6rmeinek szerkezet\u00e9t, de arra sem szabad sz\u00e1m\u00edtani, hogy jav\u00edtanak eredeti \u00e1llapotukon. Ha egy nap \u00fagy d\u00f6nt, hogy m\u0171k\u00f6rm\u00f6ket haszn\u00e1lna, olyan h\u00e9tk\u00f6znapi szok\u00e1ss\u00e1 v\u00e1lhat \u00e9let\u00e9ben, mint a hajfest\u00e9s, viszont akkor sem okoz gondot, ha hirtelen megfontol\u00e1sb\u00f3l megv\u00e1lna t\u0151l\u00fck: elt\u00e1vol\u00edt\u00e1suk ut\u00e1n k\u00f6rmei pontosan olyanok lesznek, mint el\u0151tte voltak.<\/p>\n<p>A h\u00f6lgyek t\u00f6bbs\u00e9ge sz\u00e1m\u00e1ra a manik\u0171r szem\u00e9lyis\u00e9g\u00e9nek egy kis, de ann\u00e1l fontosabb r\u00e9sze, amely odaad\u00f3 t\u00f6r\u0151d\u00e9st ig\u00e9nyel. Sajnos nem mindig z\u00f6kken\u0151mentes a hib\u00e1tlan manik\u0171r el\u00e9r\u00e9se, olyan befoly\u00e1sol\u00f3 t\u00e9nyez\u0151k miatt, mint a k\u00f6r\u00f6m min\u0151s\u00e9ge, repedezetts\u00e9ge, t\u00f6redezetts\u00e9ge. Amennyiben term\u00e9szetes m\u00f3dszerekkel a manik\u0171r nem hoz eredm\u00e9nyt, b\u00e1tran fordulhat a mesters\u00e9ges megold\u00e1sok fel\u00e9.<\/p>\n<div class=\"push \" style=\"height:20px\"><\/div><\/div><\/div><\/div>\n<div class=\"push  wpv-hide-lowres\" style=\"height:60px\"><\/div>\n<div class=\"limit-wrapper\"><div class=\"row \"><div class=\"wpv-grid grid-1-1 add-border wpv-first-level grid-1-1 first unextended no-extended-padding\" style=\"padding-top:0.05px;padding-bottom:0.05px;\" id=\"wpv-column-58faa7c22d3fa36503286e9040fe4a1b\" ><div class=\"row \"><div class=\"wpv-grid grid-1-1  grid-1-1 first unextended animation-from-bottom animated-active no-extended-padding\" style=\"padding-top:0.05px;padding-bottom:0.05px;\" id=\"wpv-column-8abe20b512cb92decc00c115de4fe9db\" >\t\t<h2 class=\"text-divider-double\">\t\t\t\n\u00c1rlista\t\t<\/h2>\t\t<div class=\"sep\"><\/div>\n\t<\/div><\/div>\n<div class=\"row \"><div class=\"wpv-grid grid-1-2  grid-1-2 first unextended no-extended-padding\" style=\"padding-top:0.05px;padding-bottom:100px;\" id=\"wpv-column-51bf9e23088207749201a6290cb5c660\" ><div class=\"push  wpv-hide-lowres\" style=\"height:20px\"><\/div>\n<div class=\"row \"><div class=\"wpv-grid grid-1-1  grid-1-1 first unextended animation-fade-in animated-active no-extended-padding\" style=\"padding-top:0.05px;padding-bottom:0.05px;\" id=\"wpv-column-3d26f5319cbd60d76802b8537b4efa3b\" ><table class=\"vamtam-styled\">\n<tbody>\n<tr>\n<td>\n<p class=\"p1\">Klasszikus manik\u0171r<\/p>\n<\/td>\n<td>\n<p class=\"p1\">\n<\/td>\n<td>\n<p class=\"p1\" style=\"text-align: right;\">70 lei<\/p>\n<\/td>\n<\/tr>\n<tr>\n<td>\n<p class=\"p1\">Tart\u00f3s manik\u0171r<\/p>\n<\/td>\n<td>\n<p class=\"p1\">\n<\/td>\n<td>\n<p class=\"p1\" style=\"text-align: right;\">130 lei<\/p>\n<\/td>\n<\/tr>\n<tr>\n<td>\n<p class=\"p1\">G\u00e9l \u00e9p\u00edt\u00e9s<\/p>\n<\/td>\n<td>\n<p class=\"p1\">\n<\/td>\n<td>\n<p class=\"p1\" style=\"text-align: right;\">250 lei<\/p>\n<\/td>\n<\/tr>\n<tr>\n<td>\n<p class=\"p1\">Francia g\u00e9l \u00e9p\u00edt\u00e9s<\/p>\n<\/td>\n<td>\n<p class=\"p1\">\n<\/td>\n<td>\n<p class=\"p1\" style=\"text-align: right;\">250 lei<\/p>\n<\/td>\n<\/tr>\n<tr>\n<td>\n<p class=\"p1\">Slim g\u00e9l \u00e9p\u00edt\u00e9s<\/p>\n<\/td>\n<td>\n<p class=\"p1\">\n<\/td>\n<td>\n<p class=\"p1\" style=\"text-align: right;\">300 lei<\/p>\n<\/td>\n<\/tr>\n<tr>\n<td>\n<p class=\"p1\">Babyboomer g\u00e9l \u00e9p\u00edt\u00e9s<\/p>\n<\/td>\n<td>\n<p class=\"p1\">\n<\/td>\n<td>\n<p class=\"p1\" style=\"text-align: right;\">250 lei<\/p>\n<\/td>\n<\/tr>\n<tr>\n<td>\n<p class=\"p1\">G\u00e9l karbantart\u00e1s<\/p>\n<\/td>\n<td>\n<p class=\"p1\">\n<\/td>\n<td>\n<p class=\"p1\" style=\"text-align: right;\">180 lei<\/p>\n<\/td>\n<\/tr>\n<tr>\n<td>\n<p class=\"p1\">Francia g\u00e9l karbantart\u00e1s<\/p>\n<\/td>\n<td>\n<p class=\"p1\">\n<\/td>\n<td>\n<p class=\"p1\" style=\"text-align: right;\">170 lei<\/p>\n<\/td>\n<\/tr>\n<tr>\n<td>\n<p class=\"p1\">Slim g\u00e9l karbantart\u00e1s<\/p>\n<\/td>\n<td>\n<p class=\"p1\">\n<\/td>\n<td>\n<p class=\"p1\" style=\"text-align: right;\">250 lei<\/p>\n<\/td>\n<\/tr>\n<tr>\n<td>\n<p class=\"p1\">Babyboomer g\u00e9l karbantart\u00e1s<\/p>\n<\/td>\n<td>\n<p class=\"p1\">\n<\/td>\n<td>\n<p class=\"p1\" style=\"text-align: right;\">190 lei<\/p>\n<\/td>\n<\/tr>\n<\/tbody>\n<\/table><\/div><\/div><\/div>\n<div class=\"wpv-grid grid-1-2  grid-1-2 unextended no-extended-padding\" style=\"padding-top:0.05px;padding-bottom:100px;\" id=\"wpv-column-a01bea763b0ea5e59c275c54664d6b26\" ><div class=\"push  wpv-hide-lowres\" style=\"height:20px\"><\/div>\n<div class=\"row \"><div class=\"wpv-grid grid-1-1  grid-1-1 first unextended animation-fade-in animated-active no-extended-padding\" style=\"padding-top:0.05px;padding-bottom:0.05px;\" id=\"wpv-column-38baec61f00f80cca9a01f2aa728cf0c\" ><table class=\"vamtam-styled\">\n<tbody>\n<tr>\n<td>\n<p class=\"p1\">Klasszikus pedik\u0171r<\/p>\n<\/td>\n<td>\n<p class=\"p1\">\n<\/td>\n<td>\n<p class=\"p1\" style=\"text-align: right;\">100-130 lei<\/p>\n<\/td>\n<\/tr>\n<tr>\n<td>\n<p class=\"p1\">Tart\u00f3s pedik\u0171r<\/p>\n<\/td>\n<td>\n<p class=\"p1\">\n<\/td>\n<td>\n<p class=\"p1\" style=\"text-align: right;\">160 lei<\/p>\n<\/td>\n<\/tr>\n<tr>\n<td>\n<p class=\"p1\">K\u00f6r\u00f6m elt\u00e1vol\u00edt\u00e1s<\/p>\n<\/td>\n<td>\n<p class=\"p1\">\n<\/td>\n<td>\n<p class=\"p1\" style=\"text-align: right;\">40 lei<\/p>\n<\/td>\n<\/tr>\n<tr>\n<td>\n<p class=\"p1\">Egy k\u00f6r\u00f6m d\u00edsz\u00edt\u00e9se<\/p>\n<\/td>\n<td>\n<p class=\"p1\">\n<\/td>\n<td>\n<p class=\"p1\" style=\"text-align: right;\">20 lei<\/p>\n<\/td>\n<\/tr>\n<tr>\n<td>\n<p class=\"p1\">L\u00e1b paraffin kezel\u00e9s<\/p>\n<\/td>\n<td>\n<p class=\"p1\">\n<\/td>\n<td>\n<p class=\"p1\" style=\"text-align: right;\">50 lei<\/p>\n<\/td>\n<\/tr>\n<tr>\n<td>\n<p class=\"p1\">K\u00e9z paraffin kezel\u00e9s<\/p>\n<\/td>\n<td>\n<p class=\"p1\">\n<\/td>\n<td>\n<p class=\"p1\" style=\"text-align: right;\">40 lei<\/p>\n<\/td>\n<\/tr>\n<\/tbody>\n<\/table><\/div><\/div><\/div><\/div><\/div><\/div><\/div>\n<div class=\"push  wpv-hide-lowres\" style=\"height:60px\"><\/div>\n","protected":false},"excerpt":{"rendered":"<p>&nbsp; \u00c1polt k\u00f6rm\u00f6k \u2013 k\u00fcl\u00f6nb\u00f6z\u0151 sz\u00ednekben \u00e9s modellekben egyen sz\u00f3 ak\u00e1r a francia manik\u0171rr\u0151l, ak\u00e1r valami \u00fajszer\u0171r\u0151l, mi gondoskodunk az \u00d6n kezeir\u0151l. A puha \u00e9s hajl\u00e9kony, valamint a sz\u00e1raz \u00e9s t\u00f6r\u00e9keny k\u00f6rm\u00f6k t\u00f6bb\u00e9 nem okoznak gondot. Ig\u00e9nyeit\u0151l f\u00fcggetlen\u00fcl minden \u00f3haja teljes\u00edthet\u0151, gondoljon csak arra, hogy keze \u00e9s k\u00f6rmei mennyi mindennek vannak kit\u00e9ve: az \u00e9vszakok v\u00e1ltoz\u00e1sait&#8230;<\/p>\n","protected":false},"author":1,"featured_media":0,"parent":13259,"menu_order":0,"comment_status":"closed","ping_status":"closed","template":"","meta":{"footnotes":""},"class_list":["post-13290","page","type-page","status-publish","hentry"],"_links":{"self":[{"href":"http:\/\/www.salon-aphrodite.ro\/hu\/wp-json\/wp\/v2\/pages\/13290","targetHints":{"allow":["GET"]}}],"collection":[{"href":"http:\/\/www.salon-aphrodite.ro\/hu\/wp-json\/wp\/v2\/pages"}],"about":[{"href":"http:\/\/www.salon-aphrodite.ro\/hu\/wp-json\/wp\/v2\/types\/page"}],"author":[{"embeddable":true,"href":"http:\/\/www.salon-aphrodite.ro\/hu\/wp-json\/wp\/v2\/users\/1"}],"replies":[{"embeddable":true,"href":"http:\/\/www.salon-aphrodite.ro\/hu\/wp-json\/wp\/v2\/comments?post=13290"}],"version-history":[{"count":11,"href":"http:\/\/www.salon-aphrodite.ro\/hu\/wp-json\/wp\/v2\/pages\/13290\/revisions"}],"predecessor-version":[{"id":14998,"href":"http:\/\/www.salon-aphrodite.ro\/hu\/wp-json\/wp\/v2\/pages\/13290\/revisions\/14998"}],"up":[{"embeddable":true,"href":"http:\/\/www.salon-aphrodite.ro\/hu\/wp-json\/wp\/v2\/pages\/13259"}],"wp:attachment":[{"href":"http:\/\/www.salon-aphrodite.ro\/hu\/wp-json\/wp\/v2\/media?parent=13290"}],"curies":[{"name":"wp","href":"https:\/\/api.w.org\/{rel}","templated":true}]}}