{"id":13283,"date":"2018-02-16T08:43:10","date_gmt":"2018-02-16T08:43:10","guid":{"rendered":"http:\/\/www.salon-aphrodite.ro\/servicii\/make-up\/"},"modified":"2024-04-19T20:35:51","modified_gmt":"2024-04-19T20:35:51","slug":"smink","status":"publish","type":"page","link":"http:\/\/www.salon-aphrodite.ro\/hu\/szolgaltatasok\/smink\/","title":{"rendered":"SMINK"},"content":{"rendered":"<div class=\"push  wpv-hide-lowres\" style=\"margin-bottom:-120px\"><\/div>\n<div class=\"limit-wrapper\"><div class=\"row \"><div class=\"wpv-grid grid-1-1  wpv-first-level grid-1-1 first unextended no-extended-padding\" style=\"padding-top:0.05px;padding-bottom:0.05px;\" id=\"wpv-column-1aae67291ac0280630b4561fd2fca518\" ><p>&nbsp;<\/div><\/div><\/div>\n<div class=\"limit-wrapper\"><div class=\"row \"><div class=\"wpv-grid grid-1-1  wpv-first-level grid-1-1 first unextended no-extended-padding\" style=\"padding-top:0.05px;padding-bottom:0.05px;\" id=\"wpv-column-c66089fa8c46a440618d2fe8411bbc0a\" ><\/div><\/div><\/div>\n<div class=\"limit-wrapper\"><div class=\"row \"><div class=\"wpv-grid grid-1-1  wpv-first-level grid-1-1 first unextended has-extended-padding\" style=\"padding-top:0.05px;padding-bottom:0.05px;\" id=\"wpv-column-058e900e1dc72c88339825a5d50aa03f\" ><\/div><\/div><\/div>\n<div class=\"limit-wrapper\"><div class=\"row \"><div class=\"wpv-grid grid-1-1  wpv-first-level grid-1-1 first has-background unextended no-extended-padding\" style=\"\n\t\t\t\tbackground: url( &#039;https:\/\/hair-beauty.vamtam.com\/wp-content\/uploads\/2016\/01\/bg_intro-home.png&#039; ) no-repeat center top;\n\t\t\t\tbackground-size: auto;\n\t\t\tbackground-attachment: scroll;padding-top:50px;padding-bottom:20px;\" id=\"wpv-column-35eeec758ab4bf0424acca01ec94b39d\" ><div class=\"row \"><div class=\"wpv-grid grid-1-5  grid-1-5 first unextended no-extended-padding\" style=\"padding-top:0.05px;padding-bottom:0.05px;\" id=\"wpv-column-1c214855fc3e44cfac2742d6a939400f\" ><div class=\"push  wpv-hide-lowres\" style=\"height:1px\"><\/div><\/div>\n<div class=\"wpv-grid grid-3-5  grid-3-5 unextended no-extended-padding\" style=\"padding-top:0.05px;padding-bottom:0.05px;\" id=\"wpv-column-85e62d4933fa697b49d24f873a30292f\" >\t\t<h2 class=\"text-divider-double\">\t\t\t\n<span class='icon shortcode theme  use-hover' style='color:#b69e59;font-size:50px !important;'>&#58916;<\/span> SMINK\t\t<\/h2>\t\t<div class=\"sep\"><\/div>\n\t\n<div class=\"row \"><div class=\"wpv-grid grid-1-1  grid-1-1 first unextended no-extended-padding\" style=\"padding-top:0.05px;padding-bottom:0.05px;\" id=\"wpv-column-1c914f75d71687eebee3f1b4a2c0de19\" ><p style=\"text-align: center;\">B\u0151r, szem, ajkak, dekolt\u00e1zs \u2013 egy hib\u00e1tlan smink, b\u00e1rmely esem\u00e9nyre. \u00cdg\u00e9rj\u00fck, hogy kit\u0171n\u0151en n\u00e9zel majd ki!<\/div><\/div><\/div><\/div><\/div><\/div><\/div>\n<div class=\"push  wpv-hide-lowres\" style=\"height:70px\"><\/div>\n<div class=\"limit-wrapper\"><div class=\"row \"><div class=\"wpv-grid grid-1-1  wpv-first-level grid-1-1 first unextended no-extended-padding\" style=\"padding-top:0.05px;padding-bottom:0.05px;\" id=\"wpv-column-882670df82286b2f8ea806e479d3bfa8\" ><div class=\"push  wpv-hide-lowres\" style=\"height:20px\"><\/div> <span class='dropcap1 '>A<\/span>\n<p>zt \u00e1ltalunk k\u00e9sz\u00edtett sminkek c\u00e9lja, hogy tapintatos kozmetikai retus\u00e1l\u00e1ssal kiemelj\u00fck \u00e9s megmutassuk minden n\u0151 term\u00e9szetes sz\u00e9ps\u00e9g\u00e9t. P\u00e9nz \u00e9s id\u0151 megtakar\u00edt\u00e1s szempontj\u00e1b\u00f3l ez a leghat\u00e9konyabb m\u00f3dszer, legyen sz\u00f3 azokr\u00f3l, akik sz\u00e1m\u00e1ra a smink elengedhetetlen, eg\u00e9szen azokig, akiknek nincs idej\u00fck vagy t\u00fcrelm\u00fck sminkelni magukat, akik ki szeretn\u00e9k hangs\u00falyozni term\u00e9szetes sz\u00e9ps\u00e9g\u00fcket, akik eg\u00e9sz nap j\u00f3l szeretn\u00e9nek kin\u00e9zni, legyen sz\u00f3 a legkor\u00e1bbi reggeli id\u0151pontr\u00f3l. Sz\u00e1munkra a legfontosabb, hogy a legfejlettebb technol\u00f3gi\u00e1val kar\u00f6ltve ny\u00fajthassunk min\u0151s\u00e9gi szolg\u00e1ltat\u00e1st, min\u0151s\u00e9gi term\u00e9kek haszn\u00e1lat\u00e1val.<\/p>\n<p>Ami megk\u00fcl\u00f6nb\u00f6zteti sz\u00e9ps\u00e9gszalonunkat, azok az eredm\u00e9nyeink, valamint a nagy sz\u00e1m\u00fa vend\u00e9gk\u00f6r\u00fcnk, mert a technik\u00e1t ugyan meg lehet tanulni, de a tapasztalatot \u00e9s a kellemes k\u00f6rnyeztet sem p\u00f3tolhatja semmi.<\/p>\n<h3>M\u0171szempilla<\/h3>\n<p>Szalonunk azon kevesek k\u00f6z\u00e9 tartozik, amely a legkorszer\u0171bb szolg\u00e1ltat\u00e1sokat ny\u00fajtja a szempillad\u00fas\u00edt\u00e1s ter\u00e9n. Egy kac\u00e9rabb, provokat\u00edvabb \u00e9s titokzatosabb, irigyelni val\u00f3 tekintet\u00e9rt. A szem\u00f6ld\u00f6k d\u00fas\u00edt\u00e1sa f\u00e1jdalommentes: m\u0171szempill\u00e1kat helyez\u00fcnk el az eredetiek k\u00f6z\u00e9. Orvosi szempontb\u00f3l nem sz\u00e1m\u00edt k\u00e1rosnak, nem jelentettek m\u00e9g a szemre gyakorolt ellenhat\u00e1st, gyakorlatias szempontokat figyelembe v\u00e9ve pedig a m\u0171szempill\u00e1ink ellen\u00e1llnak a naps\u00fct\u00e9snek \u00e9s a v\u00edznek.<\/p>\n<p>A folyamat 30 perc \u00e9s 1,5 \u00f3ra k\u00f6z\u00f6tti id\u0151t ig\u00e9nyel, amelynek sor\u00e1n semmilyen k\u00e9nyelmetlen \u00e9rz\u00e9ssel vagy f\u00e1jdalommal nem kell szembes\u00fclnie.<\/p>\n<div class=\"push \" style=\"height:20px\"><\/div><\/div><\/div><\/div>\n<div class=\"push  wpv-hide-lowres\" style=\"height:60px\"><\/div>\n<div class=\"limit-wrapper\"><div class=\"row \"><div class=\"wpv-grid grid-1-1 add-border wpv-first-level grid-1-1 first unextended no-extended-padding\" style=\"padding-top:0.05px;padding-bottom:0.05px;\" id=\"wpv-column-bb7c09befa6b3802df4de0fba6c05a0f\" ><div class=\"row \"><div class=\"wpv-grid grid-1-2  grid-1-2 first unextended no-extended-padding\" style=\"padding-top:0.05px;padding-bottom:100px;\" id=\"wpv-column-2d460f7dd2c6d16f7851ee82b0d1e571\" ><div class=\"row \"><div class=\"wpv-grid grid-1-1  grid-1-1 first unextended animation-from-bottom animated-active no-extended-padding\" style=\"padding-top:0.05px;padding-bottom:0.05px;\" id=\"wpv-column-155c1db1e890d7772dea0d7521c8205a\" >\t\t<h2 class=\"text-divider-double\">\t\t\t\n\u00c1rlista\t\t<\/h2>\t\t<div class=\"sep\"><\/div>\n\t<\/div><\/div>\n<div class=\"push  wpv-hide-lowres\" style=\"height:20px\"><\/div>\n<div class=\"row \"><div class=\"wpv-grid grid-1-1  grid-1-1 first unextended animation-fade-in animated-active no-extended-padding\" style=\"padding-top:0.05px;padding-bottom:0.05px;\" id=\"wpv-column-7f2eb0b23df437e5af84cab367359bb1\" ><table class=\"vamtam-styled\">\n<tbody>\n<tr>\n<td>\n<p class=\"p1\">Nappali smink<\/p>\n<\/td>\n<td>\n<p class=\"p1\">\n<\/td>\n<td>\n<p class=\"p1\" style=\"text-align: right;\">150 lei<\/p>\n<\/td>\n<\/tr>\n<tr>\n<td>\n<p class=\"p1\">K\u00fcl\u00f6nleges alkalmi\/menyasszonyi smink<\/p>\n<\/td>\n<td>\n<p class=\"p1\">\n<\/td>\n<td>\n<p class=\"p1\" style=\"text-align: right;\">190 lei<\/p>\n<\/td>\n<\/tr>\n<tr>\n<td>\n<p class=\"p1\">Szempilla alkalmaz\u00e1s sz\u00e1lank\u00e9nt<\/p>\n<\/td>\n<td>\n<p class=\"p1\">\n<\/td>\n<td>\n<p class=\"p1\" style=\"text-align: right;\">4 lei\/tincs<\/p>\n<\/td>\n<\/tr>\n<\/tbody>\n<\/table><\/div><\/div><\/div><\/div><\/div><\/div><\/div>\n<div class=\"push  wpv-hide-lowres\" style=\"height:60px\"><\/div>\n","protected":false},"excerpt":{"rendered":"<p>&nbsp; B\u0151r, szem, ajkak, dekolt\u00e1zs \u2013 egy hib\u00e1tlan smink, b\u00e1rmely esem\u00e9nyre. \u00cdg\u00e9rj\u00fck, hogy kit\u0171n\u0151en n\u00e9zel majd ki! zt \u00e1ltalunk k\u00e9sz\u00edtett sminkek c\u00e9lja, hogy tapintatos kozmetikai retus\u00e1l\u00e1ssal kiemelj\u00fck \u00e9s megmutassuk minden n\u0151 term\u00e9szetes sz\u00e9ps\u00e9g\u00e9t. P\u00e9nz \u00e9s id\u0151 megtakar\u00edt\u00e1s szempontj\u00e1b\u00f3l ez a leghat\u00e9konyabb m\u00f3dszer, legyen sz\u00f3 azokr\u00f3l, akik sz\u00e1m\u00e1ra a smink elengedhetetlen, eg\u00e9szen azokig, akiknek nincs idej\u00fck&#8230;<\/p>\n","protected":false},"author":1,"featured_media":0,"parent":13259,"menu_order":0,"comment_status":"closed","ping_status":"closed","template":"","meta":{"footnotes":""},"class_list":["post-13283","page","type-page","status-publish","hentry"],"_links":{"self":[{"href":"http:\/\/www.salon-aphrodite.ro\/hu\/wp-json\/wp\/v2\/pages\/13283","targetHints":{"allow":["GET"]}}],"collection":[{"href":"http:\/\/www.salon-aphrodite.ro\/hu\/wp-json\/wp\/v2\/pages"}],"about":[{"href":"http:\/\/www.salon-aphrodite.ro\/hu\/wp-json\/wp\/v2\/types\/page"}],"author":[{"embeddable":true,"href":"http:\/\/www.salon-aphrodite.ro\/hu\/wp-json\/wp\/v2\/users\/1"}],"replies":[{"embeddable":true,"href":"http:\/\/www.salon-aphrodite.ro\/hu\/wp-json\/wp\/v2\/comments?post=13283"}],"version-history":[{"count":12,"href":"http:\/\/www.salon-aphrodite.ro\/hu\/wp-json\/wp\/v2\/pages\/13283\/revisions"}],"predecessor-version":[{"id":14821,"href":"http:\/\/www.salon-aphrodite.ro\/hu\/wp-json\/wp\/v2\/pages\/13283\/revisions\/14821"}],"up":[{"embeddable":true,"href":"http:\/\/www.salon-aphrodite.ro\/hu\/wp-json\/wp\/v2\/pages\/13259"}],"wp:attachment":[{"href":"http:\/\/www.salon-aphrodite.ro\/hu\/wp-json\/wp\/v2\/media?parent=13283"}],"curies":[{"name":"wp","href":"https:\/\/api.w.org\/{rel}","templated":true}]}}