{"id":13275,"date":"2018-02-15T12:44:39","date_gmt":"2018-02-15T12:44:39","guid":{"rendered":"http:\/\/www.salon-aphrodite.ro\/servicii\/cosmetica\/"},"modified":"2025-08-08T20:03:41","modified_gmt":"2025-08-08T20:03:41","slug":"kozmetika","status":"publish","type":"page","link":"http:\/\/www.salon-aphrodite.ro\/hu\/szolgaltatasok\/kozmetika\/","title":{"rendered":"Kozmetika"},"content":{"rendered":"<div class=\"push  wpv-hide-lowres\" style=\"margin-bottom:-60px\"><\/div>\n<div class=\"limit-wrapper\"><div class=\"row \"><div class=\"wpv-grid grid-1-1  wpv-first-level grid-1-1 first has-background unextended no-extended-padding\" style=\"\n\t\t\t\tbackground: url( &#039;https:\/\/hair-beauty.vamtam.com\/wp-content\/uploads\/2016\/01\/bg_intro-home.png&#039; ) no-repeat center top;\n\t\t\t\tbackground-size: auto;\n\t\t\tbackground-attachment: scroll;padding-top:50px;padding-bottom:20px;\" id=\"wpv-column-c7bc20914b8989884d69e63ce529dbae\" ><div class=\"row \"><div class=\"wpv-grid grid-1-5  grid-1-5 first unextended no-extended-padding\" style=\"padding-top:0.05px;padding-bottom:0.05px;\" id=\"wpv-column-8b8f5679a19e609059966e8e6516a7b4\" ><div class=\"push  wpv-hide-lowres\" style=\"height:1px\"><\/div><\/div>\n<div class=\"wpv-grid grid-3-5  grid-3-5 unextended no-extended-padding\" style=\"padding-top:0.05px;padding-bottom:0.05px;\" id=\"wpv-column-0c7a6d8d76dd68e145054b009d24de4f\" >\t\t\t\t\t\n<h2 class=\"text-divider-double\"><img decoding=\"async\" class=\"attachment-full size-full\" src=\"http:\/\/www.salon-aphrodite.ro\/wp-content\/uploads\/2018\/02\/cosmetica-01-2.svg\" alt=\"\" data-attachment-id=\"13082\" data-permalink=\"http:\/\/www.salon-aphrodite.ro\/home-layouts\/beatuy\/cosmetica-01-3\/\" data-orig-file=\"http:\/\/www.salon-aphrodite.ro\/wp-content\/uploads\/2018\/02\/cosmetica-01-2.svg\" data-orig-size=\"\" data-comments-opened=\"0\" data-image-meta=\"&#091;&#093;\" data-image-title=\"cosmetica icon\" data-image-description=\"\" data-medium-file=\"http:\/\/www.salon-aphrodite.ro\/wp-content\/uploads\/2018\/02\/cosmetica-01-2.svg\" data-large-file=\"http:\/\/www.salon-aphrodite.ro\/wp-content\/uploads\/2018\/02\/cosmetica-01-2.svg\" \/><br \/>\nKozmetika<\/h2>\n\t\t\t\t<div class=\"sep\"><\/div>\n\t\n<div class=\"row \"><div class=\"wpv-grid grid-1-1  grid-1-1 first unextended no-extended-padding\" style=\"padding-top:0.05px;padding-bottom:0.05px;\" id=\"wpv-column-323031398f397c02be13b0cab509ef92\" ><p style=\"text-align: center;\">A b\u0151r\u00f6dnek sok figyelemre, t\u00f6r\u0151d\u00e9sre \u00e9s \u00e1pol\u00e1sra van sz\u00fcks\u00e9ge. A sz\u00e9ps\u00e9g titka term\u00e9szetes hat\u00f3anyagokat tartalmaz\u00f3 \u00e9s min\u0151s\u00e9gi term\u00e9kek haszn\u00e1lat\u00e1ban rejlik, amelyek csillog\u00f3 \u00e9s b\u00e1rsonyos b\u0151rt k\u00f6lcs\u00f6n\u00f6znek neked, olyant, mint egy kisbab\u00e1\u00e9.<\/div><\/div><\/div><\/div><\/div><\/div><\/div>\n<div class=\"push  wpv-hide-lowres\" style=\"height:70px\"><\/div>\n<div class=\"limit-wrapper\"><div class=\"row \"><div class=\"wpv-grid grid-1-1  wpv-first-level grid-1-1 first unextended no-extended-padding\" style=\"padding-top:0.05px;padding-bottom:0.05px;\" id=\"wpv-column-17c5294cb6be7cda691fc5f45ec37c7e\" ><div class=\"push  wpv-hide-lowres\" style=\"height:20px\"><\/div> <span class='dropcap1 '>A<\/span>\n<p>mi f\u0151 feladatunk, hogy a te b\u0151r\u00f6d ne legyen t\u00f6bb\u00e9 sz\u00e1raz \u00e9s dezhidrat\u00e1lt, ez\u00e1ltal pedig a nap minden perc\u00e9ben gondtalanul \u00e9lvezd az \u00e9leted. Az intim fel\u00fcletek sem szabad hanyagolni, \u00fagy a f\u00e9rfiak, mint a n\u0151k eset\u00e9ben. A sz\u0151rtelen\u00edt\u00e9s egy olyan folyamat, amely sokakn\u00e1l t\u00fcrelmet \u00e9s odafigyel\u00e9st ig\u00e9nyel. Ne agg\u00f3dj, mi tapasztaltak vagyunk a sz\u0151rtelen\u00edt\u00e9s m\u0171v\u00e9szet\u00e9ben, \u00e9s mindent f\u00e1jdalommentesen v\u00e9gz\u00fcnk el, an\u00e9lk\u00fcl hogy k\u00e9nyelmetlens\u00e9get okozn\u00e1nk, mik\u00f6zben te nyugodtan lazulhatsz.<\/p>\n<div class=\"push \" style=\"height:20px\"><\/div><\/div><\/div><\/div>\n<div class=\"push  wpv-hide-lowres\" style=\"height:60px\"><\/div>\n<div class=\"limit-wrapper\"><div class=\"row \"><div class=\"wpv-grid grid-1-1 add-border wpv-first-level grid-1-1 first unextended no-extended-padding\" style=\"padding-top:0.05px;padding-bottom:0.05px;\" id=\"wpv-column-12583a627ba49c5189a1b1c5cc889692\" ><div class=\"row \"><div class=\"wpv-grid grid-1-1  grid-1-1 first unextended animation-from-bottom animated-active no-extended-padding\" style=\"padding-top:0.05px;padding-bottom:0.05px;\" id=\"wpv-column-526bc3f636c23998d9c2db343d3a0499\" >\t\t<h2 class=\"text-divider-double\">\t\t\t\n\u00c1rak\t\t<\/h2>\t\t<div class=\"sep\"><\/div>\n\t<\/div><\/div>\n<div class=\"row \"><div class=\"wpv-grid grid-1-2  grid-1-2 first unextended no-extended-padding\" style=\"padding-top:0.05px;padding-bottom:100px;\" id=\"wpv-column-3094e23a2af66e14d63f709392cf2e81\" ><div class=\"push  wpv-hide-lowres\" style=\"height:20px\"><\/div>\n<div class=\"row \"><div class=\"wpv-grid grid-1-1  grid-1-1 first unextended animation-fade-in animated-active no-extended-padding\" style=\"padding-top:0.05px;padding-bottom:0.05px;\" id=\"wpv-column-d8a45bb9558d48d1a4182c4bf6287bcf\" ><table class=\"vamtam-styled\">\n<tbody>\n<tr>\n<td>\n<p class=\"p1\">Szem\u00f6ld\u00f6k \u00e1pol\u00e1s<\/p>\n<\/td>\n<td>\n<p class=\"p1\">\n<\/td>\n<td>\n<p class=\"p1\" style=\"text-align: right;\">40 lei<\/p>\n<\/td>\n<\/tr>\n<tr>\n<td>\n<p class=\"p1\">Szem\u00f6ld\u00f6k form\u00e1z\u00e1s<\/p>\n<\/td>\n<td>\n<p class=\"p1\">\n<\/td>\n<td>\n<p class=\"p1\" style=\"text-align: right;\">50 lei<\/p>\n<\/td>\n<\/tr>\n<tr>\n<td>\n<p class=\"p1\">Szem\u00f6ld\u00f6k fest\u00e9s<\/p>\n<\/td>\n<td>\n<p class=\"p1\">\n<\/td>\n<td>\n<p class=\"p1\" style=\"text-align: right;\">30 lei<\/p>\n<\/td>\n<\/tr>\n<tr>\n<td>\n<p class=\"p1\">Szempilla fest\u00e9s<\/p>\n<\/td>\n<td>\n<p class=\"p1\">\n<\/td>\n<td>\n<p class=\"p1\" style=\"text-align: right;\">30 lei<\/p>\n<\/td>\n<\/tr>\n<tr>\n<td>\n<p class=\"p1\">Bajusz sz\u0151rtelen\u00edt\u00e9s\/vil\u00e1gos\u00edt\u00e1s<\/p>\n<\/td>\n<td>\n<p class=\"p1\">\n<\/td>\n<td>\n<p class=\"p1\" style=\"text-align: right;\">25 lei<\/p>\n<\/td>\n<\/tr>\n<tr>\n<td>\n<p class=\"p1\">Arci sz\u0151rtelen\u00edt\u00e9s\/vil\u00e1gos\u00edt\u00e1s<\/p>\n<\/td>\n<td><\/td>\n<td>\n<p class=\"p1\" style=\"text-align: right;\">50 lei<\/p>\n<\/td>\n<\/tr>\n<tr>\n<td>\n<p class=\"p1\">Teljes l\u00e1b sz\u0151rtelen\u00edt\u00e9s n\u0151knek<\/p>\n<\/td>\n<td>\n<p class=\"p1\">\n<\/td>\n<td>\n<p class=\"p1\" style=\"text-align: right;\">85 lei<\/p>\n<\/td>\n<\/tr>\n<tr>\n<td>\n<p class=\"p1\">Teljes l\u00e1b sz\u0151rtelen\u00edt\u00e9s f\u00e9rfiaknak<\/p>\n<\/td>\n<td>\n<p class=\"p1\">\n<\/td>\n<td>\n<p class=\"p1\" style=\"text-align: right;\">100 lei<\/p>\n<\/td>\n<\/tr>\n<tr>\n<td>\n<p class=\"p1\">Fels\u0151 l\u00e1bsz\u00e1r sz\u0151rtelen\u00edt\u00e9s<\/p>\n<\/td>\n<td>\n<p class=\"p1\">\n<\/td>\n<td>\n<p class=\"p1\" style=\"text-align: right;\">60 lei<\/p>\n<\/td>\n<\/tr>\n<tr>\n<td>\n<p class=\"p1\">Comb sz\u0151rtelen\u00edt\u00e9s<\/p>\n<\/td>\n<td>\n<p class=\"p1\">\n<\/td>\n<td>\n<p class=\"p1\" style=\"text-align: right;\">70 lei<\/p>\n<\/td>\n<\/tr>\n<\/tbody>\n<\/table><\/div><\/div><\/div>\n<div class=\"wpv-grid grid-1-2  grid-1-2 unextended left-border no-extended-padding\" style=\"padding-top:0.05px;padding-bottom:20px;\" id=\"wpv-column-5e763701239458b14322c77ad03f6e8f\" ><style>#wpv-column-5e763701239458b14322c77ad03f6e8f:before{background-color:#ededed;}<\/style><div class=\"push  wpv-hide-lowres\" style=\"height:20px\"><\/div>\n<div class=\"row \"><div class=\"wpv-grid grid-1-1  grid-1-1 first unextended animation-fade-in animated-active no-extended-padding\" style=\"padding-top:0.05px;padding-bottom:0.05px;\" id=\"wpv-column-e6dac035dde77eff7bcb064ac263952d\" ><table class=\"vamtam-styled\">\n<tbody>\n<tr>\n<td>\n<p class=\"p1\">H\u00f3nalj sz\u0151rtelen\u00edt\u00e9s<\/p>\n<\/td>\n<td>\n<p class=\"p1\">\n<\/td>\n<td>\n<p class=\"p1\" style=\"text-align: right;\">40 lei<\/p>\n<\/td>\n<\/tr>\n<tr>\n<td>\n<p class=\"p1\">R\u00f6vid kar sz\u0151rtelen\u00edt\u00e9s<\/p>\n<\/td>\n<td>\n<p class=\"p1\">\n<\/td>\n<td>\n<p class=\"p1\" style=\"text-align: right;\">30 lei<\/p>\n<\/td>\n<\/tr>\n<tr>\n<td>\n<p class=\"p1\">Hossz\u00fa kar sz\u0151rtelen\u00edt\u00e9s<\/p>\n<\/td>\n<td>\n<p class=\"p1\">\n<\/td>\n<td>\n<p class=\"p1\" style=\"text-align: right;\">45 lei<\/p>\n<\/td>\n<\/tr>\n<tr>\n<td>\n<p class=\"p1\">F\u00e9l bikinivonal sz\u0151rtelen\u00edt\u00e9s<\/p>\n<\/td>\n<td>\n<p class=\"p1\">\n<\/td>\n<td>\n<p class=\"p1\" style=\"text-align: right;\">40 lei<\/p>\n<\/td>\n<\/tr>\n<tr>\n<td>\n<p class=\"p1\">Teljes bikinivonal sz\u0151rtelen\u00edt\u00e9s + comb<\/p>\n<\/td>\n<td>\n<p class=\"p1\">\n<\/td>\n<td>\n<p class=\"p1\" style=\"text-align: right;\">70 lei<\/p>\n<\/td>\n<\/tr>\n<tr>\n<td>\n<p class=\"p1\">Teljes bikinivonal sz\u0151rtelen\u00edt\u00e9s + comb f\u00e9rfiaknak<\/p>\n<\/td>\n<td>\n<p class=\"p1\">\n<\/td>\n<td>\n<p class=\"p1\" style=\"text-align: right;\">75 lei<\/p>\n<\/td>\n<\/tr>\n<tr>\n<td>\n<p class=\"p1\">N\u0151i fen\u00e9k sz\u0151rtelen\u00edt\u00e9s<\/p>\n<\/td>\n<td>\n<p class=\"p1\">\n<\/td>\n<td>\n<p class=\"p1\" style=\"text-align: right;\">30 lei<\/p>\n<\/td>\n<\/tr>\n<tr>\n<td>\n<p class=\"p1\">F\u00e9rfi fen\u00e9k sz\u0151rtelen\u00edt\u00e9s<\/p>\n<\/td>\n<td>\n<p class=\"p1\">\n<\/td>\n<td>\n<p class=\"p1\" style=\"text-align: right;\">40 lei<\/p>\n<\/td>\n<\/tr>\n<tr>\n<td>\n<p class=\"p1\">Has sz\u0151rtelen\u00edt\u00e9s<\/p>\n<\/td>\n<td><\/td>\n<td>\n<p class=\"p1\" style=\"text-align: right;\">40 lei<\/p>\n<\/td>\n<\/tr>\n<tr>\n<td>\n<p class=\"p1\">Mellkas sz\u0151rtelen\u00edt\u00e9s<\/p>\n<\/td>\n<td>\n<p class=\"p1\">\n<\/td>\n<td>\n<p class=\"\" style=\"text-align: right;\">40 lei<\/p>\n<\/td>\n<\/tr>\n<tr>\n<td>\n<p class=\"p1\">Teljes h\u00e1t sz\u0151rtelen\u00edt\u00e9s<\/p>\n<\/td>\n<td>\n<p class=\"p1\">\n<\/td>\n<td>\n<p class=\"\" style=\"text-align: right;\">65 lei<\/p>\n<\/td>\n<\/tr>\n<tr>\n<td>\n<p class=\"p1\">Als\u00f3 h\u00e1t sz\u0151rtelen\u00edt\u00e9s<\/p>\n<\/td>\n<td>\n<p class=\"p1\">\n<\/td>\n<td>\n<p class=\"\" style=\"text-align: right;\">30 lei<\/p>\n<\/td>\n<\/tr>\n<tr>\n<td>\n<p class=\"p1\">G\u00e1tt\u00e1ji sz\u0151rtelen\u00edt\u00e9s<\/p>\n<\/td>\n<td>\n<p class=\"p1\">\n<\/td>\n<td>\n<p class=\"\" style=\"text-align: right;\">30 lei<\/p>\n<\/td>\n<\/tr>\n<\/tbody>\n<\/table><\/div><\/div><\/div><\/div><\/div><\/div><\/div>\n<div class=\"limit-wrapper\"><div class=\"row \"><div class=\"wpv-grid grid-1-1  wpv-first-level grid-1-1 first unextended animation-from-bottom animated-active no-extended-padding\" style=\"padding-top:0.05px;padding-bottom:0.05px;\" id=\"wpv-column-0ac94bbc1ddaf17e19542853701e7104\" ><\/div><\/div><\/div>\n<div class=\"limit-wrapper\"><div class=\"row \"><div class=\"wpv-grid grid-1-1  wpv-first-level grid-1-1 first unextended animation-fade-in animated-active no-extended-padding\" style=\"padding-top:0.05px;padding-bottom:0.05px;\" id=\"wpv-column-c2812c89692ddad3be3c186adc5e8c4a\" ><\/div><\/div><\/div>\n<div class=\"push  wpv-hide-lowres\" style=\"height:60px\"><\/div>\n","protected":false},"excerpt":{"rendered":"<p>A b\u0151r\u00f6dnek sok figyelemre, t\u00f6r\u0151d\u00e9sre \u00e9s \u00e1pol\u00e1sra van sz\u00fcks\u00e9ge. A sz\u00e9ps\u00e9g titka term\u00e9szetes hat\u00f3anyagokat tartalmaz\u00f3 \u00e9s min\u0151s\u00e9gi term\u00e9kek haszn\u00e1lat\u00e1ban rejlik, amelyek csillog\u00f3 \u00e9s b\u00e1rsonyos b\u0151rt k\u00f6lcs\u00f6n\u00f6znek neked, olyant, mint egy kisbab\u00e1\u00e9. mi f\u0151 feladatunk, hogy a te b\u0151r\u00f6d ne legyen t\u00f6bb\u00e9 sz\u00e1raz \u00e9s dezhidrat\u00e1lt, ez\u00e1ltal pedig a nap minden perc\u00e9ben gondtalanul \u00e9lvezd az \u00e9leted. Az&#8230;<\/p>\n","protected":false},"author":1,"featured_media":0,"parent":13259,"menu_order":0,"comment_status":"closed","ping_status":"closed","template":"","meta":{"footnotes":""},"class_list":["post-13275","page","type-page","status-publish","hentry"],"_links":{"self":[{"href":"http:\/\/www.salon-aphrodite.ro\/hu\/wp-json\/wp\/v2\/pages\/13275","targetHints":{"allow":["GET"]}}],"collection":[{"href":"http:\/\/www.salon-aphrodite.ro\/hu\/wp-json\/wp\/v2\/pages"}],"about":[{"href":"http:\/\/www.salon-aphrodite.ro\/hu\/wp-json\/wp\/v2\/types\/page"}],"author":[{"embeddable":true,"href":"http:\/\/www.salon-aphrodite.ro\/hu\/wp-json\/wp\/v2\/users\/1"}],"replies":[{"embeddable":true,"href":"http:\/\/www.salon-aphrodite.ro\/hu\/wp-json\/wp\/v2\/comments?post=13275"}],"version-history":[{"count":11,"href":"http:\/\/www.salon-aphrodite.ro\/hu\/wp-json\/wp\/v2\/pages\/13275\/revisions"}],"predecessor-version":[{"id":14985,"href":"http:\/\/www.salon-aphrodite.ro\/hu\/wp-json\/wp\/v2\/pages\/13275\/revisions\/14985"}],"up":[{"embeddable":true,"href":"http:\/\/www.salon-aphrodite.ro\/hu\/wp-json\/wp\/v2\/pages\/13259"}],"wp:attachment":[{"href":"http:\/\/www.salon-aphrodite.ro\/hu\/wp-json\/wp\/v2\/media?parent=13275"}],"curies":[{"name":"wp","href":"https:\/\/api.w.org\/{rel}","templated":true}]}}