{"id":13080,"date":"2014-04-23T10:38:38","date_gmt":"2014-04-23T10:38:38","guid":{"rendered":"http:\/\/www.salon-aphrodite.ro\/depre-noi\/"},"modified":"2018-09-13T07:24:45","modified_gmt":"2018-09-13T07:24:45","slug":"rolunk","status":"publish","type":"page","link":"http:\/\/www.salon-aphrodite.ro\/hu\/rolunk\/","title":{"rendered":"R\u00d3LUNK"},"content":{"rendered":"<div class=\"limit-wrapper\"><div class=\"row \"><div class=\"wpv-grid grid-1-1  wpv-first-level grid-1-1 first wpv-hide-bg-lowres has-background unextended no-extended-padding\" style=\"\n\t\t\t\tbackground: url( &#039;http:\/\/www.salon-aphrodite.ro\/wp-content\/uploads\/2018\/06\/despre-noi_text.jpg&#039; ) no-repeat center bottom;\n\t\t\t\tbackground-size: auto;\n\t\t\tbackground-attachment: scroll;padding-top:0.05px;padding-bottom:40px;\" id=\"wpv-column-7ef24ebf5d8858e698f02b39683394f2\" ><div class=\"push  wpv-hide-lowres\" style=\"height:180px\"><\/div>\n<div class=\"row \"><div class=\"wpv-grid grid-2-5  grid-2-5 first unextended no-extended-padding\" style=\"padding-top:0.05px;padding-bottom:0.05px;\" id=\"wpv-column-297c9fd8565a3b971de104087f7296ba\" ><div class=\"push  wpv-hide-lowres\" style=\"height:75px\"><\/div>\n<div class=\"row \"><div class=\"wpv-grid grid-1-1  grid-1-1 first unextended animation-from-bottom animated-active no-extended-padding\" style=\"padding-top:0.05px;padding-bottom:0.05px;\" id=\"wpv-column-5cc78fd0af5ad6c38590369006f7dde8\" >\t\t<h2 class=\"text-divider-double\">\t\t\t\nR\u00d3LUNK\t\t<\/h2>\t\t<div class=\"sep\"><\/div>\n\t<\/div><\/div>\n<div class=\"row \"><div class=\"wpv-grid grid-1-1  grid-1-1 first unextended animation-fade-in animated-active no-extended-padding\" style=\"padding-top:0.05px;padding-bottom:0.05px;\" id=\"wpv-column-53850f0a27e4bd24a4e9074d9d6b8c7c\" ><p style=\"text-align: center;\">Az Aphrodit\u00e9 sz\u00e9ps\u00e9gszalont 2002. \u00e1prilis 22-\u00e9n avattuk fel. M\u00e1r a kezdetekt\u0151l fogva azt a c\u00e9lt t\u0171zt\u00fck ki magunk el\u00e9, hogy klienseinknek min\u0151s\u00e9gi szolg\u00e1ltat\u00e1st ny\u00fajtsunk, egy kellemes, pihentet\u0151 k\u00f6rnyezetben, \u00e9s nem utols\u00f3 sorban, el\u00e9rhet\u0151 \u00e1rakon.<br \/>\n<div class=\"push  wpv-hide-lowres\" style=\"height:20px\"><\/div><img decoding=\"async\" class=\"aligncenter size-large wp-image-10417\" src=\"http:\/\/www.salon-aphrodite.ro\/wp-content\/uploads\/2014\/04\/sign.svg\" alt=\"sign\" width=\"100\" height=\"auto\" \/><\/p>\n<div class=\"push \" style=\"height:20px\"><\/div><\/div><\/div><\/div>\n<div class=\"wpv-grid grid-1-5  grid-1-5 unextended no-extended-padding\" style=\"padding-top:0.05px;padding-bottom:0.05px;\" id=\"wpv-column-b3847eea6a8ecb19b530f772308bcf0c\" ><div class=\"push  wpv-hide-lowres\" style=\"height:50px\"><\/div><\/div>\n<div class=\"wpv-grid grid-2-5  grid-2-5 unextended animation-fade-in animated-active no-extended-padding\" style=\"padding-top:0.05px;padding-bottom:0.05px;\" id=\"wpv-column-8444de0f7687c868a12b1d6caf77f4be\" ><h3 style=\"text-align: center;\">2006<\/h3>\n<p style=\"text-align: center;\">Sz\u00e9ps\u00e9gszalonukba bevezett\u00fck a Stravac m\u00e1rkacsal\u00e1dot, a h\u00f6lgyl\u00e1togat\u00f3ink legnagyobb \u00f6r\u00f6m\u00e9re. <div class=\"push  wpv-hide-lowres\" style=\"height:20px\"><\/div>\n<h3 style=\"text-align: center;\">2008<\/h3>\n<p style=\"text-align: center;\">Egy fiatalosabb, f\u00e9nyesebb \u00e9s eg\u00e9szs\u00e9gesebb b\u0151r el\u00e9r\u00e9s\u00e9\u00e9rt bevezett\u00fck a mikrodermabr\u00e1zi\u00f3 szolg\u00e1ltat\u00e1sunkat, amely ma a leghat\u00e9konyabb b\u0151rcsiszol\u00e1sk\u00e9nt ismert a kozmetik\u00e1ban. Ez\u00e1ltal hozz\u00e1j\u00e1rultunk ahhoz, hogy t\u00f6bb sz\u00e1z kliens\u00fcnk jobban \u00e9rzeze mag\u00e1t a b\u0151r\u00e9ben \u2013 sz\u00f3 szerint!<\/p>\n<p style=\"text-align: center;\"><div class=\"push  wpv-hide-lowres\" style=\"height:20px\"><\/div>\n<h3 style=\"text-align: center;\">2018<\/h3>\n<p style=\"text-align: center;\">\u00dajabb befektet\u00e9st eszk\u00f6z\u00f6lt\u00fcnk: a leghat\u00e9konyabb, Di\u00f3da l\u00e9zeres sz\u0151rtelen\u00edt\u0151 technol\u00f3gi\u00e1ra v\u00e1ltottunk.<\/p>\n<div class=\"push  wpv-hide-lowres\" style=\"height:20px\"><\/div><\/div><\/div>\n<div class=\"push  wpv-hide-lowres\" style=\"height:40px\"><\/div><\/div><\/div><\/div>\n<div class=\"limit-wrapper\"><div class=\"row \"><div class=\"wpv-grid grid-1-1  wpv-first-level grid-1-1 first unextended no-extended-padding\" style=\"padding-top:0.05px;padding-bottom:0.05px;\" id=\"wpv-column-89ef2e83bb7d9d444bc761fee2519d15\" ><p>&nbsp;<\/div><\/div><\/div>\n<div class=\"limit-wrapper\"><div class=\"row \"><div class=\"wpv-grid grid-1-1  wpv-first-level grid-1-1 first unextended no-extended-padding\" style=\"padding-top:0.05px;padding-bottom:0.05px;\" id=\"wpv-column-537b1b03942957fe8e3d2fdd5e976949\" ><\/div><\/div><\/div>\n<div class=\"limit-wrapper\"><div class=\"row \"><div class=\"wpv-grid grid-1-1  wpv-first-level grid-1-1 first unextended has-extended-padding\" style=\"padding-top:0.05px;padding-bottom:0.05px;\" id=\"wpv-column-a2014c9917c07d1211c3e860fad2710a\" ><\/div><\/div><\/div>\n<div class=\"limit-wrapper\"><div class=\"row \"><div class=\"wpv-grid grid-1-1  wpv-first-level grid-1-1 first unextended has-extended-padding\" style=\"padding-top:0.05px;padding-bottom:0.05px;\" id=\"wpv-column-049e5d4f0e9f95d512338e02b4259c36\" ><\/div><\/div><\/div>\n<div class=\"limit-wrapper\"><div class=\"row \"><div class=\"wpv-grid grid-1-1  wpv-first-level grid-1-1 first unextended no-extended-padding\" style=\"padding-top:0.05px;padding-bottom:0.05px;\" id=\"wpv-column-fdc56a2a33a2eb598399cecd8ccacced\" ><link href=\"http:\/\/fonts.googleapis.com\/css?family=Lato:200\" rel=\"stylesheet\" property=\"stylesheet\" type=\"text\/css\" media=\"all\">\n<div id=\"rev_slider_5_1_wrapper\" class=\"rev_slider_wrapper fullwidthbanner-container\" data-source=\"gallery\" style=\"margin:0px auto;background:#FFFFFF;padding:0px;margin-top:0px;margin-bottom:0px;\">\n<!-- START REVOLUTION SLIDER 5.4.6.2 fullwidth mode -->\n\t<div id=\"rev_slider_5_1\" class=\"rev_slider fullwidthabanner\" style=\"display:none;\" data-version=\"5.4.6.2\">\n<ul>\t<!-- SLIDE  -->\n\t<li data-index=\"rs-15\" data-transition=\"slidehorizontal\" data-slotamount=\"default\" data-hideafterloop=\"0\" data-hideslideonmobile=\"off\"  data-easein=\"default\" data-easeout=\"default\" data-masterspeed=\"default\"  data-rotate=\"0\"  data-saveperformance=\"off\"  data-title=\"Slide 1\" data-param1=\"\" data-param2=\"\" data-param3=\"\" data-param4=\"\" data-param5=\"\" data-param6=\"\" data-param7=\"\" data-param8=\"\" data-param9=\"\" data-param10=\"\" data-description=\"\">\n\t\t<!-- MAIN IMAGE -->\n\t\t<img loading=\"lazy\" decoding=\"async\" src=\"http:\/\/www.salon-aphrodite.ro\/wp-content\/uploads\/2018\/03\/P1020305.jpg\"  alt=\"\" title=\"P1020305\"  width=\"2048\" height=\"787\" data-bgposition=\"center center\" data-bgfit=\"cover\" data-bgrepeat=\"no-repeat\" class=\"rev-slidebg\" data-no-retina>\n\t\t<!-- LAYERS -->\n\t<\/li>\n\t<!-- SLIDE  -->\n\t<li data-index=\"rs-16\" data-transition=\"slidehorizontal\" data-slotamount=\"default\" data-hideafterloop=\"0\" data-hideslideonmobile=\"off\"  data-easein=\"default\" data-easeout=\"default\" data-masterspeed=\"default\"  data-rotate=\"0\"  data-saveperformance=\"off\"  data-title=\"Slide 2\" data-param1=\"\" data-param2=\"\" data-param3=\"\" data-param4=\"\" data-param5=\"\" data-param6=\"\" data-param7=\"\" data-param8=\"\" data-param9=\"\" data-param10=\"\" data-description=\"\">\n\t\t<!-- MAIN IMAGE -->\n\t\t<img loading=\"lazy\" decoding=\"async\" src=\"http:\/\/www.salon-aphrodite.ro\/wp-content\/uploads\/2018\/03\/P1020307.jpg\"  alt=\"\" title=\"P1020307\"  width=\"2048\" height=\"500\" data-bgposition=\"center bottom\" data-bgfit=\"cover\" data-bgrepeat=\"no-repeat\" class=\"rev-slidebg\" data-no-retina>\n\t\t<!-- LAYERS -->\n\t<\/li>\n\t<!-- SLIDE  -->\n\t<li data-index=\"rs-44\" data-transition=\"slidehorizontal\" data-slotamount=\"default\" data-hideafterloop=\"0\" data-hideslideonmobile=\"off\"  data-easein=\"default\" data-easeout=\"default\" data-masterspeed=\"default\"  data-rotate=\"0\"  data-saveperformance=\"off\"  data-title=\"Slide 4\" data-param1=\"\" data-param2=\"\" data-param3=\"\" data-param4=\"\" data-param5=\"\" data-param6=\"\" data-param7=\"\" data-param8=\"\" data-param9=\"\" data-param10=\"\" data-description=\"\">\n\t\t<!-- MAIN IMAGE -->\n\t\t<img loading=\"lazy\" decoding=\"async\" src=\"http:\/\/www.salon-aphrodite.ro\/wp-content\/uploads\/2018\/03\/P1020292.jpg\"  alt=\"\" title=\"P1020292\"  width=\"2048\" height=\"582\" data-bgposition=\"center bottom\" data-bgfit=\"cover\" data-bgrepeat=\"no-repeat\" class=\"rev-slidebg\" data-no-retina>\n\t\t<!-- LAYERS -->\n\t<\/li>\n<\/ul>\n<div style=\"\" class=\"tp-static-layers\">\n\n\t\t<!-- LAYER NR. 1 -->\n\t\t<div class=\"tp-caption   tp-resizeme tp-static-layer\" \n\t\t\t id=\"slider-5-layer-1\" \n\t\t\t data-x=\"center\" data-hoffset=\"0\" \n\t\t\t data-y=\"bottom\" data-voffset=\"30\" \n\t\t\t\t\t\tdata-width=\"\"\n\t\t\tdata-height=\"\"\n \n\t\t\tdata-type=\"image\" \n\t\t\tdata-responsive_offset=\"on\" \n\n\t\t\tdata-startslide=\"0\" \n\t\t\tdata-endslide=\"1\" \n\t\t\tdata-frames='[{\"from\":\"opacity:0;\",\"speed\":300,\"to\":\"\",\"delay\":500,\"ease\":\"Power3.easeInOut\"},{\"delay\":\"wait\",\"speed\":300,\"to\":\"auto:auto;\",\"ease\":\"nothing\"}]'\n\t\t\tdata-textAlign=\"['','','','']\"\n\n\t\t\tstyle=\"z-index: 5;text-transform:left;\"><img decoding=\"async\" src=\"https:\/\/hair-beauty.vamtam.com\/wp-content\/uploads\/2015\/03\/white-bg-slider.gif\" alt=\"\" data-no-retina> <\/div>\n\n\t\t<!-- LAYER NR. 2 -->\n\t\t<div class=\"tp-caption a-interior-title   tp-resizeme tp-static-layer\" \n\t\t\t id=\"slider-5-layer-2\" \n\t\t\t data-x=\"center\" data-hoffset=\"0\" \n\t\t\t data-y=\"bottom\" data-voffset=\"58\" \n\t\t\t\t\t\tdata-width=\"auto\"\n\t\t\tdata-height=\"auto\"\n \n\t\t\tdata-type=\"text\" \n\t\t\tdata-responsive_offset=\"on\" \n\n\t\t\tdata-startslide=\"0\" \n\t\t\tdata-endslide=\"1\" \n\t\t\tdata-frames='[{\"from\":\"opacity:0;\",\"speed\":300,\"to\":\"\",\"delay\":500,\"ease\":\"Power3.easeInOut\"},{\"delay\":\"wait\",\"speed\":300,\"to\":\"auto:auto;\",\"ease\":\"nothing\"}]'\n\t\t\tdata-textAlign=\"['','','','']\"\n\n\t\t\tstyle=\"z-index: 6; white-space: nowrap; color: #000000;text-transform:left;\">INTERIOR <\/div>\n\n\t\t<!-- LAYER NR. 3 -->\n\t\t<div class=\"tp-caption   tp-resizeme  vamtam-rs-button tp-static-layer\" \n\t\t\t id=\"slider-5-layer-3\" \n\t\t\t data-x=\"center\" data-hoffset=\"170\" \n\t\t\t data-y=\"bottom\" data-voffset=\"52\" \n\t\t\t\t\t\tdata-width=\"\"\n\t\t\tdata-height=\"\"\n \n\t\t\tdata-type=\"image\" \n\t\t\tdata-actions='[{\"event\":\"click\",\"action\":\"jumptoslide\",\"slide\":\"next\",\"delay\":\"\"}]'\n\t\t\tdata-responsive_offset=\"on\" \n\n\t\t\tdata-startslide=\"0\" \n\t\t\tdata-endslide=\"1\" \n\t\t\tdata-frames='[{\"from\":\"opacity:0;\",\"speed\":300,\"to\":\"\",\"delay\":500,\"ease\":\"Power3.easeInOut\"},{\"delay\":\"wait\",\"speed\":300,\"to\":\"auto:auto;\",\"ease\":\"nothing\"}]'\n\t\t\tdata-textAlign=\"['','','','']\"\n\n\t\t\tstyle=\"z-index: 7;text-transform:left;\"><img decoding=\"async\" src=\"https:\/\/hair-beauty.vamtam.com\/wp-content\/uploads\/2015\/03\/slider-arrow-right.png\" alt=\"\" data-no-retina> <\/div>\n\n\t\t<!-- LAYER NR. 4 -->\n\t\t<div class=\"tp-caption   tp-resizeme  vamtam-rs-button tp-static-layer\" \n\t\t\t id=\"slider-5-layer-4\" \n\t\t\t data-x=\"center\" data-hoffset=\"-170\" \n\t\t\t data-y=\"bottom\" data-voffset=\"52\" \n\t\t\t\t\t\tdata-width=\"\"\n\t\t\tdata-height=\"\"\n \n\t\t\tdata-type=\"image\" \n\t\t\tdata-actions='[{\"event\":\"click\",\"action\":\"jumptoslide\",\"slide\":\"previous\",\"delay\":\"\"}]'\n\t\t\tdata-responsive_offset=\"on\" \n\n\t\t\tdata-startslide=\"0\" \n\t\t\tdata-endslide=\"1\" \n\t\t\tdata-frames='[{\"from\":\"opacity:0;\",\"speed\":300,\"to\":\"\",\"delay\":500,\"ease\":\"Power3.easeInOut\"},{\"delay\":\"wait\",\"speed\":300,\"to\":\"auto:auto;\",\"ease\":\"nothing\"}]'\n\t\t\tdata-textAlign=\"['','','','']\"\n\n\t\t\tstyle=\"z-index: 8;text-transform:left;\"><img decoding=\"async\" src=\"https:\/\/hair-beauty.vamtam.com\/wp-content\/uploads\/2015\/03\/slider-arrow-left.png\" alt=\"\" data-no-retina> <\/div>\n<\/div>\n<div class=\"tp-bannertimer tp-bottom\" style=\"height: 5px; background: rgba(0,0,0,0.15);\"><\/div>\t<\/div>\n<script>var htmlDiv = document.getElementById(\"rs-plugin-settings-inline-css\"); var htmlDivCss=\".tp-caption.a-interior-title,.a-interior-title{font-size:44px;line-height:44px;font-weight:200;font-family:Lato;color:rgb(0,0,0);text-decoration:none;background-color:transparent;border-width:0px;border-color:rgb(255,255,255);border-style:none;text-shadow:none;letter-spacing:6px}\";\n\t\t\t\tif(htmlDiv) {\n\t\t\t\t\thtmlDiv.innerHTML = htmlDiv.innerHTML + htmlDivCss;\n\t\t\t\t}else{\n\t\t\t\t\tvar htmlDiv = document.createElement(\"div\");\n\t\t\t\t\thtmlDiv.innerHTML = \"<style>\" + htmlDivCss + \"<\/style>\";\n\t\t\t\t\tdocument.getElementsByTagName(\"head\")[0].appendChild(htmlDiv.childNodes[0]);\n\t\t\t\t}\n\t\t\t<\/script>\n\t\t<script type=\"text\/javascript\">\nsetREVStartSize({c: jQuery('#rev_slider_5_1'), gridwidth: [1140], gridheight: [600], sliderLayout: 'fullwidth', minHeight:'400'});\n\t\t\t\nvar revapi5,\n\ttpj=jQuery;\ntpj.noConflict();\t\t\t\ntpj(document).ready(function() {\n\tif(tpj(\"#rev_slider_5_1\").revolution == undefined){\n\t\trevslider_showDoubleJqueryError(\"#rev_slider_5_1\");\n\t}else{\n\t\trevapi5 = tpj(\"#rev_slider_5_1\").show().revolution({\n\t\t\tsliderType:\"standard\",\n\t\t\tjsFileLocation:\"\/\/www.salon-aphrodite.ro\/wp-content\/plugins\/revslider\/public\/assets\/js\/\",\n\t\t\tsliderLayout:\"fullwidth\",\n\t\t\tdottedOverlay:\"none\",\n\t\t\tdelay:9000,\n\t\t\tnavigation: {\n\t\t\t\tkeyboardNavigation:\"on\",\n\t\t\t\tkeyboard_direction: \"horizontal\",\n\t\t\t\tmouseScrollNavigation:\"off\",\n \t\t\t\t\t\t\tmouseScrollReverse:\"default\",\n\t\t\t\tonHoverStop:\"off\",\n\t\t\t\ttouch:{\n\t\t\t\t\ttouchenabled:\"on\",\n\t\t\t\t\ttouchOnDesktop:\"off\",\n\t\t\t\t\tswipe_threshold: 75,\n\t\t\t\t\tswipe_min_touches: 1,\n\t\t\t\t\tswipe_direction: \"horizontal\",\n\t\t\t\t\tdrag_block_vertical: false\n\t\t\t\t}\n\t\t\t},\n\t\t\tvisibilityLevels:[1240,1024,778,480],\n\t\t\tgridwidth:1140,\n\t\t\tgridheight:600,\n\t\t\tlazyType:\"none\",\n\t\t\tminHeight:\"400\",\n\t\t\tshadow:0,\n\t\t\tspinner:\"spinner4\",\n\t\t\tstopLoop:\"off\",\n\t\t\tstopAfterLoops:-1,\n\t\t\tstopAtSlide:-1,\n\t\t\tshuffle:\"off\",\n\t\t\tautoHeight:\"off\",\n\t\t\thideThumbsOnMobile:\"off\",\n\t\t\thideSliderAtLimit:0,\n\t\t\thideCaptionAtLimit:0,\n\t\t\thideAllCaptionAtLilmit:0,\n\t\t\tdebugMode:false,\n\t\t\tfallbacks: {\n\t\t\t\tsimplifyAll:\"off\",\n\t\t\t\tnextSlideOnWindowFocus:\"off\",\n\t\t\t\tdisableFocusListener:false,\n\t\t\t}\n\t\t});\n\t}\n\t\n});\t\/*ready*\/\n<\/script>\n\t\t<script>\n\t\t\t\t\tvar htmlDivCss = '\t#rev_slider_5_1_wrapper .tp-loader.spinner4 div { background-color: #FFFFFF !important; } ';\n\t\t\t\t\tvar htmlDiv = document.getElementById('rs-plugin-settings-inline-css');\n\t\t\t\t\tif(htmlDiv) {\n\t\t\t\t\t\thtmlDiv.innerHTML = htmlDiv.innerHTML + htmlDivCss;\n\t\t\t\t\t}\n\t\t\t\t\telse{\n\t\t\t\t\t\tvar htmlDiv = document.createElement('div');\n\t\t\t\t\t\thtmlDiv.innerHTML = '<style>' + htmlDivCss + '<\/style>';\n\t\t\t\t\t\tdocument.getElementsByTagName('head')[0].appendChild(htmlDiv.childNodes[0]);\n\t\t\t\t\t}\n\t\t\t\t\t<\/script>\n\t\t\t\t\t<\/div><!-- END REVOLUTION SLIDER --><\/div><\/div><\/div>\n","protected":false},"excerpt":{"rendered":"<p>Az Aphrodit\u00e9 sz\u00e9ps\u00e9gszalont 2002. \u00e1prilis 22-\u00e9n avattuk fel. M\u00e1r a kezdetekt\u0151l fogva azt a c\u00e9lt t\u0171zt\u00fck ki magunk el\u00e9, hogy klienseinknek min\u0151s\u00e9gi szolg\u00e1ltat\u00e1st ny\u00fajtsunk, egy kellemes, pihentet\u0151 k\u00f6rnyezetben, \u00e9s nem utols\u00f3 sorban, el\u00e9rhet\u0151 \u00e1rakon. 2006 Sz\u00e9ps\u00e9gszalonukba bevezett\u00fck a Stravac m\u00e1rkacsal\u00e1dot, a h\u00f6lgyl\u00e1togat\u00f3ink legnagyobb \u00f6r\u00f6m\u00e9re. 2008 Egy fiatalosabb, f\u00e9nyesebb \u00e9s eg\u00e9szs\u00e9gesebb b\u0151r el\u00e9r\u00e9s\u00e9\u00e9rt bevezett\u00fck a mikrodermabr\u00e1zi\u00f3&#8230;<\/p>\n","protected":false},"author":1,"featured_media":0,"parent":0,"menu_order":0,"comment_status":"closed","ping_status":"closed","template":"","meta":{"footnotes":""},"class_list":["post-13080","page","type-page","status-publish","hentry"],"_links":{"self":[{"href":"http:\/\/www.salon-aphrodite.ro\/hu\/wp-json\/wp\/v2\/pages\/13080","targetHints":{"allow":["GET"]}}],"collection":[{"href":"http:\/\/www.salon-aphrodite.ro\/hu\/wp-json\/wp\/v2\/pages"}],"about":[{"href":"http:\/\/www.salon-aphrodite.ro\/hu\/wp-json\/wp\/v2\/types\/page"}],"author":[{"embeddable":true,"href":"http:\/\/www.salon-aphrodite.ro\/hu\/wp-json\/wp\/v2\/users\/1"}],"replies":[{"embeddable":true,"href":"http:\/\/www.salon-aphrodite.ro\/hu\/wp-json\/wp\/v2\/comments?post=13080"}],"version-history":[{"count":8,"href":"http:\/\/www.salon-aphrodite.ro\/hu\/wp-json\/wp\/v2\/pages\/13080\/revisions"}],"predecessor-version":[{"id":13321,"href":"http:\/\/www.salon-aphrodite.ro\/hu\/wp-json\/wp\/v2\/pages\/13080\/revisions\/13321"}],"wp:attachment":[{"href":"http:\/\/www.salon-aphrodite.ro\/hu\/wp-json\/wp\/v2\/media?parent=13080"}],"curies":[{"name":"wp","href":"https:\/\/api.w.org\/{rel}","templated":true}]}}