{"id":12360,"date":"2015-02-16T02:45:49","date_gmt":"2015-02-16T02:45:49","guid":{"rendered":"http:\/\/www.salon-aphrodite.ro\/hair-cut-hairdryer\/"},"modified":"2025-08-08T20:12:04","modified_gmt":"2025-08-08T20:12:04","slug":"fodraszat","status":"publish","type":"page","link":"http:\/\/www.salon-aphrodite.ro\/hu\/szolgaltatasok\/fodraszat\/","title":{"rendered":"Fodr\u00e1szat"},"content":{"rendered":"<div class=\"push \" style=\"margin-bottom:-120px\"><\/div>\n<div class=\"limit-wrapper\"><div class=\"row \"><div class=\"wpv-grid grid-1-1  wpv-first-level grid-1-1 first unextended no-extended-padding\" style=\"padding-top:0.05px;padding-bottom:0.05px;\" id=\"wpv-column-447ea00426e55c191d1645718b0ecedf\" ><\/div><\/div><\/div>\n<div class=\"limit-wrapper\"><div class=\"row \"><div class=\"wpv-grid grid-1-1  wpv-first-level grid-1-1 first unextended no-extended-padding\" style=\"padding-top:0.05px;padding-bottom:0.05px;\" id=\"wpv-column-06017f8c5401ef06d205a1124ef8ca6b\" ><\/div><\/div><\/div>\n<div class=\"limit-wrapper\"><div class=\"row \"><div class=\"wpv-grid grid-1-1  wpv-first-level grid-1-1 first unextended has-extended-padding\" style=\"padding-top:0.05px;padding-bottom:0.05px;\" id=\"wpv-column-025c4bbfa298ca5455b0e9ff21954164\" ><\/div><\/div><\/div>\n<div class=\"limit-wrapper\"><div class=\"row \"><div class=\"wpv-grid grid-1-1  wpv-first-level grid-1-1 first has-background unextended no-extended-padding\" style=\"\n\t\t\t\tbackground: url( &#039;https:\/\/hair-beauty.vamtam.com\/wp-content\/uploads\/2016\/01\/bg_intro-home.png&#039; ) no-repeat center top;\n\t\t\t\tbackground-size: auto;\n\t\t\tbackground-attachment: scroll;padding-top:50px;padding-bottom:20px;\" id=\"wpv-column-f435119efbcce6621e734d4b34bee897\" ><div class=\"row \"><div class=\"wpv-grid grid-1-5  grid-1-5 first unextended no-extended-padding\" style=\"padding-top:0.05px;padding-bottom:0.05px;\" id=\"wpv-column-ea4b8c21a907f26944def65f8696c4f7\" ><div class=\"push  wpv-hide-lowres\" style=\"height:1px\"><\/div><\/div>\n<div class=\"wpv-grid grid-3-5  grid-3-5 unextended no-extended-padding\" style=\"padding-top:0.05px;padding-bottom:0.05px;\" id=\"wpv-column-3230ae3a855b022605628a669826fece\" >\t\t<h2 class=\"text-divider-double\">\t\t\t\n<span class='icon shortcode theme  use-hover' style='color:#b69e59;font-size:50px !important;'>&#58913;<\/span> \u00c1RAK, ELK\u00d6TELEZETTS\u00c9G, T\u00d6K\u00c9LETESS\u00c9G\t\t<\/h2>\t\t<div class=\"sep\"><\/div>\n\t\n<div class=\"row \"><div class=\"wpv-grid grid-1-1  grid-1-1 first unextended no-extended-padding\" style=\"padding-top:0.05px;padding-bottom:0.05px;\" id=\"wpv-column-79248fdae4bec5e2fd28e6d3ac90fdeb\" ><p style=\"text-align: center;\">A neves gy\u00e1rt\u00f3k professzion\u00e1lis term\u00e9kei a legalkalmasabb v\u00e1laszt\u00e1s egy olyan szalon sz\u00e1m\u00e1ra, amely a legjobbat k\u00edv\u00e1nja ny\u00fajtani \u00fcgyfeleinek. Azonban t\u00f6bb, mint ezek a csod\u00e1latos term\u00e9kek, a tapasztalt \u00e9s szenved\u00e9lyes szakemberek tov\u00e1bbi garanci\u00e1t jelentenek, hogy mindig a k\u00edv\u00e1nt eredm\u00e9nyeket \u00e9ri el.<\/div><\/div><\/div><\/div><\/div><\/div><\/div>\n<div class=\"push  wpv-hide-lowres\" style=\"height:70px\"><\/div>\n<div class=\"limit-wrapper\"><div class=\"row \"><div class=\"wpv-grid grid-1-1  wpv-first-level grid-1-1 first unextended no-extended-padding\" style=\"padding-top:0.05px;padding-bottom:0.05px;\" id=\"wpv-column-a98b99cb9e9475e44aef12d566f7bb1f\" ><div class=\"push  wpv-hide-lowres\" style=\"height:20px\"><\/div> <span class='dropcap1 '>A<\/span>\n<p>hajrendez\u00e9s m\u0171v\u00e9szete \u00e9vezredek \u00f3ta l\u00e9tezik, \u00e9s barlangrajzokon is \u00e1br\u00e1zolt\u00e1k. Bizonyos afrikai kult\u00far\u00e1kban \u00fagy v\u00e9lt\u00e9k, hogy az ember szelleme a haj\u00e1ban lakozik, ez\u00e9rt a hajrendez\u0151k magas st\u00e1tusz\u00faak voltak a k\u00f6z\u00f6ss\u00e9gben. Azonban egy dolog v\u00e1ltozatlan maradt: egy szem\u00e9ly haj\u00e1nak megjelen\u00e9se sokat elmond st\u00edlus\u00e1r\u00f3l, t\u00e1rsadalmi st\u00e1tusz\u00e1r\u00f3l, \u00e9s seg\u00edthet el\u0151rehalad\u00e1s\u00e1ban a t\u00e1rsadalomban. M\u00e1s sz\u00f3val, a hajunk a szem\u00e9lyis\u00e9g\u00fcnk n\u00e9vjegye.<\/p>\n<p>Az Aphrodite Szalon hajform\u00e1z\u00e1si szolg\u00e1ltat\u00e1sai \u00e1tfog\u00f3ak \u00e9s v\u00e1ltozatosak. Az Aphrodite szakemberei mindig a hajad sz\u00e1m\u00e1ra legjobbat aj\u00e1nlj\u00e1k.<\/p>\n<h3>Hajhosszabb\u00edt\u00e1sr\u00f3l<\/h3>\n<p>A hajhosszabb\u00edt\u00e1s folyamata teljesen forradalmas\u00edtotta a professzion\u00e1lis fodr\u00e1szat ter\u00fclet\u00e9t. Ez az egyszer\u0171 rendszer a haj hozz\u00e1ad\u00e1s\u00e1ra vagy d\u00fas\u00edt\u00e1s\u00e1ra vil\u00e1gszerte elterjedt. El tudn\u00e1d k\u00e9pzelni, hogy kevesebb, mint 2 \u00f3ra alatt gy\u00f6ny\u00f6r\u0171 hossz\u00fa hajad lehet? \u00c9s ez m\u00e9g nem minden! A hajhosszabb\u00edt\u00e1s t\u00f6bbet jelent: a divat \u00e9vente v\u00e1ltozik, de a gy\u00f6ny\u00f6r\u0171 haj ir\u00e1nti ig\u00e9ny nem.<\/p>\n<h3>St\u00edlus<\/h3>\n<p>A hajad st\u00edlusa mindent jelent: k\u00e9pviseli a megjelen\u00e9sedet. Mindig, amikor meg akarod v\u00e1ltoztatni \u00e9s jav\u00edtani a st\u00edlusodat, alaposan \u00e1t kell gondolnod. Ha ritka vagy r\u00f6vid a hajad, nincs jobb megold\u00e1s, mint a hajhosszabb\u00edt\u00e1si technik\u00e1k alkalmaz\u00e1sa, ezzel gyorsan \u00e9s hat\u00e9konyan megoldva ezt a probl\u00e9m\u00e1t! A sz\u00e9p \u00e9s eg\u00e9szs\u00e9ges haj egyben megv\u00e1ltoztatja az arcod megjelen\u00e9s\u00e9t is. A hajhosszabb\u00edt\u00e1s a legprofibb megold\u00e1s a modern st\u00edlus el\u00e9r\u00e9s\u00e9hez, mint a nagy nemzetk\u00f6zi szt\u00e1rok\u00e9.<\/p>\n<h3>Sz\u00edn<\/h3>\n<p>A sz\u00ednek hat\u00e1sai, a kiemel\u00e9sek, a k\u00e9ttonus\u00fa sz\u00ednek csak n\u00e9h\u00e1ny a hajhosszabb\u00edt\u00e1sok sz\u00edneinek ezrei k\u00f6z\u00fcl, amelyeket l\u00e9trehozhatsz. El\u00e9rhet\u0151k term\u00e9szetes, meleg, klasszikus sz\u00ednek, valamint h\u0171v\u00f6s, szokatlan \u00e9s egyedi sz\u00ednek. Nyisd ki az elm\u00e9d! Szem\u00e9lyre szabhatod magad egyik legkifinomultabb megjelen\u00e9ssel! Mindez lehets\u00e9ges an\u00e9lk\u00fcl, hogy k\u00e9miai term\u00e9kekkel k\u00e1ros\u00edtan\u00e1d a hajad. Pr\u00f3b\u00e1ld ki most a hajhosszabb\u00edt\u00e1sok var\u00e1zslat\u00e1t!<\/p>\n<h3>Szabadalmaztatott rendszer<\/h3>\n<p><strong>Forradalmi hosszabb\u00edt\u00e1s ragaszt\u00f3 n\u00e9lk\u00fcl<\/strong><\/p>\n<p>A Click Ixten a forradalmi rendszer, amely az extenzi\u00f3k egyszer\u0171 \u00e9s gyors alkalmaz\u00e1s\u00e1t \u00e9s elt\u00e1vol\u00edt\u00e1s\u00e1t teszi lehet\u0151v\u00e9&#8230; h\u0151forr\u00e1sok n\u00e9lk\u00fcl&#8230; ragaszt\u00f3 n\u00e9lk\u00fcl!<\/p>\n<p>Az extenzi\u00f3k \u00edgy kock\u00e1zatok n\u00e9lk\u00fcl, \u00e9s fele annyi id\u0151 alatt alkalmazhat\u00f3k; r\u00e1ad\u00e1sul \u2013 az extenzi\u00f3k \u00fajra felhaszn\u00e1lhat\u00f3k! Mindez speci\u00e1lis eszk\u00f6z\u00f6k \u00e9s applik\u00e1torok seg\u00edts\u00e9g\u00e9vel!<\/p>\n<p>Egyszer\u0171, n\u00e9h\u00e1ny m\u00e1sodperc elegend\u0151:<\/p>\n<p>1. Vegye fel az applik\u00e1tort, \u00e9s a speci\u00e1lis horoggal illessze be a haj egy szakasz\u00e1t;<br \/>\n2. Illessze be az extenzi\u00f3t az applik\u00e1torba, \u00e9s r\u00f6gz\u00edtse a fog\u00f3 seg\u00edts\u00e9g\u00e9vel. Az applik\u00e1tor elrejt\u0151dik \u00e9s l\u00e1thatatlann\u00e1 v\u00e1lik (k\u00fcl\u00f6nb\u00f6z\u0151 sz\u00ednekben kaphat\u00f3)&#8230; \u00e9s \u00e9szrevehetetlen. K\u00e9sz!<br \/>\n3. Az extenzi\u00f3 elt\u00e1vol\u00edt\u00e1s\u00e1hoz: nyissa ki \u00fajra az applik\u00e1tort azzal a fog\u00f3val. Befejezve!<\/p>\n<p>Rendk\u00edv\u00fcli el\u0151ny\u00f6k:<\/p>\n<p>&#8211; Term\u00e9szetes haj a legjobb term\u00e9szetes eredm\u00e9ny\u00e9rt<br \/>\n&#8211; Hideg alkalmaz<\/p>\n<p>\u00e1s! (nem k\u00e1ros\u00edtja a hajsz\u00e1lakat)<br \/>\n&#8211; Ragaszt\u00f3 n\u00e9lk\u00fcli alkalmaz\u00e1s! (nincsenek szennyez\u0151d\u00e9sek \u00e9s maradv\u00e1nyok az ujjakon \u00e9s a hajon)<br \/>\n&#8211; Az extenzi\u00f3k \u00fajra felhaszn\u00e1lhat\u00f3k! (jelent\u0151s megtakar\u00edt\u00e1sok)<br \/>\n&#8211; Az alkalmaz\u00e1s egyszer\u0171 \u00e9s kock\u00e1zatmentes (mind az alkalmaz\u00e1s, mind az elt\u00e1vol\u00edt\u00e1s)<br \/>\n&#8211; Fele annyi id\u0151! (teljes extenzi\u00f3 kevesebb, mint k\u00e9t \u00f3ra alatt)<br \/>\n&#8211; Tart\u00f3ss\u00e1g! (er\u0151s r\u00f6gz\u00edt\u00e9s a hagyom\u00e1nyos rendszerekhez k\u00e9pest)<\/p>\n<h3>\u00d6sszeill\u00e9s<\/h3>\n<p>&#8211; sz\u00ednek v\u00e1ltozatos \u00f6sszeill\u00e9se<br \/>\n&#8211; norm\u00e1l \u00e9s Top Quality sorozat<br \/>\n&#8211; hossz\u00fas\u00e1g 30, 45, 60 \u00e9s 70 cm<\/p>\n<p>Az extenzi\u00f3k \u00fajra felhaszn\u00e1lhat\u00f3k, R\u00c1AD\u00c1SUL ide\u00e1lisak:<br \/>\n&#8211; esti \u00fcnneps\u00e9gekhez, tal\u00e1lkoz\u00f3khoz<br \/>\n&#8211; h\u00e9tv\u00e9ge, utaz\u00e1s, nyaral\u00e1s<br \/>\n&#8211; ideiglenes megjelen\u00e9s-v\u00e1ltoztat\u00e1shoz (pl. f\u00e9nyk\u00e9pez\u00e9s, divatbemutat\u00f3 stb.)<\/p>\n<p>A hajsz\u00e1lak hosszabb\u00edt\u00e1s\u00e1nak technik\u00e1ja hossz\u00fa ideje n\u00e9pszer\u0171.<\/p>\n<h3>K\u00f6nnyen alkalmazhat\u00f3<\/h3>\n<p>Ez a legjobb m\u00f3dja annak, hogy gyorsan \u00faj megjelen\u00e9st kapj. \u00daj frizura \u00e9s vonz\u00f3 sz\u00edneffektus k\u00e9sz\u00edt\u00e9se olyan &#8220;k\u00f6nny\u0171&#8221;, ak\u00e1r csak egy napra.<\/p>\n<div class=\"push \" style=\"height:20px\"><\/div><\/div><\/div><\/div>\n<div class=\"push  wpv-hide-lowres\" style=\"height:60px\"><\/div>\n<p><!-- KEZDETI SZAKASZ TARTALOM --><br \/>\n<div class=\"limit-wrapper\"><div class=\"row \"><div class=\"wpv-grid grid-1-1 add-border wpv-first-level grid-1-1 first unextended no-extended-padding\" style=\"padding-top:0.05px;padding-bottom:0.05px;\" id=\"wpv-column-ba79c19d609e1a83a2ceccb4b5ecfeee\" ><div class=\"row \"><div class=\"wpv-grid grid-1-2  grid-1-2 first unextended no-extended-padding\" style=\"padding-top:0.05px;padding-bottom:100px;\" id=\"wpv-column-8e8f49db7d474acc588f0d33186bcadd\" ><div class=\"row \"><div class=\"wpv-grid grid-1-1  grid-1-1 first unextended animation-from-bottom animated-active no-extended-padding\" style=\"padding-top:0.05px;padding-bottom:0.05px;\" id=\"wpv-column-88f35f7b5c79ae11620f652ef503bd8b\" >\t\t<h2 class=\"text-divider-double\">\t\t\t\nFodr\u00e1szat<br \/>\n\t\t<\/h2>\t\t<div class=\"sep\"><\/div>\n\t<\/div><\/div>\n<div class=\"push  wpv-hide-lowres\" style=\"height:20px\"><\/div>\n<div class=\"row \"><div class=\"wpv-grid grid-1-1  grid-1-1 first unextended animation-fade-in animated-active no-extended-padding\" style=\"padding-top:0.05px;padding-bottom:0.05px;\" id=\"wpv-column-8fe3277fa42fca5679449842d53b2386\" ><table class=\"vamtam-styled\">\n<tbody>\n<tr>\n<td>\n<p class=\"p1\">N\u0151i hajv\u00e1g\u00e1s<\/p>\n<\/td>\n<td>\n<p class=\"p1\">\n<\/td>\n<td>\n<p class=\"p1\" style=\"text-align: right;\">90 RON<\/p>\n<\/td>\n<\/tr>\n<tr>\n<td>\n<p class=\"p1\">F\u00e9rfi hajv\u00e1g\u00e1s<\/p>\n<\/td>\n<td>\n<p class=\"p1\">\n<\/td>\n<td>\n<p class=\"p1\" style=\"text-align: right;\">70 RON<\/p>\n<\/td>\n<\/tr>\n<tr>\n<td>\n<p class=\"p1\">Frufru v\u00e1g\u00e1s<\/p>\n<\/td>\n<td>\n<p class=\"p1\">\n<\/td>\n<td>\n<p class=\"p1\" style=\"text-align: right;\">40 RON<\/p>\n<\/td>\n<\/tr>\n<tr>\n<td>\n<p class=\"p1\">Frufru karbantart\u00e1s<\/p>\n<\/td>\n<td>\n<p class=\"p1\">\n<\/td>\n<td>\n<p class=\"p1\" style=\"text-align: right;\">35 RON<\/p>\n<\/td>\n<\/tr>\n<tr>\n<td>\n<p class=\"p1\">Londa Professional fest\u00e9k<\/p>\n<\/td>\n<td>\n<p class=\"p1\">\n<\/td>\n<td>\n<p class=\"p1\" style=\"text-align: right;\">55 RON<\/p>\n<\/td>\n<\/tr>\n<tr>\n<td>\n<p class=\"p1\">Inoa L&#8217;oreal<\/p>\n<\/td>\n<td>\n<p class=\"p1\">\n<\/td>\n<td>\n<p class=\"p1\" style=\"text-align: right;\">100 RON<\/p>\n<\/td>\n<\/tr>\n<tr>\n<td>\n<p class=\"p1\">Lightplex vil\u00e1gos\u00edt\u00f3 por<\/p>\n<\/td>\n<td>\n<p class=\"p1\">\n<\/td>\n<td>\n<p class=\"p1\" style=\"text-align: right;\">30 RON<\/p>\n<\/td>\n<\/tr>\n<tr>\n<td>\n<p class=\"p1\">Majirel\/Diarichess\/Dialight<\/p>\n<\/td>\n<td>\n<p class=\"p1\">\n<\/td>\n<td>\n<p class=\"p1\" style=\"text-align: right;\">80 RON<\/p>\n<\/td>\n<\/tr>\n<tr>\n<td>\n<p class=\"p1\">Vil\u00e1gos\u00edt\u00f3 por\/mel\u00edr<\/p>\n<\/td>\n<td>\n<p class=\"p1\">\n<\/td>\n<td>\n<p class=\"p1\" style=\"text-align: right;\">25 RON<\/p>\n<\/td>\n<\/tr>\n<tr>\n<td>\n<p class=\"p1\">Davines kezel\u00e9s<\/p>\n<\/td>\n<td>\n<p class=\"p1\">\n<\/td>\n<td>\n<p class=\"p1\" style=\"text-align: right;\">30 RON<\/p>\n<\/td>\n<\/tr>\n<\/tbody>\n<\/table><\/div><\/div><\/div>\n<div class=\"wpv-grid grid-1-2  grid-1-2 wpv-hide-lowres unextended left-border no-extended-padding\" style=\"padding-top:0.05px;padding-bottom:20px;\" id=\"wpv-column-403a22e8522e230d498c539bc2f28e66\" ><style>#wpv-column-403a22e8522e230d498c539bc2f28e66:before{background-color:#ededed;}<\/style><div class=\"row \"><div class=\"wpv-grid grid-1-1  grid-1-1 first unextended animation-from-bottom animated-active no-extended-padding\" style=\"padding-top:0.05px;padding-bottom:0.05px;\" id=\"wpv-column-51f4acfe7e7d180edecc864aadf8aa36\" >\t\t<h2 class=\"text-divider-double\">\t\t\t\nSzolg\u00e1ltat\u00e1sok<br \/>\n\t\t<\/h2>\t\t<div class=\"sep\"><\/div>\n\t<\/div><\/div>\n<div class=\"push  wpv-hide-lowres\" style=\"height:20px\"><\/div>\n<div class=\"row \"><div class=\"wpv-grid grid-1-1  grid-1-1 first unextended animation-fade-in animated-active no-extended-padding\" style=\"padding-top:0.05px;padding-bottom:0.05px;\" id=\"wpv-column-2d56ec5a6a79d4a2178afae0835b9852\" ><table class=\"vamtam-styled\" style=\"height: 435px;\" width=\"419\">\n<tbody>\n<tr>\n<td>\n<p class=\"p1\">\n<\/td>\n<td>\n<p class=\"p1\">R\u00f6vid haj<\/p>\n<\/td>\n<td>\n<p class=\"p1\">K\u00f6zepes haj<\/p>\n<\/td>\n<td>\n<p class=\"p1\">Hossz\u00fa haj<\/p>\n<\/td>\n<td>\n<p class=\"p1\">Extra hossz\u00fa haj<\/p>\n<\/td>\n<\/tr>\n<tr>\n<td>\n<p class=\"p1\">F\u00e9s\u00fclk\u00f6d\u00e9s + mos\u00e1s + kezel\u00e9s<\/p>\n<\/td>\n<td>\n<p class=\"p1\">\u00a0105 RON<\/p>\n<\/td>\n<td>\n<p class=\"p1\">\u00a0120 RON<\/p>\n<\/td>\n<td>\n<p class=\"p1\">\u00a0140 RON<\/p>\n<\/td>\n<td>\n<p class=\"p1\" style=\"text-align: right;\">156 RON<\/p>\n<\/td>\n<\/tr>\n<tr>\n<td>\n<p class=\"p1\">Hajv\u00e1g\u00e1s + mos\u00e1s + kezel\u00e9s + f\u00e9s\u00fclk\u00f6d\u00e9s<\/p>\n<\/td>\n<td>\n<p class=\"p1\">\u00a0150 RON<\/p>\n<\/td>\n<td>\n<p class=\"p1\">\u00a0170 RON<\/p>\n<\/td>\n<td>\n<p class=\"p1\">\u00a0190 RON<\/p>\n<\/td>\n<td>\n<p class=\"p1\" style=\"text-align: right;\">210 RON<\/p>\n<\/td>\n<\/tr>\n<tr>\n<td>\n<p class=\"p1\">Teljes hossz\u00fas\u00e1g\u00fa hajfest\u00e9s<\/p>\n<\/td>\n<td>\n<p class=\"p1\">\u00a090 RON<\/p>\n<\/td>\n<td>\n<p class=\"p1\">\u00a0110 RON<\/p>\n<\/td>\n<td>\n<p class=\"p1\">\u00a0125 RON<\/p>\n<\/td>\n<td>\n<p class=\"p1\" style=\"text-align: right;\">150 RON<\/p>\n<\/td>\n<\/tr>\n<tr>\n<td>\n<p class=\"p1\">Mel\u00edroz\u00e1s \/ munkad\u00edj<\/p>\n<\/td>\n<td>\n<p class=\"p1\">\u00a0115 RON<\/p>\n<\/td>\n<td>\n<p class=\"p1\">\u00a0410 RON<\/p>\n<\/td>\n<td>\n<p class=\"p1\">\u00a0610 RON<\/p>\n<\/td>\n<td>\n<p class=\"p1\" style=\"text-align: right;\">900 RON<\/p>\n<\/td>\n<\/tr>\n<tr>\n<td>\n<p class=\"p1\">F\u00f3li\u00e1s vil\u00e1gos\u00edt\u00e1s \/ decapage<\/p>\n<\/td>\n<td>\n<p class=\"p1\">\u00a0300 RON<\/p>\n<\/td>\n<td>\n<p class=\"p1\">\u00a0400 RON<\/p>\n<\/td>\n<td>\n<p class=\"p1\">\u00a0500 RON<\/p>\n<\/td>\n<td>\n<p class=\"p1\" style=\"text-align: right;\">600 RON<\/p>\n<\/td>\n<\/tr>\n<tr>\n<td>\n<p class=\"p1\">Munkad\u00edj \/ \u00e1lland\u00f3<\/p>\n<\/td>\n<td>\n<p class=\"p1\">\u00a0150 RON<\/p>\n<\/td>\n<td>\n<p class=\"p1\">\u00a0250 RON<\/p>\n<\/td>\n<td>\n<p class=\"p1\">\u00a0310 RON<\/p>\n<\/td>\n<td>\n<p class=\"p1\" style=\"text-align: right;\">390 RON<\/p>\n<\/td>\n<\/tr>\n<tr>\n<td>\n<p class=\"p1\">Alkalmi frizura (g\u00f6nd\u00f6r, konty, stb.)<\/p>\n<\/td>\n<td>\n<p class=\"p1\">\u00a0&#8211;<\/p>\n<\/td>\n<td>\n<p class=\"p1\"><strong>\u00a0<\/strong>190 RON<\/p>\n<\/td>\n<td>\n<p class=\"p1\">\u00a0&#8211;<\/p>\n<\/td>\n<td>\n<p class=\"p1\" style=\"text-align: right;\">420 RON<\/p>\n<\/td>\n<\/tr>\n<tr>\n<td>\n<p class=\"p1\">Botox treatment effect<\/p>\n<\/td>\n<td>\n<p class=\"p1\">\u00a0150<\/p>\n<\/td>\n<td>\n<p class=\"p1\">200<\/p>\n<\/td>\n<td>\n<p class=\"p1\">\u00a0280<\/p>\n<\/td>\n<td>\n<p class=\"p1\" style=\"text-align: right;\">350<\/p>\n<\/td>\n<\/tr>\n<\/tbody>\n<\/table>\n<h4 style=\"text-align: right;\"><\/h4><\/div><\/div><\/div><\/div><\/div><\/div><\/div>\n<div class=\"push  wpv-hide-lowres\" style=\"height:60px\"><\/div>\n<!-- A SZAKASZ V\u00c9GE --><\/p>\n","protected":false},"excerpt":{"rendered":"<p>A neves gy\u00e1rt\u00f3k professzion\u00e1lis term\u00e9kei a legalkalmasabb v\u00e1laszt\u00e1s egy olyan szalon sz\u00e1m\u00e1ra, amely a legjobbat k\u00edv\u00e1nja ny\u00fajtani \u00fcgyfeleinek. Azonban t\u00f6bb, mint ezek a csod\u00e1latos term\u00e9kek, a tapasztalt \u00e9s szenved\u00e9lyes szakemberek tov\u00e1bbi garanci\u00e1t jelentenek, hogy mindig a k\u00edv\u00e1nt eredm\u00e9nyeket \u00e9ri el. hajrendez\u00e9s m\u0171v\u00e9szete \u00e9vezredek \u00f3ta l\u00e9tezik, \u00e9s barlangrajzokon is \u00e1br\u00e1zolt\u00e1k. Bizonyos afrikai kult\u00far\u00e1kban \u00fagy v\u00e9lt\u00e9k, hogy&#8230;<\/p>\n","protected":false},"author":1,"featured_media":0,"parent":13259,"menu_order":0,"comment_status":"closed","ping_status":"closed","template":"","meta":{"footnotes":""},"class_list":["post-12360","page","type-page","status-publish","hentry"],"_links":{"self":[{"href":"http:\/\/www.salon-aphrodite.ro\/hu\/wp-json\/wp\/v2\/pages\/12360","targetHints":{"allow":["GET"]}}],"collection":[{"href":"http:\/\/www.salon-aphrodite.ro\/hu\/wp-json\/wp\/v2\/pages"}],"about":[{"href":"http:\/\/www.salon-aphrodite.ro\/hu\/wp-json\/wp\/v2\/types\/page"}],"author":[{"embeddable":true,"href":"http:\/\/www.salon-aphrodite.ro\/hu\/wp-json\/wp\/v2\/users\/1"}],"replies":[{"embeddable":true,"href":"http:\/\/www.salon-aphrodite.ro\/hu\/wp-json\/wp\/v2\/comments?post=12360"}],"version-history":[{"count":51,"href":"http:\/\/www.salon-aphrodite.ro\/hu\/wp-json\/wp\/v2\/pages\/12360\/revisions"}],"predecessor-version":[{"id":14988,"href":"http:\/\/www.salon-aphrodite.ro\/hu\/wp-json\/wp\/v2\/pages\/12360\/revisions\/14988"}],"up":[{"embeddable":true,"href":"http:\/\/www.salon-aphrodite.ro\/hu\/wp-json\/wp\/v2\/pages\/13259"}],"wp:attachment":[{"href":"http:\/\/www.salon-aphrodite.ro\/hu\/wp-json\/wp\/v2\/media?parent=12360"}],"curies":[{"name":"wp","href":"https:\/\/api.w.org\/{rel}","templated":true}]}}